{"id":8464,"date":"2026-01-29T14:50:26","date_gmt":"2026-01-29T14:50:26","guid":{"rendered":"https:\/\/turkishtrade.co\/?post_type=product&#038;p=8464"},"modified":"2026-04-09T20:24:33","modified_gmt":"2026-04-09T20:24:33","slug":"mens-black-sports-sneakers-2","status":"publish","type":"product","link":"https:\/\/turkishtrade.co\/tr\/shop\/mens-black-sports-sneakers-2\/","title":{"rendered":"Erkek Siyah Spor Ayakkab\u0131 Garantili | \u015e\u0131k Erkek Siyah Suni Deri"},"content":{"rendered":"<p><strong>Erkek Siyah Spor Ayakkab\u0131<\/strong>. Garantili kalite ve tasar\u0131m.<\/p>\n<p>Stil, konfor ve performans\u0131n m\u00fckemmel kar\u0131\u015f\u0131m\u0131n\u0131 ke\u015ffedin <strong>Erkek Siyah Spor Ayakkab\u0131<\/strong>. Modern erkekler i\u00e7in tasarlanan bu spor ayakkab\u0131lar, ister spor salonuna gidin, ister ko\u015fuya \u00e7\u0131k\u0131n ya da sadece g\u00fcndelik bir g\u00fcn\u00fcn tad\u0131n\u0131 \u00e7\u0131kar\u0131n, hareket etmenizi sa\u011flamak i\u00e7in tasarlanm\u0131\u015ft\u0131r. Birinci s\u0131n\u0131f malzemelerle \u00fcretilen bu <strong>Erkek Siyah Spor Ayakkab\u0131<\/strong> benzersiz bir destek ve her k\u0131yafeti tamamlayan \u015f\u0131k bir estetik sunar.<\/p>\n<h3>E\u015fsiz Konfor ve Esnek Tasar\u0131m<\/h3>\n<p>Bizim <strong>Erkek Siyah Spor Ayakkab\u0131<\/strong> \u00f6zenle in\u015fa edilmi\u015f bir tasar\u0131ma sahiptir. D\u0131\u015f y\u00fczeyi hem dayan\u0131kl\u0131l\u0131k hem de sofistike bir g\u00f6r\u00fcn\u00fcm sa\u011flayan y\u00fcksek kaliteli suni deriye sahipken, i\u00e7 k\u0131sm\u0131 yumu\u015fak, nefes alabilen bir kuma\u015fla astarlanm\u0131\u015ft\u0131r. Bu kombinasyon maksimum konfor sa\u011flayarak ayaklar\u0131n\u0131z\u0131n g\u00fcn boyunca serin kalmas\u0131n\u0131 ve desteklenmesini sa\u011flar. Sa\u011flam taban\u0131 m\u00fckemmel kavrama ve yast\u0131klama sa\u011flayarak darbeyi emer ve yumu\u015fak bir ad\u0131m atman\u0131z\u0131 sa\u011flar. <strong>Erkek Siyah Spor Ayakkab\u0131<\/strong> \u00e7e\u015fitli aktiviteler i\u00e7in ideal bir se\u00e7imdir. 40'tan 45'e kadar geni\u015f bir beden yelpazesinde mevcut oldu\u011fundan, m\u00fckemmel uyumunuzu bulmak hi\u00e7 bu kadar kolay olmam\u0131\u015ft\u0131.<\/p>\n<h3>Her Ya\u015fam Tarz\u0131na Uygun \u00c7ok Y\u00f6nl\u00fc Stil<\/h3>\n<p>Bunlar s\u0131radan de\u011fil <strong>Erkek Siyah Spor Ayakkab\u0131<\/strong>; \u00e7ok y\u00f6nl\u00fc bir moda ifadesidir. \u00c7arp\u0131c\u0131 beyaz tabanla vurgulanan klasik siyah rengi, spor k\u0131yafetler, kot pantolonlar ve hatta \u015f\u0131k g\u00fcndelik tak\u0131mlarla e\u015fle\u015ftirmeyi inan\u0131lmaz derecede kolayla\u015ft\u0131r\u0131r. Aktif u\u011fra\u015flardan sosyal toplant\u0131lara sorunsuzca ge\u00e7i\u015f yapan ayakkab\u0131larla g\u00fcnl\u00fck g\u00f6r\u00fcn\u00fcm\u00fcn\u00fcz\u00fc y\u00fckseltin. \u00c7a\u011fda\u015f tasar\u0131m, modern trendlere ve pratik i\u015flevselli\u011fe y\u00f6nelik keskin bir bak\u0131\u015f a\u00e7\u0131s\u0131n\u0131 yans\u0131tarak her zaman \u015f\u0131k bir \u015fekilde d\u0131\u015far\u0131 \u00e7\u0131kman\u0131z\u0131 sa\u011flar.<\/p>\n<h3>Gard\u0131robunuza Vazge\u00e7ilmez Bir Eklenti<\/h3>\n<p>Ola\u011fan\u00fcst\u00fc \u00fcr\u00fcnlerimizle kalite ve stile yat\u0131r\u0131m yap\u0131n <strong>Erkek Siyah Spor Ayakkab\u0131<\/strong>. Estetik \u00e7ekicilikten asla \u00f6d\u00fcn vermeden aktif bir ya\u015fam tarz\u0131n\u0131n taleplerine dayanacak \u015fekilde \u00fcretilmi\u015ftir. G\u00fcvenli ba\u011fc\u0131kl\u0131 kapama, ayarlanabilir bir uyum sa\u011flayarak maksimum denge ve konfor sa\u011flar. \u0130\u015fletmeler i\u00e7in bu birinci s\u0131n\u0131f <strong>Erkek Siyah Spor Ayakkab\u0131<\/strong> minimum 8 \u00e7ift sipari\u015fle toptan sat\u0131\u015f i\u00e7in mevcuttur, bu da onlar\u0131 herhangi bir perakende koleksiyonuna harika bir katk\u0131 haline getirir. Ayakkab\u0131 koleksiyonunuzu bug\u00fcn y\u00fckseltin ve \u00fcst\u00fcn i\u015f\u00e7ili\u011fin yaratt\u0131\u011f\u0131 fark\u0131 \u015f\u0131k ayakkab\u0131lar\u0131m\u0131zla deneyimleyin <strong>Erkek Siyah Spor Ayakkab\u0131<\/strong>.<\/p>","protected":false},"excerpt":{"rendered":"<ul>\n<li>Siyah Erkek Spor Ayakkab\u0131m\u0131zla \u00fcst\u00fcn konforu ve stili deneyimleyin.<\/li>\n<li>Dayan\u0131kl\u0131 suni deri d\u0131\u015f y\u00fczey ve nefes alabilen kuma\u015f i\u00e7 k\u0131s\u0131m ile \u00fcretilmi\u015ftir.<\/li>\n<li>Geni\u015f bir beden yelpazesinde mevcuttur: M\u00fckemmel uyum i\u00e7in 40, 41, 42, 43, 44 ve 45.<\/li>\n<li>\u00c7ok y\u00f6nl\u00fc kullan\u0131m i\u00e7in tasarlanm\u0131\u015ft\u0131r; spor, spor salonu antrenmanlar\u0131 veya modaya uygun g\u00fcndelik giyim i\u00e7in idealdir.<\/li>\n<li>Minimum 8 \u00e7ift sipari\u015f miktar\u0131 ile toptan sat\u0131\u015f f\u0131rsatlar\u0131 mevcuttur.<\/li>\n<\/ul>","protected":false},"featured_media":6674,"template":"","meta":{"_acf_changed":false,"_uag_custom_page_level_css":"","site-sidebar-layout":"default","site-content-layout":"","ast-site-content-layout":"default","site-content-style":"default","site-sidebar-style":"default","ast-global-header-display":"","ast-banner-title-visibility":"","ast-main-header-display":"","ast-hfb-above-header-display":"","ast-hfb-below-header-display":"","ast-hfb-mobile-header-display":"","site-post-title":"","ast-breadcrumbs-content":"","ast-featured-img":"","footer-sml-layout":"","ast-disable-related-posts":"","theme-transparent-header-meta":"","adv-header-id-meta":"","stick-header-meta":"","header-above-stick-meta":"","header-main-stick-meta":"","header-below-stick-meta":"","astra-migrate-meta-layouts":"default","ast-page-background-enabled":"default","ast-page-background-meta":{"desktop":{"background-color":"var(--ast-global-color-4)","background-image":"","background-repeat":"repeat","background-position":"center center","background-size":"auto","background-attachment":"scroll","background-type":"","background-media":"","overlay-type":"","overlay-color":"","overlay-opacity":"","overlay-gradient":""},"tablet":{"background-color":"","background-image":"","background-repeat":"repeat","background-position":"center center","background-size":"auto","background-attachment":"scroll","background-type":"","background-media":"","overlay-type":"","overlay-color":"","overlay-opacity":"","overlay-gradient":""},"mobile":{"background-color":"","background-image":"","background-repeat":"repeat","background-position":"center center","background-size":"auto","background-attachment":"scroll","background-type":"","background-media":"","overlay-type":"","overlay-color":"","overlay-opacity":"","overlay-gradient":""}},"ast-content-background-meta":{"desktop":{"background-color":"var(--ast-global-color-5)","background-image":"","background-repeat":"repeat","background-position":"center center","background-size":"auto","background-attachment":"scroll","background-type":"","background-media":"","overlay-type":"","overlay-color":"","overlay-opacity":"","overlay-gradient":""},"tablet":{"background-color":"var(--ast-global-color-5)","background-image":"","background-repeat":"repeat","background-position":"center center","background-size":"auto","background-attachment":"scroll","background-type":"","background-media":"","overlay-type":"","overlay-color":"","overlay-opacity":"","overlay-gradient":""},"mobile":{"background-color":"var(--ast-global-color-5)","background-image":"","background-repeat":"repeat","background-position":"center center","background-size":"auto","background-attachment":"scroll","background-type":"","background-media":"","overlay-type":"","overlay-color":"","overlay-opacity":"","overlay-gradient":""}}},"product_brand":[],"product_cat":[430,1200,51],"product_tag":[1463,1120,216,1375,333,1462,1461,1361,1123],"class_list":{"0":"post-8464","1":"product","2":"type-product","3":"status-publish","4":"has-post-thumbnail","6":"product_cat-men","7":"product_cat-mens-shoes-2","8":"product_cat-sports","9":"product_tag-athletic-shoes","10":"product_tag-black-sneakers","11":"product_tag-casual-sneakers","12":"product_tag-comfort-sneakers","13":"product_tag-fashion-sneakers","14":"product_tag-faux-leather-sneakers","15":"product_tag-mens-black-sports-sneakers","16":"product_tag-sports-shoes","17":"product_tag-wholesale-sneakers","18":"desktop-align-center","19":"tablet-align-center","20":"mobile-align-center","22":"first","23":"instock","24":"shipping-taxable","25":"purchasable","26":"product-type-variable","27":"has-default-attributes"},"acf":[],"uagb_featured_image_src":{"full":["https:\/\/turkishtrade.co\/wp-content\/uploads\/2026\/01\/2600OYNMN00025-BLACK.png",453,250,false],"thumbnail":["https:\/\/turkishtrade.co\/wp-content\/uploads\/2026\/01\/2600OYNMN00025-BLACK-150x150.png",150,150,true],"medium":["https:\/\/turkishtrade.co\/wp-content\/uploads\/2026\/01\/2600OYNMN00025-BLACK-300x166.png",300,166,true],"medium_large":["https:\/\/turkishtrade.co\/wp-content\/uploads\/2026\/01\/2600OYNMN00025-BLACK.png",453,250,false],"large":["https:\/\/turkishtrade.co\/wp-content\/uploads\/2026\/01\/2600OYNMN00025-BLACK.png",453,250,false],"1536x1536":["https:\/\/turkishtrade.co\/wp-content\/uploads\/2026\/01\/2600OYNMN00025-BLACK.png",453,250,false],"2048x2048":["https:\/\/turkishtrade.co\/wp-content\/uploads\/2026\/01\/2600OYNMN00025-BLACK.png",453,250,false],"trp-custom-language-flag":["https:\/\/turkishtrade.co\/wp-content\/uploads\/2026\/01\/2600OYNMN00025-BLACK-18x10.png",18,10,true],"woocommerce_thumbnail":["https:\/\/turkishtrade.co\/wp-content\/uploads\/2026\/01\/2600OYNMN00025-BLACK-400x250.png",400,250,true],"woocommerce_single":["https:\/\/turkishtrade.co\/wp-content\/uploads\/2026\/01\/2600OYNMN00025-BLACK.png",453,250,false],"woocommerce_gallery_thumbnail":["https:\/\/turkishtrade.co\/wp-content\/uploads\/2026\/01\/2600OYNMN00025-BLACK-100x100.png",100,100,true]},"uagb_author_info":{"display_name":"python python","author_link":"https:\/\/turkishtrade.co\/tr\/author\/"},"uagb_comment_info":0,"uagb_excerpt":"Experience superior comfort and style with our Men's Black Sports Sneakers. Crafted with a durable faux leather exterior and a breathable fabric interior. Available in a wide range of sizes: 40, 41, 42, 43, 44, and 45 for the perfect fit. Designed for versatile use, ideal for sports, gym workouts, or fashionable casual wear. Wholesale&hellip;","_links":{"self":[{"href":"https:\/\/turkishtrade.co\/tr\/wp-json\/wp\/v2\/product\/8464","targetHints":{"allow":["GET"]}}],"collection":[{"href":"https:\/\/turkishtrade.co\/tr\/wp-json\/wp\/v2\/product"}],"about":[{"href":"https:\/\/turkishtrade.co\/tr\/wp-json\/wp\/v2\/types\/product"}],"wp:featuredmedia":[{"embeddable":true,"href":"https:\/\/turkishtrade.co\/tr\/wp-json\/wp\/v2\/media\/6674"}],"wp:attachment":[{"href":"https:\/\/turkishtrade.co\/tr\/wp-json\/wp\/v2\/media?parent=8464"}],"wp:term":[{"taxonomy":"product_brand","embeddable":true,"href":"https:\/\/turkishtrade.co\/tr\/wp-json\/wp\/v2\/product_brand?post=8464"},{"taxonomy":"product_cat","embeddable":true,"href":"https:\/\/turkishtrade.co\/tr\/wp-json\/wp\/v2\/product_cat?post=8464"},{"taxonomy":"product_tag","embeddable":true,"href":"https:\/\/turkishtrade.co\/tr\/wp-json\/wp\/v2\/product_tag?post=8464"}],"curies":[{"name":"wp","href":"https:\/\/api.w.org\/{rel}","templated":true}]}}