{"id":8463,"date":"2026-01-29T14:50:25","date_gmt":"2026-01-29T14:50:25","guid":{"rendered":"https:\/\/turkishtrade.co\/product\/men-2600oynmn00024\/"},"modified":"2026-04-09T20:24:47","modified_gmt":"2026-04-09T20:24:47","slug":"mens-black-sports-shoes-4","status":"publish","type":"product","link":"https:\/\/turkishtrade.co\/tr\/shop\/mens-black-sports-shoes-4\/","title":{"rendered":"Erkek Siyah Spor Ayakkab\u0131 Hakiki | Erkek Siyah Suni Deri Kuma\u015f"},"content":{"rendered":"<p>Nihai \u00fcr\u00fcn\u00fcm\u00fczle oyununuzu ve tarz\u0131n\u0131z\u0131 geli\u015ftirin <strong>Erkek Siyah Spor Ayakkab\u0131<\/strong>. Hem en y\u00fcksek performans hem de g\u00fcnl\u00fck rahatl\u0131k i\u00e7in tasarlanan bu \u00e7ok y\u00f6nl\u00fc spor ayakkab\u0131, her aktif erke\u011fin sahip olmas\u0131 gereken bir \u00fcr\u00fcnd\u00fcr. \u0130ster spor salonuna gidin, ister ko\u015fuya \u00e7\u0131k\u0131n ya da sadece g\u00fcnl\u00fck kullan\u0131m i\u00e7in \u015f\u0131k ama rahat bir ayakkab\u0131 ar\u0131yor olun, bu Siyah Erkek Spor Ayakkab\u0131s\u0131 her y\u00f6nden ba\u015far\u0131l\u0131d\u0131r. Tamamen siyah \u015f\u0131k tasar\u0131m\u0131, her gard\u0131roba sorunsuz bir \u015fekilde entegre olmas\u0131n\u0131 sa\u011flayarak ayakkab\u0131 koleksiyonunuza \u00f6nemli bir katk\u0131 sa\u011flar. Modern tasar\u0131m ve pratik i\u015flevselli\u011fin m\u00fckemmel birle\u015fimini deneyimleyin.<\/p>\n<h3>E\u015fsiz Konfor ve \u00dcst\u00fcn Malzeme Kar\u0131\u015f\u0131m\u0131<\/h3>\n<p>\u00d6zenle haz\u0131rlanm\u0131\u015f \u00fcr\u00fcnlerimizle \u00fcst\u00fcn konforu ya\u015fay\u0131n <strong>Erkek Siyah Spor Ayakkab\u0131<\/strong>. \u0130\u00e7 k\u0131s\u0131m, maksimum havaland\u0131rma sa\u011flayan ve yorgunlu\u011fu azaltan yumu\u015fak, nefes alabilen bir kuma\u015f astara sahiptir ve uzun s\u00fcreli kullan\u0131m s\u0131ras\u0131nda bile ayaklar\u0131n\u0131z\u0131n ferah hissetmesini sa\u011flar. D\u0131\u015f k\u0131s\u0131m, m\u00fckemmel dayan\u0131kl\u0131l\u0131k ve a\u015f\u0131nma ve y\u0131pranmaya kar\u015f\u0131 diren\u00e7 sunan ve ayn\u0131 zamanda sofistike bir g\u00f6r\u00fcn\u00fcm sa\u011flayan y\u00fcksek kaliteli suni deri malzemeye sahiptir. \u0130\u00e7 kuma\u015f ve d\u0131\u015f suni derinin bu ak\u0131ll\u0131 kombinasyonu, hem sa\u011flam hem de inan\u0131lmaz derecede rahat bir ayakkab\u0131y\u0131 garanti eder. 40, 41, 42, 43, 44, 45 gibi kapsaml\u0131 bir beden yelpazesinde mevcut oldu\u011fundan, m\u00fckemmel uyumunuzu bulmak basit ve zahmetsizdir.<\/p>\n<h3>Dinamik Ya\u015fam Tarzlar\u0131 i\u00e7in Tasarland\u0131<\/h3>\n<p>Bizim <strong>Erkek Siyah Spor Ayakkab\u0131<\/strong> sadece g\u00f6r\u00fcn\u00fc\u015fle ilgili de\u011fildir; hareket i\u00e7in \u00fcretilmi\u015ftir. Atletik tasar\u0131m\u0131 geni\u015f destek ve esneklik sa\u011flayarak bu ayakkab\u0131lar\u0131 \u00e7e\u015fitli spor aktiviteleri ve yo\u011fun antrenman seanslar\u0131 i\u00e7in uygun hale getirir. Yo\u011fun spor salonu egzersizlerinden rahat y\u00fcr\u00fcy\u00fc\u015flere kadar, duyarl\u0131 taban m\u00fckemmel \u015fok emilimi ve kavrama sunarak farkl\u0131 y\u00fczeylerde denge sa\u011flar. G\u00fcvenli ba\u011fc\u0131k sistemi rahat ve ayarlanabilir bir uyum sa\u011flayarak g\u00fcn boyunca genel performans\u0131 ve konforu art\u0131r\u0131r. Bu ola\u011fan\u00fcst\u00fc siyah erkek spor ayakkab\u0131s\u0131 ile tarz\u0131n\u0131zdan veya i\u015flevselli\u011finizden \u00f6d\u00fcn vermeden dinamik ya\u015fam tarz\u0131n\u0131z\u0131 destekleyen ayakkab\u0131lara yat\u0131r\u0131m yap\u0131n.<\/p>\n<h3>\u0130\u015fletmeler i\u00e7in Toptan Sat\u0131\u015f F\u0131rsat\u0131<\/h3>\n<p>Y\u00fcksek kaliteli ayakkab\u0131 stoklamak isteyen perakendeciler ve i\u015fletmeler i\u00e7in <strong>Erkek Siyah Spor Ayakkab\u0131<\/strong> toptan sat\u0131n al\u0131nabilir. Minimum sipari\u015f miktar\u0131 sadece 8 \u00e7ift oldu\u011fundan, bu pop\u00fcler ve \u015f\u0131k spor ayakkab\u0131lar\u0131 envanterinize eklemek \u00e7ok kolay. Rekabet\u00e7i toptan sat\u0131\u015f fiyatlar\u0131ndan yararlan\u0131n ve m\u00fc\u015fterilerinize modern esteti\u011fi pratik dayan\u0131kl\u0131l\u0131kla birle\u015ftiren bir \u00fcr\u00fcn sunun. Bu ayakkab\u0131lar, g\u00fcvenilir ve modaya uygun spor ayakkab\u0131 arayan geni\u015f bir m\u00fc\u015fteri kitlesinin ilgisini \u00e7ekerek m\u00fckemmel bir de\u011fer teklifi sunar. Bu aranan Siyah Erkek Spor Ayakkab\u0131lar\u0131 ile \u00fcr\u00fcn tekliflerinizi y\u00fckseltin ve kaliteli atletik ayakkab\u0131lara y\u00f6nelik artan talebi kar\u015f\u0131lay\u0131n.<\/p>\n<p>Stil, konfor ve performans\u0131n rakipsiz bir kar\u0131\u015f\u0131m\u0131 i\u00e7in Siyah Erkek Spor Ayakkab\u0131lar\u0131m\u0131z\u0131 se\u00e7in. Her ad\u0131m\u0131nda kalite isteyen modern erkek i\u00e7in m\u00fckemmeldir. Birinci s\u0131n\u0131f ayakkab\u0131 deneyimini ya\u015famak veya perakende koleksiyonunuzu geni\u015fletmek i\u00e7in bu harika f\u0131rsat\u0131 ka\u00e7\u0131rmay\u0131n.<\/p>","protected":false},"excerpt":{"rendered":"<ul>\n<li>Mevcut bedenler: 40, 41, 42, 43, 44, 45<\/li>\n<li>Nefes alabilen kuma\u015f (i\u00e7 k\u0131s\u0131m) ve dayan\u0131kl\u0131 suni derinin (d\u0131\u015f k\u0131s\u0131m) birinci s\u0131n\u0131f kar\u0131\u015f\u0131m\u0131<\/li>\n<li>Optimum konfor, esneklik ve atletik performans i\u00e7in tasarlanm\u0131\u015ft\u0131r<\/li>\n<li>Spor aktiviteleri, spor salonu antrenmanlar\u0131 ve g\u00fcnl\u00fck g\u00fcndelik giyim i\u00e7in \u00e7ok y\u00f6nl\u00fc<\/li>\n<li>Minimum sipari\u015f miktar\u0131: Toplu al\u0131m i\u00e7in 8 \u00e7ift<\/li>\n<li>Ticari m\u00fc\u015fteriler i\u00e7in toptan fiyatland\u0131rma ve kullan\u0131labilirlik<\/li>\n<\/ul>","protected":false},"featured_media":6670,"template":"","meta":{"_acf_changed":false,"_uag_custom_page_level_css":"","site-sidebar-layout":"default","site-content-layout":"","ast-site-content-layout":"default","site-content-style":"default","site-sidebar-style":"default","ast-global-header-display":"","ast-banner-title-visibility":"","ast-main-header-display":"","ast-hfb-above-header-display":"","ast-hfb-below-header-display":"","ast-hfb-mobile-header-display":"","site-post-title":"","ast-breadcrumbs-content":"","ast-featured-img":"","footer-sml-layout":"","ast-disable-related-posts":"","theme-transparent-header-meta":"","adv-header-id-meta":"","stick-header-meta":"","header-above-stick-meta":"","header-main-stick-meta":"","header-below-stick-meta":"","astra-migrate-meta-layouts":"default","ast-page-background-enabled":"default","ast-page-background-meta":{"desktop":{"background-color":"var(--ast-global-color-4)","background-image":"","background-repeat":"repeat","background-position":"center center","background-size":"auto","background-attachment":"scroll","background-type":"","background-media":"","overlay-type":"","overlay-color":"","overlay-opacity":"","overlay-gradient":""},"tablet":{"background-color":"","background-image":"","background-repeat":"repeat","background-position":"center center","background-size":"auto","background-attachment":"scroll","background-type":"","background-media":"","overlay-type":"","overlay-color":"","overlay-opacity":"","overlay-gradient":""},"mobile":{"background-color":"","background-image":"","background-repeat":"repeat","background-position":"center center","background-size":"auto","background-attachment":"scroll","background-type":"","background-media":"","overlay-type":"","overlay-color":"","overlay-opacity":"","overlay-gradient":""}},"ast-content-background-meta":{"desktop":{"background-color":"var(--ast-global-color-5)","background-image":"","background-repeat":"repeat","background-position":"center center","background-size":"auto","background-attachment":"scroll","background-type":"","background-media":"","overlay-type":"","overlay-color":"","overlay-opacity":"","overlay-gradient":""},"tablet":{"background-color":"var(--ast-global-color-5)","background-image":"","background-repeat":"repeat","background-position":"center center","background-size":"auto","background-attachment":"scroll","background-type":"","background-media":"","overlay-type":"","overlay-color":"","overlay-opacity":"","overlay-gradient":""},"mobile":{"background-color":"var(--ast-global-color-5)","background-image":"","background-repeat":"repeat","background-position":"center center","background-size":"auto","background-attachment":"scroll","background-type":"","background-media":"","overlay-type":"","overlay-color":"","overlay-opacity":"","overlay-gradient":""}}},"product_brand":[],"product_cat":[430,1200,51],"product_tag":[1459,1454,290,1460,1457,1456,1455,1453,1063,1458],"class_list":{"0":"post-8463","1":"product","2":"type-product","3":"status-publish","4":"has-post-thumbnail","6":"product_cat-men","7":"product_cat-mens-shoes-2","8":"product_cat-sports","9":"product_tag-black-running-shoes","10":"product_tag-black-sports-shoes","11":"product_tag-comfortable-mens-shoes","12":"product_tag-durable-sports-footwear","13":"product_tag-fabric-sports-trainers","14":"product_tag-faux-leather-trainers","15":"product_tag-mens-athletic-shoes","16":"product_tag-mens-black-sports-shoes","17":"product_tag-turkish-trade-shoes","18":"product_tag-wholesale-sports-shoes","19":"desktop-align-center","20":"tablet-align-center","21":"mobile-align-center","23":"first","24":"instock","25":"shipping-taxable","26":"purchasable","27":"product-type-variable","28":"has-default-attributes"},"acf":[],"uagb_featured_image_src":{"full":["https:\/\/turkishtrade.co\/wp-content\/uploads\/2026\/01\/2600OYNMN00024-BLACK.png",453,250,false],"thumbnail":["https:\/\/turkishtrade.co\/wp-content\/uploads\/2026\/01\/2600OYNMN00024-BLACK-150x150.png",150,150,true],"medium":["https:\/\/turkishtrade.co\/wp-content\/uploads\/2026\/01\/2600OYNMN00024-BLACK-300x166.png",300,166,true],"medium_large":["https:\/\/turkishtrade.co\/wp-content\/uploads\/2026\/01\/2600OYNMN00024-BLACK.png",453,250,false],"large":["https:\/\/turkishtrade.co\/wp-content\/uploads\/2026\/01\/2600OYNMN00024-BLACK.png",453,250,false],"1536x1536":["https:\/\/turkishtrade.co\/wp-content\/uploads\/2026\/01\/2600OYNMN00024-BLACK.png",453,250,false],"2048x2048":["https:\/\/turkishtrade.co\/wp-content\/uploads\/2026\/01\/2600OYNMN00024-BLACK.png",453,250,false],"trp-custom-language-flag":["https:\/\/turkishtrade.co\/wp-content\/uploads\/2026\/01\/2600OYNMN00024-BLACK-18x10.png",18,10,true],"woocommerce_thumbnail":["https:\/\/turkishtrade.co\/wp-content\/uploads\/2026\/01\/2600OYNMN00024-BLACK-400x250.png",400,250,true],"woocommerce_single":["https:\/\/turkishtrade.co\/wp-content\/uploads\/2026\/01\/2600OYNMN00024-BLACK.png",453,250,false],"woocommerce_gallery_thumbnail":["https:\/\/turkishtrade.co\/wp-content\/uploads\/2026\/01\/2600OYNMN00024-BLACK-100x100.png",100,100,true]},"uagb_author_info":{"display_name":"python python","author_link":"https:\/\/turkishtrade.co\/tr\/author\/"},"uagb_comment_info":0,"uagb_excerpt":"Sizes available: 40, 41, 42, 43, 44, 45 Premium blend of breathable fabric (inside) and durable faux leather (outside) Designed for optimal comfort, flexibility, and athletic performance Versatile for sports activities, gym workouts, and everyday casual wear Minimum order quantity: 8 pairs for bulk purchasing Wholesale pricing and availability for business customers","_links":{"self":[{"href":"https:\/\/turkishtrade.co\/tr\/wp-json\/wp\/v2\/product\/8463","targetHints":{"allow":["GET"]}}],"collection":[{"href":"https:\/\/turkishtrade.co\/tr\/wp-json\/wp\/v2\/product"}],"about":[{"href":"https:\/\/turkishtrade.co\/tr\/wp-json\/wp\/v2\/types\/product"}],"wp:featuredmedia":[{"embeddable":true,"href":"https:\/\/turkishtrade.co\/tr\/wp-json\/wp\/v2\/media\/6670"}],"wp:attachment":[{"href":"https:\/\/turkishtrade.co\/tr\/wp-json\/wp\/v2\/media?parent=8463"}],"wp:term":[{"taxonomy":"product_brand","embeddable":true,"href":"https:\/\/turkishtrade.co\/tr\/wp-json\/wp\/v2\/product_brand?post=8463"},{"taxonomy":"product_cat","embeddable":true,"href":"https:\/\/turkishtrade.co\/tr\/wp-json\/wp\/v2\/product_cat?post=8463"},{"taxonomy":"product_tag","embeddable":true,"href":"https:\/\/turkishtrade.co\/tr\/wp-json\/wp\/v2\/product_tag?post=8463"}],"curies":[{"name":"wp","href":"https:\/\/api.w.org\/{rel}","templated":true}]}}