{"id":8442,"date":"2026-01-29T14:50:16","date_gmt":"2026-01-29T14:50:16","guid":{"rendered":"https:\/\/turkishtrade.co\/?post_type=product&#038;p=8442"},"modified":"2026-04-09T20:25:02","modified_gmt":"2026-04-09T20:25:02","slug":"mens-black-sports-shoes","status":"publish","type":"product","link":"https:\/\/turkishtrade.co\/tr\/shop\/mens-black-sports-shoes\/","title":{"rendered":"Erkek Siyah Spor Ayakkab\u0131 L\u00fcks | Erkek Siyah Suni Deri Kuma\u015f"},"content":{"rendered":"<p>Premium ayakkab\u0131lar\u0131m\u0131zla ayakkab\u0131 oyununuzu h\u0131zland\u0131r\u0131n <strong>Erkek Siyah Spor Ayakkab\u0131<\/strong>, hem stile hem de \u00f6ze de\u011fer veren modern erkek i\u00e7in tasarlanm\u0131\u015ft\u0131r. Bu \u00e7ok y\u00f6nl\u00fc siyah spor ayakkab\u0131, d\u0131\u015f y\u00fczeyinde y\u00fcksek kaliteli suni deri ve i\u00e7 y\u00fczeyinde yumu\u015fak, nefes alabilen kuma\u015f astar kombinasyonundan titizlikle \u00fcretilmi\u015ftir. Bu \u00f6zenli malzeme se\u00e7imi, benzersiz bir konfor sa\u011flarken ola\u011fan\u00fcst\u00fc dayan\u0131kl\u0131l\u0131k sunar ve spor salonuna giderken, ko\u015fuya \u00e7\u0131karken veya sadece g\u00fcndelik bir g\u00fcn\u00fcn tad\u0131n\u0131 \u00e7\u0131kar\u0131rken uzun s\u00fcreli kullan\u0131m i\u00e7in m\u00fckemmeldir.<\/p>\n<p>Bizim <strong>Erkek Siyah Spor Ayakkab\u0131<\/strong> her k\u0131yafeti zahmetsizce tamamlayan \u015f\u0131k ve \u00e7a\u011fda\u015f bir tasar\u0131ma sahiptir. Koyu siyah rengi zamans\u0131z bir \u00e7ekicilik sunarak bu ayakkab\u0131lar\u0131n her sezon gard\u0131robunuzda temel bir par\u00e7a olarak kalmas\u0131n\u0131 sa\u011flar. Sa\u011flam yap\u0131s\u0131, g\u00fcnl\u00fck aktivitelerin ve \u00e7e\u015fitli spor u\u011fra\u015flar\u0131n\u0131n zorluklar\u0131na kar\u015f\u0131 uzun \u00f6m\u00fcrl\u00fc performans vaat eder. Yast\u0131kl\u0131 taban\u0131ndan g\u00fcvenli ba\u011fc\u0131kl\u0131 kapamas\u0131na kadar her ayr\u0131nt\u0131, maksimum destek ve denge sa\u011flamak, yorgunlu\u011fu azaltmak ve genel deneyiminizi geli\u015ftirmek i\u00e7in tasarlanm\u0131\u015ft\u0131r.<\/p>\n<h3>E\u015fsiz Konfor ve \u00c7ok Y\u00f6nl\u00fcl\u00fck<\/h3>\n<p>Bu ola\u011fan\u00fcst\u00fc modelle konfor ve modan\u0131n m\u00fckemmel birle\u015fimini deneyimleyin <strong>Erkek Siyah Spor Ayakkab\u0131<\/strong>. \u0130\u00e7 kuma\u015f astar cilde kar\u015f\u0131 yumu\u015fakt\u0131r, s\u00fcrt\u00fcnmeyi \u00f6nler ve ayaklar\u0131n\u0131z\u0131 serin ve kuru tutmak i\u00e7in hava dola\u015f\u0131m\u0131n\u0131 destekler. Suni deri d\u0131\u015f y\u00fczey sadece sofistike bir dokunu\u015f katmakla kalmaz, ayn\u0131 zamanda kolay bak\u0131m ve a\u015f\u0131nma ve y\u0131pranmaya kar\u015f\u0131 diren\u00e7 sunar. Bu siyah spor ayakkab\u0131lar sadece g\u00f6r\u00fcn\u00fcmden ibaret de\u011fildir; \u00e7e\u015fitli y\u00fczeyler ve aktiviteler i\u00e7in ihtiya\u00e7 duydu\u011funuz esnekli\u011fi ve tutu\u015fu sa\u011flayarak aksiyon i\u00e7in \u00fcretilmi\u015ftir.<\/p>\n<p>40'tan 45'e kadar kapsaml\u0131 bir numara aral\u0131\u011f\u0131nda mevcut olan bu ayakkab\u0131larla m\u00fckemmel uyumunuzu bulmak hi\u00e7 bu kadar kolay olmam\u0131\u015ft\u0131. \u0130ster g\u00fcvenilir bir \u00e7ift spor ayakkab\u0131ya ister g\u00fcnl\u00fck koleksiyonunuza \u015f\u0131k bir eklemeye ihtiyac\u0131n\u0131z olsun, bu siyah spor ayakkab\u0131lar vazge\u00e7ilmez bir se\u00e7imdir. Uyarlanabilirlikleri sayesinde yo\u011fun egzersizlerden hafta sonu gezintilerine kadar \u00e7ok \u00e7e\u015fitli durumlar i\u00e7in uygundur. Aktif ya\u015fam tarz\u0131n\u0131z\u0131 kaliteden veya estetikten \u00f6d\u00fcn vermeyen ayakkab\u0131larla geli\u015ftirin.<\/p>\n<h3>\u0130\u015fletmeler i\u00e7in Toptan Sat\u0131\u015f F\u0131rsatlar\u0131<\/h3>\n<p>Y\u00fcksek talep g\u00f6ren, kaliteli ayakkab\u0131lar sunmak isteyen perakendeciler ve i\u015fletmeler i\u00e7in <strong>Erkek Siyah Spor Ayakkab\u0131<\/strong> toptan sat\u0131n al\u0131nabilir. Minimum 8 \u00e7ift sipari\u015fle, bu pop\u00fcler siyah spor ayakkab\u0131lar\u0131 kolayca stoklayabilir ve geni\u015f bir m\u00fc\u015fteri taban\u0131na hitap edebilirsiniz. M\u00fckemmel de\u011fer ve stil, konfor ve dayan\u0131kl\u0131l\u0131k i\u00e7in pazar beklentilerini s\u00fcrekli olarak kar\u015f\u0131layan bir \u00fcr\u00fcn sunmaktan gurur duyuyoruz. Bu harika siyah erkek spor ayakkab\u0131lar\u0131na yat\u0131r\u0131m yap\u0131n ve m\u00fc\u015fterilerinize sevecekleri ve tekrar gelmeye devam edecekleri bir \u00fcr\u00fcn sunun.<\/p>","protected":false},"excerpt":{"rendered":"<ul>\n<li>Dayan\u0131kl\u0131 suni deri ve nefes alabilen kuma\u015f malzeme ile \u015f\u0131k siyah tasar\u0131m.<\/li>\n<li>\u00c7ok y\u00f6nl\u00fc spor ayakkab\u0131 stilinde konfor ve performans i\u00e7in tasarland\u0131.<\/li>\n<li>Kapsaml\u0131 bir boyut yelpazesinde mevcuttur: 40, 41, 42, 43, 44, 45.<\/li>\n<li>G\u00fcnl\u00fck kullan\u0131m, atletik aktiviteler ve modern aktif ya\u015fam tarz\u0131 i\u00e7in idealdir.<\/li>\n<li>Minimum 8 \u00e7ift sipari\u015f ile toptan sat\u0131\u015f f\u0131rsatlar\u0131 mevcuttur.<\/li>\n<\/ul>","protected":false},"featured_media":6665,"template":"","meta":{"_acf_changed":false,"_uag_custom_page_level_css":"","site-sidebar-layout":"default","site-content-layout":"","ast-site-content-layout":"default","site-content-style":"default","site-sidebar-style":"default","ast-global-header-display":"","ast-banner-title-visibility":"","ast-main-header-display":"","ast-hfb-above-header-display":"","ast-hfb-below-header-display":"","ast-hfb-mobile-header-display":"","site-post-title":"","ast-breadcrumbs-content":"","ast-featured-img":"","footer-sml-layout":"","ast-disable-related-posts":"","theme-transparent-header-meta":"","adv-header-id-meta":"","stick-header-meta":"","header-above-stick-meta":"","header-main-stick-meta":"","header-below-stick-meta":"","astra-migrate-meta-layouts":"default","ast-page-background-enabled":"default","ast-page-background-meta":{"desktop":{"background-color":"var(--ast-global-color-4)","background-image":"","background-repeat":"repeat","background-position":"center center","background-size":"auto","background-attachment":"scroll","background-type":"","background-media":"","overlay-type":"","overlay-color":"","overlay-opacity":"","overlay-gradient":""},"tablet":{"background-color":"","background-image":"","background-repeat":"repeat","background-position":"center center","background-size":"auto","background-attachment":"scroll","background-type":"","background-media":"","overlay-type":"","overlay-color":"","overlay-opacity":"","overlay-gradient":""},"mobile":{"background-color":"","background-image":"","background-repeat":"repeat","background-position":"center center","background-size":"auto","background-attachment":"scroll","background-type":"","background-media":"","overlay-type":"","overlay-color":"","overlay-opacity":"","overlay-gradient":""}},"ast-content-background-meta":{"desktop":{"background-color":"var(--ast-global-color-5)","background-image":"","background-repeat":"repeat","background-position":"center center","background-size":"auto","background-attachment":"scroll","background-type":"","background-media":"","overlay-type":"","overlay-color":"","overlay-opacity":"","overlay-gradient":""},"tablet":{"background-color":"var(--ast-global-color-5)","background-image":"","background-repeat":"repeat","background-position":"center center","background-size":"auto","background-attachment":"scroll","background-type":"","background-media":"","overlay-type":"","overlay-color":"","overlay-opacity":"","overlay-gradient":""},"mobile":{"background-color":"var(--ast-global-color-5)","background-image":"","background-repeat":"repeat","background-position":"center center","background-size":"auto","background-attachment":"scroll","background-type":"","background-media":"","overlay-type":"","overlay-color":"","overlay-opacity":"","overlay-gradient":""}}},"product_brand":[],"product_cat":[430,1200,51],"product_tag":[1452,1120,1449,1447,1446,1448,1445,1451,1450,281],"class_list":{"0":"post-8442","1":"product","2":"type-product","3":"status-publish","4":"has-post-thumbnail","6":"product_cat-men","7":"product_cat-mens-shoes-2","8":"product_cat-sports","9":"product_tag-active-lifestyle-shoes","10":"product_tag-black-sneakers","11":"product_tag-comfortable-sports-shoes","12":"product_tag-fabric-trainers","13":"product_tag-faux-leather-shoes","14":"product_tag-mens-athletic-footwear","15":"product_tag-mens-sports-shoes","16":"product_tag-modern-sneakers","17":"product_tag-size-40-45-shoes","18":"product_tag-wholesale-shoes","19":"desktop-align-center","20":"tablet-align-center","21":"mobile-align-center","23":"first","24":"instock","25":"shipping-taxable","26":"purchasable","27":"product-type-variable","28":"has-default-attributes"},"acf":[],"uagb_featured_image_src":{"full":["https:\/\/turkishtrade.co\/wp-content\/uploads\/2026\/01\/2600OYNMN00023-BLACK.png",453,250,false],"thumbnail":["https:\/\/turkishtrade.co\/wp-content\/uploads\/2026\/01\/2600OYNMN00023-BLACK-150x150.png",150,150,true],"medium":["https:\/\/turkishtrade.co\/wp-content\/uploads\/2026\/01\/2600OYNMN00023-BLACK-300x166.png",300,166,true],"medium_large":["https:\/\/turkishtrade.co\/wp-content\/uploads\/2026\/01\/2600OYNMN00023-BLACK.png",453,250,false],"large":["https:\/\/turkishtrade.co\/wp-content\/uploads\/2026\/01\/2600OYNMN00023-BLACK.png",453,250,false],"1536x1536":["https:\/\/turkishtrade.co\/wp-content\/uploads\/2026\/01\/2600OYNMN00023-BLACK.png",453,250,false],"2048x2048":["https:\/\/turkishtrade.co\/wp-content\/uploads\/2026\/01\/2600OYNMN00023-BLACK.png",453,250,false],"trp-custom-language-flag":["https:\/\/turkishtrade.co\/wp-content\/uploads\/2026\/01\/2600OYNMN00023-BLACK-18x10.png",18,10,true],"woocommerce_thumbnail":["https:\/\/turkishtrade.co\/wp-content\/uploads\/2026\/01\/2600OYNMN00023-BLACK-400x250.png",400,250,true],"woocommerce_single":["https:\/\/turkishtrade.co\/wp-content\/uploads\/2026\/01\/2600OYNMN00023-BLACK.png",453,250,false],"woocommerce_gallery_thumbnail":["https:\/\/turkishtrade.co\/wp-content\/uploads\/2026\/01\/2600OYNMN00023-BLACK-100x100.png",100,100,true]},"uagb_author_info":{"display_name":"python python","author_link":"https:\/\/turkishtrade.co\/tr\/author\/"},"uagb_comment_info":0,"uagb_excerpt":"Sleek black design with durable faux leather and breathable fabric material. Engineered for comfort and performance in a versatile sports shoe style. Available in a comprehensive range of sizes: 40, 41, 42, 43, 44, 45. Ideal for daily wear, athletic activities, and a modern active lifestyle. Wholesale opportunities available with a minimum order of 8&hellip;","_links":{"self":[{"href":"https:\/\/turkishtrade.co\/tr\/wp-json\/wp\/v2\/product\/8442","targetHints":{"allow":["GET"]}}],"collection":[{"href":"https:\/\/turkishtrade.co\/tr\/wp-json\/wp\/v2\/product"}],"about":[{"href":"https:\/\/turkishtrade.co\/tr\/wp-json\/wp\/v2\/types\/product"}],"wp:featuredmedia":[{"embeddable":true,"href":"https:\/\/turkishtrade.co\/tr\/wp-json\/wp\/v2\/media\/6665"}],"wp:attachment":[{"href":"https:\/\/turkishtrade.co\/tr\/wp-json\/wp\/v2\/media?parent=8442"}],"wp:term":[{"taxonomy":"product_brand","embeddable":true,"href":"https:\/\/turkishtrade.co\/tr\/wp-json\/wp\/v2\/product_brand?post=8442"},{"taxonomy":"product_cat","embeddable":true,"href":"https:\/\/turkishtrade.co\/tr\/wp-json\/wp\/v2\/product_cat?post=8442"},{"taxonomy":"product_tag","embeddable":true,"href":"https:\/\/turkishtrade.co\/tr\/wp-json\/wp\/v2\/product_tag?post=8442"}],"curies":[{"name":"wp","href":"https:\/\/api.w.org\/{rel}","templated":true}]}}