{"id":8441,"date":"2026-01-29T14:50:16","date_gmt":"2026-01-29T14:50:16","guid":{"rendered":"https:\/\/turkishtrade.co\/?post_type=product&#038;p=8441"},"modified":"2026-04-09T20:25:06","modified_gmt":"2026-04-09T20:25:06","slug":"mens-white-faux-leather-sports-shoes","status":"publish","type":"product","link":"https:\/\/turkishtrade.co\/tr\/shop\/mens-white-faux-leather-sports-shoes\/","title":{"rendered":"Erkek Beyaz Suni Deri Spor Ayakkab\u0131 Incredible"},"content":{"rendered":"<p><strong>Erkek Beyaz Suni Deri Spor Ayakkab\u0131<\/strong>. \u0130nan\u0131lmaz kalite ve tasar\u0131m.<\/p>\n<p>\u00dcst\u00fcn kaliteli \u00fcr\u00fcnlerimizle stil, konfor ve dayan\u0131kl\u0131l\u0131\u011f\u0131n m\u00fckemmel kar\u0131\u015f\u0131m\u0131n\u0131 ke\u015ffedin <strong>Erkek Beyaz Suni Deri Spor Ayakkab\u0131<\/strong>. Modern erkekler i\u00e7in tasarlanan bu \u00e7ok y\u00f6nl\u00fc spor ayakkab\u0131lar, spor salonuna giderken, ko\u015fuya \u00e7\u0131karken ya da d\u0131\u015far\u0131da ge\u00e7irdi\u011finiz g\u00fcndelik bir g\u00fcn\u00fcn tad\u0131n\u0131 \u00e7\u0131kar\u0131rken sizi rahat ettirecek \u015fekilde tasarlanm\u0131\u015ft\u0131r. Bembeyaz tasar\u0131m\u0131 zamans\u0131z bir \u00e7ekicilik sunar ve her gard\u0131robun vazge\u00e7ilmezi haline gelir. Bizim <strong>Erkek Beyaz Suni Deri Spor Ayakkab\u0131<\/strong> \u00fcst\u00fcn tasar\u0131m\u0131 pratik i\u015flevsellikle birle\u015ftirerek her aktif erke\u011fin ayakkab\u0131 koleksiyonunun vazge\u00e7ilmez bir par\u00e7as\u0131 haline getiriyor.<\/p>\n<h3>E\u015fsiz Konfor ve Kalite<\/h3>\n<p>Bu ola\u011fan\u00fcst\u00fc \u00fcr\u00fcnlerin her bir \u00e7ifti <strong>Erkek Beyaz Suni Deri Spor Ayakkab\u0131<\/strong> \u00fcst\u00fcn konfor ve uzun \u00f6m\u00fcrl\u00fcl\u00fck sa\u011flamak i\u00e7in y\u00fcksek kaliteli malzemeler kullan\u0131larak titizlikle \u00fcretilmi\u015ftir. \u015e\u0131k ve sa\u011flam suni deriye sahip d\u0131\u015f y\u00fczeyi, hem zarif bir g\u00f6r\u00fcn\u00fcm hem de g\u00fcnl\u00fck a\u015f\u0131nma ve y\u0131pranmaya kar\u015f\u0131 ola\u011fan\u00fcst\u00fc dayan\u0131kl\u0131l\u0131k sa\u011flar. Bunu tamamlayan i\u00e7 k\u0131s\u0131m yumu\u015fak, nefes alabilen bir kuma\u015fla astarlanm\u0131\u015ft\u0131r ve g\u00fcn boyunca ayaklar\u0131n\u0131z i\u00e7in maksimum konfor ve havaland\u0131rma sa\u011flar. \u00d6zenle tasarlanm\u0131\u015f bu ayakkab\u0131lar\u0131m\u0131zla rahats\u0131zl\u0131\u011fa veda edin ve g\u00fcn boyu ferahl\u0131\u011fa merhaba deyin. <strong>Erkek Beyaz Suni Deri Spor Ayakkab\u0131<\/strong>. 40'tan 45'e kadar kapsaml\u0131 bir beden yelpazesinde mevcut olan bu ola\u011fan\u00fcst\u00fc ayakkab\u0131lar\u0131n kalitesini her erke\u011fin deneyimleyebilmesini sa\u011flamak i\u00e7in m\u00fckemmel uyumunuzu bulmak hi\u00e7 bu kadar kolay olmam\u0131\u015ft\u0131.<\/p>\n<h3>Her Durum \u0130\u00e7in \u015e\u0131k Tasar\u0131m<\/h3>\n<p>Bizim <strong>Erkek Beyaz Suni Deri Spor Ayakkab\u0131<\/strong> sadece performansla ilgili de\u011fildir; ayn\u0131 zamanda bir moda ifadesidir. \u00c7arp\u0131c\u0131 beyaz renk, ince tasar\u0131m \u00f6\u011feleri ve sa\u011flam siyah tabanla birle\u015ferek dinamik ve modern bir estetik yarat\u0131r. Yo\u011fun spor seanslar\u0131ndan arkada\u015flarla yap\u0131lan g\u00fcndelik gezilere kadar \u00e7e\u015fitli aktiviteler i\u00e7in m\u00fckemmel \u015fekilde uygundur. \u00c7ok y\u00f6nl\u00fc yap\u0131lar\u0131, aktif giyimden \u015f\u0131k g\u00fcndelik k\u0131yafetlere sorunsuzca ge\u00e7i\u015f yapmalar\u0131n\u0131 sa\u011flayarak g\u00f6r\u00fcn\u00fcm\u00fcn\u00fcz\u00fc zahmetsizce y\u00fckseltir. \u00c7a\u011fda\u015f stil ve pratik i\u015flevselli\u011fin m\u00fckemmel birle\u015fimini bu olmazsa olmazlarla deneyimleyin <strong>Erkek Beyaz Suni Deri Spor Ayakkab\u0131<\/strong>.<\/p>\n<h3>Aktif Ya\u015fam Tarzlar\u0131 i\u00e7in Dayan\u0131kl\u0131 Yap\u0131<\/h3>\n<p>Aktif bir ya\u015fam tarz\u0131n\u0131n gerekliliklerini anl\u0131yoruz, i\u015fte bu y\u00fczden <strong>Erkek Beyaz Suni Deri Spor Ayakkab\u0131<\/strong> uzun s\u00fcre dayanacak \u015fekilde \u00fcretilmi\u015ftir. Sa\u011flam suni deri malzemenin temizlenmesi ve bak\u0131m\u0131 kolayd\u0131r, ayakkab\u0131lar\u0131n\u0131z\u0131n daha uzun s\u00fcre bozulmadan g\u00f6r\u00fcnmesini sa\u011flar. \u00d6zel olarak tasarlanm\u0131\u015f spor taban\u0131 m\u00fckemmel kavrama ve destek sa\u011flayarak \u00e7e\u015fitli y\u00fczeylerde denge ve konfor sunar. \u015e\u0131k g\u00f6r\u00fcnmenizi sa\u011flarken rutininize ayak uyduran ayakkab\u0131lara yat\u0131r\u0131m yap\u0131n. Bunlar <strong>Erkek Beyaz Suni Deri Spor Ayakkab\u0131<\/strong> dayan\u0131kl\u0131 performans i\u00e7in tasarlanm\u0131\u015ft\u0131r, bu da onlar\u0131 g\u00fcnl\u00fck maceralar\u0131n\u0131z i\u00e7in g\u00fcvenilir bir se\u00e7im haline getirir.<\/p>\n<p>Y\u00fcksek kaliteli, talep g\u00f6ren ayakkab\u0131lar\u0131 stoklamak isteyen i\u015fletmeler i\u00e7in bu <strong>Erkek Beyaz Suni Deri Spor Ayakkab\u0131<\/strong> toptan sat\u0131n al\u0131nabilir. Minimum 8 \u00e7ift sipari\u015f miktar\u0131, bu pop\u00fcler \u00fcr\u00fcn\u00fc envanterinize eklemenizi kolayla\u015ft\u0131r\u0131r. M\u00fc\u015fterilerinize trendleri belirleyen tasar\u0131m ve g\u00fcvenilir performans\u0131n bir kar\u0131\u015f\u0131m\u0131n\u0131 sunun. Hem esteti\u011fe hem de pratikli\u011fe de\u011fer veren se\u00e7ici erkekler i\u00e7in haz\u0131rlanm\u0131\u015f bu ola\u011fan\u00fcst\u00fc spor ayakkab\u0131larla koleksiyonunuzu bug\u00fcn y\u00fckseltin. Bizimkileri se\u00e7in <strong>Erkek Beyaz Suni Deri Spor Ayakkab\u0131<\/strong> garantili bir m\u00fc\u015fteri favorisi ve perakende tekliflerinize ak\u0131ll\u0131 bir katk\u0131 i\u00e7in.<\/p>","protected":false},"excerpt":{"rendered":"<ul>\n<li>\u00dcst\u00fcn konfor ve stil i\u00e7in tasarlanm\u0131\u015f Premium Erkek Beyaz Suni Deri Spor Ayakkab\u0131.<\/li>\n<li>Nefes alabilen kuma\u015f i\u00e7 k\u0131s\u0131m ve dayan\u0131kl\u0131, \u015f\u0131k suni deri d\u0131\u015f y\u00fczey ile \u00fcretilmi\u015ftir.<\/li>\n<li>Kapsaml\u0131 bir beden aral\u0131\u011f\u0131nda mevcuttur: 40, 41, 42, 43, 44, 45.<\/li>\n<li>Spor, g\u00fcndelik giyim ve her t\u00fcrl\u00fc aktif ya\u015fam tarz\u0131 k\u0131yafetini y\u00fckseltmek i\u00e7in idealdir.<\/li>\n<li>Toptan sat\u0131\u015f imkan\u0131: Minimum sipari\u015f miktar\u0131 8 \u00e7ifttir.<\/li>\n<\/ul>","protected":false},"featured_media":6831,"template":"","meta":{"_acf_changed":false,"_uag_custom_page_level_css":"","site-sidebar-layout":"default","site-content-layout":"","ast-site-content-layout":"default","site-content-style":"default","site-sidebar-style":"default","ast-global-header-display":"","ast-banner-title-visibility":"","ast-main-header-display":"","ast-hfb-above-header-display":"","ast-hfb-below-header-display":"","ast-hfb-mobile-header-display":"","site-post-title":"","ast-breadcrumbs-content":"","ast-featured-img":"","footer-sml-layout":"","ast-disable-related-posts":"","theme-transparent-header-meta":"","adv-header-id-meta":"","stick-header-meta":"","header-above-stick-meta":"","header-main-stick-meta":"","header-below-stick-meta":"","astra-migrate-meta-layouts":"default","ast-page-background-enabled":"default","ast-page-background-meta":{"desktop":{"background-color":"var(--ast-global-color-4)","background-image":"","background-repeat":"repeat","background-position":"center center","background-size":"auto","background-attachment":"scroll","background-type":"","background-media":"","overlay-type":"","overlay-color":"","overlay-opacity":"","overlay-gradient":""},"tablet":{"background-color":"","background-image":"","background-repeat":"repeat","background-position":"center center","background-size":"auto","background-attachment":"scroll","background-type":"","background-media":"","overlay-type":"","overlay-color":"","overlay-opacity":"","overlay-gradient":""},"mobile":{"background-color":"","background-image":"","background-repeat":"repeat","background-position":"center center","background-size":"auto","background-attachment":"scroll","background-type":"","background-media":"","overlay-type":"","overlay-color":"","overlay-opacity":"","overlay-gradient":""}},"ast-content-background-meta":{"desktop":{"background-color":"var(--ast-global-color-5)","background-image":"","background-repeat":"repeat","background-position":"center center","background-size":"auto","background-attachment":"scroll","background-type":"","background-media":"","overlay-type":"","overlay-color":"","overlay-opacity":"","overlay-gradient":""},"tablet":{"background-color":"var(--ast-global-color-5)","background-image":"","background-repeat":"repeat","background-position":"center center","background-size":"auto","background-attachment":"scroll","background-type":"","background-media":"","overlay-type":"","overlay-color":"","overlay-opacity":"","overlay-gradient":""},"mobile":{"background-color":"var(--ast-global-color-5)","background-image":"","background-repeat":"repeat","background-position":"center center","background-size":"auto","background-attachment":"scroll","background-type":"","background-media":"","overlay-type":"","overlay-color":"","overlay-opacity":"","overlay-gradient":""}}},"product_brand":[],"product_cat":[430,1200,51],"product_tag":[1452,1500,1513,1512,1462,969,1476,1510,1511,1458],"class_list":{"0":"post-8441","1":"product","2":"type-product","3":"status-publish","4":"has-post-thumbnail","6":"product_cat-men","7":"product_cat-mens-shoes-2","8":"product_cat-sports","9":"product_tag-active-lifestyle-shoes","10":"product_tag-athletic-shoes-men","11":"product_tag-breathable-sports-footwear","12":"product_tag-casual-white-shoes","13":"product_tag-faux-leather-sneakers","14":"product_tag-mens-fashion-shoes","15":"product_tag-mens-trainers","16":"product_tag-mens-white-faux-leather-sports-shoes","17":"product_tag-white-sports-shoes","18":"product_tag-wholesale-sports-shoes","19":"desktop-align-center","20":"tablet-align-center","21":"mobile-align-center","23":"first","24":"instock","25":"shipping-taxable","26":"purchasable","27":"product-type-variable","28":"has-default-attributes"},"acf":[],"uagb_featured_image_src":{"full":["https:\/\/turkishtrade.co\/wp-content\/uploads\/2026\/01\/2600OYNMN00022-WHITE.png",453,250,false],"thumbnail":["https:\/\/turkishtrade.co\/wp-content\/uploads\/2026\/01\/2600OYNMN00022-WHITE-150x150.png",150,150,true],"medium":["https:\/\/turkishtrade.co\/wp-content\/uploads\/2026\/01\/2600OYNMN00022-WHITE-300x166.png",300,166,true],"medium_large":["https:\/\/turkishtrade.co\/wp-content\/uploads\/2026\/01\/2600OYNMN00022-WHITE.png",453,250,false],"large":["https:\/\/turkishtrade.co\/wp-content\/uploads\/2026\/01\/2600OYNMN00022-WHITE.png",453,250,false],"1536x1536":["https:\/\/turkishtrade.co\/wp-content\/uploads\/2026\/01\/2600OYNMN00022-WHITE.png",453,250,false],"2048x2048":["https:\/\/turkishtrade.co\/wp-content\/uploads\/2026\/01\/2600OYNMN00022-WHITE.png",453,250,false],"trp-custom-language-flag":["https:\/\/turkishtrade.co\/wp-content\/uploads\/2026\/01\/2600OYNMN00022-WHITE-18x10.png",18,10,true],"woocommerce_thumbnail":["https:\/\/turkishtrade.co\/wp-content\/uploads\/2026\/01\/2600OYNMN00022-WHITE-400x250.png",400,250,true],"woocommerce_single":["https:\/\/turkishtrade.co\/wp-content\/uploads\/2026\/01\/2600OYNMN00022-WHITE.png",453,250,false],"woocommerce_gallery_thumbnail":["https:\/\/turkishtrade.co\/wp-content\/uploads\/2026\/01\/2600OYNMN00022-WHITE-100x100.png",100,100,true]},"uagb_author_info":{"display_name":"python python","author_link":"https:\/\/turkishtrade.co\/tr\/author\/"},"uagb_comment_info":0,"uagb_excerpt":"Premium Men's White Faux Leather Sports Shoes designed for ultimate comfort and style. Crafted with a breathable fabric interior and a durable, sleek faux leather exterior. Available in a comprehensive size range: 40, 41, 42, 43, 44, 45. Ideal for sports, casual wear, and elevating any active lifestyle outfit. Wholesale availability: Minimum order quantity of&hellip;","_links":{"self":[{"href":"https:\/\/turkishtrade.co\/tr\/wp-json\/wp\/v2\/product\/8441","targetHints":{"allow":["GET"]}}],"collection":[{"href":"https:\/\/turkishtrade.co\/tr\/wp-json\/wp\/v2\/product"}],"about":[{"href":"https:\/\/turkishtrade.co\/tr\/wp-json\/wp\/v2\/types\/product"}],"wp:featuredmedia":[{"embeddable":true,"href":"https:\/\/turkishtrade.co\/tr\/wp-json\/wp\/v2\/media\/6831"}],"wp:attachment":[{"href":"https:\/\/turkishtrade.co\/tr\/wp-json\/wp\/v2\/media?parent=8441"}],"wp:term":[{"taxonomy":"product_brand","embeddable":true,"href":"https:\/\/turkishtrade.co\/tr\/wp-json\/wp\/v2\/product_brand?post=8441"},{"taxonomy":"product_cat","embeddable":true,"href":"https:\/\/turkishtrade.co\/tr\/wp-json\/wp\/v2\/product_cat?post=8441"},{"taxonomy":"product_tag","embeddable":true,"href":"https:\/\/turkishtrade.co\/tr\/wp-json\/wp\/v2\/product_tag?post=8441"}],"curies":[{"name":"wp","href":"https:\/\/api.w.org\/{rel}","templated":true}]}}