{"id":8440,"date":"2026-01-29T14:50:16","date_gmt":"2026-01-29T14:50:16","guid":{"rendered":"https:\/\/turkishtrade.co\/?post_type=product&#038;p=8440"},"modified":"2026-04-09T20:25:09","modified_gmt":"2026-04-09T20:25:09","slug":"black-faux-leather-sports-shoes","status":"publish","type":"product","link":"https:\/\/turkishtrade.co\/tr\/shop\/black-faux-leather-sports-shoes\/","title":{"rendered":"Siyah Suni Deri Spor Ayakkab\u0131 Elite | Men's Dynamic"},"content":{"rendered":"<p><strong>Siyah Suni Deri Spor Ayakkab\u0131<\/strong>. Elit kalite ve tasar\u0131m.<\/p>\n<p>Ayakkab\u0131 koleksiyonunuzu se\u00e7kin \u00fcr\u00fcnlerimizle geli\u015ftirin <strong>Erkek Dynamic Siyah Suni Deri Spor Ayakkab\u0131<\/strong>. Hem stil hem de konfora \u00f6nem veren modern erkekler i\u00e7in tasarlanan bu siyah spor ayakkab\u0131, sa\u011flam yap\u0131 ve \u00e7a\u011fda\u015f esteti\u011fin m\u00fckemmel bir kar\u0131\u015f\u0131m\u0131d\u0131r. \u0130ster g\u00fcndelik bir g\u00fcn i\u00e7in d\u0131\u015far\u0131 \u00e7\u0131k\u0131yor olun, ister ayak i\u015flerinizi hallediyor olun ya da sadece rahat ama \u015f\u0131k bir g\u00fcnl\u00fck ayakkab\u0131 ar\u0131yor olun, bu <b>Siyah Suni Deri Spor Ayakkab\u0131<\/b> \u00e7ok y\u00f6nl\u00fcl\u00fck ve kal\u0131c\u0131 \u00e7ekicilik i\u00e7in ideal se\u00e7iminizdir.<\/p>\n<h3>E\u015fsiz Konfor ve \u00dcst\u00fcn Tasar\u0131m<\/h3>\n<p>Atletizmden ilham alan bu ayakkab\u0131lar\u0131n \u00f6zenli tasar\u0131m\u0131yla benzersiz bir konfor ya\u015fay\u0131n. \u0130\u00e7 k\u0131sm\u0131 yumu\u015fak, nefes alabilen bir kuma\u015ftan \u00fcretilmi\u015ftir ve uzun s\u00fcreli kullan\u0131mdan sonra bile ayaklar\u0131n\u0131z\u0131n rahat ve ferah kalmas\u0131n\u0131 sa\u011flar. Bunu tamamlayan d\u0131\u015f k\u0131s\u0131m, m\u00fckemmel dayan\u0131kl\u0131l\u0131k ve her k\u0131yafetle kolayca e\u015fle\u015ftirilebilen sofistike, \u015f\u0131k bir siyah kaplama sunan y\u00fcksek kaliteli suni deri malzemeye sahiptir. Kal\u0131n, esnek taban tasar\u0131ma modern bir hava katmakla kalmaz, ayn\u0131 zamanda \u00fcst\u00fcn kavrama ve destek sa\u011flayarak bu ayakkab\u0131lar\u0131 s\u0131radan g\u00fcndelik ayakkab\u0131lardan daha fazlas\u0131 haline getirir; g\u00fcnl\u00fck maceralar\u0131n\u0131z i\u00e7in performansa haz\u0131rd\u0131r.<\/p>\n<h3>Her Durum i\u00e7in \u00c7ok Y\u00f6nl\u00fcl\u00fck<\/h3>\n<p>Bizim <b>Siyah Suni Deri Spor Ayakkab\u0131<\/b> inan\u0131lmaz derecede \u00e7ok y\u00f6nl\u00fcd\u00fcr. Zamans\u0131z siyah rengi ve zarif suni deri dokusu, bu ayakkab\u0131lar\u0131 g\u00fcndelik bulu\u015fmalardan hafif spor aktivitelerine kadar \u00e7e\u015fitli durumlar i\u00e7in uygun hale getirir. Spor giyim ve \u015f\u0131k g\u00fcndelik giyim aras\u0131ndaki bo\u015flu\u011fu sorunsuz bir \u015fekilde doldurarak konfordan \u00f6d\u00fcn vermeden g\u00f6steri\u015fli bir g\u00f6r\u00fcn\u00fcm elde etmenizi sa\u011flar. Sa\u011flam yap\u0131s\u0131, bu ayakkab\u0131lar\u0131n g\u00fcnl\u00fck a\u015f\u0131nma ve y\u0131pranmaya dayanabilmesini sa\u011flayarak uzun \u00f6m\u00fcrl\u00fc performans ve keskin g\u00f6r\u00fcnmenizi sa\u011flayan kal\u0131c\u0131 bir stil vaat eder.<\/p>\n<h3>Bireysel Sat\u0131n Alma ve Toptan Sat\u0131\u015f i\u00e7in Mevcuttur<\/h3>\n<p>Bu \u015f\u0131k \u00fcr\u00fcnleri sunmaktan gurur duyuyoruz <b>Siyah Suni Deri Spor Ayakkab\u0131<\/b> \u00d6zellikle 40, 41, 42, 43, 44 ve 45 numara olmak \u00fczere kapsaml\u0131 bir erkek beden yelpazesine sahiptir ve bir\u00e7ok ki\u015fi i\u00e7in m\u00fckemmel bir uyum sa\u011flar. Y\u00fcksek kaliteli, modaya uygun erkek ayakkab\u0131s\u0131 stoklamak isteyen i\u015fletmeler ve perakendeciler i\u00e7in bu ayakkab\u0131lar toptan al\u0131m i\u00e7in de mevcuttur. Minimum 8 \u00e7ift sipari\u015fle, bu aranan siyah suni deri spor ayakkab\u0131lar\u0131 m\u00fc\u015fterilerinize ula\u015ft\u0131rmak her zamankinden daha kolay. \u00dcst\u00fcn i\u015f\u00e7ili\u011fi trend belirleyen tasar\u0131m ve pratik konforla birle\u015ftiren bir \u00e7ifte yat\u0131r\u0131m yap\u0131n.<\/p>","protected":false},"excerpt":{"rendered":"<ul>\n<li>Dayan\u0131kl\u0131l\u0131k ve \u015f\u0131kl\u0131k i\u00e7in birinci s\u0131n\u0131f suni deri d\u0131\u015f y\u00fczey.<\/li>\n<li>Konforlu kuma\u015f i\u00e7 k\u0131s\u0131m t\u00fcm g\u00fcn giyilebilirlik sa\u011flar.<\/li>\n<li>Sa\u011flam ve kal\u0131n tabanl\u0131 modern spor tasar\u0131m.<\/li>\n<li>Geni\u015f bir erkek beden yelpazesinde mevcuttur: 40, 41, 42, 43, 44, 45.<\/li>\n<li>Minimum 8 \u00e7ift sipari\u015f ile toptan sat\u0131\u015f mevcuttur.<\/li>\n<\/ul>","protected":false},"featured_media":6830,"template":"","meta":{"_acf_changed":false,"_uag_custom_page_level_css":"","site-sidebar-layout":"default","site-content-layout":"","ast-site-content-layout":"default","site-content-style":"default","site-sidebar-style":"default","ast-global-header-display":"","ast-banner-title-visibility":"","ast-main-header-display":"","ast-hfb-above-header-display":"","ast-hfb-below-header-display":"","ast-hfb-mobile-header-display":"","site-post-title":"","ast-breadcrumbs-content":"","ast-featured-img":"","footer-sml-layout":"","ast-disable-related-posts":"","theme-transparent-header-meta":"","adv-header-id-meta":"","stick-header-meta":"","header-above-stick-meta":"","header-main-stick-meta":"","header-below-stick-meta":"","astra-migrate-meta-layouts":"default","ast-page-background-enabled":"default","ast-page-background-meta":{"desktop":{"background-color":"var(--ast-global-color-4)","background-image":"","background-repeat":"repeat","background-position":"center center","background-size":"auto","background-attachment":"scroll","background-type":"","background-media":"","overlay-type":"","overlay-color":"","overlay-opacity":"","overlay-gradient":""},"tablet":{"background-color":"","background-image":"","background-repeat":"repeat","background-position":"center center","background-size":"auto","background-attachment":"scroll","background-type":"","background-media":"","overlay-type":"","overlay-color":"","overlay-opacity":"","overlay-gradient":""},"mobile":{"background-color":"","background-image":"","background-repeat":"repeat","background-position":"center center","background-size":"auto","background-attachment":"scroll","background-type":"","background-media":"","overlay-type":"","overlay-color":"","overlay-opacity":"","overlay-gradient":""}},"ast-content-background-meta":{"desktop":{"background-color":"var(--ast-global-color-5)","background-image":"","background-repeat":"repeat","background-position":"center center","background-size":"auto","background-attachment":"scroll","background-type":"","background-media":"","overlay-type":"","overlay-color":"","overlay-opacity":"","overlay-gradient":""},"tablet":{"background-color":"var(--ast-global-color-5)","background-image":"","background-repeat":"repeat","background-position":"center center","background-size":"auto","background-attachment":"scroll","background-type":"","background-media":"","overlay-type":"","overlay-color":"","overlay-opacity":"","overlay-gradient":""},"mobile":{"background-color":"var(--ast-global-color-5)","background-image":"","background-repeat":"repeat","background-position":"center center","background-size":"auto","background-attachment":"scroll","background-type":"","background-media":"","overlay-type":"","overlay-color":"","overlay-opacity":"","overlay-gradient":""}}},"product_brand":[],"product_cat":[430,1200,51],"product_tag":[1508,1506,1120,331,340,1507,1509,1462,1445,262],"class_list":{"0":"post-8440","1":"product","2":"type-product","3":"status-publish","4":"has-post-thumbnail","6":"product_cat-men","7":"product_cat-mens-shoes-2","8":"product_cat-sports","9":"product_tag-athletic-style-shoes","10":"product_tag-black-faux-leather-sports-shoes","11":"product_tag-black-sneakers","12":"product_tag-chunky-sole-shoes","13":"product_tag-comfortable-mens-footwear","14":"product_tag-durable-casual-shoes","15":"product_tag-everyday-wear-shoes","16":"product_tag-faux-leather-sneakers","17":"product_tag-mens-sports-shoes","18":"product_tag-wholesale-mens-shoes","19":"desktop-align-center","20":"tablet-align-center","21":"mobile-align-center","23":"first","24":"instock","25":"shipping-taxable","26":"purchasable","27":"product-type-variable","28":"has-default-attributes"},"acf":[],"uagb_featured_image_src":{"full":["https:\/\/turkishtrade.co\/wp-content\/uploads\/2026\/01\/2600OYNMN00021-BLACK.png",453,250,false],"thumbnail":["https:\/\/turkishtrade.co\/wp-content\/uploads\/2026\/01\/2600OYNMN00021-BLACK-150x150.png",150,150,true],"medium":["https:\/\/turkishtrade.co\/wp-content\/uploads\/2026\/01\/2600OYNMN00021-BLACK-300x166.png",300,166,true],"medium_large":["https:\/\/turkishtrade.co\/wp-content\/uploads\/2026\/01\/2600OYNMN00021-BLACK.png",453,250,false],"large":["https:\/\/turkishtrade.co\/wp-content\/uploads\/2026\/01\/2600OYNMN00021-BLACK.png",453,250,false],"1536x1536":["https:\/\/turkishtrade.co\/wp-content\/uploads\/2026\/01\/2600OYNMN00021-BLACK.png",453,250,false],"2048x2048":["https:\/\/turkishtrade.co\/wp-content\/uploads\/2026\/01\/2600OYNMN00021-BLACK.png",453,250,false],"trp-custom-language-flag":["https:\/\/turkishtrade.co\/wp-content\/uploads\/2026\/01\/2600OYNMN00021-BLACK-18x10.png",18,10,true],"woocommerce_thumbnail":["https:\/\/turkishtrade.co\/wp-content\/uploads\/2026\/01\/2600OYNMN00021-BLACK-400x250.png",400,250,true],"woocommerce_single":["https:\/\/turkishtrade.co\/wp-content\/uploads\/2026\/01\/2600OYNMN00021-BLACK.png",453,250,false],"woocommerce_gallery_thumbnail":["https:\/\/turkishtrade.co\/wp-content\/uploads\/2026\/01\/2600OYNMN00021-BLACK-100x100.png",100,100,true]},"uagb_author_info":{"display_name":"python python","author_link":"https:\/\/turkishtrade.co\/tr\/author\/"},"uagb_comment_info":0,"uagb_excerpt":"Premium faux leather exterior for durability and sleek appeal. Comfortable fabric interior ensures all-day wearability. Modern sports design with a robust chunky sole. Available in a wide range of men's sizes: 40, 41, 42, 43, 44, 45. Wholesale available with a minimum order of 8 pairs.","_links":{"self":[{"href":"https:\/\/turkishtrade.co\/tr\/wp-json\/wp\/v2\/product\/8440","targetHints":{"allow":["GET"]}}],"collection":[{"href":"https:\/\/turkishtrade.co\/tr\/wp-json\/wp\/v2\/product"}],"about":[{"href":"https:\/\/turkishtrade.co\/tr\/wp-json\/wp\/v2\/types\/product"}],"wp:featuredmedia":[{"embeddable":true,"href":"https:\/\/turkishtrade.co\/tr\/wp-json\/wp\/v2\/media\/6830"}],"wp:attachment":[{"href":"https:\/\/turkishtrade.co\/tr\/wp-json\/wp\/v2\/media?parent=8440"}],"wp:term":[{"taxonomy":"product_brand","embeddable":true,"href":"https:\/\/turkishtrade.co\/tr\/wp-json\/wp\/v2\/product_brand?post=8440"},{"taxonomy":"product_cat","embeddable":true,"href":"https:\/\/turkishtrade.co\/tr\/wp-json\/wp\/v2\/product_cat?post=8440"},{"taxonomy":"product_tag","embeddable":true,"href":"https:\/\/turkishtrade.co\/tr\/wp-json\/wp\/v2\/product_tag?post=8440"}],"curies":[{"name":"wp","href":"https:\/\/api.w.org\/{rel}","templated":true}]}}