{"id":8438,"date":"2026-01-29T14:50:16","date_gmt":"2026-01-29T14:50:16","guid":{"rendered":"https:\/\/turkishtrade.co\/?post_type=product&#038;p=8438"},"modified":"2026-04-09T20:25:22","modified_gmt":"2026-04-09T20:25:22","slug":"mens-black-gold-sports-shoes","status":"publish","type":"product","link":"https:\/\/turkishtrade.co\/tr\/shop\/mens-black-gold-sports-shoes\/","title":{"rendered":"Erkek Siyah Alt\u0131n Spor Ayakkab\u0131 Hakiki | Erkek Siyah Alt\u0131n Suni Deri"},"content":{"rendered":"<p>Ola\u011fan\u00fcst\u00fc \u00fcr\u00fcnlerimizle oyununuzu ve tarz\u0131n\u0131z\u0131 geli\u015ftirin <strong>Erkek Siyah Alt\u0131n Spor Ayakkab\u0131<\/strong>. Hem performansa hem de esteti\u011fe de\u011fer veren modern erkekler i\u00e7in tasarlanan bu ayakkab\u0131lar, sa\u011flam yap\u0131 ve \u015f\u0131k tasar\u0131m\u0131n m\u00fckemmel bir kar\u0131\u015f\u0131m\u0131d\u0131r. \u0130ster spor salonuna gidin, ister ko\u015fuya \u00e7\u0131k\u0131n ya da sadece g\u00fcndelik bir g\u00fcn\u00fcn tad\u0131n\u0131 \u00e7\u0131kar\u0131n, bu \u00e7ok y\u00f6nl\u00fc siyah alt\u0131n spor ayakkab\u0131lar ihtiyac\u0131n\u0131z olan konforu ve deste\u011fi sa\u011flar. Koyu siyah tabana kar\u015f\u0131 \u00e7arp\u0131c\u0131 alt\u0131n vurgular, nereye giderseniz gidin bir a\u00e7\u0131klama yapman\u0131z\u0131 sa\u011flar ve atletik ve g\u00fcndelik giyiminizi ger\u00e7ekten y\u00fckseltir.<\/p>\n<h3>Rakipsiz Konfor ve Birinci S\u0131n\u0131f Malzemeler<\/h3>\n<p>Bizim <strong>Erkek Siyah Alt\u0131n Spor Ayakkab\u0131<\/strong> maksimum dayan\u0131kl\u0131l\u0131k ve konfor sa\u011flamak i\u00e7in y\u00fcksek kaliteli malzemelerin bir kombinasyonu kullan\u0131larak titizlikle \u00fcretilmi\u015ftir. D\u0131\u015f y\u00fczeyi sofistike bir suni deri kaplamaya sahiptir ve g\u00fcnl\u00fck a\u015f\u0131nma ve y\u0131pranmaya dayanabilecek esnek ve \u015f\u0131k bir kabuk sunar. \u0130\u00e7 k\u0131s\u0131mda ise ayaklar\u0131n\u0131z\u0131n rahat etmesini ve iyi havaland\u0131r\u0131lmas\u0131n\u0131 sa\u011flayan, uzun s\u00fcreli aktiviteler s\u0131ras\u0131nda rahats\u0131zl\u0131\u011f\u0131 \u00f6nleyen yumu\u015fak, nefes alabilen kuma\u015f astar bulunur. Bu \u00f6zenli malzeme kombinasyonu, bu siyah alt\u0131n spor ayakkab\u0131lar\u0131 s\u00fcrekli konfor ve uzun \u00f6m\u00fcrl\u00fc kullan\u0131m i\u00e7in ideal bir se\u00e7im haline getirir.<\/p>\n<h3>Performans ve Stil i\u00e7in Tasarland\u0131<\/h3>\n<p>Bunlar <strong>Erkek Siyah Alt\u0131n Spor Ayakkab\u0131<\/strong> sadece iyi g\u00f6r\u00fcn\u00fcmden ibaret de\u011fildir; aktif ya\u015fam tarzlar\u0131 i\u00e7in \u00fcretilmi\u015ftir. Sa\u011flam taban\u0131, \u00e7e\u015fitli spor aktiviteleri veya \u015fehir manzaralar\u0131nda gezinmek i\u00e7in \u00e7ok \u00f6nemli olan m\u00fckemmel kavrama ve denge sa\u011flar. 40\u2018tan 45\u2019e kadar geni\u015f bir AB beden yelpazesinde mevcut olan bu ayakkab\u0131, her ad\u0131mda optimum destek sa\u011flayarak m\u00fckemmel uyumunuzu kolayca bulman\u0131z\u0131 sa\u011flar. Belirgin alt\u0131n rengi \"swoosh benzeri\" vurguya sahip dinamik tasar\u0131m, zaten etkileyici olan bu siyah alt\u0131n spor ayakkab\u0131lara l\u00fcks ve ay\u0131rt edici bir dokunu\u015f katarak onlar\u0131 hem atletik \u00e7abalar hem de moda bilincine sahip k\u0131yafetler i\u00e7in uygun hale getirir. Erkekler i\u00e7in bu vazge\u00e7ilmez siyah alt\u0131n spor ayakkab\u0131larla i\u015flevsellik ve \u00e7a\u011fda\u015f tarz\u0131n m\u00fckemmel birle\u015fimini kucaklay\u0131n.<\/p>\n<h3>\u0130\u015fletmeler i\u00e7in Toptan Sat\u0131\u015f F\u0131rsat\u0131<\/h3>\n<p>Y\u00fcksek kaliteli, modaya uygun ayakkab\u0131lar stoklamak isteyen perakendeciler ve i\u015fletmeler i\u00e7in <strong>Erkek Siyah Alt\u0131n Spor Ayakkab\u0131<\/strong> toptan sat\u0131n al\u0131nabilir. Minimum sipari\u015f miktar\u0131 sadece 8 \u00e7ift oldu\u011fundan, bu pop\u00fcler ve \u015f\u0131k spor ayakkab\u0131lar\u0131 envanterinize eklemek kolayd\u0131r. M\u00fc\u015fterilerinize dayan\u0131kl\u0131l\u0131k, konfor ve trend tasar\u0131m\u0131 bir araya getiren birinci s\u0131n\u0131f ayakkab\u0131lar sunun. Bu siyah alt\u0131n spor ayakkab\u0131lar, geni\u015f bir demografiye hitap eden kan\u0131tlanm\u0131\u015f bir sat\u0131c\u0131d\u0131r. Toptan sat\u0131\u015f se\u00e7eneklerimiz ve bu etkileyici siyah alt\u0131n spor ayakkab\u0131lar\u0131n \u00fcr\u00fcn tekliflerinizi ve m\u00fc\u015fteri memnuniyetinizi nas\u0131l art\u0131rabilece\u011fi hakk\u0131nda daha fazla bilgi edinmek i\u00e7in bug\u00fcn bize ula\u015f\u0131n.<\/p>","protected":false},"excerpt":{"rendered":"<ul>\n<li>Premium Suni Deri D\u0131\u015f Y\u00fczey ve Nefes Alabilen Kuma\u015f \u0130\u00e7 Y\u00fczey<\/li>\n<li>Spor Performans\u0131 ve G\u00fcnl\u00fck Konfor i\u00e7in Tasarland\u0131<\/li>\n<li>AB Bedenlerinde mevcuttur: 40, 41, 42, 43, 44, 45<\/li>\n<li>\u00c7arp\u0131c\u0131 Alt\u0131n Vurgulara Sahip \u015e\u0131k Siyah Tasar\u0131m<\/li>\n<li>Toptan Sat\u0131\u015f Mevcuttur: Minimum Sipari\u015f 8 \u00c7ift<\/li>\n<\/ul>","protected":false},"featured_media":6825,"template":"","meta":{"_acf_changed":false,"_uag_custom_page_level_css":"","site-sidebar-layout":"default","site-content-layout":"","ast-site-content-layout":"default","site-content-style":"default","site-sidebar-style":"default","ast-global-header-display":"","ast-banner-title-visibility":"","ast-main-header-display":"","ast-hfb-above-header-display":"","ast-hfb-below-header-display":"","ast-hfb-mobile-header-display":"","site-post-title":"","ast-breadcrumbs-content":"","ast-featured-img":"","footer-sml-layout":"","ast-disable-related-posts":"","theme-transparent-header-meta":"","adv-header-id-meta":"","stick-header-meta":"","header-above-stick-meta":"","header-main-stick-meta":"","header-below-stick-meta":"","astra-migrate-meta-layouts":"default","ast-page-background-enabled":"default","ast-page-background-meta":{"desktop":{"background-color":"var(--ast-global-color-4)","background-image":"","background-repeat":"repeat","background-position":"center center","background-size":"auto","background-attachment":"scroll","background-type":"","background-media":"","overlay-type":"","overlay-color":"","overlay-opacity":"","overlay-gradient":""},"tablet":{"background-color":"","background-image":"","background-repeat":"repeat","background-position":"center center","background-size":"auto","background-attachment":"scroll","background-type":"","background-media":"","overlay-type":"","overlay-color":"","overlay-opacity":"","overlay-gradient":""},"mobile":{"background-color":"","background-image":"","background-repeat":"repeat","background-position":"center center","background-size":"auto","background-attachment":"scroll","background-type":"","background-media":"","overlay-type":"","overlay-color":"","overlay-opacity":"","overlay-gradient":""}},"ast-content-background-meta":{"desktop":{"background-color":"var(--ast-global-color-5)","background-image":"","background-repeat":"repeat","background-position":"center center","background-size":"auto","background-attachment":"scroll","background-type":"","background-media":"","overlay-type":"","overlay-color":"","overlay-opacity":"","overlay-gradient":""},"tablet":{"background-color":"var(--ast-global-color-5)","background-image":"","background-repeat":"repeat","background-position":"center center","background-size":"auto","background-attachment":"scroll","background-type":"","background-media":"","overlay-type":"","overlay-color":"","overlay-opacity":"","overlay-gradient":""},"mobile":{"background-color":"var(--ast-global-color-5)","background-image":"","background-repeat":"repeat","background-position":"center center","background-size":"auto","background-attachment":"scroll","background-type":"","background-media":"","overlay-type":"","overlay-color":"","overlay-opacity":"","overlay-gradient":""}}},"product_brand":[],"product_cat":[430,1200,51],"product_tag":[1475,1120,272,1474,333,1446,928,1445,281],"class_list":{"0":"post-8438","1":"product","2":"type-product","3":"status-publish","4":"has-post-thumbnail","6":"product_cat-men","7":"product_cat-mens-shoes-2","8":"product_cat-sports","9":"product_tag-athletic-footwear","10":"product_tag-black-sneakers","11":"product_tag-comfort-shoes","12":"product_tag-durable-sneakers","13":"product_tag-fashion-sneakers","14":"product_tag-faux-leather-shoes","15":"product_tag-gold-accent-shoes","16":"product_tag-mens-sports-shoes","17":"product_tag-wholesale-shoes","18":"desktop-align-center","19":"tablet-align-center","20":"mobile-align-center","22":"first","23":"instock","24":"shipping-taxable","25":"purchasable","26":"product-type-variable","27":"has-default-attributes"},"acf":[],"uagb_featured_image_src":{"full":["https:\/\/turkishtrade.co\/wp-content\/uploads\/2026\/01\/2600OYNMN00019-BLACK-BEIGE.png",453,250,false],"thumbnail":["https:\/\/turkishtrade.co\/wp-content\/uploads\/2026\/01\/2600OYNMN00019-BLACK-BEIGE-150x150.png",150,150,true],"medium":["https:\/\/turkishtrade.co\/wp-content\/uploads\/2026\/01\/2600OYNMN00019-BLACK-BEIGE-300x166.png",300,166,true],"medium_large":["https:\/\/turkishtrade.co\/wp-content\/uploads\/2026\/01\/2600OYNMN00019-BLACK-BEIGE.png",453,250,false],"large":["https:\/\/turkishtrade.co\/wp-content\/uploads\/2026\/01\/2600OYNMN00019-BLACK-BEIGE.png",453,250,false],"1536x1536":["https:\/\/turkishtrade.co\/wp-content\/uploads\/2026\/01\/2600OYNMN00019-BLACK-BEIGE.png",453,250,false],"2048x2048":["https:\/\/turkishtrade.co\/wp-content\/uploads\/2026\/01\/2600OYNMN00019-BLACK-BEIGE.png",453,250,false],"trp-custom-language-flag":["https:\/\/turkishtrade.co\/wp-content\/uploads\/2026\/01\/2600OYNMN00019-BLACK-BEIGE-18x10.png",18,10,true],"woocommerce_thumbnail":["https:\/\/turkishtrade.co\/wp-content\/uploads\/2026\/01\/2600OYNMN00019-BLACK-BEIGE-400x250.png",400,250,true],"woocommerce_single":["https:\/\/turkishtrade.co\/wp-content\/uploads\/2026\/01\/2600OYNMN00019-BLACK-BEIGE.png",453,250,false],"woocommerce_gallery_thumbnail":["https:\/\/turkishtrade.co\/wp-content\/uploads\/2026\/01\/2600OYNMN00019-BLACK-BEIGE-100x100.png",100,100,true]},"uagb_author_info":{"display_name":"python python","author_link":"https:\/\/turkishtrade.co\/tr\/author\/"},"uagb_comment_info":0,"uagb_excerpt":"Premium Faux Leather Exterior &amp; Breathable Fabric Interior Designed for Sports Performance &amp; Everyday Comfort Available in EU Sizes: 40, 41, 42, 43, 44, 45 Stylish Black Design with Striking Gold Accents Wholesale Availability: Minimum Order 8 Pairs","_links":{"self":[{"href":"https:\/\/turkishtrade.co\/tr\/wp-json\/wp\/v2\/product\/8438","targetHints":{"allow":["GET"]}}],"collection":[{"href":"https:\/\/turkishtrade.co\/tr\/wp-json\/wp\/v2\/product"}],"about":[{"href":"https:\/\/turkishtrade.co\/tr\/wp-json\/wp\/v2\/types\/product"}],"wp:featuredmedia":[{"embeddable":true,"href":"https:\/\/turkishtrade.co\/tr\/wp-json\/wp\/v2\/media\/6825"}],"wp:attachment":[{"href":"https:\/\/turkishtrade.co\/tr\/wp-json\/wp\/v2\/media?parent=8438"}],"wp:term":[{"taxonomy":"product_brand","embeddable":true,"href":"https:\/\/turkishtrade.co\/tr\/wp-json\/wp\/v2\/product_brand?post=8438"},{"taxonomy":"product_cat","embeddable":true,"href":"https:\/\/turkishtrade.co\/tr\/wp-json\/wp\/v2\/product_cat?post=8438"},{"taxonomy":"product_tag","embeddable":true,"href":"https:\/\/turkishtrade.co\/tr\/wp-json\/wp\/v2\/product_tag?post=8438"}],"curies":[{"name":"wp","href":"https:\/\/api.w.org\/{rel}","templated":true}]}}