{"id":8436,"date":"2026-01-29T14:50:16","date_gmt":"2026-01-29T14:50:16","guid":{"rendered":"https:\/\/turkishtrade.co\/?post_type=product&#038;p=8436"},"modified":"2026-04-09T20:25:41","modified_gmt":"2026-04-09T20:25:41","slug":"mens-faux-leather-sports-shoes-2","status":"publish","type":"product","link":"https:\/\/turkishtrade.co\/tr\/shop\/mens-faux-leather-sports-shoes-2\/","title":{"rendered":"Erkek Suni Deri Spor Ayakkab\u0131 Kuma\u015f Astarl\u0131 \u0130nan\u0131lmaz |"},"content":{"rendered":"<p>Ayakkab\u0131 koleksiyonunuzu birinci s\u0131n\u0131f \u00fcr\u00fcnlerimizle geli\u015ftirin <b>Erkek Suni Deri Spor Ayakkab\u0131<\/b>, hem performans hem de g\u00fcnl\u00fck stil i\u00e7in tasarlanm\u0131\u015ft\u0131r. Sofistike esteti\u011fi sa\u011flam i\u015flevsellikle kusursuz bir \u015fekilde harmanlayan bu ola\u011fan\u00fcst\u00fc ayakkab\u0131lar, modern erke\u011fin olmazsa olmaz\u0131d\u0131r. \u0130ster spor salonuna gidin, ister tempolu bir y\u00fcr\u00fcy\u00fc\u015fe \u00e7\u0131k\u0131n ya da sadece rahat ama \u015f\u0131k bir g\u00fcndelik k\u0131yafet ar\u0131yor olun, bu <b>Erkek Suni Deri Spor Ayakkab\u0131<\/b> beklentileri a\u015fmak \u00fczere tasarlanm\u0131\u015ft\u0131r.<\/p>\n<p>Dayan\u0131kl\u0131 suni deri d\u0131\u015f y\u00fczeyle \u00fcretilen bu spor ayakkab\u0131, a\u015f\u0131nma ve y\u0131pranmaya kar\u015f\u0131 m\u00fckemmel diren\u00e7 sunarak stilden \u00f6d\u00fcn vermeden uzun \u00f6m\u00fcrl\u00fcl\u00fck sa\u011flar. \u015e\u0131k d\u0131\u015f malzeme g\u00f6steri\u015fli bir g\u00f6r\u00fcn\u00fcm sa\u011flarken, yenilik\u00e7i i\u00e7 kuma\u015f astar maksimum nefes alabilirlik ve konfor sa\u011flar. Ayaklar\u0131n\u0131z uzun s\u00fcreli aktiviteler s\u0131ras\u0131nda bile serin ve destekli kalacakt\u0131r. M\u00fckemmel uyumun \u00f6nemini anl\u0131yoruz, bu nedenle bu <b>Erkek Suni Deri Spor Ayakkab\u0131<\/b> 40'tan 45'e kadar kapsaml\u0131 bir Avrupa beden yelpazesinde mevcuttur. Bu geni\u015f se\u00e7enek, her m\u00fc\u015fterinin ideal bedenini bulabilmesini garanti ederek \u00fcst\u00fcn konfor ve optimum performans sa\u011flar.<\/p>\n<h3>E\u015fsiz Konfor ve \u00c7ok Y\u00f6nl\u00fcl\u00fck<\/h3>\n<p>Bu spor ayakkab\u0131lar\u0131n \u00f6zenli tasar\u0131m\u0131 sadece malzemelerin \u00f6tesine ge\u00e7er. Sa\u011flam, dokulu taban, \u00e7e\u015fitli y\u00fczeylerde ola\u011fan\u00fcst\u00fc kavrama ve denge sa\u011flayarak her ad\u0131mda g\u00fcven sunar. \u0130nce vurgulara ve g\u00fcvenli ba\u011fc\u0131kl\u0131 kapamaya sahip \u00e7a\u011fda\u015f tasar\u0131m, bu ayakkab\u0131lar\u0131 inan\u0131lmaz derecede \u00e7ok y\u00f6nl\u00fc hale getirir. Antrenmanlar\u0131n\u0131z i\u00e7in atletik k\u0131yafetlerle e\u015fle\u015ftirin ya da \u015f\u0131k ve g\u00fcndelik bir kombin i\u00e7in kot pantolonla giydirin. Bunlar sadece bir ayakkab\u0131 de\u011fil; dinamik ya\u015fam tarz\u0131n\u0131za uyum sa\u011flayan konfor ve stile yap\u0131lan bir yat\u0131r\u0131md\u0131r.<\/p>\n<h3>Toptan Sat\u0131\u015f F\u0131rsat\u0131<\/h3>\n<p>Y\u00fcksek kaliteli ayakkab\u0131 stoklamak isteyen perakendeciler ve i\u015fletmeler i\u00e7in <b>Erkek Suni Deri Spor Ayakkab\u0131<\/b> toptan sat\u0131n al\u0131nabilir. Minimum sipari\u015f miktar\u0131 sadece 8 \u00e7ift oldu\u011fundan, bu pop\u00fcler ve dayan\u0131kl\u0131 ayakkab\u0131lar\u0131 envanterinize eklemek her zamankinden daha kolay. M\u00fc\u015fterilerinize piyasada \u00f6ne \u00e7\u0131kan g\u00fcvenilir, \u015f\u0131k ve rahat bir se\u00e7enek sunun. Toplu fiyatland\u0131rma hakk\u0131nda g\u00f6r\u00fc\u015fmek ve \u00fcr\u00fcn tekliflerinizi bu ola\u011fan\u00fcst\u00fc spor ayakkab\u0131larla y\u00fckseltmek i\u00e7in bug\u00fcn bize ula\u015f\u0131n.<\/p>","protected":false},"excerpt":{"rendered":"<ul>\n<li>Dayan\u0131kl\u0131 suni deri d\u0131\u015f y\u00fczey ve konforlu kuma\u015f i\u00e7 y\u00fczey.<\/li>\n<li>M\u00fckemmel uyum i\u00e7in 40, 41, 42, 43, 44, 45 bedenleri mevcuttur.<\/li>\n<li>Spor ve g\u00fcnl\u00fck kullan\u0131m i\u00e7in ideal, \u015f\u0131k ve \u00e7ok y\u00f6nl\u00fc tasar\u0131m.<\/li>\n<li>Toptan sat\u0131\u015f mevcuttur: Minimum 8 \u00e7ift sipari\u015f.<\/li>\n<\/ul>","protected":false},"featured_media":6822,"template":"","meta":{"_acf_changed":false,"_uag_custom_page_level_css":"","site-sidebar-layout":"default","site-content-layout":"","ast-site-content-layout":"default","site-content-style":"default","site-sidebar-style":"default","ast-global-header-display":"","ast-banner-title-visibility":"","ast-main-header-display":"","ast-hfb-above-header-display":"","ast-hfb-below-header-display":"","ast-hfb-mobile-header-display":"","site-post-title":"","ast-breadcrumbs-content":"","ast-featured-img":"","footer-sml-layout":"","ast-disable-related-posts":"","theme-transparent-header-meta":"","adv-header-id-meta":"","stick-header-meta":"","header-above-stick-meta":"","header-main-stick-meta":"","header-below-stick-meta":"","astra-migrate-meta-layouts":"default","ast-page-background-enabled":"default","ast-page-background-meta":{"desktop":{"background-color":"var(--ast-global-color-4)","background-image":"","background-repeat":"repeat","background-position":"center center","background-size":"auto","background-attachment":"scroll","background-type":"","background-media":"","overlay-type":"","overlay-color":"","overlay-opacity":"","overlay-gradient":""},"tablet":{"background-color":"","background-image":"","background-repeat":"repeat","background-position":"center center","background-size":"auto","background-attachment":"scroll","background-type":"","background-media":"","overlay-type":"","overlay-color":"","overlay-opacity":"","overlay-gradient":""},"mobile":{"background-color":"","background-image":"","background-repeat":"repeat","background-position":"center center","background-size":"auto","background-attachment":"scroll","background-type":"","background-media":"","overlay-type":"","overlay-color":"","overlay-opacity":"","overlay-gradient":""}},"ast-content-background-meta":{"desktop":{"background-color":"var(--ast-global-color-5)","background-image":"","background-repeat":"repeat","background-position":"center center","background-size":"auto","background-attachment":"scroll","background-type":"","background-media":"","overlay-type":"","overlay-color":"","overlay-opacity":"","overlay-gradient":""},"tablet":{"background-color":"var(--ast-global-color-5)","background-image":"","background-repeat":"repeat","background-position":"center center","background-size":"auto","background-attachment":"scroll","background-type":"","background-media":"","overlay-type":"","overlay-color":"","overlay-opacity":"","overlay-gradient":""},"mobile":{"background-color":"var(--ast-global-color-5)","background-image":"","background-repeat":"repeat","background-position":"center center","background-size":"auto","background-attachment":"scroll","background-type":"","background-media":"","overlay-type":"","overlay-color":"","overlay-opacity":"","overlay-gradient":""}}},"product_brand":[],"product_cat":[430,1200,51],"product_tag":[1469,216,272,982,1499,1446,969,1445,1450,281],"class_list":{"0":"post-8436","1":"product","2":"type-product","3":"status-publish","4":"has-post-thumbnail","6":"product_cat-men","7":"product_cat-mens-shoes-2","8":"product_cat-sports","9":"product_tag-athletic-trainers","10":"product_tag-casual-sneakers","11":"product_tag-comfort-shoes","12":"product_tag-durable-footwear","13":"product_tag-fabric-lined-shoes","14":"product_tag-faux-leather-shoes","15":"product_tag-mens-fashion-shoes","16":"product_tag-mens-sports-shoes","17":"product_tag-size-40-45-shoes","18":"product_tag-wholesale-shoes","19":"desktop-align-center","20":"tablet-align-center","21":"mobile-align-center","23":"first","24":"instock","25":"shipping-taxable","26":"purchasable","27":"product-type-variable","28":"has-default-attributes"},"acf":[],"uagb_featured_image_src":{"full":["https:\/\/turkishtrade.co\/wp-content\/uploads\/2026\/01\/2600OYNMN00017-BLACK.png",453,250,false],"thumbnail":["https:\/\/turkishtrade.co\/wp-content\/uploads\/2026\/01\/2600OYNMN00017-BLACK-150x150.png",150,150,true],"medium":["https:\/\/turkishtrade.co\/wp-content\/uploads\/2026\/01\/2600OYNMN00017-BLACK-300x166.png",300,166,true],"medium_large":["https:\/\/turkishtrade.co\/wp-content\/uploads\/2026\/01\/2600OYNMN00017-BLACK.png",453,250,false],"large":["https:\/\/turkishtrade.co\/wp-content\/uploads\/2026\/01\/2600OYNMN00017-BLACK.png",453,250,false],"1536x1536":["https:\/\/turkishtrade.co\/wp-content\/uploads\/2026\/01\/2600OYNMN00017-BLACK.png",453,250,false],"2048x2048":["https:\/\/turkishtrade.co\/wp-content\/uploads\/2026\/01\/2600OYNMN00017-BLACK.png",453,250,false],"trp-custom-language-flag":["https:\/\/turkishtrade.co\/wp-content\/uploads\/2026\/01\/2600OYNMN00017-BLACK-18x10.png",18,10,true],"woocommerce_thumbnail":["https:\/\/turkishtrade.co\/wp-content\/uploads\/2026\/01\/2600OYNMN00017-BLACK-400x250.png",400,250,true],"woocommerce_single":["https:\/\/turkishtrade.co\/wp-content\/uploads\/2026\/01\/2600OYNMN00017-BLACK.png",453,250,false],"woocommerce_gallery_thumbnail":["https:\/\/turkishtrade.co\/wp-content\/uploads\/2026\/01\/2600OYNMN00017-BLACK-100x100.png",100,100,true]},"uagb_author_info":{"display_name":"python python","author_link":"https:\/\/turkishtrade.co\/tr\/author\/"},"uagb_comment_info":0,"uagb_excerpt":"Durable faux leather exterior with comfortable fabric interior. Available in sizes 40, 41, 42, 43, 44, 45 for a perfect fit. Stylish, versatile design ideal for sports and everyday wear. Wholesale availability: Minimum order of 8 pairs.","_links":{"self":[{"href":"https:\/\/turkishtrade.co\/tr\/wp-json\/wp\/v2\/product\/8436","targetHints":{"allow":["GET"]}}],"collection":[{"href":"https:\/\/turkishtrade.co\/tr\/wp-json\/wp\/v2\/product"}],"about":[{"href":"https:\/\/turkishtrade.co\/tr\/wp-json\/wp\/v2\/types\/product"}],"wp:featuredmedia":[{"embeddable":true,"href":"https:\/\/turkishtrade.co\/tr\/wp-json\/wp\/v2\/media\/6822"}],"wp:attachment":[{"href":"https:\/\/turkishtrade.co\/tr\/wp-json\/wp\/v2\/media?parent=8436"}],"wp:term":[{"taxonomy":"product_brand","embeddable":true,"href":"https:\/\/turkishtrade.co\/tr\/wp-json\/wp\/v2\/product_brand?post=8436"},{"taxonomy":"product_cat","embeddable":true,"href":"https:\/\/turkishtrade.co\/tr\/wp-json\/wp\/v2\/product_cat?post=8436"},{"taxonomy":"product_tag","embeddable":true,"href":"https:\/\/turkishtrade.co\/tr\/wp-json\/wp\/v2\/product_tag?post=8436"}],"curies":[{"name":"wp","href":"https:\/\/api.w.org\/{rel}","templated":true}]}}