{"id":8409,"date":"2026-01-29T14:50:06","date_gmt":"2026-01-29T14:50:06","guid":{"rendered":"https:\/\/turkishtrade.co\/?post_type=product&#038;p=8409"},"modified":"2026-04-09T20:26:30","modified_gmt":"2026-04-09T20:26:30","slug":"mens-faux-leather-sports-shoes","status":"publish","type":"product","link":"https:\/\/turkishtrade.co\/tr\/shop\/mens-faux-leather-sports-shoes\/","title":{"rendered":"Erkek Suni Deri Spor Ayakkab\u0131 Premium | Erkek Siyah &amp; Gri Suni"},"content":{"rendered":"<p><strong>Erkek Suni Deri Spor Ayakkab\u0131<\/strong>. \u00dcst\u00fcn kalite ve tasar\u0131m.<\/p>\n<p>\u00dcst\u00fcn kaliteli \u00fcr\u00fcnlerimizle benzersiz stil ve konfora ad\u0131m at\u0131n <b>Erkek Suni Deri Spor Ayakkab\u0131<\/b>. Modern erkekler i\u00e7in tasarlanan bu sofistike siyah ve gri spor ayakkab\u0131lar, son teknoloji atletik i\u015flevselli\u011fi \u015fehir modas\u0131yla kusursuz bir \u015fekilde harmanl\u0131yor. \u0130ster spor salonuna gidin, ister tempolu bir y\u00fcr\u00fcy\u00fc\u015fe \u00e7\u0131k\u0131n ya da sadece g\u00fcndelik bir g\u00fcn\u00fcn tad\u0131n\u0131 \u00e7\u0131kar\u0131n, bu <b>erkek suni\u0307 deri\u0307 spor ayakkabi<\/b> hem destek hem de keskin bir estetik sa\u011flayan ideal arkada\u015f\u0131n\u0131zd\u0131r.<\/p>\n<h3>Ola\u011fan\u00fcst\u00fc Tasar\u0131m ve Rakipsiz Konfor<\/h3>\n<p>Y\u00fcksek kaliteli suni deri d\u0131\u015f y\u00fczey ile \u00fcretilen bu <b>erkek suni\u0307 deri\u0307 spor ayakkabi<\/b> m\u00fckemmel dayan\u0131kl\u0131l\u0131k ve a\u015f\u0131nma ve y\u0131pranmaya kar\u015f\u0131 diren\u00e7li \u015f\u0131k, cilal\u0131 bir y\u00fczey sunar. Dinamik siyah ve gri renkleri \u00e7ok y\u00f6nl\u00fc bir g\u00f6r\u00fcn\u00fcm sa\u011flar ve atletik giyimden \u015f\u0131k g\u00fcndelik k\u0131yafetlere kadar \u00e7ok \u00e7e\u015fitli k\u0131yafetlerle kolayca e\u015fle\u015fir. Ancak tek g\u00fc\u00e7l\u00fc y\u00f6n\u00fc stil de\u011fildir; i\u00e7 k\u0131s\u0131m, g\u00fcn boyunca maksimum konfor ve havaland\u0131rma sa\u011flayan yumu\u015fak, nefes alabilen bir kuma\u015f astara sahiptir. Rahats\u0131zl\u0131\u011fa veda edin ve ayaklar\u0131n\u0131z\u0131 ger\u00e7ekten \u00f6nemseyen bir ayakkab\u0131ya merhaba deyin.<\/p>\n<p>Bizim <b>Erkek Suni Deri Spor Ayakkab\u0131<\/b> performans ve uzun \u00f6m\u00fcrl\u00fcl\u00fck i\u00e7in tasarlanm\u0131\u015ft\u0131r. Sa\u011flam yap\u0131s\u0131, \u00e7e\u015fitli y\u00fczeylerde denge ve tutu\u015f sa\u011flayan m\u00fckemmel kavrama \u00f6zelli\u011fine sahip sa\u011flam bir taban i\u00e7erir. Bu sayede hafif spor aktiviteleri i\u00e7in m\u00fckemmeldir ve esneklikten \u00f6d\u00fcn vermeden ihtiyac\u0131n\u0131z olan yast\u0131klama ve deste\u011fi sa\u011flar. Duyarl\u0131 ba\u011fc\u0131k ve yast\u0131kl\u0131 yaka gibi \u00f6zenli tasar\u0131m detaylar\u0131, aya\u011f\u0131n\u0131z\u0131n do\u011fal hareketlerine uyum sa\u011flayan genel bir rahatl\u0131k ve destekleyici uyuma katk\u0131da bulunur. 40'tan 45'e kadar kapsaml\u0131 bir erkek beden yelpazesinde mevcut oldu\u011fundan, m\u00fckemmel uyumunuzu bulmak hi\u00e7 bu kadar kolay olmam\u0131\u015ft\u0131.<\/p>\n<h3>Her Ya\u015fam Tarz\u0131na Uygun \u00c7ok Y\u00f6nl\u00fcl\u00fck<\/h3>\n<p>Bu \u00e7ok y\u00f6nl\u00fc <b>erkek suni\u0307 deri\u0307 spor ayakkabi<\/b> sadece atletik u\u011fra\u015flar i\u00e7in de\u011fildir. \u00c7a\u011fda\u015f tasar\u0131mlar\u0131 sayesinde g\u00fcnl\u00fck kullan\u0131m i\u00e7in m\u00fckemmel bir se\u00e7imdir ve g\u00fcndelik gard\u0131robunuz i\u00e7in \u015f\u0131k bir y\u00fckseltme sa\u011flar. Bu rahat spor ayakkab\u0131lar\u0131 en sevdi\u011finiz kot pantolonlar, joggerlar ve hatta \u015fortlarla e\u015fle\u015ftirerek zahmetsizce haval\u0131 ve her zaman bir arada bir g\u00f6r\u00fcn\u00fcm elde etti\u011finizi hayal edin. Y\u00fcksek talep g\u00f6ren, kaliteli ayakkab\u0131lar stoklamak isteyen i\u015fletmeler i\u00e7in bu <b>erkek suni\u0307 deri\u0307 spor ayakkabi<\/b> minimum 8 \u00e7ift sipari\u015fle toptan sat\u0131n al\u0131nabilir ve m\u00fc\u015fterilerinize birinci s\u0131n\u0131f \u00fcr\u00fcn sunmak i\u00e7in harika bir f\u0131rsat sunar.<\/p>\n<p>Moda, i\u015flev ve kal\u0131c\u0131 kalitenin m\u00fckemmel kar\u0131\u015f\u0131m\u0131n\u0131 sunan ayakkab\u0131lara yat\u0131r\u0131m yap\u0131n. Bizimkileri se\u00e7in <b>Erkek Suni Deri Spor Ayakkab\u0131<\/b> ve \u00fcst\u00fcn tasar\u0131m ve malzemelerin yaratt\u0131\u011f\u0131 fark\u0131 deneyimleyin. Uzun \u00f6m\u00fcrl\u00fc ve etkilemek i\u00e7in tasarlanm\u0131\u015f bir \u00e7ift ile ayakkab\u0131 koleksiyonunuzu bug\u00fcn y\u00fckseltin.<\/p>","protected":false},"excerpt":{"rendered":"<ul>\n<li>Dayan\u0131kl\u0131l\u0131k ve \u015f\u0131k stil i\u00e7in birinci s\u0131n\u0131f suni deri d\u0131\u015f y\u00fczey.<\/li>\n<li>Rahat kuma\u015f astar, g\u00fcn boyu kullan\u0131m i\u00e7in nefes alabilirlik sa\u011flar.<\/li>\n<li>Sa\u011flam spor tasar\u0131m\u0131 \u00e7e\u015fitli aktiviteler ve g\u00fcnl\u00fck kullan\u0131m i\u00e7in idealdir.<\/li>\n<li>Pop\u00fcler bedenlerde mevcuttur: 40, 41, 42, 43, 44, 45.<\/li>\n<li>Minimum 8 \u00e7ift sipari\u015f ile toptan sat\u0131\u015f mevcuttur.<\/li>\n<\/ul>","protected":false},"featured_media":6802,"template":"","meta":{"_acf_changed":false,"_uag_custom_page_level_css":"","site-sidebar-layout":"default","site-content-layout":"","ast-site-content-layout":"default","site-content-style":"default","site-sidebar-style":"default","ast-global-header-display":"","ast-banner-title-visibility":"","ast-main-header-display":"","ast-hfb-above-header-display":"","ast-hfb-below-header-display":"","ast-hfb-mobile-header-display":"","site-post-title":"","ast-breadcrumbs-content":"","ast-featured-img":"","footer-sml-layout":"","ast-disable-related-posts":"","theme-transparent-header-meta":"","adv-header-id-meta":"","stick-header-meta":"","header-above-stick-meta":"","header-main-stick-meta":"","header-below-stick-meta":"","astra-migrate-meta-layouts":"default","ast-page-background-enabled":"default","ast-page-background-meta":{"desktop":{"background-color":"var(--ast-global-color-4)","background-image":"","background-repeat":"repeat","background-position":"center center","background-size":"auto","background-attachment":"scroll","background-type":"","background-media":"","overlay-type":"","overlay-color":"","overlay-opacity":"","overlay-gradient":""},"tablet":{"background-color":"","background-image":"","background-repeat":"repeat","background-position":"center center","background-size":"auto","background-attachment":"scroll","background-type":"","background-media":"","overlay-type":"","overlay-color":"","overlay-opacity":"","overlay-gradient":""},"mobile":{"background-color":"","background-image":"","background-repeat":"repeat","background-position":"center center","background-size":"auto","background-attachment":"scroll","background-type":"","background-media":"","overlay-type":"","overlay-color":"","overlay-opacity":"","overlay-gradient":""}},"ast-content-background-meta":{"desktop":{"background-color":"var(--ast-global-color-5)","background-image":"","background-repeat":"repeat","background-position":"center center","background-size":"auto","background-attachment":"scroll","background-type":"","background-media":"","overlay-type":"","overlay-color":"","overlay-opacity":"","overlay-gradient":""},"tablet":{"background-color":"var(--ast-global-color-5)","background-image":"","background-repeat":"repeat","background-position":"center center","background-size":"auto","background-attachment":"scroll","background-type":"","background-media":"","overlay-type":"","overlay-color":"","overlay-opacity":"","overlay-gradient":""},"mobile":{"background-color":"var(--ast-global-color-5)","background-image":"","background-repeat":"repeat","background-position":"center center","background-size":"auto","background-attachment":"scroll","background-type":"","background-media":"","overlay-type":"","overlay-color":"","overlay-opacity":"","overlay-gradient":""}}},"product_brand":[],"product_cat":[430,1200,51],"product_tag":[1463,1498,1449,1474,1499,1462,1497,1445,281],"class_list":{"0":"post-8409","1":"product","2":"type-product","3":"status-publish","4":"has-post-thumbnail","6":"product_cat-men","7":"product_cat-mens-shoes-2","8":"product_cat-sports","9":"product_tag-athletic-shoes","10":"product_tag-black-grey-shoes","11":"product_tag-comfortable-sports-shoes","12":"product_tag-durable-sneakers","13":"product_tag-fabric-lined-shoes","14":"product_tag-faux-leather-sneakers","15":"product_tag-mens-faux-leather-sports-shoes","16":"product_tag-mens-sports-shoes","17":"product_tag-wholesale-shoes","18":"desktop-align-center","19":"tablet-align-center","20":"mobile-align-center","22":"first","23":"instock","24":"shipping-taxable","25":"purchasable","26":"product-type-variable","27":"has-default-attributes"},"acf":[],"uagb_featured_image_src":{"full":["https:\/\/turkishtrade.co\/wp-content\/uploads\/2026\/01\/2600OYNMN00013-BLACK.png",453,250,false],"thumbnail":["https:\/\/turkishtrade.co\/wp-content\/uploads\/2026\/01\/2600OYNMN00013-BLACK-150x150.png",150,150,true],"medium":["https:\/\/turkishtrade.co\/wp-content\/uploads\/2026\/01\/2600OYNMN00013-BLACK-300x166.png",300,166,true],"medium_large":["https:\/\/turkishtrade.co\/wp-content\/uploads\/2026\/01\/2600OYNMN00013-BLACK.png",453,250,false],"large":["https:\/\/turkishtrade.co\/wp-content\/uploads\/2026\/01\/2600OYNMN00013-BLACK.png",453,250,false],"1536x1536":["https:\/\/turkishtrade.co\/wp-content\/uploads\/2026\/01\/2600OYNMN00013-BLACK.png",453,250,false],"2048x2048":["https:\/\/turkishtrade.co\/wp-content\/uploads\/2026\/01\/2600OYNMN00013-BLACK.png",453,250,false],"trp-custom-language-flag":["https:\/\/turkishtrade.co\/wp-content\/uploads\/2026\/01\/2600OYNMN00013-BLACK-18x10.png",18,10,true],"woocommerce_thumbnail":["https:\/\/turkishtrade.co\/wp-content\/uploads\/2026\/01\/2600OYNMN00013-BLACK-400x250.png",400,250,true],"woocommerce_single":["https:\/\/turkishtrade.co\/wp-content\/uploads\/2026\/01\/2600OYNMN00013-BLACK.png",453,250,false],"woocommerce_gallery_thumbnail":["https:\/\/turkishtrade.co\/wp-content\/uploads\/2026\/01\/2600OYNMN00013-BLACK-100x100.png",100,100,true]},"uagb_author_info":{"display_name":"python python","author_link":"https:\/\/turkishtrade.co\/tr\/author\/"},"uagb_comment_info":0,"uagb_excerpt":"Premium faux leather exterior for durability and sleek style. Comfortable fabric lining ensures breathability for all-day wear. Robust sports design ideal for various activities and daily use. Available in popular sizes: 40, 41, 42, 43, 44, 45. Wholesale available with a minimum order of 8 pairs.","_links":{"self":[{"href":"https:\/\/turkishtrade.co\/tr\/wp-json\/wp\/v2\/product\/8409","targetHints":{"allow":["GET"]}}],"collection":[{"href":"https:\/\/turkishtrade.co\/tr\/wp-json\/wp\/v2\/product"}],"about":[{"href":"https:\/\/turkishtrade.co\/tr\/wp-json\/wp\/v2\/types\/product"}],"wp:featuredmedia":[{"embeddable":true,"href":"https:\/\/turkishtrade.co\/tr\/wp-json\/wp\/v2\/media\/6802"}],"wp:attachment":[{"href":"https:\/\/turkishtrade.co\/tr\/wp-json\/wp\/v2\/media?parent=8409"}],"wp:term":[{"taxonomy":"product_brand","embeddable":true,"href":"https:\/\/turkishtrade.co\/tr\/wp-json\/wp\/v2\/product_brand?post=8409"},{"taxonomy":"product_cat","embeddable":true,"href":"https:\/\/turkishtrade.co\/tr\/wp-json\/wp\/v2\/product_cat?post=8409"},{"taxonomy":"product_tag","embeddable":true,"href":"https:\/\/turkishtrade.co\/tr\/wp-json\/wp\/v2\/product_tag?post=8409"}],"curies":[{"name":"wp","href":"https:\/\/api.w.org\/{rel}","templated":true}]}}