{"id":8408,"date":"2026-01-29T14:50:06","date_gmt":"2026-01-29T14:50:06","guid":{"rendered":"https:\/\/turkishtrade.co\/?post_type=product&#038;p=8408"},"modified":"2026-04-09T20:26:40","modified_gmt":"2026-04-09T20:26:40","slug":"mens-black-faux-leather-sports-shoes-2","status":"publish","type":"product","link":"https:\/\/turkishtrade.co\/tr\/shop\/mens-black-faux-leather-sports-shoes-2\/","title":{"rendered":"Gri Tabanl\u0131 Erkek Siyah Suni Deri Spor Ayakkab\u0131 Proven |"},"content":{"rendered":"<p>Birinci s\u0131n\u0131f \u00fcr\u00fcnlerimizle konfora ve stile ad\u0131m at\u0131n <strong>Erkek Siyah Suni Deri Spor Ayakkab\u0131<\/strong>. Hem esteti\u011fe hem de performansa de\u011fer veren modern erkekler i\u00e7in tasarlanan bu \u00e7ok y\u00f6nl\u00fc ayakkab\u0131lar, g\u00fcnl\u00fck i\u015flerden hafif sporlara kadar \u00e7ok \u00e7e\u015fitli aktiviteler i\u00e7in m\u00fckemmeldir. Bu ayakkab\u0131lar\u0131n \u015f\u0131k siyah d\u0131\u015f y\u00fczeyi <strong>Erkek Siyah Suni Deri Spor Ayakkab\u0131<\/strong> y\u00fcksek kaliteli suni deriden \u00fcretilmi\u015ftir, dayan\u0131kl\u0131l\u0131k ve kolay bak\u0131m sa\u011flarken sofistike bir g\u00f6r\u00fcn\u00fcm sunar.<\/p>\n<p>\u0130\u00e7 k\u0131s\u0131mda, g\u00fcn boyunca maksimum konfor sa\u011flayan yumu\u015fak, nefes alabilen bir kuma\u015f astar bulacaks\u0131n\u0131z. Bu \u00f6zenli malzeme kombinasyonu, bu ayakkab\u0131lar\u0131 <strong>Erkek Siyah Suni Deri Spor Ayakkab\u0131<\/strong> uzun s\u00fcreli kullan\u0131m i\u00e7in idealdir, ayaklar\u0131n\u0131z\u0131n ferah hissetmesini ve desteklenmesini sa\u011flar. \u00c7arp\u0131c\u0131 gri taban, genel tasar\u0131ma \u00e7a\u011fda\u015f bir dokunu\u015f katmakla kalmaz, ayn\u0131 zamanda m\u00fckemmel tutu\u015f ve yast\u0131klama sa\u011flayarak her ad\u0131m\u0131 rahat bir hale getirir.<\/p>\n<p>40'tan 45'e kadar kapsaml\u0131 bir beden yelpazesinde mevcut olan bu ayakkab\u0131larla m\u00fckemmel uyumunuzu bulmak \u00e7ok kolay. \u0130ster spor salonuna gidin, ister rahat bir y\u00fcr\u00fcy\u00fc\u015fe \u00e7\u0131k\u0131n ya da sadece g\u00fcnl\u00fck kullan\u0131m i\u00e7in g\u00fcvenilir bir \u00e7ift ayakkab\u0131ya ihtiyac\u0131n\u0131z olsun <strong>Erkek Siyah Suni Deri Spor Ayakkab\u0131<\/strong> m\u00fckemmel bir se\u00e7imdir. Sa\u011flam yap\u0131lar\u0131 ve detaylara g\u00f6sterilen \u00f6zen, uzun s\u00fcre dayanacak ayakkab\u0131lara yat\u0131r\u0131m yapt\u0131\u011f\u0131n\u0131z anlam\u0131na gelir.<\/p>\n<h3>E\u015fsiz Konfor ve Dayan\u0131kl\u0131l\u0131k<\/h3>\n<p>Bizim <strong>Erkek Siyah Suni Deri Spor Ayakkab\u0131<\/strong> kal\u0131c\u0131 konfor i\u00e7in tasarlanm\u0131\u015ft\u0131r. Ergonomik tasar\u0131m aya\u011f\u0131n\u0131z\u0131n do\u011fal kemerini destekleyerek yorgunlu\u011fu azalt\u0131r. Suni deri d\u0131\u015f y\u00fczeyi sadece \u015f\u0131k olmakla kalmaz, ayn\u0131 zamanda a\u015f\u0131nma ve y\u0131pranmaya kar\u015f\u0131 da dayan\u0131kl\u0131d\u0131r. <strong>Erkek Siyah Suni Deri Spor Ayakkab\u0131<\/strong> zaman i\u00e7inde bozulmam\u0131\u015f g\u00f6r\u00fcn\u00fcm\u00fcn\u00fc korur. Yumu\u015fak kuma\u015f i\u00e7 k\u0131s\u0131mla e\u015fle\u015ftirilen bu ayakkab\u0131lar rahat ama esnek bir uyum sa\u011flar.<\/p>\n<h3>Her Durum i\u00e7in \u015e\u0131k \u00c7ok Y\u00f6nl\u00fcl\u00fck<\/h3>\n<p>Bunlar <strong>Erkek Siyah Suni Deri Spor Ayakkab\u0131<\/strong> \u00e7e\u015fitli gard\u0131roplara zahmetsizce uyum sa\u011flar. Zamans\u0131z siyah ve gri renkleri sayesinde son derece \u00e7ok y\u00f6nl\u00fcd\u00fcr; kot pantolonlar, joggerlar ve hatta g\u00fcnl\u00fck pantolonlarla e\u015fle\u015ftirmek i\u00e7in uygundur. G\u00fcnl\u00fck stilinizi bu ola\u011fan\u00fcst\u00fc ayakkab\u0131larla y\u00fckseltin <strong>Erkek Siyah Suni Deri Spor Ayakkab\u0131<\/strong> ayakkab\u0131 koleksiyonunuzda temel bir par\u00e7a olmay\u0131 vaat ediyor.<\/p>\n<p>Y\u00fcksek kaliteli ayakkab\u0131 stoklamak isteyen i\u015fletmeler i\u00e7in <strong>Erkek Siyah Suni Deri Spor Ayakkab\u0131<\/strong> toptan sat\u0131n al\u0131nabilir. Minimum 8 \u00e7ift sipari\u015fle m\u00fc\u015fterilerinize \u015f\u0131k ve konforlu se\u00e7enekleri kolayca sunabilirsiniz. Bunlar <strong>Erkek Siyah Suni Deri Spor Ayakkab\u0131<\/strong> m\u00fckemmel de\u011feri temsil eder ve geni\u015f bir m\u00fc\u015fteri taban\u0131na hitap eder, bu da onlar\u0131 herhangi bir perakende envanterine ak\u0131ll\u0131ca bir katk\u0131 haline getirir. \u00dcst\u00fcn konfor ve tarz\u0131m\u0131za yat\u0131r\u0131m yap\u0131n <strong>Erkek Siyah Suni Deri Spor Ayakkab\u0131<\/strong> Bug\u00fcn.<\/p>","protected":false},"excerpt":{"rendered":"<ul>\n<li>Mevcut Bedenler: 40, 41, 42, 43, 44, 45<\/li>\n<li>Malzeme: Konfor i\u00e7in yumu\u015fak kuma\u015f i\u00e7 k\u0131s\u0131m, stil i\u00e7in dayan\u0131kl\u0131 suni deri d\u0131\u015f k\u0131s\u0131m.<\/li>\n<li>Tasar\u0131m: \u00c7arp\u0131c\u0131 gri taban\u0131yla modern spor tarz\u0131.<\/li>\n<li>\u00c7ok y\u00f6nl\u00fcl\u00fck: G\u00fcnl\u00fck giyim, hafif sporlar ve g\u00fcnl\u00fck aktiviteler i\u00e7in idealdir.<\/li>\n<li>Toptan Sat\u0131\u015f Mevcuttur: Minimum 8 \u00e7ift sipari\u015f.<\/li>\n<\/ul>","protected":false},"featured_media":6799,"template":"","meta":{"_acf_changed":false,"_uag_custom_page_level_css":"","site-sidebar-layout":"default","site-content-layout":"","ast-site-content-layout":"default","site-content-style":"default","site-sidebar-style":"default","ast-global-header-display":"","ast-banner-title-visibility":"","ast-main-header-display":"","ast-hfb-above-header-display":"","ast-hfb-below-header-display":"","ast-hfb-mobile-header-display":"","site-post-title":"","ast-breadcrumbs-content":"","ast-featured-img":"","footer-sml-layout":"","ast-disable-related-posts":"","theme-transparent-header-meta":"","adv-header-id-meta":"","stick-header-meta":"","header-above-stick-meta":"","header-main-stick-meta":"","header-below-stick-meta":"","astra-migrate-meta-layouts":"default","ast-page-background-enabled":"default","ast-page-background-meta":{"desktop":{"background-color":"var(--ast-global-color-4)","background-image":"","background-repeat":"repeat","background-position":"center center","background-size":"auto","background-attachment":"scroll","background-type":"","background-media":"","overlay-type":"","overlay-color":"","overlay-opacity":"","overlay-gradient":""},"tablet":{"background-color":"","background-image":"","background-repeat":"repeat","background-position":"center center","background-size":"auto","background-attachment":"scroll","background-type":"","background-media":"","overlay-type":"","overlay-color":"","overlay-opacity":"","overlay-gradient":""},"mobile":{"background-color":"","background-image":"","background-repeat":"repeat","background-position":"center center","background-size":"auto","background-attachment":"scroll","background-type":"","background-media":"","overlay-type":"","overlay-color":"","overlay-opacity":"","overlay-gradient":""}},"ast-content-background-meta":{"desktop":{"background-color":"var(--ast-global-color-5)","background-image":"","background-repeat":"repeat","background-position":"center center","background-size":"auto","background-attachment":"scroll","background-type":"","background-media":"","overlay-type":"","overlay-color":"","overlay-opacity":"","overlay-gradient":""},"tablet":{"background-color":"var(--ast-global-color-5)","background-image":"","background-repeat":"repeat","background-position":"center center","background-size":"auto","background-attachment":"scroll","background-type":"","background-media":"","overlay-type":"","overlay-color":"","overlay-opacity":"","overlay-gradient":""},"mobile":{"background-color":"var(--ast-global-color-5)","background-image":"","background-repeat":"repeat","background-position":"center center","background-size":"auto","background-attachment":"scroll","background-type":"","background-media":"","overlay-type":"","overlay-color":"","overlay-opacity":"","overlay-gradient":""}}},"product_brand":[],"product_cat":[430,1200,51],"product_tag":[1495,1493,1494,1466,333,1496,1163,1445,1476,281],"class_list":{"0":"post-8408","1":"product","2":"type-product","3":"status-publish","4":"has-post-thumbnail","6":"product_cat-men","7":"product_cat-mens-shoes-2","8":"product_cat-sports","9":"product_tag-athletic-footwear-men","10":"product_tag-black-faux-leather-shoes","11":"product_tag-comfort-sports-shoes","12":"product_tag-durable-sports-shoes","13":"product_tag-fashion-sneakers","14":"product_tag-grey-sole-shoes","15":"product_tag-mens-casual-sneakers","16":"product_tag-mens-sports-shoes","17":"product_tag-mens-trainers","18":"product_tag-wholesale-shoes","19":"desktop-align-center","20":"tablet-align-center","21":"mobile-align-center","23":"first","24":"instock","25":"shipping-taxable","26":"purchasable","27":"product-type-variable","28":"has-default-attributes"},"acf":[],"uagb_featured_image_src":{"full":["https:\/\/turkishtrade.co\/wp-content\/uploads\/2026\/01\/2600OYNMN00012-BLACK.png",453,250,false],"thumbnail":["https:\/\/turkishtrade.co\/wp-content\/uploads\/2026\/01\/2600OYNMN00012-BLACK-150x150.png",150,150,true],"medium":["https:\/\/turkishtrade.co\/wp-content\/uploads\/2026\/01\/2600OYNMN00012-BLACK-300x166.png",300,166,true],"medium_large":["https:\/\/turkishtrade.co\/wp-content\/uploads\/2026\/01\/2600OYNMN00012-BLACK.png",453,250,false],"large":["https:\/\/turkishtrade.co\/wp-content\/uploads\/2026\/01\/2600OYNMN00012-BLACK.png",453,250,false],"1536x1536":["https:\/\/turkishtrade.co\/wp-content\/uploads\/2026\/01\/2600OYNMN00012-BLACK.png",453,250,false],"2048x2048":["https:\/\/turkishtrade.co\/wp-content\/uploads\/2026\/01\/2600OYNMN00012-BLACK.png",453,250,false],"trp-custom-language-flag":["https:\/\/turkishtrade.co\/wp-content\/uploads\/2026\/01\/2600OYNMN00012-BLACK-18x10.png",18,10,true],"woocommerce_thumbnail":["https:\/\/turkishtrade.co\/wp-content\/uploads\/2026\/01\/2600OYNMN00012-BLACK-400x250.png",400,250,true],"woocommerce_single":["https:\/\/turkishtrade.co\/wp-content\/uploads\/2026\/01\/2600OYNMN00012-BLACK.png",453,250,false],"woocommerce_gallery_thumbnail":["https:\/\/turkishtrade.co\/wp-content\/uploads\/2026\/01\/2600OYNMN00012-BLACK-100x100.png",100,100,true]},"uagb_author_info":{"display_name":"python python","author_link":"https:\/\/turkishtrade.co\/tr\/author\/"},"uagb_comment_info":0,"uagb_excerpt":"Sizes Available: 40, 41, 42, 43, 44, 45 Material: Soft fabric interior for comfort, durable faux leather exterior for style. Design: Modern sports style with a striking grey sole. Versatility: Ideal for casual wear, light sports, and everyday activities. Wholesale Availability: Minimum order of 8 pairs.","_links":{"self":[{"href":"https:\/\/turkishtrade.co\/tr\/wp-json\/wp\/v2\/product\/8408","targetHints":{"allow":["GET"]}}],"collection":[{"href":"https:\/\/turkishtrade.co\/tr\/wp-json\/wp\/v2\/product"}],"about":[{"href":"https:\/\/turkishtrade.co\/tr\/wp-json\/wp\/v2\/types\/product"}],"wp:featuredmedia":[{"embeddable":true,"href":"https:\/\/turkishtrade.co\/tr\/wp-json\/wp\/v2\/media\/6799"}],"wp:attachment":[{"href":"https:\/\/turkishtrade.co\/tr\/wp-json\/wp\/v2\/media?parent=8408"}],"wp:term":[{"taxonomy":"product_brand","embeddable":true,"href":"https:\/\/turkishtrade.co\/tr\/wp-json\/wp\/v2\/product_brand?post=8408"},{"taxonomy":"product_cat","embeddable":true,"href":"https:\/\/turkishtrade.co\/tr\/wp-json\/wp\/v2\/product_cat?post=8408"},{"taxonomy":"product_tag","embeddable":true,"href":"https:\/\/turkishtrade.co\/tr\/wp-json\/wp\/v2\/product_tag?post=8408"}],"curies":[{"name":"wp","href":"https:\/\/api.w.org\/{rel}","templated":true}]}}