{"id":8407,"date":"2026-01-29T14:50:06","date_gmt":"2026-01-29T14:50:06","guid":{"rendered":"https:\/\/turkishtrade.co\/?post_type=product&#038;p=8407"},"modified":"2026-04-09T20:26:45","modified_gmt":"2026-04-09T20:26:45","slug":"mens-black-faux-leather-trainers","status":"publish","type":"product","link":"https:\/\/turkishtrade.co\/tr\/shop\/mens-black-faux-leather-trainers\/","title":{"rendered":"Siyah Suni Deri Erkek Spor Ayakkab\u0131lar\u0131 Rakipsiz | Siyah Suni Deri Erkek Spor Ayakkab\u0131lar\u0131"},"content":{"rendered":"<p>\u00c7ok y\u00f6nl\u00fc ayakkab\u0131lar\u0131m\u0131zla ayakkab\u0131 oyununuzu geli\u015ftirin <strong>Erkek Siyah Suni Deri Spor Ayakkab\u0131<\/strong>, stil, konfor ve dayan\u0131kl\u0131l\u0131\u011f\u0131n m\u00fckemmel bir kar\u0131\u015f\u0131m\u0131n\u0131 sunmak i\u00e7in titizlikle tasarlanm\u0131\u015ft\u0131r. Bu spor ayakkab\u0131lar, spor salonundan \u015fehir sokaklar\u0131na zahmetsizce ge\u00e7i\u015f sa\u011flayan \u015f\u0131k bir estetik sunarak her modern erke\u011fin gard\u0131robuna \u00f6nemli bir katk\u0131 sa\u011flar. Birinci s\u0131n\u0131f suni deri d\u0131\u015f y\u00fczeyle \u00fcretilen bu ayakkab\u0131lar, a\u015f\u0131nma ve y\u0131pranmaya kar\u015f\u0131 diren\u00e7li, sofistike ve az bak\u0131m gerektiren bir y\u00fczeye sahiptir. Sa\u011flam yap\u0131s\u0131 uzun \u00f6m\u00fcrl\u00fc performans sa\u011flayarak g\u00fcnl\u00fck aktiviteleriniz i\u00e7in g\u00fcvenilir bir se\u00e7im olmas\u0131n\u0131 sa\u011flar.<\/p>\n<h3>Rakipsiz Konfor ve Nefes Alabilirlik<\/h3>\n<p>D\u00fc\u015f\u00fcnceli tasar\u0131m\u0131m\u0131zla benzersiz konforu deneyimleyin <strong>Erkek Siyah Suni Deri Spor Ayakkab\u0131<\/strong>. \u0130\u00e7 k\u0131s\u0131m, uzun s\u00fcreli kullan\u0131mlarda bile ayaklar\u0131n\u0131z\u0131 serin ve kuru tutan yumu\u015fak, nefes alabilen bir kuma\u015fla kaplanm\u0131\u015ft\u0131r. Bu i\u00e7 kuma\u015f, ayakkab\u0131 \u00fczerinde g\u00f6r\u00fcnen file panellerle birlikte m\u00fckemmel hava sirk\u00fclasyonunu destekleyerek rahats\u0131zl\u0131\u011f\u0131 \u00f6nler ve g\u00fcn boyunca ferah bir his sa\u011flar. \u0130ster tempolu bir y\u00fcr\u00fcy\u00fc\u015fe \u00e7\u0131k\u0131n, ister hafif sporlarla u\u011fra\u015f\u0131n ya da sadece i\u015flerinizi halledin, bu spor ayakkab\u0131lar ayaklar\u0131n\u0131z\u0131n hak etti\u011fi yast\u0131kl\u0131 deste\u011fi sa\u011flar. Ergonomik tasar\u0131m, do\u011fal ayak hareketlerine uyum sa\u011flayarak her ad\u0131mda genel konforu art\u0131r\u0131r.<\/p>\n<h3>Modern Tasar\u0131m Pratiklikle Bulu\u015fuyor<\/h3>\n<p>Bizim <strong>Erkek Siyah Suni Deri Spor Ayakkab\u0131<\/strong> yan taraf\u0131ndaki ince ama dinamik detaylarla vurgulanan \u00e7a\u011fda\u015f bir siyah tasar\u0131ma sahiptir ve sportif bir zarafet dokunu\u015fu katar. Sa\u011flam, kal\u0131n taban\u0131 \u00e7e\u015fitli y\u00fczeylerde m\u00fckemmel tutu\u015f ve denge sa\u011flamakla kalmaz, ayn\u0131 zamanda ayakkab\u0131n\u0131n modern sil\u00fcetine de katk\u0131da bulunur. Modaya uygun tasar\u0131m ve pratik i\u015flevselli\u011fin bu kar\u0131\u015f\u0131m\u0131, bu spor ayakkab\u0131y\u0131 her durumda tercih edilebilecek bir se\u00e7enek haline getiriyor. Spor k\u0131yafetler, kot pantolonlar ve hatta g\u00fcndelik pantolonlarla m\u00fckemmel uyum sa\u011flayarak sonsuz stil olanaklar\u0131 sunar. 40, 41, 42, 43, 44 ve 45 numara se\u00e7enekleriyle geni\u015f bir m\u00fc\u015fteri yelpazesine m\u00fckemmel uyum sa\u011fl\u0131yoruz.<\/p>\n<h3>Perakendeciler i\u00e7in Toptan Sat\u0131\u015f F\u0131rsat\u0131<\/h3>\n<p>Y\u00fcksek kaliteli, pop\u00fcler ayakkab\u0131lar stoklamak isteyen i\u015fletmeler i\u00e7in bu <strong>Erkek Siyah Suni Deri Spor Ayakkab\u0131<\/strong> m\u00fckemmel bir f\u0131rsat sunuyor. M\u00fc\u015fterilerinizin taleplerini kolayca kar\u015f\u0131laman\u0131za olanak tan\u0131yan, yaln\u0131zca 8 \u00e7iftlik uygun bir minimum sipari\u015f miktar\u0131 ile rekabet\u00e7i toptan fiyatland\u0131rma sunuyoruz. Evrensel \u00e7ekicilikleri, \u00fcst\u00fcn i\u015f\u00e7ilikle birle\u015fince h\u0131zl\u0131 hareket eden bir \u00fcr\u00fcn haline geliyor. Rahatl\u0131\u011f\u0131, stili ve kal\u0131c\u0131 kalitesiyle m\u00fc\u015fteri memnuniyeti vaat eden spor ayakkab\u0131larla envanterinizi y\u00fckseltin.<\/p>","protected":false},"excerpt":{"rendered":"<ul>\n<li>\u00dcst\u00fcn konfor i\u00e7in nefes alabilen kuma\u015f i\u00e7 k\u0131s\u0131m ile birinci s\u0131n\u0131f suni deri d\u0131\u015f y\u00fczey.<\/li>\n<li>Modern vurgulara sahip \u015f\u0131k siyah tasar\u0131m, spor veya g\u00fcnl\u00fck kullan\u0131m i\u00e7in m\u00fckemmeldir.<\/li>\n<li>Uzun \u00f6m\u00fcrl\u00fc performans ve \u00e7ok y\u00f6nl\u00fc kullan\u0131m i\u00e7in \u00fcretilmi\u015f dayan\u0131kl\u0131 yap\u0131.<\/li>\n<li>Kapsaml\u0131 bir beden aral\u0131\u011f\u0131nda mevcuttur: 40, 41, 42, 43, 44, 45.<\/li>\n<li>Perakendeciler i\u00e7in idealdir: Minimum 8 \u00e7ift sipari\u015f ile toptan sat\u0131n al\u0131nabilir.<\/li>\n<\/ul>","protected":false},"featured_media":6796,"template":"","meta":{"_acf_changed":false,"_uag_custom_page_level_css":"","site-sidebar-layout":"default","site-content-layout":"","ast-site-content-layout":"default","site-content-style":"default","site-sidebar-style":"default","ast-global-header-display":"","ast-banner-title-visibility":"","ast-main-header-display":"","ast-hfb-above-header-display":"","ast-hfb-below-header-display":"","ast-hfb-mobile-header-display":"","site-post-title":"","ast-breadcrumbs-content":"","ast-featured-img":"","footer-sml-layout":"","ast-disable-related-posts":"","theme-transparent-header-meta":"","adv-header-id-meta":"","stick-header-meta":"","header-above-stick-meta":"","header-main-stick-meta":"","header-below-stick-meta":"","astra-migrate-meta-layouts":"default","ast-page-background-enabled":"default","ast-page-background-meta":{"desktop":{"background-color":"var(--ast-global-color-4)","background-image":"","background-repeat":"repeat","background-position":"center center","background-size":"auto","background-attachment":"scroll","background-type":"","background-media":"","overlay-type":"","overlay-color":"","overlay-opacity":"","overlay-gradient":""},"tablet":{"background-color":"","background-image":"","background-repeat":"repeat","background-position":"center center","background-size":"auto","background-attachment":"scroll","background-type":"","background-media":"","overlay-type":"","overlay-color":"","overlay-opacity":"","overlay-gradient":""},"mobile":{"background-color":"","background-image":"","background-repeat":"repeat","background-position":"center center","background-size":"auto","background-attachment":"scroll","background-type":"","background-media":"","overlay-type":"","overlay-color":"","overlay-opacity":"","overlay-gradient":""}},"ast-content-background-meta":{"desktop":{"background-color":"var(--ast-global-color-5)","background-image":"","background-repeat":"repeat","background-position":"center center","background-size":"auto","background-attachment":"scroll","background-type":"","background-media":"","overlay-type":"","overlay-color":"","overlay-opacity":"","overlay-gradient":""},"tablet":{"background-color":"var(--ast-global-color-5)","background-image":"","background-repeat":"repeat","background-position":"center center","background-size":"auto","background-attachment":"scroll","background-type":"","background-media":"","overlay-type":"","overlay-color":"","overlay-opacity":"","overlay-gradient":""},"mobile":{"background-color":"var(--ast-global-color-5)","background-image":"","background-repeat":"repeat","background-position":"center center","background-size":"auto","background-attachment":"scroll","background-type":"","background-media":"","overlay-type":"","overlay-color":"","overlay-opacity":"","overlay-gradient":""}}},"product_brand":[],"product_cat":[430,1200,51],"product_tag":[1463,1464,1471,1467,1446,1476,1492,1361,281],"class_list":{"0":"post-8407","1":"product","2":"type-product","3":"status-publish","4":"has-post-thumbnail","6":"product_cat-men","7":"product_cat-mens-shoes-2","8":"product_cat-sports","9":"product_tag-athletic-shoes","10":"product_tag-black-trainers","11":"product_tag-casual-trainers","12":"product_tag-comfortable-trainers","13":"product_tag-faux-leather-shoes","14":"product_tag-mens-trainers","15":"product_tag-mesh-trainers","16":"product_tag-sports-shoes","17":"product_tag-wholesale-shoes","18":"desktop-align-center","19":"tablet-align-center","20":"mobile-align-center","22":"first","23":"instock","24":"shipping-taxable","25":"purchasable","26":"product-type-variable","27":"has-default-attributes"},"acf":[],"uagb_featured_image_src":{"full":["https:\/\/turkishtrade.co\/wp-content\/uploads\/2026\/01\/2600OYNMN00011-BLACK.png",453,250,false],"thumbnail":["https:\/\/turkishtrade.co\/wp-content\/uploads\/2026\/01\/2600OYNMN00011-BLACK-150x150.png",150,150,true],"medium":["https:\/\/turkishtrade.co\/wp-content\/uploads\/2026\/01\/2600OYNMN00011-BLACK-300x166.png",300,166,true],"medium_large":["https:\/\/turkishtrade.co\/wp-content\/uploads\/2026\/01\/2600OYNMN00011-BLACK.png",453,250,false],"large":["https:\/\/turkishtrade.co\/wp-content\/uploads\/2026\/01\/2600OYNMN00011-BLACK.png",453,250,false],"1536x1536":["https:\/\/turkishtrade.co\/wp-content\/uploads\/2026\/01\/2600OYNMN00011-BLACK.png",453,250,false],"2048x2048":["https:\/\/turkishtrade.co\/wp-content\/uploads\/2026\/01\/2600OYNMN00011-BLACK.png",453,250,false],"trp-custom-language-flag":["https:\/\/turkishtrade.co\/wp-content\/uploads\/2026\/01\/2600OYNMN00011-BLACK-18x10.png",18,10,true],"woocommerce_thumbnail":["https:\/\/turkishtrade.co\/wp-content\/uploads\/2026\/01\/2600OYNMN00011-BLACK-400x250.png",400,250,true],"woocommerce_single":["https:\/\/turkishtrade.co\/wp-content\/uploads\/2026\/01\/2600OYNMN00011-BLACK.png",453,250,false],"woocommerce_gallery_thumbnail":["https:\/\/turkishtrade.co\/wp-content\/uploads\/2026\/01\/2600OYNMN00011-BLACK-100x100.png",100,100,true]},"uagb_author_info":{"display_name":"python python","author_link":"https:\/\/turkishtrade.co\/tr\/author\/"},"uagb_comment_info":0,"uagb_excerpt":"Premium faux leather exterior with breathable fabric interior for ultimate comfort. Stylish black design with modern accents, perfect for sports or casual daily wear. Durable construction built for long-lasting performance and versatile use. Available in a comprehensive size range: 40, 41, 42, 43, 44, 45. Ideal for retailers: Available for wholesale purchase with a minimum&hellip;","_links":{"self":[{"href":"https:\/\/turkishtrade.co\/tr\/wp-json\/wp\/v2\/product\/8407","targetHints":{"allow":["GET"]}}],"collection":[{"href":"https:\/\/turkishtrade.co\/tr\/wp-json\/wp\/v2\/product"}],"about":[{"href":"https:\/\/turkishtrade.co\/tr\/wp-json\/wp\/v2\/types\/product"}],"wp:featuredmedia":[{"embeddable":true,"href":"https:\/\/turkishtrade.co\/tr\/wp-json\/wp\/v2\/media\/6796"}],"wp:attachment":[{"href":"https:\/\/turkishtrade.co\/tr\/wp-json\/wp\/v2\/media?parent=8407"}],"wp:term":[{"taxonomy":"product_brand","embeddable":true,"href":"https:\/\/turkishtrade.co\/tr\/wp-json\/wp\/v2\/product_brand?post=8407"},{"taxonomy":"product_cat","embeddable":true,"href":"https:\/\/turkishtrade.co\/tr\/wp-json\/wp\/v2\/product_cat?post=8407"},{"taxonomy":"product_tag","embeddable":true,"href":"https:\/\/turkishtrade.co\/tr\/wp-json\/wp\/v2\/product_tag?post=8407"}],"curies":[{"name":"wp","href":"https:\/\/api.w.org\/{rel}","templated":true}]}}