{"id":8406,"date":"2026-01-29T14:50:05","date_gmt":"2026-01-29T14:50:05","guid":{"rendered":"https:\/\/turkishtrade.co\/?post_type=product&#038;p=8406"},"modified":"2026-04-09T20:26:49","modified_gmt":"2026-04-09T20:26:49","slug":"mens-black-sports-shoes-2","status":"publish","type":"product","link":"https:\/\/turkishtrade.co\/tr\/shop\/mens-black-sports-shoes-2\/","title":{"rendered":"Erkek Siyah Spor Ayakkab\u0131 Proven | Erkek Siyah Suni Deri Spor"},"content":{"rendered":"<p>Premium ayakkab\u0131lar\u0131m\u0131zla ayakkab\u0131 oyununuzu h\u0131zland\u0131r\u0131n <b>Erkek Siyah Spor Ayakkab\u0131<\/b>, stil, konfor ve performans\u0131n m\u00fckemmel kar\u0131\u015f\u0131m\u0131n\u0131 sunmak i\u00e7in tasarlanm\u0131\u015ft\u0131r. \u0130ster spor salonuna gidin, ister ko\u015fuya \u00e7\u0131k\u0131n ya da sadece g\u00fcndelik bir g\u00fcn\u00fcn tad\u0131n\u0131 \u00e7\u0131kar\u0131n, bu \u00e7ok y\u00f6nl\u00fc spor ayakkab\u0131lar ideal arkada\u015f\u0131n\u0131zd\u0131r. Detaylara titizlikle \u00f6zen g\u00f6sterilerek \u00fcretilen bu <b>Erkek Siyah Spor Ayakkab\u0131<\/b> sadece estetikten ibaret de\u011fildir; dayan\u0131kl\u0131l\u0131k ve t\u00fcm g\u00fcn giyilebilirlik i\u00e7in \u00fcretilmi\u015ftir.<\/p>\n<h3>E\u015fsiz Konfor ve \u00dcst\u00fcn Malzeme Kalitesi<\/h3>\n<p>Her ad\u0131mda benzersiz konforu ya\u015fay\u0131n. Bunlar\u0131n i\u00e7 k\u0131sm\u0131 <b>Erkek Siyah Spor Ayakkab\u0131<\/b> yo\u011fun aktiviteler s\u0131ras\u0131nda bile ayaklar\u0131n\u0131z\u0131n serin ve kuru kalmas\u0131n\u0131 sa\u011flayan yumu\u015fak, nefes alabilen kuma\u015f astara sahiptir. Rahats\u0131zl\u0131\u011fa veda edin ve g\u00fcn boyunca ferah bir hisse merhaba deyin. Y\u00fcksek kaliteli suni deri malzemeye sahip d\u0131\u015f y\u00fczey, \u015f\u0131k ve sofistike bir g\u00f6r\u00fcn\u00fcm sunarken a\u015f\u0131nma ve y\u0131pranmaya kar\u015f\u0131 m\u00fckemmel diren\u00e7 sa\u011flar. Bu malzeme kombinasyonu, bu ayakkab\u0131lar\u0131 <b>Erkek Siyah Spor Ayakkab\u0131<\/b> hem atletik u\u011fra\u015flar hem de g\u00fcnl\u00fck moda i\u00e7in ak\u0131ll\u0131 bir se\u00e7im.<\/p>\n<p>Kaliteye olan ba\u011fl\u0131l\u0131\u011f\u0131m\u0131z, geni\u015f bir ayak yelpazesi i\u00e7in m\u00fckemmel bir uyum sa\u011flayan EU 40 ila 45 bedenleri ile uyuma kadar uzanmaktad\u0131r. G\u00f6rselde de g\u00f6r\u00fclebilen sa\u011flam taban tasar\u0131m\u0131, m\u00fckemmel \u00e7eki\u015f g\u00fcc\u00fc ve destek sa\u011flayarak bu ayakkab\u0131lar\u0131 <b>Erkek Siyah Spor Ayakkab\u0131<\/b> \u00e7e\u015fitli araziler ve aktiviteler i\u00e7in uygundur. G\u00fcvenli ba\u011fc\u0131kl\u0131 kapama, uyumu daha da geli\u015ftirerek her hareketinizde size g\u00fcven verir.<\/p>\n<h3>Her Ya\u015fam Tarz\u0131na Uygun \u00c7ok Y\u00f6nl\u00fcl\u00fck<\/h3>\n<p>Bunlar <b>Erkek Siyah Spor Ayakkab\u0131<\/b> inan\u0131lmaz derecede \u00e7ok y\u00f6nl\u00fcd\u00fcr. Klasik tamamen siyah tasar\u0131m\u0131, spor k\u0131yafetlerden kot pantolonlara ve g\u00fcnl\u00fck pantolonlara kadar hemen hemen her k\u0131yafetle kolayca e\u015fle\u015ftirilmesini sa\u011flar. Antrenman rutininizden sosyal toplant\u0131lara ayakkab\u0131 de\u011fi\u015ftirmeye gerek kalmadan sorunsuzca ge\u00e7i\u015f yap\u0131n. Sa\u011flam yap\u0131s\u0131 sporun zorluklar\u0131na dayanabilece\u011fi anlam\u0131na gelirken, zarif g\u00f6r\u00fcn\u00fcm\u00fc daha rahat bir ortamda asla yersiz g\u00f6r\u00fcnmemesini sa\u011flar. Dinamik ya\u015fam tarz\u0131n\u0131z\u0131 destekleyen ayakkab\u0131lara yat\u0131r\u0131m yap\u0131n.<\/p>\n<h3>Toptan Sat\u0131\u015f F\u0131rsatlar\u0131 Mevcut<\/h3>\n<p>Y\u00fcksek kaliteli, \u015f\u0131k atletik ayakkab\u0131lar sunmak isteyen i\u015fletmeler ve perakendeciler i\u00e7in <b>Erkek Siyah Spor Ayakkab\u0131<\/b> toptan sat\u0131n al\u0131nabilir. Minimum sipari\u015f miktar\u0131 sadece 8 \u00e7ift oldu\u011fundan, konfor, stil ve dayan\u0131kl\u0131l\u0131k arayan m\u00fc\u015fterilere s\u00fcrekli hitap eden bir \u00fcr\u00fcn\u00fc stoklamak kolayd\u0131r. Envanterinizi pop\u00fcler ve pratik bir se\u00e7imle y\u00fckseltin. Toptan sat\u0131\u015f fiyatlar\u0131m\u0131z ve bu ola\u011fan\u00fcst\u00fc \u00fcr\u00fcnler i\u00e7in ortakl\u0131k f\u0131rsatlar\u0131m\u0131z hakk\u0131nda daha fazla bilgi edinmek i\u00e7in bug\u00fcn bize ula\u015f\u0131n <b>Erkek Siyah Spor Ayakkab\u0131<\/b>.<\/p>","protected":false},"excerpt":{"rendered":"<ul>\n<li>\u00c7ok y\u00f6nl\u00fc stil i\u00e7in tamamen siyah \u015f\u0131k tasar\u0131m<\/li>\n<li>Nefes alabilen kuma\u015f i\u00e7 k\u0131s\u0131m ile birle\u015ftirilmi\u015f dayan\u0131kl\u0131 suni deri d\u0131\u015f y\u00fczey<\/li>\n<li>40, 41, 42, 43, 44, 45 AB bedenlerinde mevcuttur<\/li>\n<li>Spor aktiviteleri, g\u00fcnl\u00fck giyim ve g\u00fcndelik geziler i\u00e7in ideal<\/li>\n<li>Minimum 8 \u00e7ift sipari\u015f ile toptan sat\u0131\u015f se\u00e7enekleri mevcuttur<\/li>\n<\/ul>","protected":false},"featured_media":6795,"template":"","meta":{"_acf_changed":false,"_uag_custom_page_level_css":"","site-sidebar-layout":"default","site-content-layout":"","ast-site-content-layout":"default","site-content-style":"default","site-sidebar-style":"default","ast-global-header-display":"","ast-banner-title-visibility":"","ast-main-header-display":"","ast-hfb-above-header-display":"","ast-hfb-below-header-display":"","ast-hfb-mobile-header-display":"","site-post-title":"","ast-breadcrumbs-content":"","ast-featured-img":"","footer-sml-layout":"","ast-disable-related-posts":"","theme-transparent-header-meta":"","adv-header-id-meta":"","stick-header-meta":"","header-above-stick-meta":"","header-main-stick-meta":"","header-below-stick-meta":"","astra-migrate-meta-layouts":"default","ast-page-background-enabled":"default","ast-page-background-meta":{"desktop":{"background-color":"var(--ast-global-color-4)","background-image":"","background-repeat":"repeat","background-position":"center center","background-size":"auto","background-attachment":"scroll","background-type":"","background-media":"","overlay-type":"","overlay-color":"","overlay-opacity":"","overlay-gradient":""},"tablet":{"background-color":"","background-image":"","background-repeat":"repeat","background-position":"center center","background-size":"auto","background-attachment":"scroll","background-type":"","background-media":"","overlay-type":"","overlay-color":"","overlay-opacity":"","overlay-gradient":""},"mobile":{"background-color":"","background-image":"","background-repeat":"repeat","background-position":"center center","background-size":"auto","background-attachment":"scroll","background-type":"","background-media":"","overlay-type":"","overlay-color":"","overlay-opacity":"","overlay-gradient":""}},"ast-content-background-meta":{"desktop":{"background-color":"var(--ast-global-color-5)","background-image":"","background-repeat":"repeat","background-position":"center center","background-size":"auto","background-attachment":"scroll","background-type":"","background-media":"","overlay-type":"","overlay-color":"","overlay-opacity":"","overlay-gradient":""},"tablet":{"background-color":"var(--ast-global-color-5)","background-image":"","background-repeat":"repeat","background-position":"center center","background-size":"auto","background-attachment":"scroll","background-type":"","background-media":"","overlay-type":"","overlay-color":"","overlay-opacity":"","overlay-gradient":""},"mobile":{"background-color":"var(--ast-global-color-5)","background-image":"","background-repeat":"repeat","background-position":"center center","background-size":"auto","background-attachment":"scroll","background-type":"","background-media":"","overlay-type":"","overlay-color":"","overlay-opacity":"","overlay-gradient":""}}},"product_brand":[],"product_cat":[430,1200,51],"product_tag":[1475,1120,1449,1474,1446,1453,1491,1063,281],"class_list":{"0":"post-8406","1":"product","2":"type-product","3":"status-publish","4":"has-post-thumbnail","6":"product_cat-men","7":"product_cat-mens-shoes-2","8":"product_cat-sports","9":"product_tag-athletic-footwear","10":"product_tag-black-sneakers","11":"product_tag-comfortable-sports-shoes","12":"product_tag-durable-sneakers","13":"product_tag-faux-leather-shoes","14":"product_tag-mens-black-sports-shoes","15":"product_tag-sports-trainers","16":"product_tag-turkish-trade-shoes","17":"product_tag-wholesale-shoes","18":"desktop-align-center","19":"tablet-align-center","20":"mobile-align-center","22":"first","23":"instock","24":"shipping-taxable","25":"purchasable","26":"product-type-variable","27":"has-default-attributes"},"acf":[],"uagb_featured_image_src":{"full":["https:\/\/turkishtrade.co\/wp-content\/uploads\/2026\/01\/2600OYNMN00010-BLACK.png",453,250,false],"thumbnail":["https:\/\/turkishtrade.co\/wp-content\/uploads\/2026\/01\/2600OYNMN00010-BLACK-150x150.png",150,150,true],"medium":["https:\/\/turkishtrade.co\/wp-content\/uploads\/2026\/01\/2600OYNMN00010-BLACK-300x166.png",300,166,true],"medium_large":["https:\/\/turkishtrade.co\/wp-content\/uploads\/2026\/01\/2600OYNMN00010-BLACK.png",453,250,false],"large":["https:\/\/turkishtrade.co\/wp-content\/uploads\/2026\/01\/2600OYNMN00010-BLACK.png",453,250,false],"1536x1536":["https:\/\/turkishtrade.co\/wp-content\/uploads\/2026\/01\/2600OYNMN00010-BLACK.png",453,250,false],"2048x2048":["https:\/\/turkishtrade.co\/wp-content\/uploads\/2026\/01\/2600OYNMN00010-BLACK.png",453,250,false],"trp-custom-language-flag":["https:\/\/turkishtrade.co\/wp-content\/uploads\/2026\/01\/2600OYNMN00010-BLACK-18x10.png",18,10,true],"woocommerce_thumbnail":["https:\/\/turkishtrade.co\/wp-content\/uploads\/2026\/01\/2600OYNMN00010-BLACK-400x250.png",400,250,true],"woocommerce_single":["https:\/\/turkishtrade.co\/wp-content\/uploads\/2026\/01\/2600OYNMN00010-BLACK.png",453,250,false],"woocommerce_gallery_thumbnail":["https:\/\/turkishtrade.co\/wp-content\/uploads\/2026\/01\/2600OYNMN00010-BLACK-100x100.png",100,100,true]},"uagb_author_info":{"display_name":"python python","author_link":"https:\/\/turkishtrade.co\/tr\/author\/"},"uagb_comment_info":0,"uagb_excerpt":"Sleek all-black design for versatile styling Durable faux leather exterior combined with a breathable fabric interior Available in EU sizes 40, 41, 42, 43, 44, 45 Ideal for sports activities, daily wear, and casual outings Wholesale options available with a minimum order of 8 pairs","_links":{"self":[{"href":"https:\/\/turkishtrade.co\/tr\/wp-json\/wp\/v2\/product\/8406","targetHints":{"allow":["GET"]}}],"collection":[{"href":"https:\/\/turkishtrade.co\/tr\/wp-json\/wp\/v2\/product"}],"about":[{"href":"https:\/\/turkishtrade.co\/tr\/wp-json\/wp\/v2\/types\/product"}],"wp:featuredmedia":[{"embeddable":true,"href":"https:\/\/turkishtrade.co\/tr\/wp-json\/wp\/v2\/media\/6795"}],"wp:attachment":[{"href":"https:\/\/turkishtrade.co\/tr\/wp-json\/wp\/v2\/media?parent=8406"}],"wp:term":[{"taxonomy":"product_brand","embeddable":true,"href":"https:\/\/turkishtrade.co\/tr\/wp-json\/wp\/v2\/product_brand?post=8406"},{"taxonomy":"product_cat","embeddable":true,"href":"https:\/\/turkishtrade.co\/tr\/wp-json\/wp\/v2\/product_cat?post=8406"},{"taxonomy":"product_tag","embeddable":true,"href":"https:\/\/turkishtrade.co\/tr\/wp-json\/wp\/v2\/product_tag?post=8406"}],"curies":[{"name":"wp","href":"https:\/\/api.w.org\/{rel}","templated":true}]}}