{"id":8382,"date":"2026-01-29T14:49:53","date_gmt":"2026-01-29T14:49:53","guid":{"rendered":"https:\/\/turkishtrade.co\/?post_type=product&#038;p=8382"},"modified":"2026-04-09T20:27:10","modified_gmt":"2026-04-09T20:27:10","slug":"mens-black-faux-leather-sports-shoes-5","status":"publish","type":"product","link":"https:\/\/turkishtrade.co\/tr\/shop\/mens-black-faux-leather-sports-shoes-5\/","title":{"rendered":"Erkek Siyah Suni Deri Spor Ayakkab\u0131 Rakipsiz"},"content":{"rendered":"<h3>Erkek Siyah Suni Deri Spor Ayakkab\u0131 ile Tarz\u0131n\u0131z\u0131 ve Konforunuzu Y\u00fckseltin<\/h3>\n<p>Modern tasar\u0131m, ola\u011fan\u00fcst\u00fc konfor ve uzun s\u00fcreli dayan\u0131kl\u0131l\u0131\u011f\u0131n m\u00fckemmel kar\u0131\u015f\u0131m\u0131n\u0131 birinci s\u0131n\u0131f \u00fcr\u00fcnlerimizle ke\u015ffedin <b>Erkek Siyah Suni Deri Spor Ayakkab\u0131<\/b>. Aktif bireyler i\u00e7in tasarlanan bu ayakkab\u0131lar sadece g\u00f6r\u00fcn\u00fcmden ibaret de\u011fildir; ister spor salonuna gidin, ister tempolu bir y\u00fcr\u00fcy\u00fc\u015fe \u00e7\u0131k\u0131n ya da sadece g\u00fcndelik bir g\u00fcn\u00fcn tad\u0131n\u0131 \u00e7\u0131kar\u0131n, dinamik ya\u015fam tarz\u0131n\u0131z\u0131 desteklemek i\u00e7in \u00fcretilmi\u015ftir. Klasik beyaz \u00e7izgilerle vurgulanan \u015f\u0131k siyah estetik, \u00e7ok \u00e7e\u015fitli k\u0131yafetleri tamamlayan \u00e7ok y\u00f6nl\u00fc bir g\u00f6r\u00fcn\u00fcm sunar.<\/p>\n<p>Detaylara titizlikle \u00f6zen g\u00f6sterilerek \u00fcretilen her bir \u00e7ift, sa\u011flam bir suni deri d\u0131\u015f y\u00fczeye sahiptir. Bu malzeme yaln\u0131zca sofistike bir g\u00f6r\u00fcn\u00fcm sa\u011flamakla kalmaz, ayn\u0131 zamanda a\u015f\u0131nma ve y\u0131pranmaya kar\u015f\u0131 daha fazla diren\u00e7 sa\u011flayarak ayakkab\u0131 koleksiyonunuz i\u00e7in ak\u0131ll\u0131 bir yat\u0131r\u0131m haline getirir. \u0130\u00e7 k\u0131s\u0131mdaki yumu\u015fak, nefes alabilen kuma\u015f astar ayaklar\u0131n\u0131z\u0131 sarar ve giydi\u011finiz andan g\u00fcn\u00fcn sonuna kadar benzersiz bir konfor sunar. Rahats\u0131zl\u0131\u011fa elveda deyin ve sizinle birlikte hareket eden, en \u00e7ok ihtiya\u00e7 duyulan yerde destek sa\u011flayan bir ayakkab\u0131ya merhaba deyin.<\/p>\n<p>Yenilik\u00e7i tasar\u0131m, h\u0131zl\u0131 ve g\u00fcvenli ayarlamalara olanak tan\u0131yan, her seferinde rahat ve ki\u015fiselle\u015ftirilmi\u015f bir uyum sa\u011flayan ay\u0131rt edici bir ge\u00e7i\u015f ba\u011fc\u0131k sistemi i\u00e7erir. Mevcut bedenler 40 ila 45 aras\u0131nda de\u011fi\u015fir ve geni\u015f bir ayak \u00f6l\u00e7\u00fcs\u00fc yelpazesine hitap eder. Sa\u011flam, \u00e7ok desenli d\u0131\u015f taban, \u00e7e\u015fitli y\u00fczeylerde \u00fcst\u00fcn kavrama ve \u00e7eki\u015f sa\u011flamak \u00fczere tasarlanm\u0131\u015ft\u0131r ve her ad\u0131mda denge ve g\u00fcven sunar. \u015eehir maceralar\u0131ndan hafif patika ke\u015fiflerine kadar, bu <b>Erkek Siyah Suni Deri Spor Ayakkab\u0131<\/b> g\u00fcvenilir arkada\u015f\u0131n\u0131zd\u0131r.<\/p>\n<p>Modern erkek i\u00e7in tasarlanan ayakkab\u0131larla performans ve modan\u0131n birle\u015fimini kucaklay\u0131n. Bizim <b>Erkek Siyah Suni Deri Spor Ayakkab\u0131<\/b> spor ayakkab\u0131dan \u00e7ok daha fazlas\u0131d\u0131r; bir stil ifadesi ve kalitenin kan\u0131t\u0131d\u0131r. Birinci s\u0131n\u0131f malzemelerin ve \u00f6zenli yap\u0131n\u0131n yaratabilece\u011fi fark\u0131 deneyimleyin. Perakendeciler ve i\u015fletmeler i\u00e7in bu ola\u011fan\u00fcst\u00fc <b>Erkek Siyah Suni Deri Spor Ayakkab\u0131<\/b> minimum 8 \u00e7ift sipari\u015f \u015fart\u0131 ile toptan sat\u0131n al\u0131nabilir. M\u00fc\u015fterilerinize pratikli\u011fi \u00e7a\u011fda\u015f tasar\u0131mla birle\u015ftiren y\u00fcksek kaliteli, talep g\u00f6ren bir \u00fcr\u00fcn sunun.<\/p>\n<p>Bu \u00e7ok y\u00f6nl\u00fc \u00fcr\u00fcnlerle bug\u00fcn konforunuza ve tarz\u0131n\u0131za yat\u0131r\u0131m yap\u0131n <b>Erkek Siyah Suni Deri Spor Ayakkab\u0131<\/b>, Hem yetenek hem de i\u015flev gerektiren her durum i\u00e7in m\u00fckemmeldir. Ger\u00e7ekten \u00f6ne \u00e7\u0131kan bir ayakkab\u0131ya sahip olmak varken daha az\u0131yla yetinmeyin.<\/p>","protected":false},"excerpt":{"rendered":"<ul>\n<li>Dayan\u0131kl\u0131l\u0131k ve \u015f\u0131k stil i\u00e7in birinci s\u0131n\u0131f suni deri d\u0131\u015f y\u00fczey.<\/li>\n<li>Rahat ve nefes alabilen kuma\u015f i\u00e7 k\u0131s\u0131m t\u00fcm g\u00fcn giyilebilirlik sa\u011flar.<\/li>\n<li>40, 41, 42, 43, 44, 45 erkek bedenlerinde mevcuttur.<\/li>\n<li>Kendine \u00f6zg\u00fc ge\u00e7i\u015fli ba\u011fc\u0131k sistemine sahip modern spor tasar\u0131m.<\/li>\n<li>Minimum 8 \u00e7ift sipari\u015f i\u00e7in toptan sat\u0131\u015f imkan\u0131.<\/li>\n<\/ul>","protected":false},"featured_media":6789,"template":"","meta":{"_acf_changed":false,"_uag_custom_page_level_css":"","site-sidebar-layout":"default","site-content-layout":"","ast-site-content-layout":"default","site-content-style":"default","site-sidebar-style":"default","ast-global-header-display":"","ast-banner-title-visibility":"","ast-main-header-display":"","ast-hfb-above-header-display":"","ast-hfb-below-header-display":"","ast-hfb-mobile-header-display":"","site-post-title":"","ast-breadcrumbs-content":"","ast-featured-img":"","footer-sml-layout":"","ast-disable-related-posts":"","theme-transparent-header-meta":"","adv-header-id-meta":"","stick-header-meta":"","header-above-stick-meta":"","header-main-stick-meta":"","header-below-stick-meta":"","astra-migrate-meta-layouts":"default","ast-page-background-enabled":"default","ast-page-background-meta":{"desktop":{"background-color":"var(--ast-global-color-4)","background-image":"","background-repeat":"repeat","background-position":"center center","background-size":"auto","background-attachment":"scroll","background-type":"","background-media":"","overlay-type":"","overlay-color":"","overlay-opacity":"","overlay-gradient":""},"tablet":{"background-color":"","background-image":"","background-repeat":"repeat","background-position":"center center","background-size":"auto","background-attachment":"scroll","background-type":"","background-media":"","overlay-type":"","overlay-color":"","overlay-opacity":"","overlay-gradient":""},"mobile":{"background-color":"","background-image":"","background-repeat":"repeat","background-position":"center center","background-size":"auto","background-attachment":"scroll","background-type":"","background-media":"","overlay-type":"","overlay-color":"","overlay-opacity":"","overlay-gradient":""}},"ast-content-background-meta":{"desktop":{"background-color":"var(--ast-global-color-5)","background-image":"","background-repeat":"repeat","background-position":"center center","background-size":"auto","background-attachment":"scroll","background-type":"","background-media":"","overlay-type":"","overlay-color":"","overlay-opacity":"","overlay-gradient":""},"tablet":{"background-color":"var(--ast-global-color-5)","background-image":"","background-repeat":"repeat","background-position":"center center","background-size":"auto","background-attachment":"scroll","background-type":"","background-media":"","overlay-type":"","overlay-color":"","overlay-opacity":"","overlay-gradient":""},"mobile":{"background-color":"var(--ast-global-color-5)","background-image":"","background-repeat":"repeat","background-position":"center center","background-size":"auto","background-attachment":"scroll","background-type":"","background-media":"","overlay-type":"","overlay-color":"","overlay-opacity":"","overlay-gradient":""}}},"product_brand":[],"product_cat":[430,1200,51],"product_tag":[1475,1120,449,222,1474,1446,1348,1470,1445,1458],"class_list":{"0":"post-8382","1":"product","2":"type-product","3":"status-publish","4":"has-post-thumbnail","6":"product_cat-men","7":"product_cat-mens-shoes-2","8":"product_cat-sports","9":"product_tag-athletic-footwear","10":"product_tag-black-sneakers","11":"product_tag-casual-shoes","12":"product_tag-comfortable-shoes","13":"product_tag-durable-sneakers","14":"product_tag-faux-leather-shoes","15":"product_tag-mens-fashion-sneakers","16":"product_tag-mens-running-shoes","17":"product_tag-mens-sports-shoes","18":"product_tag-wholesale-sports-shoes","19":"desktop-align-center","20":"tablet-align-center","21":"mobile-align-center","23":"first","24":"instock","25":"shipping-taxable","26":"purchasable","27":"product-type-variable","28":"has-default-attributes"},"acf":[],"uagb_featured_image_src":{"full":["https:\/\/turkishtrade.co\/wp-content\/uploads\/2026\/01\/2600OYNMN00008-BLACK.png",453,250,false],"thumbnail":["https:\/\/turkishtrade.co\/wp-content\/uploads\/2026\/01\/2600OYNMN00008-BLACK-150x150.png",150,150,true],"medium":["https:\/\/turkishtrade.co\/wp-content\/uploads\/2026\/01\/2600OYNMN00008-BLACK-300x166.png",300,166,true],"medium_large":["https:\/\/turkishtrade.co\/wp-content\/uploads\/2026\/01\/2600OYNMN00008-BLACK.png",453,250,false],"large":["https:\/\/turkishtrade.co\/wp-content\/uploads\/2026\/01\/2600OYNMN00008-BLACK.png",453,250,false],"1536x1536":["https:\/\/turkishtrade.co\/wp-content\/uploads\/2026\/01\/2600OYNMN00008-BLACK.png",453,250,false],"2048x2048":["https:\/\/turkishtrade.co\/wp-content\/uploads\/2026\/01\/2600OYNMN00008-BLACK.png",453,250,false],"trp-custom-language-flag":["https:\/\/turkishtrade.co\/wp-content\/uploads\/2026\/01\/2600OYNMN00008-BLACK-18x10.png",18,10,true],"woocommerce_thumbnail":["https:\/\/turkishtrade.co\/wp-content\/uploads\/2026\/01\/2600OYNMN00008-BLACK-400x250.png",400,250,true],"woocommerce_single":["https:\/\/turkishtrade.co\/wp-content\/uploads\/2026\/01\/2600OYNMN00008-BLACK.png",453,250,false],"woocommerce_gallery_thumbnail":["https:\/\/turkishtrade.co\/wp-content\/uploads\/2026\/01\/2600OYNMN00008-BLACK-100x100.png",100,100,true]},"uagb_author_info":{"display_name":"python python","author_link":"https:\/\/turkishtrade.co\/tr\/author\/"},"uagb_comment_info":0,"uagb_excerpt":"Premium faux leather exterior for durability and sleek style. Comfortable and breathable fabric interior ensures all-day wearability. Available in men's sizes 40, 41, 42, 43, 44, 45. Modern sports design with distinctive toggle lacing system. Wholesale availability for minimum orders of 8 pairs.","_links":{"self":[{"href":"https:\/\/turkishtrade.co\/tr\/wp-json\/wp\/v2\/product\/8382","targetHints":{"allow":["GET"]}}],"collection":[{"href":"https:\/\/turkishtrade.co\/tr\/wp-json\/wp\/v2\/product"}],"about":[{"href":"https:\/\/turkishtrade.co\/tr\/wp-json\/wp\/v2\/types\/product"}],"wp:featuredmedia":[{"embeddable":true,"href":"https:\/\/turkishtrade.co\/tr\/wp-json\/wp\/v2\/media\/6789"}],"wp:attachment":[{"href":"https:\/\/turkishtrade.co\/tr\/wp-json\/wp\/v2\/media?parent=8382"}],"wp:term":[{"taxonomy":"product_brand","embeddable":true,"href":"https:\/\/turkishtrade.co\/tr\/wp-json\/wp\/v2\/product_brand?post=8382"},{"taxonomy":"product_cat","embeddable":true,"href":"https:\/\/turkishtrade.co\/tr\/wp-json\/wp\/v2\/product_cat?post=8382"},{"taxonomy":"product_tag","embeddable":true,"href":"https:\/\/turkishtrade.co\/tr\/wp-json\/wp\/v2\/product_tag?post=8382"}],"curies":[{"name":"wp","href":"https:\/\/api.w.org\/{rel}","templated":true}]}}