{"id":8381,"date":"2026-01-29T14:49:53","date_gmt":"2026-01-29T14:49:53","guid":{"rendered":"https:\/\/turkishtrade.co\/?post_type=product&#038;p=8381"},"modified":"2026-04-09T20:27:13","modified_gmt":"2026-04-09T20:27:13","slug":"mens-faux-leather-sports-shoes-6","status":"publish","type":"product","link":"https:\/\/turkishtrade.co\/tr\/shop\/mens-faux-leather-sports-shoes-6\/","title":{"rendered":"Erkek Suni Deri Spor Ayakkab\u0131 Exclusive | Erkek Siyah Suni Deri Spor"},"content":{"rendered":"<p><strong>Erkek Suni Deri Spor Ayakkab\u0131<\/strong>. \u00d6zel kalite ve tasar\u0131m.<\/p>\n<p>En yeni koleksiyonumuzla benzersiz konfor ve stile ad\u0131m at\u0131n <strong>Erkek Siyah Suni Deri Spor Ayakkab\u0131<\/strong>. Modern erkekler i\u00e7in tasarlanan bu spor ayakkab\u0131lar, \u015f\u0131k esteti\u011fi pratik i\u015flevsellikle m\u00fckemmel bir \u015fekilde harmanl\u0131yor. \u0130ster spor salonuna gidin, ister g\u00fcndelik bir gezintiye \u00e7\u0131k\u0131n ya da sadece g\u00fcnl\u00fck rahat bir ayakkab\u0131 ar\u0131yor olun, bu <strong>Erkek Suni Deri Spor Ayakkab\u0131<\/strong> ideal se\u00e7iminizdir. Birinci s\u0131n\u0131f suni deri d\u0131\u015f y\u00fczeyle \u00fcretilen bu ayakkab\u0131lar, temizlenmesi ve bak\u0131m\u0131 kolay, sofistike ancak sa\u011flam bir \u00e7ekicilik sunarak ayakkab\u0131n\u0131z\u0131n her zaman en iyi \u015fekilde g\u00f6r\u00fcnmesini sa\u011flar. \u00c7ok y\u00f6nl\u00fc siyah rengi, bu ayakkab\u0131lar\u0131 her gard\u0131rop i\u00e7in zahmetsiz bir eklenti haline getirir. <strong>Erkek Siyah Suni Deri Spor Ayakkab\u0131<\/strong> farkl\u0131 stil i\u00e7in ger\u00e7ekten gerekli.<\/p>\n<h3>Rakipsiz Konfor ve Dayan\u0131kl\u0131l\u0131k<\/h3>\n<p>Bu spor ayakkab\u0131lar\u0131n \u00f6zenli tasar\u0131m\u0131 sayesinde her ad\u0131mda \u00fcst\u00fcn konforu ya\u015fay\u0131n. \u0130\u00e7 k\u0131sm\u0131 maksimum hava sirk\u00fclasyonu sa\u011flayan yumu\u015fak, nefes alabilen bir kuma\u015fla kapl\u0131d\u0131r ve ayaklar\u0131n\u0131z\u0131 g\u00fcn boyunca ferah ve rahat tutar. \u00d6ne \u00e7\u0131kan \u00f6zelli\u011fi, m\u00fckemmel \u015fok emilimi ve esnekli\u011fi ile tan\u0131nan geli\u015fmi\u015f TPU taban\u0131d\u0131r. Bu dayan\u0131kl\u0131 TPU taban, ola\u011fan\u00fcst\u00fc kavrama ve destek sa\u011flayarak bu ayakkab\u0131lar\u0131 <strong>Erkek Suni Deri Spor Ayakkab\u0131<\/strong> \u00e7e\u015fitli y\u00fczeyler ve aktiviteler i\u00e7in uygundur. Hafif ko\u015fulardan uzun s\u00fcre ayakta kalmaya kadar, ayaklar\u0131n\u0131z bu spor ayakkab\u0131lar\u0131n sa\u011flad\u0131\u011f\u0131 yast\u0131klama ve denge i\u00e7in size te\u015fekk\u00fcr edecek, yorgunlu\u011fu azaltacak ve g\u00fcnl\u00fck aktivitelerinizi geli\u015ftirecektir.<\/p>\n<h3>Her Durum \u0130\u00e7in \u015e\u0131k Tasar\u0131m<\/h3>\n<p>Siyah spor ayakkab\u0131lar\u0131m\u0131z i\u015flevsel olman\u0131n \u00f6tesinde \u00e7a\u011fda\u015f bir stilin ifadesidir. \u015e\u0131k siyah suni deri malzeme, ince tasar\u0131m unsurlar\u0131yla tamamlanarak spor k\u0131yafetler, kot pantolonlar ve hatta \u015f\u0131k g\u00fcndelik k\u0131yafetlerle e\u015fle\u015ftirilebilecek kadar \u00e7ok y\u00f6nl\u00fc hale getirilmi\u015ftir. T\u0131knaz ama zarif silueti modaya uygundur ve nereye giderseniz gidin \u015f\u0131k g\u00f6r\u00fcnmenizi sa\u011flar. Bunlar <strong>Erkek Suni Deri Spor Ayakkab\u0131<\/strong> 40'tan 44'e kadar \u00e7e\u015fitli pop\u00fcler bedenlerde mevcuttur ve geni\u015f bir kitle i\u00e7in m\u00fckemmel bir uyum sa\u011flar. Rahatl\u0131k ve modadan \u00f6d\u00fcn vermeyen ayakkab\u0131larla g\u00fcnl\u00fck g\u00f6r\u00fcn\u00fcm\u00fcn\u00fcz\u00fc y\u00fckseltin, bu ola\u011fan\u00fcst\u00fc ayakkab\u0131lar\u0131 se\u00e7in <strong>Erkek Siyah Suni Deri Spor Ayakkab\u0131<\/strong> bir \u00e7ift olarak d\u00fc\u015f\u00fcnebilirsiniz.<\/p>\n<h3>\u0130\u015fletmeler i\u00e7in Toptan Sat\u0131\u015f F\u0131rsat\u0131<\/h3>\n<p>Perakendeciler ve i\u015fletmeler i\u00e7in bu y\u00fcksek kaliteli <strong>Erkek Suni Deri Spor Ayakkab\u0131<\/strong> m\u00fckemmel bir toptan sat\u0131\u015f f\u0131rsat\u0131n\u0131 temsil eder. Yaln\u0131zca 8 \u00e7iftlik minimum sipari\u015f miktar\u0131yla, geni\u015f bir m\u00fc\u015fteri taban\u0131na hitap eden pop\u00fcler bir \u00fcr\u00fcn\u00fc kolayca stoklayabilirsiniz. M\u00fc\u015fterilerinize dayan\u0131kl\u0131l\u0131k, konfor ve son teknoloji stili bir araya getiren ve her ayakkab\u0131 koleksiyonu i\u00e7in sahip olunmas\u0131 gereken bir \u00fcr\u00fcn sunun. Kaliteye olan ba\u011fl\u0131l\u0131\u011f\u0131m\u0131z, m\u00fc\u015fterilerinizin daha fazlas\u0131 i\u00e7in geri gelmesini sa\u011flayacak birinci s\u0131n\u0131f bir \u00fcr\u00fcn alman\u0131z\u0131 sa\u011flar. Her ayakkab\u0131 koleksiyonu i\u00e7in ger\u00e7ekten de\u011ferli bir eklenti olan bu temel erkek spor ayakkab\u0131lar\u0131yla envanterinizi bug\u00fcn y\u00fckseltin. En iyisi i\u00e7in bizimle ortak olun <strong>Erkek Suni Deri Spor Ayakkab\u0131<\/strong> piyasada!<\/p>","protected":false},"excerpt":{"rendered":"<ul>\n<li>Modern ve \u015f\u0131k bir g\u00f6r\u00fcn\u00fcm i\u00e7in \u015f\u0131k siyah suni deri d\u0131\u015f y\u00fczey.<\/li>\n<li>Nefes alabilen kuma\u015f astar g\u00fcn boyu konfor ve ferahl\u0131k sa\u011flar.<\/li>\n<li>Geli\u015fmi\u015f TPU taban \u00fcst\u00fcn kavrama, yast\u0131klama ve dayan\u0131kl\u0131l\u0131k sa\u011flar.<\/li>\n<li>Pop\u00fcler erkek bedenlerinde mevcuttur: 40, 41, 42, 43, 44.<\/li>\n<li>Minimum Sipari\u015f Miktar\u0131: 8 \u00e7ift, perakendeciler i\u00e7in ideal.<\/li>\n<li>Toplu al\u0131mlar i\u00e7in toptan fiyatland\u0131rma mevcuttur.<\/li>\n<\/ul>","protected":false},"featured_media":6836,"template":"","meta":{"_acf_changed":false,"_uag_custom_page_level_css":"","site-sidebar-layout":"default","site-content-layout":"","ast-site-content-layout":"default","site-content-style":"default","site-sidebar-style":"default","ast-global-header-display":"","ast-banner-title-visibility":"","ast-main-header-display":"","ast-hfb-above-header-display":"","ast-hfb-below-header-display":"","ast-hfb-mobile-header-display":"","site-post-title":"","ast-breadcrumbs-content":"","ast-featured-img":"","footer-sml-layout":"","ast-disable-related-posts":"","theme-transparent-header-meta":"","adv-header-id-meta":"","stick-header-meta":"","header-above-stick-meta":"","header-main-stick-meta":"","header-below-stick-meta":"","astra-migrate-meta-layouts":"default","ast-page-background-enabled":"default","ast-page-background-meta":{"desktop":{"background-color":"var(--ast-global-color-4)","background-image":"","background-repeat":"repeat","background-position":"center center","background-size":"auto","background-attachment":"scroll","background-type":"","background-media":"","overlay-type":"","overlay-color":"","overlay-opacity":"","overlay-gradient":""},"tablet":{"background-color":"","background-image":"","background-repeat":"repeat","background-position":"center center","background-size":"auto","background-attachment":"scroll","background-type":"","background-media":"","overlay-type":"","overlay-color":"","overlay-opacity":"","overlay-gradient":""},"mobile":{"background-color":"","background-image":"","background-repeat":"repeat","background-position":"center center","background-size":"auto","background-attachment":"scroll","background-type":"","background-media":"","overlay-type":"","overlay-color":"","overlay-opacity":"","overlay-gradient":""}},"ast-content-background-meta":{"desktop":{"background-color":"var(--ast-global-color-5)","background-image":"","background-repeat":"repeat","background-position":"center center","background-size":"auto","background-attachment":"scroll","background-type":"","background-media":"","overlay-type":"","overlay-color":"","overlay-opacity":"","overlay-gradient":""},"tablet":{"background-color":"var(--ast-global-color-5)","background-image":"","background-repeat":"repeat","background-position":"center center","background-size":"auto","background-attachment":"scroll","background-type":"","background-media":"","overlay-type":"","overlay-color":"","overlay-opacity":"","overlay-gradient":""},"mobile":{"background-color":"var(--ast-global-color-5)","background-image":"","background-repeat":"repeat","background-position":"center center","background-size":"auto","background-attachment":"scroll","background-type":"","background-media":"","overlay-type":"","overlay-color":"","overlay-opacity":"","overlay-gradient":""}}},"product_brand":[],"product_cat":[430,1200,51],"product_tag":[1464,1525,1449,1474,1446,1448,1526,1445,1521,281],"class_list":{"0":"post-8381","1":"product","2":"type-product","3":"status-publish","4":"has-post-thumbnail","6":"product_cat-men","7":"product_cat-mens-shoes-2","8":"product_cat-sports","9":"product_tag-black-trainers","10":"product_tag-casual-sports-shoes","11":"product_tag-comfortable-sports-shoes","12":"product_tag-durable-sneakers","13":"product_tag-faux-leather-shoes","14":"product_tag-mens-athletic-footwear","15":"product_tag-mens-fashion-trainers","16":"product_tag-mens-sports-shoes","17":"product_tag-tpu-sole-shoes","18":"product_tag-wholesale-shoes","19":"desktop-align-center","20":"tablet-align-center","21":"mobile-align-center","23":"first","24":"instock","25":"shipping-taxable","26":"purchasable","27":"product-type-variable","28":"has-default-attributes"},"acf":[],"uagb_featured_image_src":{"full":["https:\/\/turkishtrade.co\/wp-content\/uploads\/2026\/01\/2600OYNMN00007-BLACK.png",453,250,false],"thumbnail":["https:\/\/turkishtrade.co\/wp-content\/uploads\/2026\/01\/2600OYNMN00007-BLACK-150x150.png",150,150,true],"medium":["https:\/\/turkishtrade.co\/wp-content\/uploads\/2026\/01\/2600OYNMN00007-BLACK-300x166.png",300,166,true],"medium_large":["https:\/\/turkishtrade.co\/wp-content\/uploads\/2026\/01\/2600OYNMN00007-BLACK.png",453,250,false],"large":["https:\/\/turkishtrade.co\/wp-content\/uploads\/2026\/01\/2600OYNMN00007-BLACK.png",453,250,false],"1536x1536":["https:\/\/turkishtrade.co\/wp-content\/uploads\/2026\/01\/2600OYNMN00007-BLACK.png",453,250,false],"2048x2048":["https:\/\/turkishtrade.co\/wp-content\/uploads\/2026\/01\/2600OYNMN00007-BLACK.png",453,250,false],"trp-custom-language-flag":["https:\/\/turkishtrade.co\/wp-content\/uploads\/2026\/01\/2600OYNMN00007-BLACK-18x10.png",18,10,true],"woocommerce_thumbnail":["https:\/\/turkishtrade.co\/wp-content\/uploads\/2026\/01\/2600OYNMN00007-BLACK-400x250.png",400,250,true],"woocommerce_single":["https:\/\/turkishtrade.co\/wp-content\/uploads\/2026\/01\/2600OYNMN00007-BLACK.png",453,250,false],"woocommerce_gallery_thumbnail":["https:\/\/turkishtrade.co\/wp-content\/uploads\/2026\/01\/2600OYNMN00007-BLACK-100x100.png",100,100,true]},"uagb_author_info":{"display_name":"python python","author_link":"https:\/\/turkishtrade.co\/tr\/author\/"},"uagb_comment_info":0,"uagb_excerpt":"Stylish black faux leather exterior for a modern, sleek look. Breathable fabric lining ensures all-day comfort and freshness. Advanced TPU sole provides superior grip, cushioning, and durability. Available in popular men's sizes: 40, 41, 42, 43, 44. Minimum Order Quantity: 8 pairs, ideal for retailers. Wholesale pricing available for bulk purchases.","_links":{"self":[{"href":"https:\/\/turkishtrade.co\/tr\/wp-json\/wp\/v2\/product\/8381","targetHints":{"allow":["GET"]}}],"collection":[{"href":"https:\/\/turkishtrade.co\/tr\/wp-json\/wp\/v2\/product"}],"about":[{"href":"https:\/\/turkishtrade.co\/tr\/wp-json\/wp\/v2\/types\/product"}],"wp:featuredmedia":[{"embeddable":true,"href":"https:\/\/turkishtrade.co\/tr\/wp-json\/wp\/v2\/media\/6836"}],"wp:attachment":[{"href":"https:\/\/turkishtrade.co\/tr\/wp-json\/wp\/v2\/media?parent=8381"}],"wp:term":[{"taxonomy":"product_brand","embeddable":true,"href":"https:\/\/turkishtrade.co\/tr\/wp-json\/wp\/v2\/product_brand?post=8381"},{"taxonomy":"product_cat","embeddable":true,"href":"https:\/\/turkishtrade.co\/tr\/wp-json\/wp\/v2\/product_cat?post=8381"},{"taxonomy":"product_tag","embeddable":true,"href":"https:\/\/turkishtrade.co\/tr\/wp-json\/wp\/v2\/product_tag?post=8381"}],"curies":[{"name":"wp","href":"https:\/\/api.w.org\/{rel}","templated":true}]}}