{"id":8380,"date":"2026-01-29T14:49:52","date_gmt":"2026-01-29T14:49:52","guid":{"rendered":"https:\/\/turkishtrade.co\/?post_type=product&#038;p=8380"},"modified":"2026-04-09T20:27:19","modified_gmt":"2026-04-09T20:27:19","slug":"mens-faux-leather-sports-shoes-4","status":"publish","type":"product","link":"https:\/\/turkishtrade.co\/tr\/shop\/mens-faux-leather-sports-shoes-4\/","title":{"rendered":"Erkek Suni Deri Spor Ayakkab\u0131 Incredible | Erkek Bej Suni Deri Spor"},"content":{"rendered":"<p><strong>Erkek Suni Deri Spor Ayakkab\u0131<\/strong>. \u0130nan\u0131lmaz kalite ve tasar\u0131m.<\/p>\n<p>G\u00fcnl\u00fck stilinizi ve konforunuzu birinci s\u0131n\u0131f \u00fcr\u00fcnlerimizle y\u00fckseltin <b>Erkek Suni Deri Spor Ayakkab\u0131<\/b>. Modern erkek i\u00e7in tasarlanan bu ola\u011fan\u00fcst\u00fc <b>erkek suni\u0307 deri\u0307 spor ayakkabi<\/b> \u00e7a\u011fda\u015f esteti\u011fi sa\u011flam i\u015flevsellikle kusursuz bir \u015fekilde harmanl\u0131yor. Nefes alabilen kuma\u015f i\u00e7 k\u0131s\u0131mla tamamlanan sofistike suni deri d\u0131\u015f y\u00fczeyle \u00fcretilen bu <b>erkek suni\u0307 deri\u0307 spor ayakkabi<\/b> ayaklar\u0131n\u0131z i\u00e7in hem dayan\u0131kl\u0131l\u0131k hem de g\u00fcn boyu konfor sa\u011flar.<\/p>\n<h3>Rakipsiz Tasar\u0131m ve Konfor<\/h3>\n<p>Bizim <b>Erkek Suni Deri Spor Ayakkab\u0131<\/b> kendine \u00f6zg\u00fc tasar\u0131m\u0131yla \u00f6ne \u00e7\u0131kar. EU 40-44 bedenlerde mevcut olan \u015f\u0131k bej saya, \u00e7e\u015fitli g\u00fcndelik ve yar\u0131 sportif k\u0131yafetlerle zahmetsizce e\u015fle\u015fen \u00e7ok y\u00f6nl\u00fc bir g\u00f6r\u00fcn\u00fcm sunar. Ancak oyunun kurallar\u0131n\u0131 as\u0131l de\u011fi\u015ftiren yenilik\u00e7i TPU taban\u0131d\u0131r. Bu geli\u015fmi\u015f taban teknolojisi, \u00fcst\u00fcn \u015fok emilimi, ola\u011fan\u00fcst\u00fc kavrama ve ola\u011fan\u00fcst\u00fc esneklik sa\u011flayarak bu ayakkab\u0131lar\u0131 <b>erkek suni\u0307 deri\u0307 spor ayakkabi<\/b> uzun s\u00fcreli kullan\u0131m ve hafif atletik aktiviteler i\u00e7in idealdir. Her ad\u0131mda yast\u0131klama ve destek hissi vererek y\u00fcr\u00fcy\u00fc\u015f deneyiminizi d\u00f6n\u00fc\u015ft\u00fcr\u00fcr.<\/p>\n<p>D\u00fc\u015f\u00fcnceli yap\u0131s\u0131, hava sirk\u00fclasyonunu destekleyen ve uzun s\u00fcreli kullan\u0131mda bile ayaklar\u0131n\u0131z\u0131 serin ve rahat tutan bir i\u00e7 kuma\u015f astar i\u00e7erir. Suni deri d\u0131\u015f y\u00fczey sadece sofistike bir dokunu\u015f katmakla kalmaz, ayn\u0131 zamanda a\u015f\u0131nma ve y\u0131pranmaya kar\u015f\u0131 m\u00fckemmel diren\u00e7 sa\u011flayarak aya\u011f\u0131n\u0131z\u0131n <b>erkek suni\u0307 deri\u0307 spor ayakkabi<\/b> zaman i\u00e7inde bozulmam\u0131\u015f g\u00f6r\u00fcn\u00fcmlerini korurlar.<\/p>\n<h3>\u0130deal Toptan Sat\u0131\u015f F\u0131rsat\u0131n\u0131z<\/h3>\n<p>Y\u00fcksek kaliteli ayakkab\u0131 arayan perakendeciler ve i\u015fletmeler i\u00e7in bu <b>Erkek Suni Deri Spor Ayakkab\u0131<\/b> ola\u011fan\u00fcst\u00fc bir f\u0131rsat\u0131 temsil ediyor. Sadece 8 \u00e7iftlik minimum sipari\u015f miktar\u0131yla rekabet\u00e7i toptan fiyatland\u0131rma sunuyoruz, bu da pop\u00fcler talep vaat eden bir \u00fcr\u00fcn\u00fc kolayca stoklaman\u0131za olanak tan\u0131yor. M\u00fc\u015fterilerinize stil, konfor ve dayan\u0131kl\u0131l\u0131\u011f\u0131n bir kar\u0131\u015f\u0131m\u0131n\u0131 sunun. <b>erkek suni\u0307 deri\u0307 spor ayakkabi<\/b> piyasada ayr\u0131 bir yere sahiptir. Bu temel unsurlar\u0131 eklemeyi ka\u00e7\u0131rmay\u0131n <b>erkek suni\u0307 deri\u0307 spor ayakkabi<\/b> koleksiyonunuza.<\/p>","protected":false},"excerpt":{"rendered":"<ul>\n<li>Nefes alabilen kuma\u015f i\u00e7 k\u0131s\u0131m ile birinci s\u0131n\u0131f suni deri d\u0131\u015f y\u00fczey<\/li>\n<li>\u00dcst\u00fcn konfor, kavrama ve esneklik i\u00e7in yenilik\u00e7i TPU taban<\/li>\n<li>AB 40, 41, 42, 43, 44 bedenlerde mevcuttur<\/li>\n<li>Spor ve g\u00fcndelik giyime uygun \u015f\u0131k bej tasar\u0131m<\/li>\n<li>Minimum 8 \u00e7ift sipari\u015f ile toptan sat\u0131\u015f mevcuttur<\/li>\n<\/ul>","protected":false},"featured_media":6834,"template":"","meta":{"_acf_changed":false,"_uag_custom_page_level_css":"","site-sidebar-layout":"default","site-content-layout":"","ast-site-content-layout":"default","site-content-style":"default","site-sidebar-style":"default","ast-global-header-display":"","ast-banner-title-visibility":"","ast-main-header-display":"","ast-hfb-above-header-display":"","ast-hfb-below-header-display":"","ast-hfb-mobile-header-display":"","site-post-title":"","ast-breadcrumbs-content":"","ast-featured-img":"","footer-sml-layout":"","ast-disable-related-posts":"","theme-transparent-header-meta":"","adv-header-id-meta":"","stick-header-meta":"","header-above-stick-meta":"","header-main-stick-meta":"","header-below-stick-meta":"","astra-migrate-meta-layouts":"default","ast-page-background-enabled":"default","ast-page-background-meta":{"desktop":{"background-color":"var(--ast-global-color-4)","background-image":"","background-repeat":"repeat","background-position":"center center","background-size":"auto","background-attachment":"scroll","background-type":"","background-media":"","overlay-type":"","overlay-color":"","overlay-opacity":"","overlay-gradient":""},"tablet":{"background-color":"","background-image":"","background-repeat":"repeat","background-position":"center center","background-size":"auto","background-attachment":"scroll","background-type":"","background-media":"","overlay-type":"","overlay-color":"","overlay-opacity":"","overlay-gradient":""},"mobile":{"background-color":"","background-image":"","background-repeat":"repeat","background-position":"center center","background-size":"auto","background-attachment":"scroll","background-type":"","background-media":"","overlay-type":"","overlay-color":"","overlay-opacity":"","overlay-gradient":""}},"ast-content-background-meta":{"desktop":{"background-color":"var(--ast-global-color-5)","background-image":"","background-repeat":"repeat","background-position":"center center","background-size":"auto","background-attachment":"scroll","background-type":"","background-media":"","overlay-type":"","overlay-color":"","overlay-opacity":"","overlay-gradient":""},"tablet":{"background-color":"var(--ast-global-color-5)","background-image":"","background-repeat":"repeat","background-position":"center center","background-size":"auto","background-attachment":"scroll","background-type":"","background-media":"","overlay-type":"","overlay-color":"","overlay-opacity":"","overlay-gradient":""},"mobile":{"background-color":"var(--ast-global-color-5)","background-image":"","background-repeat":"repeat","background-position":"center center","background-size":"auto","background-attachment":"scroll","background-type":"","background-media":"","overlay-type":"","overlay-color":"","overlay-opacity":"","overlay-gradient":""}}},"product_brand":[],"product_cat":[430,1200,51],"product_tag":[1463,423,216,1467,982,1462,969,1445,1521,281],"class_list":{"0":"post-8380","1":"product","2":"type-product","3":"status-publish","4":"has-post-thumbnail","6":"product_cat-men","7":"product_cat-mens-shoes-2","8":"product_cat-sports","9":"product_tag-athletic-shoes","10":"product_tag-beige-mens-shoes","11":"product_tag-casual-sneakers","12":"product_tag-comfortable-trainers","13":"product_tag-durable-footwear","14":"product_tag-faux-leather-sneakers","15":"product_tag-mens-fashion-shoes","16":"product_tag-mens-sports-shoes","17":"product_tag-tpu-sole-shoes","18":"product_tag-wholesale-shoes","19":"desktop-align-center","20":"tablet-align-center","21":"mobile-align-center","23":"first","24":"instock","25":"shipping-taxable","26":"purchasable","27":"product-type-variable","28":"has-default-attributes"},"acf":[],"uagb_featured_image_src":{"full":["https:\/\/turkishtrade.co\/wp-content\/uploads\/2026\/01\/2600OYNMN00006-BEIGE.png",453,250,false],"thumbnail":["https:\/\/turkishtrade.co\/wp-content\/uploads\/2026\/01\/2600OYNMN00006-BEIGE-150x150.png",150,150,true],"medium":["https:\/\/turkishtrade.co\/wp-content\/uploads\/2026\/01\/2600OYNMN00006-BEIGE-300x166.png",300,166,true],"medium_large":["https:\/\/turkishtrade.co\/wp-content\/uploads\/2026\/01\/2600OYNMN00006-BEIGE.png",453,250,false],"large":["https:\/\/turkishtrade.co\/wp-content\/uploads\/2026\/01\/2600OYNMN00006-BEIGE.png",453,250,false],"1536x1536":["https:\/\/turkishtrade.co\/wp-content\/uploads\/2026\/01\/2600OYNMN00006-BEIGE.png",453,250,false],"2048x2048":["https:\/\/turkishtrade.co\/wp-content\/uploads\/2026\/01\/2600OYNMN00006-BEIGE.png",453,250,false],"trp-custom-language-flag":["https:\/\/turkishtrade.co\/wp-content\/uploads\/2026\/01\/2600OYNMN00006-BEIGE-18x10.png",18,10,true],"woocommerce_thumbnail":["https:\/\/turkishtrade.co\/wp-content\/uploads\/2026\/01\/2600OYNMN00006-BEIGE-400x250.png",400,250,true],"woocommerce_single":["https:\/\/turkishtrade.co\/wp-content\/uploads\/2026\/01\/2600OYNMN00006-BEIGE.png",453,250,false],"woocommerce_gallery_thumbnail":["https:\/\/turkishtrade.co\/wp-content\/uploads\/2026\/01\/2600OYNMN00006-BEIGE-100x100.png",100,100,true]},"uagb_author_info":{"display_name":"python python","author_link":"https:\/\/turkishtrade.co\/tr\/author\/"},"uagb_comment_info":0,"uagb_excerpt":"Premium faux leather exterior with breathable fabric interior Innovative TPU sole for superior comfort, grip, and flexibility Available in sizes EU 40, 41, 42, 43, 44 Stylish beige design suitable for sports and casual wear Wholesale available with a minimum order of 8 pairs","_links":{"self":[{"href":"https:\/\/turkishtrade.co\/tr\/wp-json\/wp\/v2\/product\/8380","targetHints":{"allow":["GET"]}}],"collection":[{"href":"https:\/\/turkishtrade.co\/tr\/wp-json\/wp\/v2\/product"}],"about":[{"href":"https:\/\/turkishtrade.co\/tr\/wp-json\/wp\/v2\/types\/product"}],"wp:featuredmedia":[{"embeddable":true,"href":"https:\/\/turkishtrade.co\/tr\/wp-json\/wp\/v2\/media\/6834"}],"wp:attachment":[{"href":"https:\/\/turkishtrade.co\/tr\/wp-json\/wp\/v2\/media?parent=8380"}],"wp:term":[{"taxonomy":"product_brand","embeddable":true,"href":"https:\/\/turkishtrade.co\/tr\/wp-json\/wp\/v2\/product_brand?post=8380"},{"taxonomy":"product_cat","embeddable":true,"href":"https:\/\/turkishtrade.co\/tr\/wp-json\/wp\/v2\/product_cat?post=8380"},{"taxonomy":"product_tag","embeddable":true,"href":"https:\/\/turkishtrade.co\/tr\/wp-json\/wp\/v2\/product_tag?post=8380"}],"curies":[{"name":"wp","href":"https:\/\/api.w.org\/{rel}","templated":true}]}}