{"id":8379,"date":"2026-01-29T14:49:52","date_gmt":"2026-01-29T14:49:52","guid":{"rendered":"https:\/\/turkishtrade.co\/?post_type=product&#038;p=8379"},"modified":"2026-04-09T20:27:25","modified_gmt":"2026-04-09T20:27:25","slug":"mens-black-faux-leather-sports-shoes-3","status":"publish","type":"product","link":"https:\/\/turkishtrade.co\/tr\/shop\/mens-black-faux-leather-sports-shoes-3\/","title":{"rendered":"Erkek Siyah Suni Deri Spor Ayakkab\u0131 Sensational"},"content":{"rendered":"<p><strong>Erkek Siyah Suni Deri Spor Ayakkab\u0131<\/strong>. Sansasyonel kalite ve tasar\u0131m.<\/p>\n<p>\u00d6zel \u00fcr\u00fcnlerimizle benzersiz konfora ve modern stile ad\u0131m at\u0131n <b>Erkek Siyah Suni Deri Spor Ayakkab\u0131<\/b>. Dinamik bireyler i\u00e7in tasarlanan bu ayakkab\u0131lar, sa\u011flam dayan\u0131kl\u0131l\u0131\u011f\u0131 \u00e7a\u011fda\u015f estetikle kusursuz bir \u015fekilde harmanl\u0131yor. Yumu\u015fak, nefes alabilen kuma\u015f i\u00e7 k\u0131s\u0131mla e\u015fle\u015ftirilmi\u015f \u015f\u0131k suni deri d\u0131\u015f y\u00fczeye sahip bu <b>Erkek Siyah Suni Deri Spor Ayakkab\u0131<\/b> her aktif yolculuk i\u00e7in ideal bir esneklik ve giyilebilirlik kombinasyonu sunar. Bu ayakkab\u0131lar sadece bir ayakkab\u0131 de\u011fildir; aktif ya\u015fam tarz\u0131n\u0131z\u0131n bir uzant\u0131s\u0131d\u0131r ve sabah i\u015fe gidi\u015f geli\u015flerinizden ak\u015fam antrenmanlar\u0131n\u0131za kadar rahat etmenizi ve \u015f\u0131k g\u00f6r\u00fcnmenizi sa\u011flar. Bu ayakkab\u0131lar\u0131n minimalist ama cesur tasar\u0131m\u0131 <b>Erkek Siyah Suni Deri Spor Ayakkab\u0131<\/b> onlar\u0131 her gard\u0131ropta \u00e7ok y\u00f6nl\u00fc bir elyaf haline getirir.<\/p>\n<p>Bu istisnai \u00e7al\u0131\u015fmalar\u0131n temeli <b>Erkek Siyah Suni Deri Spor Ayakkab\u0131<\/b> geli\u015fmi\u015f TPU taban\u0131nda yatmaktad\u0131r. Bu yenilik\u00e7i taban teknolojisi \u00fcst\u00fcn \u015fok emilimi sa\u011flayarak ister spor salonuna gidin, ister ko\u015fuya \u00e7\u0131k\u0131n ya da \u015fehrin sokaklar\u0131nda gezinin, her ad\u0131mda duyarl\u0131 bir yast\u0131klama sunar. Dayan\u0131kl\u0131 TPU malzeme m\u00fckemmel tutu\u015f ve uzun s\u00fcreli a\u015f\u0131nma sa\u011flayarak bu ayakkab\u0131lar\u0131 <b>Erkek Siyah Suni Deri Spor Ayakkab\u0131<\/b> t\u00fcm aktiviteleriniz i\u00e7in g\u00fcvenilir bir yol arkada\u015f\u0131. \u0130\u00e7 kuma\u015f astar i\u00e7eren \u00f6zenli yap\u0131, optimum nefes alabilirlik sa\u011flayarak ayaklar\u0131n\u0131z\u0131 t\u00fcm g\u00fcn boyunca serin ve rahat tutar. Att\u0131\u011f\u0131n\u0131z her ad\u0131mda destek ve esnekli\u011fin m\u00fckemmel kar\u0131\u015f\u0131m\u0131n\u0131 deneyimleyin.<\/p>\n<p>Performans\u0131n \u00f6tesinde, bunlar <b>Erkek Siyah Suni Deri Spor Ayakkab\u0131<\/b> her k\u0131yafeti zahmetsizce tamamlayan \u00e7ok y\u00f6nl\u00fc tamamen siyah bir tasar\u0131ma sahiptir. G\u00fcnl\u00fck spor k\u0131yafetlerden daha rahat g\u00fcnl\u00fck kombinlere kadar, \u015f\u0131k profili ve abart\u0131s\u0131z zarafeti ile m\u00fckemmel bir se\u00e7imdir. 40, 41, 42, 43 ve 44 dahil olmak \u00fczere kapsaml\u0131 bir beden yelpazesinde mevcut olan bu ayakkab\u0131larla m\u00fckemmel uyumunuzu bulmak kolayd\u0131r ve maksimum konfor sa\u011flar. Bu \u015f\u0131k ve i\u015flevsel ayakkab\u0131larla ayakkab\u0131 koleksiyonunuzu geli\u015ftirin <b>Erkek Siyah Suni Deri Spor Ayakkab\u0131<\/b>, Aktif ve modaya uygun ya\u015fam\u0131n\u0131z\u0131n taleplerini kar\u015f\u0131lamak i\u00e7in titizlikle \u00fcretilmi\u015ftir. Performans i\u00e7in \u00fcretilmi\u015f ve g\u00fcnl\u00fck kullan\u0131m i\u00e7in tasarlanan bu ayakkab\u0131lar, her zaman en iyi \u015fekilde g\u00f6r\u00fcnmenizi sa\u011flar.<\/p>\n<h3>Erkek Siyah Suni Deri Spor Ayakkab\u0131lar i\u00e7in Toptan Sat\u0131\u015f F\u0131rsatlar\u0131<\/h3>\n<p>Y\u00fcksek kaliteli, pop\u00fcler spor ayakkab\u0131lar\u0131n\u0131 stoklamak isteyen i\u015fletmeler i\u00e7in <b>Erkek Siyah Suni Deri Spor Ayakkab\u0131<\/b> m\u00fckemmel bir se\u00e7imdir. Minimum sipari\u015f miktar\u0131 sadece 8 \u00e7ift olan bu ayakkab\u0131lar, perakendecilerin m\u00fc\u015fterilerine \u00fcst\u00fcn stil ve konfor sunmalar\u0131 i\u00e7in harika bir f\u0131rsatt\u0131r. Bu pop\u00fcler ayakkab\u0131larla dayan\u0131kl\u0131 ve modaya uygun erkek spor ayakkab\u0131lar\u0131na olan talepten yararlan\u0131n <b>Erkek Siyah Suni Deri Spor Ayakkab\u0131<\/b>. M\u00fc\u015fterilerinize hem estetik \u00e7ekicili\u011fi hem de pratik i\u015flevselli\u011fi bir araya getiren ola\u011fan\u00fcst\u00fc de\u011ferli ve aranan \u00fcr\u00fcnler sunmak i\u00e7in bizimle i\u015f ortakl\u0131\u011f\u0131 yap\u0131n. Bu ayakkab\u0131lar\u0131n envanterinizde en \u00e7ok satanlar aras\u0131nda yer alaca\u011f\u0131ndan emin olabilirsiniz.<\/p>","protected":false},"excerpt":{"rendered":"<ul>\n<li>Modern bir estetik i\u00e7in \u015f\u0131k suni deri d\u0131\u015f y\u00fczey<\/li>\n<li>Rahat ve nefes alabilen kuma\u015f i\u00e7 astar<\/li>\n<li>\u00dcst\u00fcn \u015fok emilimi ve kavrama i\u00e7in geli\u015fmi\u015f TPU taban<\/li>\n<li>Bedenleri mevcuttur: 40, 41, 42, 43, 44<\/li>\n<li>Spor, g\u00fcndelik giyim ve g\u00fcnl\u00fck aktiviteler i\u00e7in ideal<\/li>\n<li>Minimum 8 \u00e7ift sipari\u015f ile toptan sat\u0131\u015f mevcuttur<\/li>\n<\/ul>","protected":false},"featured_media":6832,"template":"","meta":{"_acf_changed":false,"_uag_custom_page_level_css":"","site-sidebar-layout":"default","site-content-layout":"","ast-site-content-layout":"default","site-content-style":"default","site-sidebar-style":"default","ast-global-header-display":"","ast-banner-title-visibility":"","ast-main-header-display":"","ast-hfb-above-header-display":"","ast-hfb-below-header-display":"","ast-hfb-mobile-header-display":"","site-post-title":"","ast-breadcrumbs-content":"","ast-featured-img":"","footer-sml-layout":"","ast-disable-related-posts":"","theme-transparent-header-meta":"","adv-header-id-meta":"","stick-header-meta":"","header-above-stick-meta":"","header-main-stick-meta":"","header-below-stick-meta":"","astra-migrate-meta-layouts":"default","ast-page-background-enabled":"default","ast-page-background-meta":{"desktop":{"background-color":"var(--ast-global-color-4)","background-image":"","background-repeat":"repeat","background-position":"center center","background-size":"auto","background-attachment":"scroll","background-type":"","background-media":"","overlay-type":"","overlay-color":"","overlay-opacity":"","overlay-gradient":""},"tablet":{"background-color":"","background-image":"","background-repeat":"repeat","background-position":"center center","background-size":"auto","background-attachment":"scroll","background-type":"","background-media":"","overlay-type":"","overlay-color":"","overlay-opacity":"","overlay-gradient":""},"mobile":{"background-color":"","background-image":"","background-repeat":"repeat","background-position":"center center","background-size":"auto","background-attachment":"scroll","background-type":"","background-media":"","overlay-type":"","overlay-color":"","overlay-opacity":"","overlay-gradient":""}},"ast-content-background-meta":{"desktop":{"background-color":"var(--ast-global-color-5)","background-image":"","background-repeat":"repeat","background-position":"center center","background-size":"auto","background-attachment":"scroll","background-type":"","background-media":"","overlay-type":"","overlay-color":"","overlay-opacity":"","overlay-gradient":""},"tablet":{"background-color":"var(--ast-global-color-5)","background-image":"","background-repeat":"repeat","background-position":"center center","background-size":"auto","background-attachment":"scroll","background-type":"","background-media":"","overlay-type":"","overlay-color":"","overlay-opacity":"","overlay-gradient":""},"mobile":{"background-color":"var(--ast-global-color-5)","background-image":"","background-repeat":"repeat","background-position":"center center","background-size":"auto","background-attachment":"scroll","background-type":"","background-media":"","overlay-type":"","overlay-color":"","overlay-opacity":"","overlay-gradient":""}}},"product_brand":[],"product_cat":[430,1200,51],"product_tag":[1524,1475,1120,290,1446,198,1445,1451,452,281],"class_list":{"0":"post-8379","1":"product","2":"type-product","3":"status-publish","4":"has-post-thumbnail","6":"product_cat-men","7":"product_cat-mens-shoes-2","8":"product_cat-sports","9":"product_tag-active-shoes","10":"product_tag-athletic-footwear","11":"product_tag-black-sneakers","12":"product_tag-comfortable-mens-shoes","13":"product_tag-faux-leather-shoes","14":"product_tag-mens-fashion","15":"product_tag-mens-sports-shoes","16":"product_tag-modern-sneakers","17":"product_tag-tpu-sole","18":"product_tag-wholesale-shoes","19":"desktop-align-center","20":"tablet-align-center","21":"mobile-align-center","23":"first","24":"instock","25":"shipping-taxable","26":"purchasable","27":"product-type-variable","28":"has-default-attributes"},"acf":[],"uagb_featured_image_src":{"full":["https:\/\/turkishtrade.co\/wp-content\/uploads\/2026\/01\/2600OYNMN00005-BLACK.png",453,250,false],"thumbnail":["https:\/\/turkishtrade.co\/wp-content\/uploads\/2026\/01\/2600OYNMN00005-BLACK-150x150.png",150,150,true],"medium":["https:\/\/turkishtrade.co\/wp-content\/uploads\/2026\/01\/2600OYNMN00005-BLACK-300x166.png",300,166,true],"medium_large":["https:\/\/turkishtrade.co\/wp-content\/uploads\/2026\/01\/2600OYNMN00005-BLACK.png",453,250,false],"large":["https:\/\/turkishtrade.co\/wp-content\/uploads\/2026\/01\/2600OYNMN00005-BLACK.png",453,250,false],"1536x1536":["https:\/\/turkishtrade.co\/wp-content\/uploads\/2026\/01\/2600OYNMN00005-BLACK.png",453,250,false],"2048x2048":["https:\/\/turkishtrade.co\/wp-content\/uploads\/2026\/01\/2600OYNMN00005-BLACK.png",453,250,false],"trp-custom-language-flag":["https:\/\/turkishtrade.co\/wp-content\/uploads\/2026\/01\/2600OYNMN00005-BLACK-18x10.png",18,10,true],"woocommerce_thumbnail":["https:\/\/turkishtrade.co\/wp-content\/uploads\/2026\/01\/2600OYNMN00005-BLACK-400x250.png",400,250,true],"woocommerce_single":["https:\/\/turkishtrade.co\/wp-content\/uploads\/2026\/01\/2600OYNMN00005-BLACK.png",453,250,false],"woocommerce_gallery_thumbnail":["https:\/\/turkishtrade.co\/wp-content\/uploads\/2026\/01\/2600OYNMN00005-BLACK-100x100.png",100,100,true]},"uagb_author_info":{"display_name":"python python","author_link":"https:\/\/turkishtrade.co\/tr\/author\/"},"uagb_comment_info":0,"uagb_excerpt":"Sleek faux leather exterior for a modern aesthetic Comfortable and breathable fabric interior lining Advanced TPU sole for superior shock absorption and grip Available in sizes: 40, 41, 42, 43, 44 Ideal for sports, casual wear, and daily activities Wholesale available with a minimum order of 8 pairs","_links":{"self":[{"href":"https:\/\/turkishtrade.co\/tr\/wp-json\/wp\/v2\/product\/8379","targetHints":{"allow":["GET"]}}],"collection":[{"href":"https:\/\/turkishtrade.co\/tr\/wp-json\/wp\/v2\/product"}],"about":[{"href":"https:\/\/turkishtrade.co\/tr\/wp-json\/wp\/v2\/types\/product"}],"wp:featuredmedia":[{"embeddable":true,"href":"https:\/\/turkishtrade.co\/tr\/wp-json\/wp\/v2\/media\/6832"}],"wp:attachment":[{"href":"https:\/\/turkishtrade.co\/tr\/wp-json\/wp\/v2\/media?parent=8379"}],"wp:term":[{"taxonomy":"product_brand","embeddable":true,"href":"https:\/\/turkishtrade.co\/tr\/wp-json\/wp\/v2\/product_brand?post=8379"},{"taxonomy":"product_cat","embeddable":true,"href":"https:\/\/turkishtrade.co\/tr\/wp-json\/wp\/v2\/product_cat?post=8379"},{"taxonomy":"product_tag","embeddable":true,"href":"https:\/\/turkishtrade.co\/tr\/wp-json\/wp\/v2\/product_tag?post=8379"}],"curies":[{"name":"wp","href":"https:\/\/api.w.org\/{rel}","templated":true}]}}