{"id":8378,"date":"2026-01-29T14:49:52","date_gmt":"2026-01-29T14:49:52","guid":{"rendered":"https:\/\/turkishtrade.co\/?post_type=product&#038;p=8378"},"modified":"2026-04-09T20:27:31","modified_gmt":"2026-04-09T20:27:31","slug":"mens-faux-leather-sports-shoes-7","status":"publish","type":"product","link":"https:\/\/turkishtrade.co\/tr\/shop\/mens-faux-leather-sports-shoes-7\/","title":{"rendered":"Erkek Suni Deri Spor Ayakkab\u0131 Premium | TPU Tabanl\u0131 - Bej"},"content":{"rendered":"<p><strong>Erkek Suni Deri Spor Ayakkab\u0131<\/strong>. \u00dcst\u00fcn kalite ve tasar\u0131m.<\/p>\n<p>Premium \u00fcr\u00fcnlerimizle modern tarz\u0131n benzersiz konforla bulu\u015ftu\u011fu bir d\u00fcnyaya ad\u0131m at\u0131n <b>Erkek Suni Deri Spor Ayakkab\u0131<\/b>. Hem esteti\u011fe hem de i\u015flevselli\u011fe de\u011fer veren \u00e7a\u011fda\u015f erkekler i\u00e7in tasarlanan bu ayakkab\u0131lar, kaliteli i\u015f\u00e7ili\u011fin ve yenilik\u00e7i tasar\u0131m\u0131n bir kan\u0131t\u0131d\u0131r. G\u00fcnl\u00fck kullan\u0131m, hafif atletik aktiviteler veya sadece g\u00fcndelik k\u0131yafetlerinizi zenginle\u015ftirmek i\u00e7in m\u00fckemmel olan bu spor ayakkab\u0131lar, ayakkab\u0131 koleksiyonunuza \u00e7ok y\u00f6nl\u00fc bir katk\u0131 sa\u011flamay\u0131 vaat ediyor.<\/p>\n<h3>Sofistike Tasar\u0131m ve Premium Malzemeler<\/h3>\n<p>Bizim <b>Erkek Suni Deri Spor Ayakkab\u0131<\/b> zarif bej ve toprak rengi zeytin ye\u015fili panelleri harmanlayan \u00e7arp\u0131c\u0131 iki tonlu bir tasar\u0131ma sahiptir. Y\u00fcksek kaliteli suni deriden titizlikle \u00fcretilen d\u0131\u015f y\u00fczey, etik kaynak kullan\u0131m\u0131ndan \u00f6d\u00fcn vermeden sofistike bir g\u00f6r\u00fcn\u00fcm sunar. Bu dayan\u0131kl\u0131 malzeme m\u00fckemmel destek sa\u011flar ve bak\u0131m\u0131 kolayd\u0131r, b\u00f6ylece ayakkab\u0131lar\u0131n\u0131z\u0131n daha uzun s\u00fcre bozulmadan g\u00f6r\u00fcnmesini sa\u011flar. Kullan\u0131\u015fl\u0131 h\u0131zl\u0131 ge\u00e7i\u015fli dinamik ba\u011fc\u0131k sistemi, aya\u011f\u0131n\u0131z\u0131n benzersiz hatlar\u0131na zahmetsizce uyum sa\u011flayarak rahat ve ayarlanabilir bir uyum sa\u011flar. \u0130\u00e7 k\u0131s\u0131mdaki yumu\u015fak, nefes alabilen kuma\u015f astar ayaklar\u0131n\u0131z\u0131 sararak nemi uzakla\u015ft\u0131r\u0131r ve sabahtan ak\u015fama kadar ola\u011fan\u00fcst\u00fc konfor sa\u011flar.<\/p>\n<h3>\u00dcst\u00fcn Performans i\u00e7in Devrim Niteli\u011finde TPU Taban<\/h3>\n<p>Bunlar\u0131 ger\u00e7ekten belirleyen \u015fey <b>Erkek Suni Deri Spor Ayakkab\u0131<\/b> bir di\u011fer \u00f6zelli\u011fi de yenilik\u00e7i TPU taban\u0131d\u0131r. Termoplastik Poli\u00fcretan (TPU) \u00fcst\u00fcn esnekli\u011fi, etkileyici \u015fok emilimi ve ola\u011fan\u00fcst\u00fc dayan\u0131kl\u0131l\u0131\u011f\u0131 ile tan\u0131n\u0131r. Taban\u0131n \u015feffaf, dokulu tasar\u0131m\u0131 yaln\u0131zca f\u00fct\u00fcristik bir dokunu\u015f katmakla kalmaz, ayn\u0131 zamanda \u00e7e\u015fitli y\u00fczeylerde g\u00fcvenilir tutu\u015f sa\u011flayarak her ad\u0131mda denge sunar. \u0130ster \u015fehir manzaralar\u0131nda geziniyor ister rahat bir y\u00fcr\u00fcy\u00fc\u015f\u00fcn tad\u0131n\u0131 \u00e7\u0131kar\u0131yor olun, TPU taban darbeyi en aza indirir ve enerji geri d\u00f6n\u00fc\u015f\u00fcn\u00fc en \u00fcst d\u00fczeye \u00e7\u0131kararak her ad\u0131m\u0131n daha hafif ve daha enerjik hissedilmesini sa\u011flar.<\/p>\n<h3>Her Durum i\u00e7in \u00c7ok Y\u00f6nl\u00fcl\u00fck<\/h3>\n<p>Bu spor ayakkab\u0131lar son derece \u00e7ok y\u00f6nl\u00fcd\u00fcr ve arkada\u015flarla d\u0131\u015far\u0131da ge\u00e7irilen s\u0131radan bir g\u00fcnden h\u0131zl\u0131 bir spor seans\u0131na sorunsuzca ge\u00e7i\u015f yapar. 40'tan 44'e kadar kapsaml\u0131 bir beden yelpazesinde mevcut olan bu ayakkab\u0131lar, geni\u015f bir kitleye hitap ederek bir\u00e7ok ki\u015fi i\u00e7in m\u00fckemmel bir uyum sa\u011flar. Sportiflik ve smart-casual \u00e7ekicili\u011fin kar\u0131\u015f\u0131m\u0131, bu ayakkab\u0131lar\u0131n kot pantolonlar, chino pantolonlar ve hatta spor k\u0131yafetlerle e\u015fle\u015ftirilebilece\u011fi anlam\u0131na gelir ve bu da onlar\u0131 gard\u0131robunuzun vazge\u00e7ilmez bir par\u00e7as\u0131 haline getirir.<\/p>\n<h3>Toptan Sat\u0131\u015f F\u0131rsat\u0131<\/h3>\n<p>Y\u00fcksek kaliteli, \u015f\u0131k ayakkab\u0131lar sunmak isteyen i\u015fletmeler i\u00e7in bu <b>Erkek Suni Deri Spor Ayakkab\u0131<\/b> toptan sat\u0131n al\u0131nabilir. Yaln\u0131zca 8 \u00e7iftlik minimum sipari\u015f miktar\u0131yla, talebi \u00fcst\u00fcn i\u015f\u00e7ilikle birle\u015ftiren bir \u00fcr\u00fcn\u00fc stoklamak her zamankinden daha kolay. M\u00fc\u015fterilerin rahatl\u0131\u011f\u0131, dayan\u0131kl\u0131l\u0131\u011f\u0131 ve modaya uygun tasar\u0131m\u0131yla sevece\u011fi ayakkab\u0131lara yat\u0131r\u0131m yap\u0131n. Ger\u00e7ekten \u00f6ne \u00e7\u0131kan ayakkab\u0131larla envanterinizi y\u00fckseltin.<\/p>","protected":false},"excerpt":{"rendered":"<ul>\n<li>Mevcut Bedenler: 40, 41, 42, 43, 44 (Avrupa bedenleri)<\/li>\n<li>\u00dcst\u00fcn Kaliteli Malzemeler: G\u00fcn boyu konfor i\u00e7in dayan\u0131kl\u0131 suni deri d\u0131\u015f y\u00fczey ve yumu\u015fak, nefes alabilen kuma\u015f i\u00e7 astar ile \u00fcretilmi\u015ftir.<\/li>\n<li>Geli\u015fmi\u015f Taban Teknolojisi: \u00dcst\u00fcn kavrama ve uzun \u00f6m\u00fcrl\u00fc kullan\u0131m i\u00e7in esnek ve \u015fok emici TPU taban ile donat\u0131lm\u0131\u015ft\u0131r.<\/li>\n<li>Modern Tasar\u0131m: \u015e\u0131k bej ve zeytin renk kombinasyonuna sahip sportif siluet, kullan\u0131\u015fl\u0131 bir h\u0131zl\u0131 ba\u011fc\u0131k sistemine sahiptir.<\/li>\n<li>Toptan Sat\u0131\u015f Mevcuttur: Minimum 8 \u00e7ift sat\u0131n alma ile toplu sipari\u015fler i\u00e7in kullan\u0131labilir.<\/li>\n<\/ul>","protected":false},"featured_media":6837,"template":"","meta":{"_acf_changed":false,"_uag_custom_page_level_css":"","site-sidebar-layout":"default","site-content-layout":"","ast-site-content-layout":"default","site-content-style":"default","site-sidebar-style":"default","ast-global-header-display":"","ast-banner-title-visibility":"","ast-main-header-display":"","ast-hfb-above-header-display":"","ast-hfb-below-header-display":"","ast-hfb-mobile-header-display":"","site-post-title":"","ast-breadcrumbs-content":"","ast-featured-img":"","footer-sml-layout":"","ast-disable-related-posts":"","theme-transparent-header-meta":"","adv-header-id-meta":"","stick-header-meta":"","header-above-stick-meta":"","header-main-stick-meta":"","header-below-stick-meta":"","astra-migrate-meta-layouts":"default","ast-page-background-enabled":"default","ast-page-background-meta":{"desktop":{"background-color":"var(--ast-global-color-4)","background-image":"","background-repeat":"repeat","background-position":"center center","background-size":"auto","background-attachment":"scroll","background-type":"","background-media":"","overlay-type":"","overlay-color":"","overlay-opacity":"","overlay-gradient":""},"tablet":{"background-color":"","background-image":"","background-repeat":"repeat","background-position":"center center","background-size":"auto","background-attachment":"scroll","background-type":"","background-media":"","overlay-type":"","overlay-color":"","overlay-opacity":"","overlay-gradient":""},"mobile":{"background-color":"","background-image":"","background-repeat":"repeat","background-position":"center center","background-size":"auto","background-attachment":"scroll","background-type":"","background-media":"","overlay-type":"","overlay-color":"","overlay-opacity":"","overlay-gradient":""}},"ast-content-background-meta":{"desktop":{"background-color":"var(--ast-global-color-5)","background-image":"","background-repeat":"repeat","background-position":"center center","background-size":"auto","background-attachment":"scroll","background-type":"","background-media":"","overlay-type":"","overlay-color":"","overlay-opacity":"","overlay-gradient":""},"tablet":{"background-color":"var(--ast-global-color-5)","background-image":"","background-repeat":"repeat","background-position":"center center","background-size":"auto","background-attachment":"scroll","background-type":"","background-media":"","overlay-type":"","overlay-color":"","overlay-opacity":"","overlay-gradient":""},"mobile":{"background-color":"var(--ast-global-color-5)","background-image":"","background-repeat":"repeat","background-position":"center center","background-size":"auto","background-attachment":"scroll","background-type":"","background-media":"","overlay-type":"","overlay-color":"","overlay-opacity":"","overlay-gradient":""}}},"product_brand":[],"product_cat":[430,1200,51],"product_tag":[1522,241,1117,459,1462,198,1361,1521,254],"class_list":{"0":"post-8378","1":"product","2":"type-product","3":"status-publish","4":"has-post-thumbnail","6":"product_cat-men","7":"product_cat-mens-shoes-2","8":"product_cat-sports","9":"product_tag-beige-olive-shoes","10":"product_tag-casual-footwear","11":"product_tag-comfortable-sneakers","12":"product_tag-everyday-shoes","13":"product_tag-faux-leather-sneakers","14":"product_tag-mens-fashion","15":"product_tag-sports-shoes","16":"product_tag-tpu-sole-shoes","17":"product_tag-wholesale-footwear","18":"desktop-align-center","19":"tablet-align-center","20":"mobile-align-center","22":"first","23":"instock","24":"shipping-taxable","25":"purchasable","26":"product-type-variable","27":"has-default-attributes"},"acf":[],"uagb_featured_image_src":{"full":["https:\/\/turkishtrade.co\/wp-content\/uploads\/2026\/01\/2600OYNMN00004-BEIGE.png",453,250,false],"thumbnail":["https:\/\/turkishtrade.co\/wp-content\/uploads\/2026\/01\/2600OYNMN00004-BEIGE-150x150.png",150,150,true],"medium":["https:\/\/turkishtrade.co\/wp-content\/uploads\/2026\/01\/2600OYNMN00004-BEIGE-300x166.png",300,166,true],"medium_large":["https:\/\/turkishtrade.co\/wp-content\/uploads\/2026\/01\/2600OYNMN00004-BEIGE.png",453,250,false],"large":["https:\/\/turkishtrade.co\/wp-content\/uploads\/2026\/01\/2600OYNMN00004-BEIGE.png",453,250,false],"1536x1536":["https:\/\/turkishtrade.co\/wp-content\/uploads\/2026\/01\/2600OYNMN00004-BEIGE.png",453,250,false],"2048x2048":["https:\/\/turkishtrade.co\/wp-content\/uploads\/2026\/01\/2600OYNMN00004-BEIGE.png",453,250,false],"trp-custom-language-flag":["https:\/\/turkishtrade.co\/wp-content\/uploads\/2026\/01\/2600OYNMN00004-BEIGE-18x10.png",18,10,true],"woocommerce_thumbnail":["https:\/\/turkishtrade.co\/wp-content\/uploads\/2026\/01\/2600OYNMN00004-BEIGE-400x250.png",400,250,true],"woocommerce_single":["https:\/\/turkishtrade.co\/wp-content\/uploads\/2026\/01\/2600OYNMN00004-BEIGE.png",453,250,false],"woocommerce_gallery_thumbnail":["https:\/\/turkishtrade.co\/wp-content\/uploads\/2026\/01\/2600OYNMN00004-BEIGE-100x100.png",100,100,true]},"uagb_author_info":{"display_name":"python python","author_link":"https:\/\/turkishtrade.co\/tr\/author\/"},"uagb_comment_info":0,"uagb_excerpt":"Sizes Available: 40, 41, 42, 43, 44 (European sizing) Premium Materials: Crafted with a durable faux leather exterior and a soft, breathable fabric interior lining for all-day comfort. Advanced Sole Technology: Equipped with a flexible and shock-absorbing TPU sole for superior grip and long-lasting wear. Modern Design: Sporty silhouette in a stylish beige and olive&hellip;","_links":{"self":[{"href":"https:\/\/turkishtrade.co\/tr\/wp-json\/wp\/v2\/product\/8378","targetHints":{"allow":["GET"]}}],"collection":[{"href":"https:\/\/turkishtrade.co\/tr\/wp-json\/wp\/v2\/product"}],"about":[{"href":"https:\/\/turkishtrade.co\/tr\/wp-json\/wp\/v2\/types\/product"}],"wp:featuredmedia":[{"embeddable":true,"href":"https:\/\/turkishtrade.co\/tr\/wp-json\/wp\/v2\/media\/6837"}],"wp:attachment":[{"href":"https:\/\/turkishtrade.co\/tr\/wp-json\/wp\/v2\/media?parent=8378"}],"wp:term":[{"taxonomy":"product_brand","embeddable":true,"href":"https:\/\/turkishtrade.co\/tr\/wp-json\/wp\/v2\/product_brand?post=8378"},{"taxonomy":"product_cat","embeddable":true,"href":"https:\/\/turkishtrade.co\/tr\/wp-json\/wp\/v2\/product_cat?post=8378"},{"taxonomy":"product_tag","embeddable":true,"href":"https:\/\/turkishtrade.co\/tr\/wp-json\/wp\/v2\/product_tag?post=8378"}],"curies":[{"name":"wp","href":"https:\/\/api.w.org\/{rel}","templated":true}]}}