{"id":8375,"date":"2026-01-29T14:49:49","date_gmt":"2026-01-29T14:49:49","guid":{"rendered":"https:\/\/turkishtrade.co\/product\/men-2600oynmn00001\/"},"modified":"2026-04-09T20:28:03","modified_gmt":"2026-04-09T20:28:03","slug":"black-faux-leather-sneakers","status":"publish","type":"product","link":"https:\/\/turkishtrade.co\/tr\/shop\/black-faux-leather-sneakers\/","title":{"rendered":"Siyah Suni Deri Spor Ayakkab\u0131 Proven | Erkek Siyah Suni Deri Spor"},"content":{"rendered":"<p>Ola\u011fan\u00fcst\u00fc ayakkab\u0131lar\u0131m\u0131z ile ayakkab\u0131 oyununuzu h\u0131zland\u0131r\u0131n <strong>siyah suni deri spor ayakkab\u0131<\/strong>, hem stile hem de \u00f6ze de\u011fer veren modern erkek i\u00e7in titizlikle tasarlanm\u0131\u015ft\u0131r. Atletik i\u015flevsellik ve \u00e7a\u011fda\u015f modan\u0131n m\u00fckemmel bir kar\u0131\u015f\u0131m\u0131 olan bu \u00e7ok y\u00f6nl\u00fc spor ayakkab\u0131lar, her gard\u0131rop i\u00e7in vazge\u00e7ilmez bir eklentidir. Birinci s\u0131n\u0131f suni deri d\u0131\u015f y\u00fczeyle \u00fcretilen bu ayakkab\u0131lar, son derece dayan\u0131kl\u0131 ve bak\u0131m\u0131 kolay \u015f\u0131k ve sofistike bir g\u00f6r\u00fcn\u00fcm sunarak say\u0131s\u0131z durumda tercih edilmeye devam etmelerini sa\u011flar. E\u011fer dayan\u0131kl\u0131 bir ayakkab\u0131 ar\u0131yorsan\u0131z <strong>siyah suni deri spor ayakkab\u0131<\/strong> Estetikten \u00f6d\u00fcn vermeyenler i\u00e7in aray\u0131\u015f\u0131n\u0131z burada sona eriyor.<\/p>\n<p>Bu spor ayakkab\u0131n\u0131n \u00f6zenli yap\u0131s\u0131 sayesinde her ad\u0131mda benzersiz bir konfor ya\u015fay\u0131n. \u0130\u00e7 k\u0131sm\u0131 yumu\u015fak, nefes alabilen bir kuma\u015fla astarlanm\u0131\u015ft\u0131r ve spor salonuna giderken, \u015fehri ke\u015ffederken veya sadece g\u00fcndelik bir g\u00fcn\u00fcn tad\u0131n\u0131 \u00e7\u0131kar\u0131rken ayaklar\u0131n\u0131z i\u00e7in rahat bir ortam sa\u011flar. Sa\u011flam ancak hafif taban\u0131 m\u00fckemmel destek ve \u015fok emilimi sunarak bu spor ayakkab\u0131y\u0131 <strong>siyah suni deri spor ayakkab\u0131<\/strong> uzun s\u00fcreli kullan\u0131m i\u00e7in idealdir. 40'tan 44'e kadar geni\u015f bir AB beden yelpazesinde mevcut olan bu \u015f\u0131k ayakkab\u0131yla m\u00fckemmel uyumunuzu bulabilirsiniz. <strong>siyah suni deri spor ayakkab\u0131<\/strong> zahmetsizdir.<\/p>\n<h3>Rakipsiz Stil ve Dayan\u0131kl\u0131l\u0131k<\/h3>\n<p>Erkek k\u0131yafetlerimiz <strong>siyah suni deri spor ayakkab\u0131<\/strong> ay\u0131rt edici tasar\u0131mlar\u0131yla \u00f6ne \u00e7\u0131k\u0131yor. \u0130nce dokusal varyasyonlar ve modern bir siluetle tamamlanan tamamen siyah estetik, bu spor ayakkab\u0131lar\u0131n atletik k\u0131yafetlerden \u015f\u0131k g\u00fcndelik k\u0131yafetlere kadar her \u015feyle sorunsuz bir \u015fekilde e\u015fle\u015fmesini sa\u011flar. Kal\u0131n taban tasar\u0131m\u0131 sadece modaya uygun bir hava katmakla kalmaz, ayn\u0131 zamanda stabilite ve \u00e7eki\u015fi de art\u0131rarak \u00e7e\u015fitli y\u00fczeylerde kendinden emin bir ad\u0131m atman\u0131z\u0131 sa\u011flar. Bu ayakkab\u0131lar\u0131n her bir \u00e7iftinde kullan\u0131lan karma\u015f\u0131k detaylar\u0131 ve \u00fcst\u00fcn i\u015f\u00e7ili\u011fi takdir edeceksiniz. <strong>siyah suni deri spor ayakkab\u0131<\/strong>, Bu da uzun \u00f6m\u00fcrl\u00fc bir \u00fcr\u00fcn\u00fc garanti eder.<\/p>\n<p>\u00c7arp\u0131c\u0131 g\u00f6r\u00fcn\u00fcmlerinin \u00f6tesinde, bu <strong>siyah suni deri spor ayakkab\u0131<\/strong> pratik ya\u015fam i\u00e7in tasarlanm\u0131\u015ft\u0131r. Y\u00fcksek kaliteli suni deri, s\u00fcrt\u00fcnmelere ve izlere geleneksel deriden daha iyi diren\u00e7 g\u00f6sterir ve temizlik \u00e7ok kolayd\u0131r - bozulmam\u0131\u015f durumlar\u0131n\u0131 geri kazanmak i\u00e7in genellikle gereken tek \u015fey basit bir silmedir. Bu stil, konfor ve az bak\u0131m gerektiren kombinasyon, onlar\u0131 g\u00fcvenilir ve modaya uygun \u00fcr\u00fcnler arayan me\u015fgul bireyler i\u00e7in ola\u011fan\u00fcst\u00fc bir se\u00e7im haline getirir. <strong>siyah suni deri spor ayakkab\u0131<\/strong>.<\/p>\n<h3>Toptan Sat\u0131\u015f F\u0131rsat\u0131<\/h3>\n<p>Y\u00fcksek kaliteli, talep g\u00f6ren ayakkab\u0131lar sunmak isteyen perakendeciler ve i\u015fletmeler i\u00e7in bu <strong>siyah suni deri spor ayakkab\u0131<\/strong> toptan sat\u0131n al\u0131nabilir. Sadece 8 \u00e7iftlik minimum sipari\u015f miktar\u0131yla, bu pop\u00fcler erkek spor ayakkab\u0131lar\u0131n\u0131 kolayca stoklayabilir ve m\u00fc\u015fteri taban\u0131n\u0131za hitap edebilirsiniz. M\u00fc\u015fteri memnuniyeti ve i\u015f tekrar\u0131 vaat eden bir \u00fcr\u00fcnle envanterinizi y\u00fckseltin.<\/p>\n<p>Bir \u00e7ift \u00fcr\u00fcn\u00fcm\u00fcze yat\u0131r\u0131m yap\u0131n <strong>siyah suni deri spor ayakkab\u0131<\/strong> bug\u00fcn ke\u015ffedin ve kal\u0131c\u0131 stil, \u00fcst\u00fcn konfor ve ola\u011fan\u00fcst\u00fc dayan\u0131kl\u0131l\u0131\u011f\u0131n m\u00fckemmel birle\u015fimini ke\u015ffedin. Bu ayakkab\u0131lar bir ayakkab\u0131dan \u00e7ok daha fazlas\u0131d\u0131r; aktif erkekler i\u00e7in sofistike bir pratiklik ifadesidir.<\/p>","protected":false},"excerpt":{"rendered":"<ul>\n<li>\u015e\u0131k stil ve dayan\u0131kl\u0131l\u0131k i\u00e7in birinci s\u0131n\u0131f siyah suni deri d\u0131\u015f y\u00fczey.<\/li>\n<li>Rahat kuma\u015f i\u00e7 k\u0131s\u0131m nefes alabilirlik ve g\u00fcn boyu kullan\u0131m sa\u011flar.<\/li>\n<li>\u00c7ok y\u00f6nl\u00fc tasar\u0131m, spor aktiviteleri veya g\u00fcndelik moda i\u00e7in ideal.<\/li>\n<li>40, 41, 42, 43, 44 AB bedenlerinde mevcuttur.<\/li>\n<li>Minimum 8 \u00e7ift sipari\u015f ile toptan sat\u0131\u015f se\u00e7enekleri mevcuttur.<\/li>\n<\/ul>","protected":false},"featured_media":6841,"template":"","meta":{"_acf_changed":false,"_uag_custom_page_level_css":"","site-sidebar-layout":"default","site-content-layout":"","ast-site-content-layout":"default","site-content-style":"default","site-sidebar-style":"default","ast-global-header-display":"","ast-banner-title-visibility":"","ast-main-header-display":"","ast-hfb-above-header-display":"","ast-hfb-below-header-display":"","ast-hfb-mobile-header-display":"","site-post-title":"","ast-breadcrumbs-content":"","ast-featured-img":"","footer-sml-layout":"","ast-disable-related-posts":"","theme-transparent-header-meta":"","adv-header-id-meta":"","stick-header-meta":"","header-above-stick-meta":"","header-main-stick-meta":"","header-below-stick-meta":"","astra-migrate-meta-layouts":"default","ast-page-background-enabled":"default","ast-page-background-meta":{"desktop":{"background-color":"var(--ast-global-color-4)","background-image":"","background-repeat":"repeat","background-position":"center center","background-size":"auto","background-attachment":"scroll","background-type":"","background-media":"","overlay-type":"","overlay-color":"","overlay-opacity":"","overlay-gradient":""},"tablet":{"background-color":"","background-image":"","background-repeat":"repeat","background-position":"center center","background-size":"auto","background-attachment":"scroll","background-type":"","background-media":"","overlay-type":"","overlay-color":"","overlay-opacity":"","overlay-gradient":""},"mobile":{"background-color":"","background-image":"","background-repeat":"repeat","background-position":"center center","background-size":"auto","background-attachment":"scroll","background-type":"","background-media":"","overlay-type":"","overlay-color":"","overlay-opacity":"","overlay-gradient":""}},"ast-content-background-meta":{"desktop":{"background-color":"var(--ast-global-color-5)","background-image":"","background-repeat":"repeat","background-position":"center center","background-size":"auto","background-attachment":"scroll","background-type":"","background-media":"","overlay-type":"","overlay-color":"","overlay-opacity":"","overlay-gradient":""},"tablet":{"background-color":"var(--ast-global-color-5)","background-image":"","background-repeat":"repeat","background-position":"center center","background-size":"auto","background-attachment":"scroll","background-type":"","background-media":"","overlay-type":"","overlay-color":"","overlay-opacity":"","overlay-gradient":""},"mobile":{"background-color":"var(--ast-global-color-5)","background-image":"","background-repeat":"repeat","background-position":"center center","background-size":"auto","background-attachment":"scroll","background-type":"","background-media":"","overlay-type":"","overlay-color":"","overlay-opacity":"","overlay-gradient":""}}},"product_brand":[],"product_cat":[430,1200,50,51],"product_tag":[1475,1120,216,1443,1474,1518,1446,1445,1519,1123],"class_list":{"0":"post-8375","1":"product","2":"type-product","3":"status-publish","4":"has-post-thumbnail","6":"product_cat-men","7":"product_cat-mens-shoes-2","8":"product_cat-sneakers","9":"product_cat-sports","10":"product_tag-athletic-footwear","11":"product_tag-black-sneakers","12":"product_tag-casual-sneakers","13":"product_tag-chunky-sole-sneakers","14":"product_tag-durable-sneakers","15":"product_tag-eu-40-44-shoes","16":"product_tag-faux-leather-shoes","17":"product_tag-mens-sports-shoes","18":"product_tag-stylish-black-trainers","19":"product_tag-wholesale-sneakers","20":"desktop-align-center","21":"tablet-align-center","22":"mobile-align-center","24":"first","25":"instock","26":"shipping-taxable","27":"purchasable","28":"product-type-variable","29":"has-default-attributes"},"acf":[],"uagb_featured_image_src":{"full":["https:\/\/turkishtrade.co\/wp-content\/uploads\/2026\/01\/2600OYNMN00001-BLACK.png",453,250,false],"thumbnail":["https:\/\/turkishtrade.co\/wp-content\/uploads\/2026\/01\/2600OYNMN00001-BLACK-150x150.png",150,150,true],"medium":["https:\/\/turkishtrade.co\/wp-content\/uploads\/2026\/01\/2600OYNMN00001-BLACK-300x166.png",300,166,true],"medium_large":["https:\/\/turkishtrade.co\/wp-content\/uploads\/2026\/01\/2600OYNMN00001-BLACK.png",453,250,false],"large":["https:\/\/turkishtrade.co\/wp-content\/uploads\/2026\/01\/2600OYNMN00001-BLACK.png",453,250,false],"1536x1536":["https:\/\/turkishtrade.co\/wp-content\/uploads\/2026\/01\/2600OYNMN00001-BLACK.png",453,250,false],"2048x2048":["https:\/\/turkishtrade.co\/wp-content\/uploads\/2026\/01\/2600OYNMN00001-BLACK.png",453,250,false],"trp-custom-language-flag":["https:\/\/turkishtrade.co\/wp-content\/uploads\/2026\/01\/2600OYNMN00001-BLACK-18x10.png",18,10,true],"woocommerce_thumbnail":["https:\/\/turkishtrade.co\/wp-content\/uploads\/2026\/01\/2600OYNMN00001-BLACK-400x250.png",400,250,true],"woocommerce_single":["https:\/\/turkishtrade.co\/wp-content\/uploads\/2026\/01\/2600OYNMN00001-BLACK.png",453,250,false],"woocommerce_gallery_thumbnail":["https:\/\/turkishtrade.co\/wp-content\/uploads\/2026\/01\/2600OYNMN00001-BLACK-100x100.png",100,100,true]},"uagb_author_info":{"display_name":"python python","author_link":"https:\/\/turkishtrade.co\/tr\/author\/"},"uagb_comment_info":0,"uagb_excerpt":"Premium black faux leather exterior for sleek style and durability. Comfortable fabric interior ensures breathability and all-day wear. Versatile design, ideal for sports activities or casual everyday fashion. Available in EU sizes 40, 41, 42, 43, 44. Wholesale options available with a minimum order of 8 pairs.","_links":{"self":[{"href":"https:\/\/turkishtrade.co\/tr\/wp-json\/wp\/v2\/product\/8375","targetHints":{"allow":["GET"]}}],"collection":[{"href":"https:\/\/turkishtrade.co\/tr\/wp-json\/wp\/v2\/product"}],"about":[{"href":"https:\/\/turkishtrade.co\/tr\/wp-json\/wp\/v2\/types\/product"}],"wp:featuredmedia":[{"embeddable":true,"href":"https:\/\/turkishtrade.co\/tr\/wp-json\/wp\/v2\/media\/6841"}],"wp:attachment":[{"href":"https:\/\/turkishtrade.co\/tr\/wp-json\/wp\/v2\/media?parent=8375"}],"wp:term":[{"taxonomy":"product_brand","embeddable":true,"href":"https:\/\/turkishtrade.co\/tr\/wp-json\/wp\/v2\/product_brand?post=8375"},{"taxonomy":"product_cat","embeddable":true,"href":"https:\/\/turkishtrade.co\/tr\/wp-json\/wp\/v2\/product_cat?post=8375"},{"taxonomy":"product_tag","embeddable":true,"href":"https:\/\/turkishtrade.co\/tr\/wp-json\/wp\/v2\/product_tag?post=8375"}],"curies":[{"name":"wp","href":"https:\/\/api.w.org\/{rel}","templated":true}]}}