{"id":8359,"date":"2026-01-29T14:49:35","date_gmt":"2026-01-29T14:49:35","guid":{"rendered":"https:\/\/turkishtrade.co\/?post_type=product&#038;p=8359"},"modified":"2026-04-09T20:28:07","modified_gmt":"2026-04-09T20:28:07","slug":"kids-black-sports-shoes-2","status":"publish","type":"product","link":"https:\/\/turkishtrade.co\/tr\/shop\/kids-black-sports-shoes-2\/","title":{"rendered":"\u00c7ocuk Siyah Spor Ayakkab\u0131 Authentic | \u00c7ocuk Siyah Spor Ayakkab\u0131 ile"},"content":{"rendered":"<p><strong>Siyah \u00c7ocuk Spor Ayakkab\u0131lar\u0131<\/strong>. Otantik kalite ve tasar\u0131m.<\/p>\n<p>\u00dcst\u00fcn kaliteli \u00fcr\u00fcnlerimizle stil, konfor ve dayan\u0131kl\u0131l\u0131\u011f\u0131n m\u00fckemmel kar\u0131\u015f\u0131m\u0131n\u0131 ke\u015ffedin <strong>Siyah \u00c7ocuk Spor Ayakkab\u0131lar\u0131<\/strong>. Enerjik \u00e7ocuklar i\u00e7in tasarlanan bu \u00e7ok y\u00f6nl\u00fc spor ayakkab\u0131lar, g\u00fcnl\u00fck oyunlar\u0131n, okul aktivitelerinin ve aradaki her \u015feyin zorluklar\u0131na dayanacak \u015fekilde tasarlanm\u0131\u015ft\u0131r. Tamamen siyah \u015f\u0131k bir esteti\u011fe sahip olan bu ayakkab\u0131lar, her k\u0131yafetle zahmetsizce uyum sa\u011flayarak aktif \u00e7ocuklar i\u00e7in gard\u0131robun vazge\u00e7ilmezi haline gelir.<\/p>\n<h3>E\u015fsiz Dayan\u0131kl\u0131l\u0131k ve Konfor<\/h3>\n<p>Y\u00fcksek kaliteli sentetik (poli) malzemeden \u00fcretilen bu <strong>Siyah \u00c7ocuk Spor Ayakkab\u0131lar\u0131<\/strong> uzun s\u00fcre dayanacak \u015fekilde \u00fcretilmi\u015ftir. Sa\u011flam yap\u0131s\u0131, oyun alan\u0131ndan spor sahas\u0131na kadar say\u0131s\u0131z maceran\u0131n \u00fcstesinden gelebilmesini sa\u011flar. Tasar\u0131m, nefes alabilen unsurlar ve her ad\u0131m\u0131 yast\u0131klayan destekleyici kal\u0131n bir taban i\u00e7ererek \u00e7ocu\u011funuzun konforuna \u00f6ncelik verir. Bu \u00f6zenli yap\u0131, saatlerce ko\u015ftuktan, z\u0131plad\u0131ktan ve ke\u015ffettikten sonra bile daha mutlu ayaklar anlam\u0131na gelir.<\/p>\n<h3>Aktif Ya\u015fam Tarzlar\u0131 i\u00e7in Yenilik\u00e7i Tasar\u0131m<\/h3>\n<p>Bunlar\u0131n g\u00f6ze \u00e7arpan \u00f6zelliklerinden biri <strong>Siyah \u00c7ocuk Spor Ayakkab\u0131lar\u0131<\/strong> kullan\u0131\u015fl\u0131 ge\u00e7i\u015fli ba\u011fc\u0131k sistemidir. Geleneksel ba\u011fc\u0131klarla u\u011fra\u015fmaya elveda deyin - mafsal, h\u0131zl\u0131 ve kolay ayarlamalara olanak tan\u0131yarak her seferinde tam ve g\u00fcvenli bir uyum sa\u011flar. Bu sadece zaman kazand\u0131rmakla kalmaz, ayn\u0131 zamanda \u00e7ocuklar\u0131n ayakkab\u0131lar\u0131n\u0131 ba\u011f\u0131ms\u0131z olarak giyip \u00e7\u0131karmalar\u0131n\u0131 da sa\u011flar. Sa\u011flam taban\u0131 m\u00fckemmel \u00e7eki\u015f g\u00fcc\u00fc sa\u011flayarak \u00e7e\u015fitli y\u00fczeylerde denge sunar ve kaymalar\u0131 \u00f6nler. <strong>Siyah \u00c7ocuk Spor Ayakkab\u0131lar\u0131<\/strong> her ortam i\u00e7in.<\/p>\n<h3>Her Durum \u0130\u00e7in M\u00fckemmel<\/h3>\n<p>\u0130ster okul, ister spor antrenmanlar\u0131 veya hafta sonu gezileri i\u00e7in olsun, bu <strong>Siyah \u00c7ocuk Spor Ayakkab\u0131lar\u0131<\/strong> inan\u0131lmaz derecede \u00e7ok y\u00f6nl\u00fcd\u00fcr. Klasik siyah rengi \u00e7o\u011fu okul \u00fcniformas\u0131 politikas\u0131n\u0131 kar\u015f\u0131lamas\u0131n\u0131 sa\u011flarken, atletik tasar\u0131m\u0131 beden e\u011fitimi ve ders d\u0131\u015f\u0131 etkinlikler i\u00e7in gereken i\u015flevselli\u011fi sa\u011flar. 30'dan 35'e kadar kapsaml\u0131 bir \u00e7ocuk beden yelpazesinde mevcut oldu\u011fundan, b\u00fcy\u00fcyen \u00e7ocu\u011funuz i\u00e7in m\u00fckemmel uyumu bulmak kolayd\u0131r. Her hareketini destekleyen bir \u00e7ift ile ayakkab\u0131 koleksiyonunu geli\u015ftirin.<\/p>\n<h3>Toptan Sat\u0131\u015f F\u0131rsatlar\u0131 Mevcut<\/h3>\n<p>Y\u00fcksek kaliteli \u00e7ocuk ayakkab\u0131s\u0131 stoklamak isteyen perakendeciler ve i\u015fletmeler i\u00e7in <strong>Siyah \u00c7ocuk Spor Ayakkab\u0131lar\u0131<\/strong> toptan sat\u0131n al\u0131nabilir. Minimum 8 \u00e7ift sipari\u015f miktar\u0131 ile bu pop\u00fcler, dayan\u0131kl\u0131 ve \u015f\u0131k spor ayakkab\u0131lar\u0131 envanterinize kolayca ekleyebilirsiniz. Toptan sat\u0131\u015f se\u00e7eneklerimiz hakk\u0131nda daha fazla bilgi edinmek ve m\u00fc\u015fterilerinize bu harika ayakkab\u0131lar\u0131 sunmak i\u00e7in bug\u00fcn bize ula\u015f\u0131n <strong>Siyah \u00c7ocuk Spor Ayakkab\u0131lar\u0131<\/strong> Ebeveynlerin ve \u00e7ocuklar\u0131n sevece\u011fi.<\/p>","protected":false},"excerpt":{"rendered":"<ul>\n<li>\u00c7ok y\u00f6nl\u00fc stil i\u00e7in tamamen siyah \u015f\u0131k tasar\u0131m.<\/li>\n<li>Dayan\u0131kl\u0131 sentetik (poli) malzeme yap\u0131s\u0131.<\/li>\n<li>Kolay a\u00e7ma\/kapama ve g\u00fcvenli uyum i\u00e7in kullan\u0131\u015fl\u0131 ge\u00e7i\u015fli ba\u011fc\u0131klar.<\/li>\n<li>Geli\u015fmi\u015f destek ve kavrama i\u00e7in konforlu kal\u0131n taban.<\/li>\n<li>Okul, spor ve g\u00fcnl\u00fck aktif giyim i\u00e7in idealdir.<\/li>\n<li>\u00c7ocuk bedenleri mevcuttur: 30, 31, 32, 33, 34, 35.<\/li>\n<li>Minimum 8 \u00c7ift sipari\u015f ile toptan sat\u0131\u015f mevcuttur.<\/li>\n<\/ul>","protected":false},"featured_media":6787,"template":"","meta":{"_acf_changed":false,"_uag_custom_page_level_css":"","site-sidebar-layout":"default","site-content-layout":"","ast-site-content-layout":"default","site-content-style":"default","site-sidebar-style":"default","ast-global-header-display":"","ast-banner-title-visibility":"","ast-main-header-display":"","ast-hfb-above-header-display":"","ast-hfb-below-header-display":"","ast-hfb-mobile-header-display":"","site-post-title":"","ast-breadcrumbs-content":"","ast-featured-img":"","footer-sml-layout":"","ast-disable-related-posts":"","theme-transparent-header-meta":"","adv-header-id-meta":"","stick-header-meta":"","header-above-stick-meta":"","header-main-stick-meta":"","header-below-stick-meta":"","astra-migrate-meta-layouts":"default","ast-page-background-enabled":"default","ast-page-background-meta":{"desktop":{"background-color":"var(--ast-global-color-4)","background-image":"","background-repeat":"repeat","background-position":"center center","background-size":"auto","background-attachment":"scroll","background-type":"","background-media":"","overlay-type":"","overlay-color":"","overlay-opacity":"","overlay-gradient":""},"tablet":{"background-color":"","background-image":"","background-repeat":"repeat","background-position":"center center","background-size":"auto","background-attachment":"scroll","background-type":"","background-media":"","overlay-type":"","overlay-color":"","overlay-opacity":"","overlay-gradient":""},"mobile":{"background-color":"","background-image":"","background-repeat":"repeat","background-position":"center center","background-size":"auto","background-attachment":"scroll","background-type":"","background-media":"","overlay-type":"","overlay-color":"","overlay-opacity":"","overlay-gradient":""}},"ast-content-background-meta":{"desktop":{"background-color":"var(--ast-global-color-5)","background-image":"","background-repeat":"repeat","background-position":"center center","background-size":"auto","background-attachment":"scroll","background-type":"","background-media":"","overlay-type":"","overlay-color":"","overlay-opacity":"","overlay-gradient":""},"tablet":{"background-color":"var(--ast-global-color-5)","background-image":"","background-repeat":"repeat","background-position":"center center","background-size":"auto","background-attachment":"scroll","background-type":"","background-media":"","overlay-type":"","overlay-color":"","overlay-opacity":"","overlay-gradient":""},"mobile":{"background-color":"var(--ast-global-color-5)","background-image":"","background-repeat":"repeat","background-position":"center center","background-size":"auto","background-attachment":"scroll","background-type":"","background-media":"","overlay-type":"","overlay-color":"","overlay-opacity":"","overlay-gradient":""}}},"product_brand":[],"product_cat":[433,65],"product_tag":[1487,1574,1547,1573,1569,1577,1566,1575,1550,1576],"class_list":{"0":"post-8359","1":"product","2":"type-product","3":"status-publish","4":"has-post-thumbnail","6":"product_cat-child","7":"product_cat-child-shoes","8":"product_tag-black-athletic-shoes","9":"product_tag-childrens-sneakers","10":"product_tag-durable-kids-shoes","11":"product_tag-kids-black-sports-shoes","12":"product_tag-kids-running-shoes","13":"product_tag-play-shoes","14":"product_tag-school-shoes","15":"product_tag-toggle-lace-shoes","16":"product_tag-wholesale-kids-shoes","17":"product_tag-youth-sports-footwear","18":"desktop-align-center","19":"tablet-align-center","20":"mobile-align-center","22":"first","23":"instock","24":"shipping-taxable","25":"purchasable","26":"product-type-variable","27":"has-default-attributes"},"acf":[],"uagb_featured_image_src":{"full":["https:\/\/turkishtrade.co\/wp-content\/uploads\/2026\/01\/2600OYNBY00038-BLACK.png",453,250,false],"thumbnail":["https:\/\/turkishtrade.co\/wp-content\/uploads\/2026\/01\/2600OYNBY00038-BLACK-150x150.png",150,150,true],"medium":["https:\/\/turkishtrade.co\/wp-content\/uploads\/2026\/01\/2600OYNBY00038-BLACK-300x166.png",300,166,true],"medium_large":["https:\/\/turkishtrade.co\/wp-content\/uploads\/2026\/01\/2600OYNBY00038-BLACK.png",453,250,false],"large":["https:\/\/turkishtrade.co\/wp-content\/uploads\/2026\/01\/2600OYNBY00038-BLACK.png",453,250,false],"1536x1536":["https:\/\/turkishtrade.co\/wp-content\/uploads\/2026\/01\/2600OYNBY00038-BLACK.png",453,250,false],"2048x2048":["https:\/\/turkishtrade.co\/wp-content\/uploads\/2026\/01\/2600OYNBY00038-BLACK.png",453,250,false],"trp-custom-language-flag":["https:\/\/turkishtrade.co\/wp-content\/uploads\/2026\/01\/2600OYNBY00038-BLACK-18x10.png",18,10,true],"woocommerce_thumbnail":["https:\/\/turkishtrade.co\/wp-content\/uploads\/2026\/01\/2600OYNBY00038-BLACK-400x250.png",400,250,true],"woocommerce_single":["https:\/\/turkishtrade.co\/wp-content\/uploads\/2026\/01\/2600OYNBY00038-BLACK.png",453,250,false],"woocommerce_gallery_thumbnail":["https:\/\/turkishtrade.co\/wp-content\/uploads\/2026\/01\/2600OYNBY00038-BLACK-100x100.png",100,100,true]},"uagb_author_info":{"display_name":"python python","author_link":"https:\/\/turkishtrade.co\/tr\/author\/"},"uagb_comment_info":0,"uagb_excerpt":"Sleek all-black design for versatile styling. Durable synthetic (poly) material construction. Convenient toggle laces for easy on\/off and secure fit. Comfortable chunky sole for enhanced support and grip. Ideal for school, sports, and everyday active wear. Available in children's sizes: 30, 31, 32, 33, 34, 35. Wholesale available with a minimum order of 8 Pairs.","_links":{"self":[{"href":"https:\/\/turkishtrade.co\/tr\/wp-json\/wp\/v2\/product\/8359","targetHints":{"allow":["GET"]}}],"collection":[{"href":"https:\/\/turkishtrade.co\/tr\/wp-json\/wp\/v2\/product"}],"about":[{"href":"https:\/\/turkishtrade.co\/tr\/wp-json\/wp\/v2\/types\/product"}],"wp:featuredmedia":[{"embeddable":true,"href":"https:\/\/turkishtrade.co\/tr\/wp-json\/wp\/v2\/media\/6787"}],"wp:attachment":[{"href":"https:\/\/turkishtrade.co\/tr\/wp-json\/wp\/v2\/media?parent=8359"}],"wp:term":[{"taxonomy":"product_brand","embeddable":true,"href":"https:\/\/turkishtrade.co\/tr\/wp-json\/wp\/v2\/product_brand?post=8359"},{"taxonomy":"product_cat","embeddable":true,"href":"https:\/\/turkishtrade.co\/tr\/wp-json\/wp\/v2\/product_cat?post=8359"},{"taxonomy":"product_tag","embeddable":true,"href":"https:\/\/turkishtrade.co\/tr\/wp-json\/wp\/v2\/product_tag?post=8359"}],"curies":[{"name":"wp","href":"https:\/\/api.w.org\/{rel}","templated":true}]}}