{"id":8358,"date":"2026-01-29T14:49:35","date_gmt":"2026-01-29T14:49:35","guid":{"rendered":"https:\/\/turkishtrade.co\/?post_type=product&#038;p=8358"},"modified":"2026-04-09T20:28:09","modified_gmt":"2026-04-09T20:28:09","slug":"kids-black-athletic-shoes","status":"publish","type":"product","link":"https:\/\/turkishtrade.co\/tr\/shop\/kids-black-athletic-shoes\/","title":{"rendered":"\u00c7ocuk Siyah Atletik Ayakkab\u0131 Ultimate | H\u0131zl\u0131 Ba\u011fc\u0131kl\u0131 Spor Poli | Bedenler"},"content":{"rendered":"<p><strong>\u00c7ocuk Siyah Atletik Ayakkab\u0131<\/strong>. \u00dcst\u00fcn kalite ve tasar\u0131m.<\/p>\n<p>Premium \u00fcr\u00fcnlerimizle \u00e7ocu\u011funuzu her macera i\u00e7in donat\u0131n <strong>\u00c7ocuk Siyah Atletik Ayakkab\u0131<\/strong>. Optimum performans ve stil i\u00e7in tasarlanan bu \u00e7ok y\u00f6nl\u00fc ayakkab\u0131lar, oyun alan\u0131 e\u011flencesinden organize sporlara kadar her \u015fey i\u00e7in m\u00fckemmeldir. Detaylara \u00f6zen g\u00f6sterilerek \u00fcretilen bu <strong>\u00c7ocuk Siyah Atletik Ayakkab\u0131<\/strong> aktif \u00e7ocuklar\u0131n geli\u015fmek i\u00e7in ihtiya\u00e7 duydu\u011fu dayan\u0131kl\u0131l\u0131\u011f\u0131 ve konforu sa\u011flar.<\/p>\n<h3>Aktif Ayaklar i\u00e7in E\u015fsiz Dayan\u0131kl\u0131l\u0131k ve Konfor<\/h3>\n<p>Bizim <strong>\u00c7ocuk Siyah Atletik Ayakkab\u0131<\/strong> g\u00fcnl\u00fck kullan\u0131m\u0131n zorluklar\u0131na dayanacak \u015fekilde tasarlanm\u0131\u015ft\u0131r. Sa\u011flam poli-blend \u00fcst malzeme, s\u00fcrt\u00fcnmelere ve y\u0131rt\u0131lmalara kar\u015f\u0131 \u00fcst\u00fcn diren\u00e7 sunarak bu ayakkab\u0131lar\u0131n say\u0131s\u0131z oyun saatinden sonra bile \u015f\u0131k g\u00f6r\u00fcn\u00fcm\u00fcn\u00fc korumas\u0131n\u0131 sa\u011flar. Sa\u011flam, kaymaz taban \u00e7e\u015fitli y\u00fczeylerde m\u00fckemmel tutu\u015f sa\u011flayarak ebeveynlerin i\u00e7ini rahatlat\u0131r ve \u00e7ocuklara g\u00fcvenle ko\u015fma, z\u0131plama ve ke\u015ffetme g\u00fcveni verir. Konfora odaklanan bu atletik ayakkab\u0131lar, b\u00fcy\u00fcyen ayaklar\u0131 destekleyen ve uzun s\u00fcreli aktiviteler s\u0131ras\u0131nda yorgunlu\u011fu azaltan yast\u0131kl\u0131 bir i\u00e7 k\u0131sma sahiptir.<\/p>\n<h3>Kolay Kullan\u0131m i\u00e7in Yenilik\u00e7i Tasar\u0131m<\/h3>\n<p>Kar\u0131\u015f\u0131k ba\u011fc\u0131klarla bo\u011fu\u015ftu\u011funuz g\u00fcnler geride kald\u0131! Bunlar <strong>\u00c7ocuk Siyah Atletik Ayakkab\u0131<\/strong> modern bir h\u0131zl\u0131 ba\u011fc\u0131k sistemi ile donat\u0131lm\u0131\u015ft\u0131r ve \u00e7ocuklar\u0131n uyumlar\u0131n\u0131 zahmetsizce ayarlamalar\u0131na olanak tan\u0131r. Bu yenilik\u00e7i \u00f6zellik sadece ba\u011f\u0131ms\u0131zl\u0131\u011f\u0131 te\u015fvik etmekle kalmaz, ayn\u0131 zamanda g\u00fcn boyunca g\u00fcvenli ve rahat bir his sa\u011flar. \u0130ster okula ko\u015fturuyor ister antrenmana gidiyor olsunlar, h\u0131zl\u0131 ba\u011fc\u0131k tasar\u0131m\u0131 bu ayakkab\u0131lar\u0131 <strong>\u00c7ocuk Siyah Atletik Ayakkab\u0131<\/strong> Hem \u00e7ocuklar hem de ebeveynler i\u00e7in inan\u0131lmaz derecede pratiktir. \u015e\u0131k siyah esteti\u011fi sayesinde her k\u0131yafetle uyumludur ve gard\u0131robun vazge\u00e7ilmezi haline gelir.<\/p>\n<h3>B\u00fcy\u00fcyen \u00c7ocuklar \u0130\u00e7in M\u00fckemmel Uyum (30-35 Bedenler)<\/h3>\n<p>Do\u011fru kal\u0131b\u0131 bulmak \u00e7ocuk ayakkab\u0131lar\u0131 i\u00e7in \u00e7ok \u00f6nemlidir ve bizim <strong>\u00c7ocuk Siyah Atletik Ayakkab\u0131<\/strong> 30'dan 35'e kadar kapsaml\u0131 bir beden yelpazesinde mevcuttur. Bu sayede \u00e7ocu\u011funuzun geli\u015fmekte olan ayaklar\u0131 i\u00e7in m\u00fckemmel uyumu bulabilir, sa\u011fl\u0131kl\u0131 b\u00fcy\u00fcmeyi ve konforu te\u015fvik edebilirsiniz. Bunlar <strong>\u00c7ocuk Siyah Atletik Ayakkab\u0131<\/strong> sadece g\u00f6r\u00fcn\u00fcmle ilgili de\u011fildir; g\u00fcvenilir destek ve rahat bir deneyim sunarak okul ayakkab\u0131lar\u0131, g\u00fcnl\u00fck g\u00fcndelik k\u0131yafetler veya \u00f6zel spor ayakkab\u0131lar\u0131 i\u00e7in ideal bir se\u00e7imdir.<\/p>\n<h3>Perakendeciler i\u00e7in Toptan Sat\u0131\u015f F\u0131rsat\u0131<\/h3>\n<p>\u0130\u015fletmeler ve perakendeciler i\u00e7in <strong>\u00c7ocuk Siyah Atletik Ayakkab\u0131<\/strong> m\u00fckemmel bir toptan sat\u0131\u015f f\u0131rsat\u0131n\u0131 temsil eder. Minimum 8 \u00e7ift sipari\u015f miktar\u0131yla, y\u00fcksek talep g\u00f6ren bu spor ayakkab\u0131lar\u0131n\u0131 kolayca stoklayabilirsiniz. M\u00fc\u015fterilerinize en kaliteli, dayan\u0131kl\u0131 <strong>\u00c7ocuk Siyah Atletik Ayakkab\u0131<\/strong> modern stili pratik i\u015flevsellikle birle\u015ftiriyor. Bu ayakkab\u0131lar, her aktif \u00e7ocuk i\u00e7in g\u00fcvenilir bir se\u00e7imdir ve memnuniyet ve tekrar i\u015f vaat eder.<\/p>","protected":false},"excerpt":{"rendered":"<ul>\n<li>Aktif \u00e7ocuklar i\u00e7in tasarlanm\u0131\u015f Dayan\u0131kl\u0131 \u00c7ocuk Siyah Atletik Ayakkab\u0131.<\/li>\n<li>Kolay giyip \u00e7\u0131karmak i\u00e7in kullan\u0131\u015fl\u0131 bir h\u0131zl\u0131 ba\u011fc\u0131k sistemine sahiptir.<\/li>\n<li>Uzun \u00f6m\u00fcrl\u00fc kullan\u0131m i\u00e7in sa\u011flam poli-blend malzemeden \u00fcretilmi\u015ftir.<\/li>\n<li>G\u00fcnl\u00fck maceralar ve spor i\u00e7in m\u00fckemmel konfor ve destek sa\u011flar.<\/li>\n<li>\u00c7ok \u00e7e\u015fitli \u00e7ocuk bedenlerinde mevcuttur: 30, 31, 32, 33, 34, 35.<\/li>\n<li>Toptan sat\u0131\u015f talepleri kabul edilir - minimum sipari\u015f miktar\u0131 8 \u00e7ifttir.<\/li>\n<\/ul>","protected":false},"featured_media":6786,"template":"","meta":{"_acf_changed":false,"_uag_custom_page_level_css":"","site-sidebar-layout":"default","site-content-layout":"","ast-site-content-layout":"default","site-content-style":"default","site-sidebar-style":"default","ast-global-header-display":"","ast-banner-title-visibility":"","ast-main-header-display":"","ast-hfb-above-header-display":"","ast-hfb-below-header-display":"","ast-hfb-mobile-header-display":"","site-post-title":"","ast-breadcrumbs-content":"","ast-featured-img":"","footer-sml-layout":"","ast-disable-related-posts":"","theme-transparent-header-meta":"","adv-header-id-meta":"","stick-header-meta":"","header-above-stick-meta":"","header-main-stick-meta":"","header-below-stick-meta":"","astra-migrate-meta-layouts":"default","ast-page-background-enabled":"default","ast-page-background-meta":{"desktop":{"background-color":"var(--ast-global-color-4)","background-image":"","background-repeat":"repeat","background-position":"center center","background-size":"auto","background-attachment":"scroll","background-type":"","background-media":"","overlay-type":"","overlay-color":"","overlay-opacity":"","overlay-gradient":""},"tablet":{"background-color":"","background-image":"","background-repeat":"repeat","background-position":"center center","background-size":"auto","background-attachment":"scroll","background-type":"","background-media":"","overlay-type":"","overlay-color":"","overlay-opacity":"","overlay-gradient":""},"mobile":{"background-color":"","background-image":"","background-repeat":"repeat","background-position":"center center","background-size":"auto","background-attachment":"scroll","background-type":"","background-media":"","overlay-type":"","overlay-color":"","overlay-opacity":"","overlay-gradient":""}},"ast-content-background-meta":{"desktop":{"background-color":"var(--ast-global-color-5)","background-image":"","background-repeat":"repeat","background-position":"center center","background-size":"auto","background-attachment":"scroll","background-type":"","background-media":"","overlay-type":"","overlay-color":"","overlay-opacity":"","overlay-gradient":""},"tablet":{"background-color":"var(--ast-global-color-5)","background-image":"","background-repeat":"repeat","background-position":"center center","background-size":"auto","background-attachment":"scroll","background-type":"","background-media":"","overlay-type":"","overlay-color":"","overlay-opacity":"","overlay-gradient":""},"mobile":{"background-color":"var(--ast-global-color-5)","background-image":"","background-repeat":"repeat","background-position":"center center","background-size":"auto","background-attachment":"scroll","background-type":"","background-media":"","overlay-type":"","overlay-color":"","overlay-opacity":"","overlay-gradient":""}}},"product_brand":[],"product_cat":[433,65],"product_tag":[1560,1120,1547,1568,1569,1572,1570,1551,1571],"class_list":{"0":"post-8358","1":"product","2":"type-product","3":"status-publish","4":"has-post-thumbnail","6":"product_cat-child","7":"product_cat-child-shoes","8":"product_tag-active-kids-shoes","9":"product_tag-black-sneakers","10":"product_tag-durable-kids-shoes","11":"product_tag-kids-black-athletic-shoes","12":"product_tag-kids-running-shoes","13":"product_tag-poli-blend-sneakers","14":"product_tag-quick-lace-shoes","15":"product_tag-sizes-30-35","16":"product_tag-youth-athletic-footwear","17":"desktop-align-center","18":"tablet-align-center","19":"mobile-align-center","21":"first","22":"instock","23":"shipping-taxable","24":"purchasable","25":"product-type-variable","26":"has-default-attributes"},"acf":[],"uagb_featured_image_src":{"full":["https:\/\/turkishtrade.co\/wp-content\/uploads\/2026\/01\/2600OYNBY00037-BLACK.png",453,250,false],"thumbnail":["https:\/\/turkishtrade.co\/wp-content\/uploads\/2026\/01\/2600OYNBY00037-BLACK-150x150.png",150,150,true],"medium":["https:\/\/turkishtrade.co\/wp-content\/uploads\/2026\/01\/2600OYNBY00037-BLACK-300x166.png",300,166,true],"medium_large":["https:\/\/turkishtrade.co\/wp-content\/uploads\/2026\/01\/2600OYNBY00037-BLACK.png",453,250,false],"large":["https:\/\/turkishtrade.co\/wp-content\/uploads\/2026\/01\/2600OYNBY00037-BLACK.png",453,250,false],"1536x1536":["https:\/\/turkishtrade.co\/wp-content\/uploads\/2026\/01\/2600OYNBY00037-BLACK.png",453,250,false],"2048x2048":["https:\/\/turkishtrade.co\/wp-content\/uploads\/2026\/01\/2600OYNBY00037-BLACK.png",453,250,false],"trp-custom-language-flag":["https:\/\/turkishtrade.co\/wp-content\/uploads\/2026\/01\/2600OYNBY00037-BLACK-18x10.png",18,10,true],"woocommerce_thumbnail":["https:\/\/turkishtrade.co\/wp-content\/uploads\/2026\/01\/2600OYNBY00037-BLACK-400x250.png",400,250,true],"woocommerce_single":["https:\/\/turkishtrade.co\/wp-content\/uploads\/2026\/01\/2600OYNBY00037-BLACK.png",453,250,false],"woocommerce_gallery_thumbnail":["https:\/\/turkishtrade.co\/wp-content\/uploads\/2026\/01\/2600OYNBY00037-BLACK-100x100.png",100,100,true]},"uagb_author_info":{"display_name":"python python","author_link":"https:\/\/turkishtrade.co\/tr\/author\/"},"uagb_comment_info":0,"uagb_excerpt":"Durable Kids Black Athletic Shoes designed for active children. Features a convenient quick-lace system for easy on and off. Constructed with a robust poli-blend material for long-lasting wear. Provides excellent comfort and support for everyday adventures and sports. Available in a wide range of children's sizes: 30, 31, 32, 33, 34, 35. Wholesale inquiries welcome&hellip;","_links":{"self":[{"href":"https:\/\/turkishtrade.co\/tr\/wp-json\/wp\/v2\/product\/8358","targetHints":{"allow":["GET"]}}],"collection":[{"href":"https:\/\/turkishtrade.co\/tr\/wp-json\/wp\/v2\/product"}],"about":[{"href":"https:\/\/turkishtrade.co\/tr\/wp-json\/wp\/v2\/types\/product"}],"wp:featuredmedia":[{"embeddable":true,"href":"https:\/\/turkishtrade.co\/tr\/wp-json\/wp\/v2\/media\/6786"}],"wp:attachment":[{"href":"https:\/\/turkishtrade.co\/tr\/wp-json\/wp\/v2\/media?parent=8358"}],"wp:term":[{"taxonomy":"product_brand","embeddable":true,"href":"https:\/\/turkishtrade.co\/tr\/wp-json\/wp\/v2\/product_brand?post=8358"},{"taxonomy":"product_cat","embeddable":true,"href":"https:\/\/turkishtrade.co\/tr\/wp-json\/wp\/v2\/product_cat?post=8358"},{"taxonomy":"product_tag","embeddable":true,"href":"https:\/\/turkishtrade.co\/tr\/wp-json\/wp\/v2\/product_tag?post=8358"}],"curies":[{"name":"wp","href":"https:\/\/api.w.org\/{rel}","templated":true}]}}