{"id":8357,"date":"2026-01-29T14:49:34","date_gmt":"2026-01-29T14:49:34","guid":{"rendered":"https:\/\/turkishtrade.co\/?post_type=product&#038;p=8357"},"modified":"2026-04-09T20:28:11","modified_gmt":"2026-04-09T20:28:11","slug":"kids-sports-shoes","status":"publish","type":"product","link":"https:\/\/turkishtrade.co\/tr\/shop\/kids-sports-shoes\/","title":{"rendered":"\u00c7ocuk Spor Ayakkab\u0131lar\u0131 \u0130nan\u0131lmaz | Dayan\u0131kl\u0131 \u00c7ocuk Atletik Performans Sporlar\u0131"},"content":{"rendered":"<p>Premium \u00fcr\u00fcn\u00fcm\u00fczle tan\u0131\u015f\u0131n <strong>\u00c7ocuk Spor Ayakkab\u0131lar\u0131<\/strong>, aktif \u00e7ocuklar\u0131n s\u0131n\u0131rs\u0131z enerjisine ayak uydurmak i\u00e7in titizlikle tasarlanm\u0131\u015ft\u0131r. Bu atletik ayakkab\u0131lar sadece bir ayakkab\u0131 de\u011fildir; her gen\u00e7 macerac\u0131 i\u00e7in konfor, dayan\u0131kl\u0131l\u0131k ve performans taahh\u00fcd\u00fcd\u00fcr. 30 ila 35 numara i\u00e7in \u00fcretilen bu ayakkab\u0131lar, hem g\u00fcnl\u00fck aktiviteleri hem de spor \u00e7al\u0131\u015fmalar\u0131 i\u00e7in g\u00fcvenilir ayakkab\u0131lar talep eden ergenlik \u00f6ncesi \u00e7ocuklar ve gen\u00e7ler i\u00e7in m\u00fckemmeldir.<\/p>\n<p>Bu \u00e7ok y\u00f6nl\u00fc \u00fcr\u00fcnlerin her \u00e7ifti <strong>\u00c7ocuk Spor Ayakkab\u0131lar\u0131<\/strong> yo\u011fun oyun s\u0131ras\u0131nda bile optimum hava ak\u0131\u015f\u0131 ve konfor sa\u011flamak i\u00e7in nefes alabilen file panellerle geli\u015ftirilmi\u015f sa\u011flam koyu gri sentetik sayaya sahiptir. Y\u00fcksek kaliteli polyester ve poli\u00fcretan kar\u0131\u015f\u0131mlar\u0131n\u0131n kullan\u0131ld\u0131\u011f\u0131 sa\u011flam yap\u0131, bu ayakkab\u0131lar\u0131n oyun alan\u0131 maskaral\u0131klar\u0131, okul sporlar\u0131 ve a\u00e7\u0131k hava ke\u015fiflerinin zorluklar\u0131na dayanabilmesini sa\u011flar. \u015e\u0131k tasar\u0131m, g\u00fcvenli siyah ba\u011fc\u0131klarla birle\u015fti\u011finde, geli\u015fmekte olan ayaklar i\u00e7in \u00e7ok \u00f6nemli olan rahat ve destekleyici bir uyum sunar.<\/p>\n<h3>S\u0131n\u0131rs\u0131z Oyun ve Performans i\u00e7in Tasarland\u0131<\/h3>\n<p>Bu istisnai \u00e7al\u0131\u015fmalar\u0131n temeli <strong>\u00c7ocuk Spor Ayakkab\u0131lar\u0131<\/strong> m\u00fchendisli\u011finde yatmaktad\u0131r. Kal\u0131n, pabu\u00e7lu siyah d\u0131\u015f taban, spor salonu zeminlerinden \u00e7im sahalara kadar \u00e7ok say\u0131da y\u00fczeyde \u00fcst\u00fcn tutu\u015f sa\u011flar. Bu geli\u015fmi\u015f kavrama kaymalar\u0131 en aza indirir ve dengeyi art\u0131rarak ebeveynlere g\u00f6n\u00fcl rahatl\u0131\u011f\u0131, \u00e7ocuklara da teredd\u00fct etmeden ko\u015fma, z\u0131plama ve t\u0131rmanma g\u00fcveni verir. Yast\u0131kl\u0131 orta taban darbeyi etkili bir \u015fekilde emerek y\u00fcksek enerjili aktiviteler s\u0131ras\u0131nda k\u00fc\u00e7\u00fck ayaklar\u0131 ve eklemleri stresten korur. \u0130ster futbol antrenman\u0131, ister okulda bir g\u00fcn ya da sadece a\u00e7\u0131k havan\u0131n tad\u0131n\u0131 \u00e7\u0131karmak i\u00e7in olsun, bu ayakkab\u0131lar destek ve esnekli\u011fin m\u00fckemmel bir kar\u0131\u015f\u0131m\u0131n\u0131 sunar.<\/p>\n<h3>Konfor Dayan\u0131kl\u0131l\u0131kla Bulu\u015fuyor<\/h3>\n<p>\u00c7ocuk ayakkab\u0131lar\u0131n\u0131n sa\u011flam olmas\u0131 gerekti\u011fini biliyoruz. Bu nedenle bu \u00e7ocuk spor ayakkab\u0131lar\u0131 uzun \u00f6m\u00fcrl\u00fcl\u00fc\u011fe odaklanarak \u00fcretilmi\u015ftir. Sentetik malzemelerin temizlenmesi ve bak\u0131m\u0131 kolayd\u0131r, say\u0131s\u0131z maceradan sonra bile harika g\u00f6r\u00fcnmelerini sa\u011flar. G\u00fc\u00e7lendirilmi\u015f diki\u015f ve dayan\u0131kl\u0131 burun kapa\u011f\u0131, a\u015f\u0131nma ve y\u0131pranmaya kar\u015f\u0131 ekstra bir koruma katman\u0131 ekler. Ayr\u0131ca, tasar\u0131m\u0131n hafif yap\u0131s\u0131 yorulmay\u0131 \u00f6nleyerek \u00e7ocuklar\u0131n g\u00fcn boyu aktif ve rahat kalmas\u0131n\u0131 sa\u011flar. Modern koyu gri ve siyah esteti\u011fi, bu ayakkab\u0131lar\u0131 \u00e7e\u015fitli k\u0131yafetlerle kolayca e\u015fle\u015ftirilebilen \u015f\u0131k bir se\u00e7im haline getirerek her \u00e7ocu\u011fun gard\u0131robuna pratik bir katk\u0131 sa\u011flar.<\/p>\n<h3>Perakendeciler i\u00e7in Toptan Sat\u0131\u015f F\u0131rsat\u0131<\/h3>\n<p>Y\u00fcksek kaliteli, talep g\u00f6ren \u00e7ocuk ayakkab\u0131lar\u0131n\u0131 stoklamak isteyen perakendeciler i\u00e7in bu \u00e7ocuk spor ayakkab\u0131lar\u0131 m\u00fckemmel bir f\u0131rsatt\u0131r. Sadece 8 \u00e7iftlik minimum sipari\u015f miktar\u0131yla rekabet\u00e7i toptan fiyatland\u0131rma sunarak envanterinize \u00e7ok y\u00f6nl\u00fc ve pop\u00fcler bir \u00fcr\u00fcn eklemenizi kolayla\u015ft\u0131r\u0131yoruz. M\u00fc\u015fterilerinize ebeveynlerin g\u00fcvendi\u011fi ve \u00e7ocuklar\u0131n sevdi\u011fi dayan\u0131kl\u0131, rahat ve \u015f\u0131k spor ayakkab\u0131lar sa\u011flay\u0131n. Kalite ve tasar\u0131m a\u00e7\u0131s\u0131ndan ger\u00e7ekten \u00f6ne \u00e7\u0131kan ayakkab\u0131larla \u00fcr\u00fcn teklifinizi geli\u015ftirin.<\/p>","protected":false},"excerpt":{"rendered":"<ul>\n<li>Aktif \u00e7ocuklar i\u00e7in \u00fcretilmi\u015f dayan\u0131kl\u0131 ve rahat tasar\u0131m.<\/li>\n<li>Hafif yap\u0131s\u0131 \u00e7eviklik ve hareket kolayl\u0131\u011f\u0131 sa\u011flar.<\/li>\n<li>Sa\u011flam, kavray\u0131c\u0131 taban \u00e7e\u015fitli spor aktiviteleri i\u00e7in m\u00fckemmel tutu\u015f sa\u011flar.<\/li>\n<li>\u00c7ok y\u00f6nl\u00fc \u00e7ocuk bedenleri mevcuttur: 30, 31, 32, 33, 34, 35.<\/li>\n<li>Okul, spor, oyun alan\u0131 maceralar\u0131 ve g\u00fcnl\u00fck giyim i\u00e7in idealdir.<\/li>\n<li>Perakendeciler i\u00e7in minimum 8 \u00e7ift sipari\u015f ile toptan sat\u0131\u015f mevcuttur.<\/li>\n<\/ul>","protected":false},"featured_media":6785,"template":"","meta":{"_acf_changed":false,"_uag_custom_page_level_css":"","site-sidebar-layout":"default","site-content-layout":"","ast-site-content-layout":"default","site-content-style":"default","site-sidebar-style":"default","ast-global-header-display":"","ast-banner-title-visibility":"","ast-main-header-display":"","ast-hfb-above-header-display":"","ast-hfb-below-header-display":"","ast-hfb-mobile-header-display":"","site-post-title":"","ast-breadcrumbs-content":"","ast-featured-img":"","footer-sml-layout":"","ast-disable-related-posts":"","theme-transparent-header-meta":"","adv-header-id-meta":"","stick-header-meta":"","header-above-stick-meta":"","header-main-stick-meta":"","header-below-stick-meta":"","astra-migrate-meta-layouts":"default","ast-page-background-enabled":"default","ast-page-background-meta":{"desktop":{"background-color":"var(--ast-global-color-4)","background-image":"","background-repeat":"repeat","background-position":"center center","background-size":"auto","background-attachment":"scroll","background-type":"","background-media":"","overlay-type":"","overlay-color":"","overlay-opacity":"","overlay-gradient":""},"tablet":{"background-color":"","background-image":"","background-repeat":"repeat","background-position":"center center","background-size":"auto","background-attachment":"scroll","background-type":"","background-media":"","overlay-type":"","overlay-color":"","overlay-opacity":"","overlay-gradient":""},"mobile":{"background-color":"","background-image":"","background-repeat":"repeat","background-position":"center center","background-size":"auto","background-attachment":"scroll","background-type":"","background-media":"","overlay-type":"","overlay-color":"","overlay-opacity":"","overlay-gradient":""}},"ast-content-background-meta":{"desktop":{"background-color":"var(--ast-global-color-5)","background-image":"","background-repeat":"repeat","background-position":"center center","background-size":"auto","background-attachment":"scroll","background-type":"","background-media":"","overlay-type":"","overlay-color":"","overlay-opacity":"","overlay-gradient":""},"tablet":{"background-color":"var(--ast-global-color-5)","background-image":"","background-repeat":"repeat","background-position":"center center","background-size":"auto","background-attachment":"scroll","background-type":"","background-media":"","overlay-type":"","overlay-color":"","overlay-opacity":"","overlay-gradient":""},"mobile":{"background-color":"var(--ast-global-color-5)","background-image":"","background-repeat":"repeat","background-position":"center center","background-size":"auto","background-attachment":"scroll","background-type":"","background-media":"","overlay-type":"","overlay-color":"","overlay-opacity":"","overlay-gradient":""}}},"product_brand":[],"product_cat":[433,65],"product_tag":[1565,1561,1564,1529,1552,1567,1566,1563,1550,1562],"class_list":{"0":"post-8357","1":"product","2":"type-product","3":"status-publish","4":"has-post-thumbnail","6":"product_cat-child","7":"product_cat-child-shoes","8":"product_tag-active-kids-footwear","9":"product_tag-childrens-athletic-footwear","10":"product_tag-durable-childrens-shoes","11":"product_tag-grey-sneakers","12":"product_tag-kids-sports-shoes","13":"product_tag-playground-shoes","14":"product_tag-school-shoes","15":"product_tag-sporty-kids-shoes","16":"product_tag-wholesale-kids-shoes","17":"product_tag-youth-running-shoes","18":"desktop-align-center","19":"tablet-align-center","20":"mobile-align-center","22":"first","23":"instock","24":"shipping-taxable","25":"purchasable","26":"product-type-variable","27":"has-default-attributes"},"acf":[],"uagb_featured_image_src":{"full":["https:\/\/turkishtrade.co\/wp-content\/uploads\/2026\/01\/2600OYNBY00036-BLACK.png",453,250,false],"thumbnail":["https:\/\/turkishtrade.co\/wp-content\/uploads\/2026\/01\/2600OYNBY00036-BLACK-150x150.png",150,150,true],"medium":["https:\/\/turkishtrade.co\/wp-content\/uploads\/2026\/01\/2600OYNBY00036-BLACK-300x166.png",300,166,true],"medium_large":["https:\/\/turkishtrade.co\/wp-content\/uploads\/2026\/01\/2600OYNBY00036-BLACK.png",453,250,false],"large":["https:\/\/turkishtrade.co\/wp-content\/uploads\/2026\/01\/2600OYNBY00036-BLACK.png",453,250,false],"1536x1536":["https:\/\/turkishtrade.co\/wp-content\/uploads\/2026\/01\/2600OYNBY00036-BLACK.png",453,250,false],"2048x2048":["https:\/\/turkishtrade.co\/wp-content\/uploads\/2026\/01\/2600OYNBY00036-BLACK.png",453,250,false],"trp-custom-language-flag":["https:\/\/turkishtrade.co\/wp-content\/uploads\/2026\/01\/2600OYNBY00036-BLACK-18x10.png",18,10,true],"woocommerce_thumbnail":["https:\/\/turkishtrade.co\/wp-content\/uploads\/2026\/01\/2600OYNBY00036-BLACK-400x250.png",400,250,true],"woocommerce_single":["https:\/\/turkishtrade.co\/wp-content\/uploads\/2026\/01\/2600OYNBY00036-BLACK.png",453,250,false],"woocommerce_gallery_thumbnail":["https:\/\/turkishtrade.co\/wp-content\/uploads\/2026\/01\/2600OYNBY00036-BLACK-100x100.png",100,100,true]},"uagb_author_info":{"display_name":"python python","author_link":"https:\/\/turkishtrade.co\/tr\/author\/"},"uagb_comment_info":0,"uagb_excerpt":"Durable and comfortable design built for active children. Lightweight construction ensures agility and ease of movement. Robust, grippy sole provides excellent traction for various sports activities. Available in versatile kids' sizes: 30, 31, 32, 33, 34, 35. Ideal for school, sports, playground adventures, and everyday wear. Wholesale available for retailers with a minimum order of&hellip;","_links":{"self":[{"href":"https:\/\/turkishtrade.co\/tr\/wp-json\/wp\/v2\/product\/8357","targetHints":{"allow":["GET"]}}],"collection":[{"href":"https:\/\/turkishtrade.co\/tr\/wp-json\/wp\/v2\/product"}],"about":[{"href":"https:\/\/turkishtrade.co\/tr\/wp-json\/wp\/v2\/types\/product"}],"wp:featuredmedia":[{"embeddable":true,"href":"https:\/\/turkishtrade.co\/tr\/wp-json\/wp\/v2\/media\/6785"}],"wp:attachment":[{"href":"https:\/\/turkishtrade.co\/tr\/wp-json\/wp\/v2\/media?parent=8357"}],"wp:term":[{"taxonomy":"product_brand","embeddable":true,"href":"https:\/\/turkishtrade.co\/tr\/wp-json\/wp\/v2\/product_brand?post=8357"},{"taxonomy":"product_cat","embeddable":true,"href":"https:\/\/turkishtrade.co\/tr\/wp-json\/wp\/v2\/product_cat?post=8357"},{"taxonomy":"product_tag","embeddable":true,"href":"https:\/\/turkishtrade.co\/tr\/wp-json\/wp\/v2\/product_tag?post=8357"}],"curies":[{"name":"wp","href":"https:\/\/api.w.org\/{rel}","templated":true}]}}