{"id":8356,"date":"2026-01-29T14:49:34","date_gmt":"2026-01-29T14:49:34","guid":{"rendered":"https:\/\/turkishtrade.co\/?post_type=product&#038;p=8356"},"modified":"2026-04-09T20:28:13","modified_gmt":"2026-04-09T20:28:13","slug":"kids-black-sports-shoes","status":"publish","type":"product","link":"https:\/\/turkishtrade.co\/tr\/shop\/kids-black-sports-shoes\/","title":{"rendered":"\u00c7ocuk Siyah Spor Ayakkab\u0131 Premium | \u00c7ocuk Siyah Velcro Spor Ayakkab\u0131"},"content":{"rendered":"<p><strong>Siyah \u00c7ocuk Spor Ayakkab\u0131lar\u0131<\/strong>. \u00dcst\u00fcn kalite ve tasar\u0131m.<\/p>\n<p>K\u00fc\u00e7\u00fck macerac\u0131lar\u0131n\u0131z\u0131 s\u0131n\u0131rs\u0131z enerji ve g\u00fcnl\u00fck ke\u015fifler i\u00e7in tasarlanm\u0131\u015f en iyi ayakkab\u0131larla donat\u0131n. Birinci s\u0131n\u0131f ayakkab\u0131lar\u0131m\u0131z <strong>Siyah \u00c7ocuk Spor Ayakkab\u0131lar\u0131<\/strong> aktif erkek ve k\u0131z \u00e7ocuklar\u0131 i\u00e7in maksimum konfor, dayan\u0131kl\u0131l\u0131k ve stil sa\u011flamak \u00fczere tasarlanm\u0131\u015ft\u0131r. Y\u00fcksek kaliteli, esnek sentetik malzemelerden \u00fcretilen bu siyah spor ayakkab\u0131lar, oyun zaman\u0131, okul aktiviteleri ve aradaki her \u015feyin zorluklar\u0131na dayanacak \u015fekilde \u00fcretilmi\u015ftir.<\/p>\n<p>Bu fantastik \u00fcr\u00fcnlerin \u00f6ne \u00e7\u0131kan \u00f6zelli\u011fi <strong>Siyah \u00c7ocuk Spor Ayakkab\u0131lar\u0131<\/strong> kullan\u0131\u015fl\u0131 Velcro kay\u0131\u015f kapamas\u0131d\u0131r. Bu tasar\u0131m, \u00e7ocuklar\u0131n kendi ba\u015flar\u0131na giyip \u00e7\u0131karmalar\u0131n\u0131 inan\u0131lmaz derecede kolayla\u015ft\u0131rarak ba\u011f\u0131ms\u0131zl\u0131\u011f\u0131 te\u015fvik etmekle kalmaz, ayn\u0131 zamanda \u00e7e\u015fitli ayak \u015fekilleri i\u00e7in g\u00fcvenli ve ayarlanabilir bir uyum sa\u011flar. Ba\u011fc\u0131klarla u\u011fra\u015fmaya veda edin ve daha fazla oyun zaman\u0131na merhaba deyin!<\/p>\n<h3>Aktif Ya\u015fam Tarzlar\u0131 i\u00e7in Tasarland\u0131<\/h3>\n<p>Pratik olarak kapat\u0131lmalar\u0131n\u0131n \u00f6tesinde, bu <strong>Siyah \u00c7ocuk Spor Ayakkab\u0131lar\u0131<\/strong> \u00e7e\u015fitli y\u00fczeylerde m\u00fckemmel kavrama ve denge sa\u011flayan sa\u011flam, kal\u0131n bir tabana sahiptir. \u0130ster oyun alan\u0131nda ko\u015fuyor, ister okul koridorlar\u0131nda geziniyor veya yeni patikalar\u0131 ke\u015ffediyor olsunlar, sa\u011flam taban kayma ve d\u00fc\u015fmeleri \u00f6nlemek i\u00e7in g\u00fcvenilir \u00e7eki\u015f g\u00fcc\u00fc sunar. Dolgulu yaka ve dil, uzun s\u00fcreli kullan\u0131mlarda aya\u011f\u0131 yast\u0131klayarak genel konfora katk\u0131da bulunur. Topuktaki ince bej vurgu, klasik siyah tasar\u0131ma modern bir dokunu\u015f katarak bu \u00e7ocuk spor ayakkab\u0131lar\u0131n\u0131 her gard\u0131rop i\u00e7in \u00e7ok y\u00f6nl\u00fc bir eklenti haline getirir.<\/p>\n<p>\u00c7ocuk ayakkab\u0131lar\u0131n\u0131n hem sa\u011flam hem de rahat olmas\u0131 gerekti\u011fini biliyoruz. Bu y\u00fczden bizim <strong>Siyah \u00c7ocuk Spor Ayakkab\u0131lar\u0131<\/strong> nefes alabilirlik ve destek odakl\u0131 olarak \u00fcretilmi\u015ftir. Uzun s\u00fcreli kullan\u0131m sa\u011flarken sa\u011fl\u0131kl\u0131 ayak geli\u015fimini destekleyen yap\u0131s\u0131, bu ayakkab\u0131lar\u0131 hem ebeveynler hem de perakendeciler i\u00e7in ak\u0131ll\u0131ca bir se\u00e7im haline getiriyor. 30'dan 35'e kadar kapsaml\u0131 bir Avrupa beden yelpazesinde mevcut olup, ilkokul \u00e7a\u011f\u0131ndaki \u00e7ocuklar i\u00e7in m\u00fckemmel uyumu bulaca\u011f\u0131n\u0131zdan emin olabilirsiniz. Bu siyah spor ayakkab\u0131lar \u00e7ocu\u011funuzun aktif gelece\u011fi i\u00e7in ger\u00e7ek bir yat\u0131r\u0131md\u0131r.<\/p>\n<h3>Toptan Sat\u0131\u015f F\u0131rsatlar\u0131 Mevcut<\/h3>\n<p>Y\u00fcksek talep g\u00f6ren \u00e7ocuk ayakkab\u0131lar\u0131n\u0131 stoklamak isteyen perakendeciler i\u00e7in bu dayan\u0131kl\u0131 <strong>Siyah \u00c7ocuk Spor Ayakkab\u0131lar\u0131<\/strong> m\u00fckemmel bir se\u00e7enektir. Sadece 8 \u00e7iftlik minimum sipari\u015f miktar\u0131yla cazip toptan fiyatland\u0131rma sunuyoruz ve i\u015fletmelerin envanterlerine pop\u00fcler ve g\u00fcvenilir bir \u00fcr\u00fcn\u00fc kolayca eklemelerine olanak tan\u0131yoruz. M\u00fc\u015fterilerinize ebeveynlerin g\u00fcvendi\u011fi ve \u00e7ocuklar\u0131n sevdi\u011fi y\u00fcksek kaliteli, rahat ve \u015f\u0131k \u00e7ocuk ayakkab\u0131lar\u0131 sa\u011flay\u0131n. Siyah spor ayakkab\u0131 koleksiyonumuz, t\u00fcm \u00e7ocuk ayakkab\u0131 departmanlar\u0131 veya spor malzemeleri ma\u011fazalar\u0131 i\u00e7in garantili bir sat\u0131c\u0131d\u0131r.<\/p>","protected":false},"excerpt":{"rendered":"<ul>\n<li>Dayan\u0131kl\u0131 ve \u015f\u0131k Siyah \u00c7ocuk Spor Ayakkab\u0131lar\u0131<\/li>\n<li>H\u0131zl\u0131 a\u00e7ma\/kapama i\u00e7in kullan\u0131m\u0131 kolay Velcro kay\u0131\u015fa sahiptir<\/li>\n<li>Aktif \u00e7ocuklar\u0131n g\u00fcnl\u00fck giyimi ve oyunlar\u0131 i\u00e7in ideal sa\u011flam tasar\u0131m<\/li>\n<li>Pop\u00fcler Avrupa bedenlerinde mevcuttur: 30, 31, 32, 33, 34, 35<\/li>\n<li>B\u00fcy\u00fcyen ayaklar i\u00e7in rahat ve destekleyici uyum<\/li>\n<li>Minimum 8 \u00e7ift sipari\u015f ile toptan sat\u0131\u015f fiyat\u0131 mevcuttur<\/li>\n<\/ul>","protected":false},"featured_media":6784,"template":"","meta":{"_acf_changed":false,"_uag_custom_page_level_css":"","site-sidebar-layout":"default","site-content-layout":"","ast-site-content-layout":"default","site-content-style":"default","site-sidebar-style":"default","ast-global-header-display":"","ast-banner-title-visibility":"","ast-main-header-display":"","ast-hfb-above-header-display":"","ast-hfb-below-header-display":"","ast-hfb-mobile-header-display":"","site-post-title":"","ast-breadcrumbs-content":"","ast-featured-img":"","footer-sml-layout":"","ast-disable-related-posts":"","theme-transparent-header-meta":"","adv-header-id-meta":"","stick-header-meta":"","header-above-stick-meta":"","header-main-stick-meta":"","header-below-stick-meta":"","astra-migrate-meta-layouts":"default","ast-page-background-enabled":"default","ast-page-background-meta":{"desktop":{"background-color":"var(--ast-global-color-4)","background-image":"","background-repeat":"repeat","background-position":"center center","background-size":"auto","background-attachment":"scroll","background-type":"","background-media":"","overlay-type":"","overlay-color":"","overlay-opacity":"","overlay-gradient":""},"tablet":{"background-color":"","background-image":"","background-repeat":"repeat","background-position":"center center","background-size":"auto","background-attachment":"scroll","background-type":"","background-media":"","overlay-type":"","overlay-color":"","overlay-opacity":"","overlay-gradient":""},"mobile":{"background-color":"","background-image":"","background-repeat":"repeat","background-position":"center center","background-size":"auto","background-attachment":"scroll","background-type":"","background-media":"","overlay-type":"","overlay-color":"","overlay-opacity":"","overlay-gradient":""}},"ast-content-background-meta":{"desktop":{"background-color":"var(--ast-global-color-5)","background-image":"","background-repeat":"repeat","background-position":"center center","background-size":"auto","background-attachment":"scroll","background-type":"","background-media":"","overlay-type":"","overlay-color":"","overlay-opacity":"","overlay-gradient":""},"tablet":{"background-color":"var(--ast-global-color-5)","background-image":"","background-repeat":"repeat","background-position":"center center","background-size":"auto","background-attachment":"scroll","background-type":"","background-media":"","overlay-type":"","overlay-color":"","overlay-opacity":"","overlay-gradient":""},"mobile":{"background-color":"var(--ast-global-color-5)","background-image":"","background-repeat":"repeat","background-position":"center center","background-size":"auto","background-attachment":"scroll","background-type":"","background-media":"","overlay-type":"","overlay-color":"","overlay-opacity":"","overlay-gradient":""}}},"product_brand":[],"product_cat":[433,65],"product_tag":[1560,1553,1558,1556,1555,1559,1557,1552,1551,1554],"class_list":{"0":"post-8356","1":"product","2":"type-product","3":"status-publish","4":"has-post-thumbnail","6":"product_cat-child","7":"product_cat-child-shoes","8":"product_tag-active-kids-shoes","9":"product_tag-black-childrens-shoes","10":"product_tag-boys-sports-shoes","11":"product_tag-childrens-athletic-shoes","12":"product_tag-durable-kids-footwear","13":"product_tag-girls-sports-shoes","14":"product_tag-kids-school-shoes","15":"product_tag-kids-sports-shoes","16":"product_tag-sizes-30-35","17":"product_tag-velcro-shoes-for-kids","18":"desktop-align-center","19":"tablet-align-center","20":"mobile-align-center","22":"first","23":"instock","24":"shipping-taxable","25":"purchasable","26":"product-type-variable","27":"has-default-attributes"},"acf":[],"uagb_featured_image_src":{"full":["https:\/\/turkishtrade.co\/wp-content\/uploads\/2026\/01\/2600OYNBY00035-BLACK.png",453,250,false],"thumbnail":["https:\/\/turkishtrade.co\/wp-content\/uploads\/2026\/01\/2600OYNBY00035-BLACK-150x150.png",150,150,true],"medium":["https:\/\/turkishtrade.co\/wp-content\/uploads\/2026\/01\/2600OYNBY00035-BLACK-300x166.png",300,166,true],"medium_large":["https:\/\/turkishtrade.co\/wp-content\/uploads\/2026\/01\/2600OYNBY00035-BLACK.png",453,250,false],"large":["https:\/\/turkishtrade.co\/wp-content\/uploads\/2026\/01\/2600OYNBY00035-BLACK.png",453,250,false],"1536x1536":["https:\/\/turkishtrade.co\/wp-content\/uploads\/2026\/01\/2600OYNBY00035-BLACK.png",453,250,false],"2048x2048":["https:\/\/turkishtrade.co\/wp-content\/uploads\/2026\/01\/2600OYNBY00035-BLACK.png",453,250,false],"trp-custom-language-flag":["https:\/\/turkishtrade.co\/wp-content\/uploads\/2026\/01\/2600OYNBY00035-BLACK-18x10.png",18,10,true],"woocommerce_thumbnail":["https:\/\/turkishtrade.co\/wp-content\/uploads\/2026\/01\/2600OYNBY00035-BLACK-400x250.png",400,250,true],"woocommerce_single":["https:\/\/turkishtrade.co\/wp-content\/uploads\/2026\/01\/2600OYNBY00035-BLACK.png",453,250,false],"woocommerce_gallery_thumbnail":["https:\/\/turkishtrade.co\/wp-content\/uploads\/2026\/01\/2600OYNBY00035-BLACK-100x100.png",100,100,true]},"uagb_author_info":{"display_name":"python python","author_link":"https:\/\/turkishtrade.co\/tr\/author\/"},"uagb_comment_info":0,"uagb_excerpt":"Durable and stylish Kids Black Sports Shoes Features an easy-to-use Velcro strap for quick on\/off Robust design ideal for active children's everyday wear and play Available in popular European sizes: 30, 31, 32, 33, 34, 35 Comfortable and supportive fit for growing feet Wholesale pricing available with a minimum order of 8 pairs","_links":{"self":[{"href":"https:\/\/turkishtrade.co\/tr\/wp-json\/wp\/v2\/product\/8356","targetHints":{"allow":["GET"]}}],"collection":[{"href":"https:\/\/turkishtrade.co\/tr\/wp-json\/wp\/v2\/product"}],"about":[{"href":"https:\/\/turkishtrade.co\/tr\/wp-json\/wp\/v2\/types\/product"}],"wp:featuredmedia":[{"embeddable":true,"href":"https:\/\/turkishtrade.co\/tr\/wp-json\/wp\/v2\/media\/6784"}],"wp:attachment":[{"href":"https:\/\/turkishtrade.co\/tr\/wp-json\/wp\/v2\/media?parent=8356"}],"wp:term":[{"taxonomy":"product_brand","embeddable":true,"href":"https:\/\/turkishtrade.co\/tr\/wp-json\/wp\/v2\/product_brand?post=8356"},{"taxonomy":"product_cat","embeddable":true,"href":"https:\/\/turkishtrade.co\/tr\/wp-json\/wp\/v2\/product_cat?post=8356"},{"taxonomy":"product_tag","embeddable":true,"href":"https:\/\/turkishtrade.co\/tr\/wp-json\/wp\/v2\/product_tag?post=8356"}],"curies":[{"name":"wp","href":"https:\/\/api.w.org\/{rel}","templated":true}]}}