{"id":8354,"date":"2026-01-29T14:49:34","date_gmt":"2026-01-29T14:49:34","guid":{"rendered":"https:\/\/turkishtrade.co\/?post_type=product&#038;p=8354"},"modified":"2026-04-09T20:28:19","modified_gmt":"2026-04-09T20:28:19","slug":"mens-calf-leather-loafers-11","status":"publish","type":"product","link":"https:\/\/turkishtrade.co\/tr\/shop\/mens-calf-leather-loafers-11\/","title":{"rendered":"Erkek Dana Derisi Loaferlar Rakipsiz | Erkek Premium Dana Derisi Toka"},"content":{"rendered":"<p><strong>Erkek Dana Derisi Loafer<\/strong>. Rakipsiz kalite ve tasar\u0131m.<\/p>\n<p>Enfes tasar\u0131m\u0131m\u0131zla benzersiz bir stil ve konfora ad\u0131m at\u0131n <strong>Erkek Premium Dana Derisi Tokal\u0131 Loafer<\/strong>. Se\u00e7kin beyefendiler i\u00e7in tasarlanan bu mokasen ayakkab\u0131lar, geleneksel i\u015f\u00e7ili\u011fi modern konfor \u00f6zellikleriyle kusursuz bir \u015fekilde harmanl\u0131yor. Her bir \u00e7ift, d\u0131\u015f y\u00fczey i\u00e7in en iyi hakiki dana derisi kullan\u0131larak titizlikle \u00fcretilmi\u015ftir ve yaln\u0131zca \u015f\u0131k, g\u00f6steri\u015fli bir g\u00f6r\u00fcn\u00fcm de\u011fil, ayn\u0131 zamanda zaman\u0131n testine dayanan ola\u011fan\u00fcst\u00fc dayan\u0131kl\u0131l\u0131k sa\u011flar. Bunlar sadece ayakkab\u0131 de\u011fil; kal\u0131c\u0131 kalite ve sofistike stile yap\u0131lan bir yat\u0131r\u0131md\u0131r.<\/p>\n<p>Bunlar\u0131 ger\u00e7ekten belirleyen \u015fey <strong>Erkek Dana Derisi Loafer<\/strong> Bunun d\u0131\u015f\u0131nda, birinci s\u0131n\u0131f malzemelerin \u00f6zenli bir \u015fekilde bir araya getirilmesidir. D\u0131\u015f k\u0131sm\u0131 esnek dana derisine sahipken, i\u00e7 k\u0131sm\u0131 inan\u0131lmaz yumu\u015fak ke\u00e7i derisiyle astarlanm\u0131\u015ft\u0131r. Bu l\u00fcks i\u00e7 astar, \u00fcst\u00fcn nefes alabilirlik ve cildinize kar\u015f\u0131 pel\u00fc\u015f bir his sunarak her ad\u0131m\u0131 bir zevk haline getirir. Klasik toka detay\u0131 rafine bir \u015f\u0131kl\u0131k katarak bu mokasen ayakkab\u0131y\u0131 g\u00fcnl\u00fck i\u015f hayat\u0131ndan daha resmi toplant\u0131lara kadar bir\u00e7ok durum i\u00e7in uygun hale getirir.<\/p>\n<h3>Rakipsiz Konfor ve Dayan\u0131kl\u0131l\u0131k<\/h3>\n<p>Konfor her \u015feyden \u00f6nemlidir ve <strong>Erkek Dana Derisi Loafer<\/strong> yenilik\u00e7i EVA taban\u0131 sayesinde sunar. Geleneksel a\u011f\u0131r tabanlardan farkl\u0131 olarak, EVA taban olduk\u00e7a hafiftir ve dayan\u0131kl\u0131l\u0131k veya kavramadan \u00f6d\u00fcn vermeden m\u00fckemmel \u015fok emilimi ve yast\u0131klama sa\u011flar. \u0130ster \u015fehir sokaklar\u0131nda geziniyor ister uzun bir g\u00fcn\u00fc ayaklar\u0131n\u0131z\u0131n \u00fczerinde ge\u00e7iriyor olun, bu mokasen ayakkab\u0131lar\u0131n sundu\u011fu sa\u011flam ama esnek deste\u011fi takdir edeceksiniz. Sa\u011flam yap\u0131s\u0131 uzun \u00f6m\u00fcrl\u00fcl\u00fc\u011f\u00fc garanti ederek bu klasik ayakkab\u0131lar\u0131n y\u0131llarca gard\u0131robunuzda temel bir par\u00e7a olarak kalmas\u0131n\u0131 sa\u011flar.<\/p>\n<p>Bu \u00e7ok y\u00f6nl\u00fc <strong>Dana Derisi Loaferlar<\/strong> ayakkab\u0131dan daha fazlas\u0131d\u0131r; rafine bir zevkin ifadesidir. Zamans\u0131z tasar\u0131mlar\u0131, \u00f6zel dikim tak\u0131mlardan \u015f\u0131k pantolonlara ve hatta sofistike denimlere kadar geni\u015f bir yelpazedeki k\u0131yafetleri tamamlamalar\u0131n\u0131 sa\u011flar. Zengin koyu kahverengi tonu, s\u0131cakl\u0131k ve sofistike bir dokunu\u015f katarak onlar\u0131 her modern erke\u011fin koleksiyonuna vazge\u00e7ilmez bir katk\u0131 haline getirir. 39, 40, 41c, 42c, 43, 44 ve 45 numara se\u00e7enekleriyle her aya\u011fa m\u00fckemmel uyum sa\u011fl\u0131yoruz.<\/p>\n<p>M\u00fc\u015fterilerine birinci s\u0131n\u0131f ayakkab\u0131lar sunmak isteyen i\u015fletmeler i\u00e7in bu <strong>Erkek Dana Derisi Loafer<\/strong> minimum 8 \u00e7ift sipari\u015f ile toptan sat\u0131n al\u0131nabilir. M\u00fc\u015fterilerinize stil, konfor ve kalitenin en \u00fcst d\u00fczey kar\u0131\u015f\u0131m\u0131n\u0131 sunun. Hakiki dana derisi, ke\u00e7i derisi astar ve rahat EVA taban\u0131n yaratt\u0131\u011f\u0131 fark\u0131 deneyimleyin. Bu zamans\u0131z, y\u00fcksek kaliteli mokasen ayakkab\u0131larla ayakkab\u0131 koleksiyonunuzu bug\u00fcn y\u00fckseltin.<\/p>","protected":false},"excerpt":{"rendered":"<ul>\n<li>Ola\u011fan\u00fcst\u00fc dayan\u0131kl\u0131l\u0131k ve zamans\u0131z \u015f\u0131kl\u0131k i\u00e7in birinci s\u0131n\u0131f hakiki dana derisinden \u00fcretilmi\u015ftir.<\/li>\n<li>L\u00fcks ve yumu\u015fak ke\u00e7i derisi i\u00e7 astar \u00fcst\u00fcn konfor ve nefes alabilirlik sa\u011flar.<\/li>\n<li>Dayan\u0131kl\u0131 ve hafif EVA taban \u00fcst\u00fcn tutu\u015f, yast\u0131klama ve g\u00fcn boyu konfor sunar.<\/li>\n<li>Zarif toka detay\u0131, bu mokasen ayakkab\u0131lar\u0131n klasik sofistikeli\u011fini art\u0131r\u0131yor.<\/li>\n<li>Kapsaml\u0131 bir beden yelpazesinde mevcuttur: 39, 40, 41c, 42c, 43, 44, 45.<\/li>\n<li>Minimum 8 \u00e7ift sipari\u015f ile toptan sat\u0131\u015f f\u0131rsat\u0131 mevcuttur.<\/li>\n<\/ul>","protected":false},"featured_media":6893,"template":"","meta":{"_acf_changed":false,"_uag_custom_page_level_css":"","site-sidebar-layout":"default","site-content-layout":"","ast-site-content-layout":"default","site-content-style":"default","site-sidebar-style":"default","ast-global-header-display":"","ast-banner-title-visibility":"","ast-main-header-display":"","ast-hfb-above-header-display":"","ast-hfb-below-header-display":"","ast-hfb-mobile-header-display":"","site-post-title":"","ast-breadcrumbs-content":"","ast-featured-img":"","footer-sml-layout":"","ast-disable-related-posts":"","theme-transparent-header-meta":"","adv-header-id-meta":"","stick-header-meta":"","header-above-stick-meta":"","header-main-stick-meta":"","header-below-stick-meta":"","astra-migrate-meta-layouts":"default","ast-page-background-enabled":"default","ast-page-background-meta":{"desktop":{"background-color":"var(--ast-global-color-4)","background-image":"","background-repeat":"repeat","background-position":"center center","background-size":"auto","background-attachment":"scroll","background-type":"","background-media":"","overlay-type":"","overlay-color":"","overlay-opacity":"","overlay-gradient":""},"tablet":{"background-color":"","background-image":"","background-repeat":"repeat","background-position":"center center","background-size":"auto","background-attachment":"scroll","background-type":"","background-media":"","overlay-type":"","overlay-color":"","overlay-opacity":"","overlay-gradient":""},"mobile":{"background-color":"","background-image":"","background-repeat":"repeat","background-position":"center center","background-size":"auto","background-attachment":"scroll","background-type":"","background-media":"","overlay-type":"","overlay-color":"","overlay-opacity":"","overlay-gradient":""}},"ast-content-background-meta":{"desktop":{"background-color":"var(--ast-global-color-5)","background-image":"","background-repeat":"repeat","background-position":"center center","background-size":"auto","background-attachment":"scroll","background-type":"","background-media":"","overlay-type":"","overlay-color":"","overlay-opacity":"","overlay-gradient":""},"tablet":{"background-color":"var(--ast-global-color-5)","background-image":"","background-repeat":"repeat","background-position":"center center","background-size":"auto","background-attachment":"scroll","background-type":"","background-media":"","overlay-type":"","overlay-color":"","overlay-opacity":"","overlay-gradient":""},"mobile":{"background-color":"var(--ast-global-color-5)","background-image":"","background-repeat":"repeat","background-position":"center center","background-size":"auto","background-attachment":"scroll","background-type":"","background-media":"","overlay-type":"","overlay-color":"","overlay-opacity":"","overlay-gradient":""}}},"product_brand":[],"product_cat":[47,430,1200],"product_tag":[315,263,754,287,260,189,286,738,255,456],"class_list":{"0":"post-8354","1":"product","2":"type-product","3":"status-publish","4":"has-post-thumbnail","6":"product_cat-classic","7":"product_cat-men","8":"product_cat-mens-shoes-2","9":"product_tag-buckle-loafers","10":"product_tag-calf-leather-loafers","11":"product_tag-classic-mens-shoes","12":"product_tag-eva-sole-shoes","13":"product_tag-genuine-leather-footwear","14":"product_tag-goat-leather-lining","15":"product_tag-mens-leather-shoes","16":"product_tag-smart-casual-loafers","17":"product_tag-turkish-leather-shoes","18":"product_tag-wholesale-loafers","19":"desktop-align-center","20":"tablet-align-center","21":"mobile-align-center","23":"first","24":"instock","25":"shipping-taxable","26":"purchasable","27":"product-type-variable","28":"has-default-attributes"},"acf":[],"uagb_featured_image_src":{"full":["https:\/\/turkishtrade.co\/wp-content\/uploads\/2026\/01\/2600NZWMN00038-BROWN.png",453,250,false],"thumbnail":["https:\/\/turkishtrade.co\/wp-content\/uploads\/2026\/01\/2600NZWMN00038-BROWN-150x150.png",150,150,true],"medium":["https:\/\/turkishtrade.co\/wp-content\/uploads\/2026\/01\/2600NZWMN00038-BROWN-300x166.png",300,166,true],"medium_large":["https:\/\/turkishtrade.co\/wp-content\/uploads\/2026\/01\/2600NZWMN00038-BROWN.png",453,250,false],"large":["https:\/\/turkishtrade.co\/wp-content\/uploads\/2026\/01\/2600NZWMN00038-BROWN.png",453,250,false],"1536x1536":["https:\/\/turkishtrade.co\/wp-content\/uploads\/2026\/01\/2600NZWMN00038-BROWN.png",453,250,false],"2048x2048":["https:\/\/turkishtrade.co\/wp-content\/uploads\/2026\/01\/2600NZWMN00038-BROWN.png",453,250,false],"trp-custom-language-flag":["https:\/\/turkishtrade.co\/wp-content\/uploads\/2026\/01\/2600NZWMN00038-BROWN-18x10.png",18,10,true],"woocommerce_thumbnail":["https:\/\/turkishtrade.co\/wp-content\/uploads\/2026\/01\/2600NZWMN00038-BROWN-400x250.png",400,250,true],"woocommerce_single":["https:\/\/turkishtrade.co\/wp-content\/uploads\/2026\/01\/2600NZWMN00038-BROWN.png",453,250,false],"woocommerce_gallery_thumbnail":["https:\/\/turkishtrade.co\/wp-content\/uploads\/2026\/01\/2600NZWMN00038-BROWN-100x100.png",100,100,true]},"uagb_author_info":{"display_name":"python python","author_link":"https:\/\/turkishtrade.co\/tr\/author\/"},"uagb_comment_info":0,"uagb_excerpt":"Crafted from premium genuine calf leather for exceptional durability and timeless elegance. Luxuriously soft goat leather inner lining provides ultimate comfort and breathability. Durable and lightweight EVA sole offers superior traction, cushioning, and all-day comfort. Features an elegant buckle detail, enhancing the classic sophistication of these loafers. Available in a comprehensive range of sizes: 39,&hellip;","_links":{"self":[{"href":"https:\/\/turkishtrade.co\/tr\/wp-json\/wp\/v2\/product\/8354","targetHints":{"allow":["GET"]}}],"collection":[{"href":"https:\/\/turkishtrade.co\/tr\/wp-json\/wp\/v2\/product"}],"about":[{"href":"https:\/\/turkishtrade.co\/tr\/wp-json\/wp\/v2\/types\/product"}],"wp:featuredmedia":[{"embeddable":true,"href":"https:\/\/turkishtrade.co\/tr\/wp-json\/wp\/v2\/media\/6893"}],"wp:attachment":[{"href":"https:\/\/turkishtrade.co\/tr\/wp-json\/wp\/v2\/media?parent=8354"}],"wp:term":[{"taxonomy":"product_brand","embeddable":true,"href":"https:\/\/turkishtrade.co\/tr\/wp-json\/wp\/v2\/product_brand?post=8354"},{"taxonomy":"product_cat","embeddable":true,"href":"https:\/\/turkishtrade.co\/tr\/wp-json\/wp\/v2\/product_cat?post=8354"},{"taxonomy":"product_tag","embeddable":true,"href":"https:\/\/turkishtrade.co\/tr\/wp-json\/wp\/v2\/product_tag?post=8354"}],"curies":[{"name":"wp","href":"https:\/\/api.w.org\/{rel}","templated":true}]}}