{"id":8353,"date":"2026-01-29T14:49:34","date_gmt":"2026-01-29T14:49:34","guid":{"rendered":"https:\/\/turkishtrade.co\/?post_type=product&#038;p=8353"},"modified":"2026-04-09T20:28:22","modified_gmt":"2026-04-09T20:28:22","slug":"mens-black-leather-monk-strap-shoes","status":"publish","type":"product","link":"https:\/\/turkishtrade.co\/tr\/shop\/mens-black-leather-monk-strap-shoes\/","title":{"rendered":"Erkek Siyah Deri Monk Kay\u0131\u015fl\u0131 Ayakkab\u0131 \u0130nan\u0131lmaz | Klasik"},"content":{"rendered":"<p><strong>Erkek Siyah Deri Monk Kay\u0131\u015fl\u0131 Ayakkab\u0131<\/strong>. \u0130nan\u0131lmaz kalite ve tasar\u0131m.<\/p>\n<p>Classic ile rafine bir stil ve ola\u011fan\u00fcst\u00fc konfor d\u00fcnyas\u0131na ad\u0131m at\u0131n <b>Erkek Siyah Deri Monk Kay\u0131\u015fl\u0131 Ayakkab\u0131<\/b>. Bu ayakkab\u0131lar sadece bir ayakkab\u0131 de\u011fildir; sofistike bir zevkin ifadesi ve kal\u0131c\u0131 kaliteye yap\u0131lan bir yat\u0131r\u0131md\u0131r. Klasik esteti\u011fi takdir eden modern beyefendiler i\u00e7in tasarlanan bu tek kay\u0131\u015fl\u0131 ayakkab\u0131lar, geleneksel i\u015f\u00e7ili\u011fi \u00e7a\u011fda\u015f ihtiya\u00e7larla harmanlayarak sabahtan ak\u015fama kadar \u015f\u0131k g\u00f6r\u00fcnmenizi ve rahat hissetmenizi sa\u011flar.<\/p>\n<h3>Benzersiz \u0130\u015f\u00e7ilik ve \u00dcst\u00fcn Kaliteli Malzemeler<\/h3>\n<p>Bu zarif \u00e7iftlerin her biri <b>Erkek Siyah Deri Monk Kay\u0131\u015fl\u0131 Ayakkab\u0131<\/b> en iyi malzemelerden titizlikle \u00fcretilmi\u015ftir. D\u0131\u015f y\u00fczeyi, p\u00fcr\u00fczs\u00fcz dokusu, dayan\u0131kl\u0131l\u0131\u011f\u0131 ve zaman i\u00e7inde g\u00fczel bir patine geli\u015ftirme kabiliyetiyle tan\u0131nan hakiki dana derisine sahiptir. \u0130\u00e7 k\u0131s\u0131mda ise ayaklar\u0131n\u0131z\u0131 saran yumu\u015fak ve nefes alabilen hakiki ke\u00e7i derisi astar, \u00fcst\u00fcn konfor ve nem emici \u00f6zellikleriyle uzun s\u00fcreli kullan\u0131m i\u00e7in idealdir. Bu birinci s\u0131n\u0131f derilerin birle\u015fimi hem uzun \u00f6m\u00fcrl\u00fcl\u00fc\u011f\u00fc hem de l\u00fcks bir hissi garanti eder.<\/p>\n<h3>Her Durum \u0130\u00e7in Zarif Tasar\u0131m<\/h3>\n<p>Parlak g\u00fcm\u00fc\u015f tonlu tokaya sahip ay\u0131rt edici monk kay\u0131\u015f tasar\u0131m\u0131, bu klasik siyah ayakkab\u0131lara benzersiz bir zarafet kat\u0131yor. Bu \u00e7ok y\u00f6nl\u00fc stil bizim <b>Erkek Siyah Deri Monk Kay\u0131\u015fl\u0131 Ayakkab\u0131<\/b> \u00e7ok \u00e7e\u015fitli durumlar i\u00e7in m\u00fckemmeldir. \u0130ster resmi bir i\u015f toplant\u0131s\u0131na, ister sofistike bir ak\u015fam etkinli\u011fine kat\u0131l\u0131n, ister \u015f\u0131k ve g\u00fcndelik k\u0131yafetlerinizi y\u00fckseltin, bu ayakkab\u0131lar g\u00f6r\u00fcn\u00fcm\u00fcn\u00fcz\u00fc zahmetsizce tamamlayacakt\u0131r. Zamans\u0131z \u00e7ekicili\u011fi, y\u0131llarca gard\u0131robunuzda temel bir par\u00e7a olarak kalmas\u0131n\u0131 sa\u011flar.<\/p>\n<h3>T\u00fcm G\u00fcn S\u00fcren Konfor<\/h3>\n<p>\u00c7arp\u0131c\u0131 g\u00f6r\u00fcn\u00fcmlerinin \u00f6tesinde, konfor her \u015feyden \u00f6nemlidir. Bu ayakkab\u0131lar hafif ancak dayan\u0131kl\u0131 bir EVA taban ile \u00fcretilmi\u015ftir. EVA (Etilen-vinil asetat) m\u00fckemmel yast\u0131klama, \u015fok emilimi ve esneklik sa\u011flayarak yorgunlu\u011fu azalt\u0131r ve rahats\u0131zl\u0131k duymadan daha uzun s\u00fcre ayakta kalman\u0131z\u0131 sa\u011flar. Taban ayr\u0131ca ince bir kavrama desenine sahiptir ve \u00e7e\u015fitli y\u00fczeylerde dengeli bir duru\u015f sunar. 39'dan 45'e kadar kapsaml\u0131 bir AB beden yelpazesinde mevcut olup, her se\u00e7ici m\u00fc\u015fteri i\u00e7in m\u00fckemmel bir uyum sa\u011fl\u0131yoruz.<\/p>\n<p>Y\u00fcksek kaliteli ayakkab\u0131 stoklamak isteyen i\u015fletmeler i\u00e7in bu <b>Erkek Siyah Deri Monk Kay\u0131\u015fl\u0131 Ayakkab\u0131<\/b> minimum 8 \u00e7ift sipari\u015f miktar\u0131 ile toptan sat\u0131n al\u0131nabilir. M\u00fc\u015fterilerinize \u015f\u0131kl\u0131k, rahatl\u0131k ve \u00fcst\u00fcn i\u015f\u00e7ilik i\u00e7eren bir \u00fcr\u00fcn sunun. Ayakkab\u0131 koleksiyonunuzu zaman\u0131n testine ger\u00e7ekten dayanan bir \u00e7ift ile y\u00fckseltin.<\/p>","protected":false},"excerpt":{"rendered":"<ul>\n<li>Sofistike bir \u00e7ekicilik i\u00e7in birinci s\u0131n\u0131f hakiki dana derisinden \u00fcretilmi\u015ftir.<\/li>\n<li>\u00dcst\u00fcn konfor ve nefes alabilirlik i\u00e7in yumu\u015fak hakiki ke\u00e7i derisi astara sahiptir.<\/li>\n<li>\u015e\u0131k, g\u00f6steri\u015fli toka detay\u0131na sahip \u015f\u0131k tek kay\u0131\u015f tasar\u0131m\u0131.<\/li>\n<li>G\u00fcn boyu kullan\u0131m i\u00e7in hafif ve rahat EVA taban ile donat\u0131lm\u0131\u015ft\u0131r.<\/li>\n<li>\u00c7ok \u00e7e\u015fitli AB bedenlerinde mevcuttur: 39, 40, 41, 42, 43, 44, 45.<\/li>\n<li>Minimum 8 \u00e7ift sipari\u015f ile toptan sat\u0131\u015f f\u0131rsatlar\u0131 mevcuttur.<\/li>\n<\/ul>","protected":false},"featured_media":6892,"template":"","meta":{"_acf_changed":false,"_uag_custom_page_level_css":"","site-sidebar-layout":"default","site-content-layout":"","ast-site-content-layout":"default","site-content-style":"default","site-sidebar-style":"default","ast-global-header-display":"","ast-banner-title-visibility":"","ast-main-header-display":"","ast-hfb-above-header-display":"","ast-hfb-below-header-display":"","ast-hfb-mobile-header-display":"","site-post-title":"","ast-breadcrumbs-content":"","ast-featured-img":"","footer-sml-layout":"","ast-disable-related-posts":"","theme-transparent-header-meta":"","adv-header-id-meta":"","stick-header-meta":"","header-above-stick-meta":"","header-main-stick-meta":"","header-below-stick-meta":"","astra-migrate-meta-layouts":"default","ast-page-background-enabled":"default","ast-page-background-meta":{"desktop":{"background-color":"var(--ast-global-color-4)","background-image":"","background-repeat":"repeat","background-position":"center center","background-size":"auto","background-attachment":"scroll","background-type":"","background-media":"","overlay-type":"","overlay-color":"","overlay-opacity":"","overlay-gradient":""},"tablet":{"background-color":"","background-image":"","background-repeat":"repeat","background-position":"center center","background-size":"auto","background-attachment":"scroll","background-type":"","background-media":"","overlay-type":"","overlay-color":"","overlay-opacity":"","overlay-gradient":""},"mobile":{"background-color":"","background-image":"","background-repeat":"repeat","background-position":"center center","background-size":"auto","background-attachment":"scroll","background-type":"","background-media":"","overlay-type":"","overlay-color":"","overlay-opacity":"","overlay-gradient":""}},"ast-content-background-meta":{"desktop":{"background-color":"var(--ast-global-color-5)","background-image":"","background-repeat":"repeat","background-position":"center center","background-size":"auto","background-attachment":"scroll","background-type":"","background-media":"","overlay-type":"","overlay-color":"","overlay-opacity":"","overlay-gradient":""},"tablet":{"background-color":"var(--ast-global-color-5)","background-image":"","background-repeat":"repeat","background-position":"center center","background-size":"auto","background-attachment":"scroll","background-type":"","background-media":"","overlay-type":"","overlay-color":"","overlay-opacity":"","overlay-gradient":""},"mobile":{"background-color":"var(--ast-global-color-5)","background-image":"","background-repeat":"repeat","background-position":"center center","background-size":"auto","background-attachment":"scroll","background-type":"","background-media":"","overlay-type":"","overlay-color":"","overlay-opacity":"","overlay-gradient":""}}},"product_brand":[],"product_cat":[47,430,1200],"product_tag":[196,391,405,145,438,251,221,215,261],"class_list":{"0":"post-8353","1":"product","2":"type-product","3":"status-publish","4":"has-post-thumbnail","6":"product_cat-classic","7":"product_cat-men","8":"product_cat-mens-shoes-2","9":"product_tag-black-leather-shoes","10":"product_tag-buckle-shoes","11":"product_tag-business-shoes","12":"product_tag-classic-shoes","13":"product_tag-eva-sole","14":"product_tag-formal-shoes","15":"product_tag-genuine-leather","16":"product_tag-leather-loafers","17":"product_tag-monk-strap-shoes","18":"desktop-align-center","19":"tablet-align-center","20":"mobile-align-center","22":"first","23":"instock","24":"shipping-taxable","25":"purchasable","26":"product-type-variable","27":"has-default-attributes"},"acf":[],"uagb_featured_image_src":{"full":["https:\/\/turkishtrade.co\/wp-content\/uploads\/2026\/01\/2600NZWMN00037-BLACK.png",453,250,false],"thumbnail":["https:\/\/turkishtrade.co\/wp-content\/uploads\/2026\/01\/2600NZWMN00037-BLACK-150x150.png",150,150,true],"medium":["https:\/\/turkishtrade.co\/wp-content\/uploads\/2026\/01\/2600NZWMN00037-BLACK-300x166.png",300,166,true],"medium_large":["https:\/\/turkishtrade.co\/wp-content\/uploads\/2026\/01\/2600NZWMN00037-BLACK.png",453,250,false],"large":["https:\/\/turkishtrade.co\/wp-content\/uploads\/2026\/01\/2600NZWMN00037-BLACK.png",453,250,false],"1536x1536":["https:\/\/turkishtrade.co\/wp-content\/uploads\/2026\/01\/2600NZWMN00037-BLACK.png",453,250,false],"2048x2048":["https:\/\/turkishtrade.co\/wp-content\/uploads\/2026\/01\/2600NZWMN00037-BLACK.png",453,250,false],"trp-custom-language-flag":["https:\/\/turkishtrade.co\/wp-content\/uploads\/2026\/01\/2600NZWMN00037-BLACK-18x10.png",18,10,true],"woocommerce_thumbnail":["https:\/\/turkishtrade.co\/wp-content\/uploads\/2026\/01\/2600NZWMN00037-BLACK-400x250.png",400,250,true],"woocommerce_single":["https:\/\/turkishtrade.co\/wp-content\/uploads\/2026\/01\/2600NZWMN00037-BLACK.png",453,250,false],"woocommerce_gallery_thumbnail":["https:\/\/turkishtrade.co\/wp-content\/uploads\/2026\/01\/2600NZWMN00037-BLACK-100x100.png",100,100,true]},"uagb_author_info":{"display_name":"python python","author_link":"https:\/\/turkishtrade.co\/tr\/author\/"},"uagb_comment_info":0,"uagb_excerpt":"Crafted from premium genuine calf leather exterior for sophisticated appeal. Features a soft genuine goat leather lining for ultimate comfort and breathability. Stylish monk strap design with a sleek, polished buckle detail. Equipped with a lightweight and comfortable EVA sole for all-day wear. Available in a wide range of EU sizes: 39, 40, 41, 42,&hellip;","_links":{"self":[{"href":"https:\/\/turkishtrade.co\/tr\/wp-json\/wp\/v2\/product\/8353","targetHints":{"allow":["GET"]}}],"collection":[{"href":"https:\/\/turkishtrade.co\/tr\/wp-json\/wp\/v2\/product"}],"about":[{"href":"https:\/\/turkishtrade.co\/tr\/wp-json\/wp\/v2\/types\/product"}],"wp:featuredmedia":[{"embeddable":true,"href":"https:\/\/turkishtrade.co\/tr\/wp-json\/wp\/v2\/media\/6892"}],"wp:attachment":[{"href":"https:\/\/turkishtrade.co\/tr\/wp-json\/wp\/v2\/media?parent=8353"}],"wp:term":[{"taxonomy":"product_brand","embeddable":true,"href":"https:\/\/turkishtrade.co\/tr\/wp-json\/wp\/v2\/product_brand?post=8353"},{"taxonomy":"product_cat","embeddable":true,"href":"https:\/\/turkishtrade.co\/tr\/wp-json\/wp\/v2\/product_cat?post=8353"},{"taxonomy":"product_tag","embeddable":true,"href":"https:\/\/turkishtrade.co\/tr\/wp-json\/wp\/v2\/product_tag?post=8353"}],"curies":[{"name":"wp","href":"https:\/\/api.w.org\/{rel}","templated":true}]}}