{"id":8351,"date":"2026-01-29T14:49:34","date_gmt":"2026-01-29T14:49:34","guid":{"rendered":"https:\/\/turkishtrade.co\/?post_type=product&#038;p=8351"},"modified":"2026-04-09T20:28:27","modified_gmt":"2026-04-09T20:28:27","slug":"black-perforated-leather-loafers","status":"publish","type":"product","link":"https:\/\/turkishtrade.co\/tr\/shop\/black-perforated-leather-loafers\/","title":{"rendered":"Siyah Delikli Deri Loafer Exclusive | Erkek Siyah Delikli Hakiki Deri"},"content":{"rendered":"<p><strong>Siyah Delikli Deri Loaferlar<\/strong>. \u00d6zel kalite ve tasar\u0131m.<\/p>\n<p>Zamans\u0131z stilin ve modern konforun m\u00fckemmel kar\u0131\u015f\u0131m\u0131na \u00f6zel Erkek Pantolonumuzla ad\u0131m at\u0131n <strong>Siyah Delikli Deri Loaferlar<\/strong>. Se\u00e7kin beyefendiler i\u00e7in tasarlanan bu mokasen ayakkab\u0131lar bir ayakkab\u0131dan \u00e7ok daha fazlas\u0131d\u0131r; sofistike g\u00fcndelik \u015f\u0131kl\u0131\u011f\u0131n bir ifadesidir. Hem dana hem de ke\u00e7i derisinden titizlikle se\u00e7ilen en iyi hakiki deriden \u00fcretilen bu ayakkab\u0131lar sadece l\u00fcks bir his de\u011fil, ayn\u0131 zamanda zamana meydan okuyan ola\u011fan\u00fcst\u00fc bir dayan\u0131kl\u0131l\u0131k da vaat ediyor.<\/p>\n<h3>M\u00fckemmel \u0130\u015f\u00e7ilik ve Birinci S\u0131n\u0131f Malzemeler<\/h3>\n<p>Bu ola\u011fan\u00fcst\u00fc mokasen ayakkab\u0131lar\u0131n ay\u0131rt edici \u00f6zelli\u011fi m\u00fckemmel i\u015f\u00e7ili\u011finde yatmaktad\u0131r. Her bir \u00e7ift, sadece benzersiz bir g\u00f6rsel doku katmakla kalmay\u0131p ayn\u0131 zamanda ayaklar\u0131n\u0131z\u0131 g\u00fcn boyunca serin ve rahat tutarak geli\u015fmi\u015f nefes alabilirlik sa\u011flayan, vampir boyunca farkl\u0131 bir delikli tasar\u0131ma sahiptir. Hakiki deri yap\u0131s\u0131, zamanla aya\u011f\u0131n\u0131za uyum sa\u011flayarak her ad\u0131mda benzersiz bir konfor sunan \u00fcst\u00fcn bir uyumu garanti eder. Bunlar <strong>siyah delikli deri mokasen ayakkab\u0131<\/strong> kal\u0131c\u0131 kalite ve kal\u0131c\u0131 stil sa\u011flamak i\u00e7in \u00fcretilmi\u015ftir, bu da onlar\u0131 her gard\u0131rop i\u00e7in ak\u0131ll\u0131ca bir yat\u0131r\u0131m haline getirir.<\/p>\n<p>Konfor her \u015feyden \u00f6nemlidir ve mokasen ayakkab\u0131lar\u0131m\u0131z bunu sa\u011flar. Hafif ve esnek EVA taban, m\u00fckemmel \u015fok emilimi ve \u00fcst\u00fcn \u00e7eki\u015f g\u00fcc\u00fc sunarak ister \u015fehir sokaklar\u0131nda gezinirken ister hafta sonu ka\u00e7ama\u011f\u0131nda dinlenirken denge ve kolayl\u0131k sa\u011flar. Slip-on tasar\u0131m\u0131, stilinizden \u00f6d\u00fcn vermeden bir aktiviteden di\u011ferine zahmetsizce ge\u00e7i\u015f yapman\u0131za olanak tan\u0131yarak \u00fcst\u00fcn rahatl\u0131k sa\u011flar. 39'dan 45'e kadar kapsaml\u0131 bir beden yelpazesinde mevcut oldu\u011fundan, m\u00fckemmel uyumunuzu bulmak \u00e7ok kolay.<\/p>\n<h3>Her Durum i\u00e7in \u00c7ok Y\u00f6nl\u00fcl\u00fck<\/h3>\n<p>Bu \u00e7ok y\u00f6nl\u00fc <strong>erkek si\u0307yah mokasen<\/strong> say\u0131s\u0131z k\u0131yafeti ve durumu tamamlayacak \u015fekilde tasarlanm\u0131\u015ft\u0131r. \u015e\u0131k ve rahat bir ofis g\u00f6r\u00fcn\u00fcm\u00fc i\u00e7in \u00f6zel dikim pantolon ve blazer ceketle e\u015fle\u015ftirin ya da rahat ama zarif bir hafta sonu kombini i\u00e7in chino pantolon ve polo ti\u015f\u00f6rtle kombinleyin. Klasik siyah tonu, her gard\u0131roba sorunsuz bir \u015fekilde entegre olmas\u0131n\u0131 sa\u011flar ve hem modaya hem de i\u015fleve de\u011fer veren erkekler i\u00e7in vazge\u00e7ilmez bir elyaf haline getirir. Zarif delikler, geleneksel loafer sil\u00fcetine modern bir dokunu\u015f katarak sizi kalabal\u0131ktan ay\u0131r\u0131r.<\/p>\n<h3>Neden Siyah Delikli Deri Loafer'lar\u0131m\u0131z\u0131 Se\u00e7melisiniz?<\/h3>\n<p>Makosen ayakkab\u0131lar\u0131m\u0131z\u0131 se\u00e7mek, \u00fcst\u00fcn kalite, ola\u011fan\u00fcst\u00fc konfor ve inkar edilemez bir stil sunan ayakkab\u0131lara yat\u0131r\u0131m yapmak anlam\u0131na gelir. Beklentileri kar\u015f\u0131lamakla kalmay\u0131p a\u015fan \u00fcr\u00fcnler sunmaya kararl\u0131y\u0131z ve bu <strong>siyah delikli deri mokasen ayakkab\u0131<\/strong> bu taahh\u00fcd\u00fcn bir kan\u0131t\u0131d\u0131r. Birinci s\u0131n\u0131f malzemelerin ve uzman i\u015f\u00e7ili\u011fin yaratt\u0131\u011f\u0131 fark\u0131 deneyimleyin. Y\u00fcksek kaliteli erkek ayakkab\u0131s\u0131 stoklamak isteyen i\u015fletmeler i\u00e7in bu mokasen ayakkab\u0131lar, minimum 8 \u00e7ift sipari\u015fle toptan sat\u0131\u015fa sunulmaktad\u0131r. Memnuniyet vaat eden bir ayakkab\u0131yla ayakkab\u0131 koleksiyonunuzu geli\u015ftirin veya \u00fcr\u00fcn tekliflerinizi geni\u015fletin.<\/p>","protected":false},"excerpt":{"rendered":"<ul>\n<li>Ola\u011fan\u00fcst\u00fc dayan\u0131kl\u0131l\u0131k ve l\u00fcks his i\u00e7in birinci s\u0131n\u0131f hakiki deriden (dana ve ke\u00e7i) \u00fcretilmi\u015ftir.<\/li>\n<li>Nefes alabilirli\u011fi art\u0131ran ve sofistike bir g\u00f6rsel doku katan zarif delikli bir tasar\u0131ma sahiptir.<\/li>\n<li>G\u00fcn boyu kullan\u0131m i\u00e7in \u00fcst\u00fcn konfor ve destek sa\u011flayan hafif ve esnek EVA taban ile donat\u0131lm\u0131\u015ft\u0131r.<\/li>\n<li>Klasik slip-on loafer stili, g\u00fcndelik gezilerden \u015f\u0131k ve rahat etkinliklere kadar \u00e7ok y\u00f6nl\u00fc stil i\u00e7in idealdir.<\/li>\n<li>Geni\u015f bir beden yelpazesinde mevcuttur: 39, 40, 41, 42, 43, 44, 45.<\/li>\n<li>Toptan sat\u0131\u015f imkan\u0131: Minimum sipari\u015f miktar\u0131 8 \u00e7ifttir.<\/li>\n<\/ul>","protected":false},"featured_media":6890,"template":"","meta":{"_acf_changed":false,"_uag_custom_page_level_css":"","site-sidebar-layout":"default","site-content-layout":"","ast-site-content-layout":"default","site-content-style":"default","site-sidebar-style":"default","ast-global-header-display":"","ast-banner-title-visibility":"","ast-main-header-display":"","ast-hfb-above-header-display":"","ast-hfb-below-header-display":"","ast-hfb-mobile-header-display":"","site-post-title":"","ast-breadcrumbs-content":"","ast-featured-img":"","footer-sml-layout":"","ast-disable-related-posts":"","theme-transparent-header-meta":"","adv-header-id-meta":"","stick-header-meta":"","header-above-stick-meta":"","header-main-stick-meta":"","header-below-stick-meta":"","astra-migrate-meta-layouts":"default","ast-page-background-enabled":"default","ast-page-background-meta":{"desktop":{"background-color":"var(--ast-global-color-4)","background-image":"","background-repeat":"repeat","background-position":"center center","background-size":"auto","background-attachment":"scroll","background-type":"","background-media":"","overlay-type":"","overlay-color":"","overlay-opacity":"","overlay-gradient":""},"tablet":{"background-color":"","background-image":"","background-repeat":"repeat","background-position":"center center","background-size":"auto","background-attachment":"scroll","background-type":"","background-media":"","overlay-type":"","overlay-color":"","overlay-opacity":"","overlay-gradient":""},"mobile":{"background-color":"","background-image":"","background-repeat":"repeat","background-position":"center center","background-size":"auto","background-attachment":"scroll","background-type":"","background-media":"","overlay-type":"","overlay-color":"","overlay-opacity":"","overlay-gradient":""}},"ast-content-background-meta":{"desktop":{"background-color":"var(--ast-global-color-5)","background-image":"","background-repeat":"repeat","background-position":"center center","background-size":"auto","background-attachment":"scroll","background-type":"","background-media":"","overlay-type":"","overlay-color":"","overlay-opacity":"","overlay-gradient":""},"tablet":{"background-color":"var(--ast-global-color-5)","background-image":"","background-repeat":"repeat","background-position":"center center","background-size":"auto","background-attachment":"scroll","background-type":"","background-media":"","overlay-type":"","overlay-color":"","overlay-opacity":"","overlay-gradient":""},"mobile":{"background-color":"var(--ast-global-color-5)","background-image":"","background-repeat":"repeat","background-position":"center center","background-size":"auto","background-attachment":"scroll","background-type":"","background-media":"","overlay-type":"","overlay-color":"","overlay-opacity":"","overlay-gradient":""}}},"product_brand":[],"product_cat":[48,49,430,1200],"product_tag":[370,449,211,438,221,227,186,686,184,546],"class_list":{"0":"post-8351","1":"product","2":"type-product","3":"status-publish","4":"has-post-thumbnail","6":"product_cat-casual","7":"product_cat-loafer","8":"product_cat-men","9":"product_cat-mens-shoes-2","10":"product_tag-black-loafers","11":"product_tag-casual-shoes","12":"product_tag-comfort-footwear","13":"product_tag-eva-sole","14":"product_tag-genuine-leather","15":"product_tag-leather-shoes","16":"product_tag-mens-loafers","17":"product_tag-perforated-shoes","18":"product_tag-slip-on-shoes","19":"product_tag-stylish-mens-shoes","20":"desktop-align-center","21":"tablet-align-center","22":"mobile-align-center","24":"first","25":"instock","26":"shipping-taxable","27":"purchasable","28":"product-type-variable","29":"has-default-attributes"},"acf":[],"uagb_featured_image_src":{"full":["https:\/\/turkishtrade.co\/wp-content\/uploads\/2026\/01\/2600NZWMN00035-BLACK.png",453,250,false],"thumbnail":["https:\/\/turkishtrade.co\/wp-content\/uploads\/2026\/01\/2600NZWMN00035-BLACK-150x150.png",150,150,true],"medium":["https:\/\/turkishtrade.co\/wp-content\/uploads\/2026\/01\/2600NZWMN00035-BLACK-300x166.png",300,166,true],"medium_large":["https:\/\/turkishtrade.co\/wp-content\/uploads\/2026\/01\/2600NZWMN00035-BLACK.png",453,250,false],"large":["https:\/\/turkishtrade.co\/wp-content\/uploads\/2026\/01\/2600NZWMN00035-BLACK.png",453,250,false],"1536x1536":["https:\/\/turkishtrade.co\/wp-content\/uploads\/2026\/01\/2600NZWMN00035-BLACK.png",453,250,false],"2048x2048":["https:\/\/turkishtrade.co\/wp-content\/uploads\/2026\/01\/2600NZWMN00035-BLACK.png",453,250,false],"trp-custom-language-flag":["https:\/\/turkishtrade.co\/wp-content\/uploads\/2026\/01\/2600NZWMN00035-BLACK-18x10.png",18,10,true],"woocommerce_thumbnail":["https:\/\/turkishtrade.co\/wp-content\/uploads\/2026\/01\/2600NZWMN00035-BLACK-400x250.png",400,250,true],"woocommerce_single":["https:\/\/turkishtrade.co\/wp-content\/uploads\/2026\/01\/2600NZWMN00035-BLACK.png",453,250,false],"woocommerce_gallery_thumbnail":["https:\/\/turkishtrade.co\/wp-content\/uploads\/2026\/01\/2600NZWMN00035-BLACK-100x100.png",100,100,true]},"uagb_author_info":{"display_name":"python python","author_link":"https:\/\/turkishtrade.co\/tr\/author\/"},"uagb_comment_info":0,"uagb_excerpt":"Crafted from premium genuine leather (calf and goat) for exceptional durability and luxurious feel. Features an elegant perforated design, enhancing breathability and adding a sophisticated visual texture. Equipped with a lightweight and flexible EVA sole, ensuring superior comfort and support for all-day wear. Classic slip-on loafer style, ideal for versatile styling from casual outings to&hellip;","_links":{"self":[{"href":"https:\/\/turkishtrade.co\/tr\/wp-json\/wp\/v2\/product\/8351","targetHints":{"allow":["GET"]}}],"collection":[{"href":"https:\/\/turkishtrade.co\/tr\/wp-json\/wp\/v2\/product"}],"about":[{"href":"https:\/\/turkishtrade.co\/tr\/wp-json\/wp\/v2\/types\/product"}],"wp:featuredmedia":[{"embeddable":true,"href":"https:\/\/turkishtrade.co\/tr\/wp-json\/wp\/v2\/media\/6890"}],"wp:attachment":[{"href":"https:\/\/turkishtrade.co\/tr\/wp-json\/wp\/v2\/media?parent=8351"}],"wp:term":[{"taxonomy":"product_brand","embeddable":true,"href":"https:\/\/turkishtrade.co\/tr\/wp-json\/wp\/v2\/product_brand?post=8351"},{"taxonomy":"product_cat","embeddable":true,"href":"https:\/\/turkishtrade.co\/tr\/wp-json\/wp\/v2\/product_cat?post=8351"},{"taxonomy":"product_tag","embeddable":true,"href":"https:\/\/turkishtrade.co\/tr\/wp-json\/wp\/v2\/product_tag?post=8351"}],"curies":[{"name":"wp","href":"https:\/\/api.w.org\/{rel}","templated":true}]}}