{"id":8350,"date":"2026-01-29T14:49:33","date_gmt":"2026-01-29T14:49:33","guid":{"rendered":"https:\/\/turkishtrade.co\/?post_type=product&#038;p=8350"},"modified":"2026-04-09T20:28:30","modified_gmt":"2026-04-09T20:28:30","slug":"mens-black-leather-loafers-12","status":"publish","type":"product","link":"https:\/\/turkishtrade.co\/tr\/shop\/mens-black-leather-loafers-12\/","title":{"rendered":"Erkek Siyah Deri Loafer Exclusive | Erkek Siyah Hakiki Deri Loafer"},"content":{"rendered":"<p><strong>Erkek Siyah Deri Loafer<\/strong>. \u00d6zel kalite ve tasar\u0131m.<\/p>\n<p>Zarif tasar\u0131m\u0131m\u0131zla zamans\u0131z bir stile ve benzersiz bir konfora ad\u0131m at\u0131n <strong>Erkek Siyah Deri Loafer<\/strong>. Hakiki dana derisinden ustal\u0131kla \u00fcretilen bu mokasen ayakkab\u0131lar, yaln\u0131zca ger\u00e7ek kalitenin sa\u011flayabilece\u011fi l\u00fcks bir g\u00f6r\u00fcn\u00fcm ve his sunar. Zengin siyah tonu \u00e7ok y\u00f6nl\u00fcl\u00fck sa\u011flar ve her se\u00e7kin beyefendinin gard\u0131robuna vazge\u00e7ilmez bir katk\u0131 yapar. \u0130ster bir i\u015f toplant\u0131s\u0131na gidiyor olun, ister hafta sonu brunch'\u0131n\u0131n tad\u0131n\u0131 \u00e7\u0131kar\u0131n ya da d\u0131\u015far\u0131da rahat bir ak\u015fam ge\u00e7irin, bu <strong>Erkek Siyah Deri Loafer<\/strong> zahmetsiz bir sofistikelikle tak\u0131m\u0131n\u0131z\u0131 y\u00fckseltecek.<\/p>\n<h3>EVA Taban Teknolojisi ile Rakipsiz Konfor<\/h3>\n<p>Rahat\u0131n\u0131z d\u00fc\u015f\u00fcn\u00fclerek tasarlanan bu birinci s\u0131n\u0131f mokasen ayakkab\u0131lar, son teknoloji EVA tabana sahiptir. Bu hafif ve esnek malzeme, her ad\u0131mda yast\u0131klama sa\u011flayarak m\u00fckemmel \u015fok emilimi ile \u00fcnl\u00fcd\u00fcr. Ergonomik tasar\u0131m\u0131 ve destekleyici yap\u0131s\u0131 sayesinde yorgun ayaklara elveda deyin ve g\u00fcn boyu rahatl\u0131\u011f\u0131 kucaklay\u0131n. Dayan\u0131kl\u0131 EVA taban ayn\u0131 zamanda g\u00fcvenilir kavrama ve \u00e7eki\u015f g\u00fcc\u00fc sunarak \u00e7e\u015fitli y\u00fczeylerde denge sa\u011flar. Sabah i\u015fe gidip gelmekten ak\u015fam gezintilerine kadar <strong>Erkek Siyah Deri Loafer<\/strong> rahat bir yolculuk vaat ediyor.<\/p>\n<h3>Hakiki Deri \u0130\u015f\u00e7ili\u011fi ve Kal\u0131c\u0131 Stil<\/h3>\n<p>Bu muhte\u015fem mokasenlerin \u00fcst k\u0131sm\u0131, ince dokusu, esnekli\u011fi ve sa\u011flam yap\u0131s\u0131yla bilinen hakiki dana derisinden titizlikle \u00fcretilmi\u015ftir. Bu, yaln\u0131zca \u00fcst\u00fcn bir estetik sa\u011flamakla kalmaz, ayn\u0131 zamanda ola\u011fan\u00fcst\u00fc uzun \u00f6m\u00fcrl\u00fcl\u00fck sa\u011flayarak ayakkab\u0131n\u0131z\u0131n keyfini y\u0131llarca \u00e7\u0131karman\u0131za olanak tan\u0131r. Klasik loafer silueti, imzas\u0131 niteli\u011findeki diki\u015fli moc burnu ve \u015f\u0131k penny kay\u0131\u015f detay\u0131yla geleneksel zarafeti yans\u0131t\u0131rken \u00e7a\u011fda\u015f moda trendlerine de m\u00fckemmel uyum sa\u011flar. Bu slip-on ayakkab\u0131lar, estetik \u00e7ekicili\u011fi i\u015flevsel tasar\u0131mla birle\u015ftirerek \u00fcst\u00fcn i\u015f\u00e7ili\u011fin bir kan\u0131t\u0131d\u0131r.<\/p>\n<h3>Her Durum \u0130\u00e7in \u00c7ok Y\u00f6nl\u00fc Ayakkab\u0131lar<\/h3>\n<p>Siyah deri mokasen ayakkab\u0131lar\u0131m\u0131z inan\u0131lmaz derecede \u00e7ok y\u00f6nl\u00fcd\u00fcr, bu da onlar\u0131 \u00e7ok \u00e7e\u015fitli durumlar i\u00e7in uygun hale getirir. \u015e\u0131k ve rahat bir ofis g\u00f6r\u00fcn\u00fcm\u00fc i\u00e7in \u00f6zel dikim pantolon ve blazer ceketle e\u015fle\u015ftirin veya rahat ama zarif bir hafta sonu k\u0131yafeti i\u00e7in chino pantolon ve polo ti\u015f\u00f6rt ile giydirin. Zamans\u0131z siyah renk, neredeyse her renk paletini tamamlayarak stil olu\u015fturmay\u0131 \u00e7ocuk oyunca\u011f\u0131 haline getirir. EU 39, 40, 41, 42, 43, 44 ve 45'e kadar geni\u015f bir beden yelpazesinde mevcut oldu\u011fundan m\u00fckemmel uyumunuzu bulmak \u00e7ok kolay. Bu zarif ve dayan\u0131kl\u0131 ayakkab\u0131lardan bir \u00e7ift al\u0131n <strong>Erkek Siyah Deri Loafer<\/strong> ve stil, konfor ve kalitenin m\u00fckemmel kar\u0131\u015f\u0131m\u0131n\u0131 deneyimleyin. Toptan sat\u0131\u015f talepleri 8 \u00e7iftten ba\u015flayan sipari\u015fler i\u00e7in kabul edilir.<\/p>","protected":false},"excerpt":{"rendered":"<ul>\n<li>\u00dcst\u00fcn dayan\u0131kl\u0131l\u0131k ve his i\u00e7in birinci s\u0131n\u0131f hakiki dana derisinden \u00fcretilmi\u015ftir.<\/li>\n<li>Hafif ve esnek EVA taban g\u00fcn boyu konfor ve m\u00fckemmel tutu\u015f sa\u011flar.<\/li>\n<li>Klasik slip-on loafer tasar\u0131m\u0131 hem g\u00fcndelik hem de smart-casual ortamlar i\u00e7in uygundur.<\/li>\n<li>AB 39'dan 45'e kadar kapsaml\u0131 bir beden yelpazesinde mevcuttur.<\/li>\n<li>\u015e\u0131k, rahat ve y\u00fcksek kaliteli siyah deri erkek mokasen ayakkab\u0131 arayanlar i\u00e7in idealdir.<\/li>\n<li>Minimum 8 \u00e7ift sipari\u015f ile toptan sat\u0131\u015f f\u0131rsatlar\u0131 mevcuttur.<\/li>\n<\/ul>","protected":false},"featured_media":6889,"template":"","meta":{"_acf_changed":false,"_uag_custom_page_level_css":"","site-sidebar-layout":"default","site-content-layout":"","ast-site-content-layout":"default","site-content-style":"default","site-sidebar-style":"default","ast-global-header-display":"","ast-banner-title-visibility":"","ast-main-header-display":"","ast-hfb-above-header-display":"","ast-hfb-below-header-display":"","ast-hfb-mobile-header-display":"","site-post-title":"","ast-breadcrumbs-content":"","ast-featured-img":"","footer-sml-layout":"","ast-disable-related-posts":"","theme-transparent-header-meta":"","adv-header-id-meta":"","stick-header-meta":"","header-above-stick-meta":"","header-main-stick-meta":"","header-below-stick-meta":"","astra-migrate-meta-layouts":"default","ast-page-background-enabled":"default","ast-page-background-meta":{"desktop":{"background-color":"var(--ast-global-color-4)","background-image":"","background-repeat":"repeat","background-position":"center center","background-size":"auto","background-attachment":"scroll","background-type":"","background-media":"","overlay-type":"","overlay-color":"","overlay-opacity":"","overlay-gradient":""},"tablet":{"background-color":"","background-image":"","background-repeat":"repeat","background-position":"center center","background-size":"auto","background-attachment":"scroll","background-type":"","background-media":"","overlay-type":"","overlay-color":"","overlay-opacity":"","overlay-gradient":""},"mobile":{"background-color":"","background-image":"","background-repeat":"repeat","background-position":"center center","background-size":"auto","background-attachment":"scroll","background-type":"","background-media":"","overlay-type":"","overlay-color":"","overlay-opacity":"","overlay-gradient":""}},"ast-content-background-meta":{"desktop":{"background-color":"var(--ast-global-color-5)","background-image":"","background-repeat":"repeat","background-position":"center center","background-size":"auto","background-attachment":"scroll","background-type":"","background-media":"","overlay-type":"","overlay-color":"","overlay-opacity":"","overlay-gradient":""},"tablet":{"background-color":"var(--ast-global-color-5)","background-image":"","background-repeat":"repeat","background-position":"center center","background-size":"auto","background-attachment":"scroll","background-type":"","background-media":"","overlay-type":"","overlay-color":"","overlay-opacity":"","overlay-gradient":""},"mobile":{"background-color":"var(--ast-global-color-5)","background-image":"","background-repeat":"repeat","background-position":"center center","background-size":"auto","background-attachment":"scroll","background-type":"","background-media":"","overlay-type":"","overlay-color":"","overlay-opacity":"","overlay-gradient":""}}},"product_brand":[],"product_cat":[48,49,430,1200],"product_tag":[196,512,457,220,438,221,186,184,280],"class_list":{"0":"post-8350","1":"product","2":"type-product","3":"status-publish","4":"has-post-thumbnail","6":"product_cat-casual","7":"product_cat-loafer","8":"product_cat-men","9":"product_cat-mens-shoes-2","10":"product_tag-black-leather-shoes","11":"product_tag-casual-loafers","12":"product_tag-classic-loafers","13":"product_tag-comfortable-loafers","14":"product_tag-eva-sole","15":"product_tag-genuine-leather","16":"product_tag-mens-loafers","17":"product_tag-slip-on-shoes","18":"product_tag-smart-casual-shoes","19":"desktop-align-center","20":"tablet-align-center","21":"mobile-align-center","23":"first","24":"instock","25":"shipping-taxable","26":"purchasable","27":"product-type-variable","28":"has-default-attributes"},"acf":[],"uagb_featured_image_src":{"full":["https:\/\/turkishtrade.co\/wp-content\/uploads\/2026\/01\/2600NZWMN00034-BLACK.png",453,250,false],"thumbnail":["https:\/\/turkishtrade.co\/wp-content\/uploads\/2026\/01\/2600NZWMN00034-BLACK-150x150.png",150,150,true],"medium":["https:\/\/turkishtrade.co\/wp-content\/uploads\/2026\/01\/2600NZWMN00034-BLACK-300x166.png",300,166,true],"medium_large":["https:\/\/turkishtrade.co\/wp-content\/uploads\/2026\/01\/2600NZWMN00034-BLACK.png",453,250,false],"large":["https:\/\/turkishtrade.co\/wp-content\/uploads\/2026\/01\/2600NZWMN00034-BLACK.png",453,250,false],"1536x1536":["https:\/\/turkishtrade.co\/wp-content\/uploads\/2026\/01\/2600NZWMN00034-BLACK.png",453,250,false],"2048x2048":["https:\/\/turkishtrade.co\/wp-content\/uploads\/2026\/01\/2600NZWMN00034-BLACK.png",453,250,false],"trp-custom-language-flag":["https:\/\/turkishtrade.co\/wp-content\/uploads\/2026\/01\/2600NZWMN00034-BLACK-18x10.png",18,10,true],"woocommerce_thumbnail":["https:\/\/turkishtrade.co\/wp-content\/uploads\/2026\/01\/2600NZWMN00034-BLACK-400x250.png",400,250,true],"woocommerce_single":["https:\/\/turkishtrade.co\/wp-content\/uploads\/2026\/01\/2600NZWMN00034-BLACK.png",453,250,false],"woocommerce_gallery_thumbnail":["https:\/\/turkishtrade.co\/wp-content\/uploads\/2026\/01\/2600NZWMN00034-BLACK-100x100.png",100,100,true]},"uagb_author_info":{"display_name":"python python","author_link":"https:\/\/turkishtrade.co\/tr\/author\/"},"uagb_comment_info":0,"uagb_excerpt":"Crafted from premium genuine calf leather for superior durability and feel. Lightweight and flexible EVA sole provides all-day comfort and excellent traction. Classic slip-on loafer design suitable for both casual and smart-casual occasions. Available in a comprehensive range of sizes from EU 39 to 45. Ideal for those seeking stylish, comfortable, and high-quality men's black&hellip;","_links":{"self":[{"href":"https:\/\/turkishtrade.co\/tr\/wp-json\/wp\/v2\/product\/8350","targetHints":{"allow":["GET"]}}],"collection":[{"href":"https:\/\/turkishtrade.co\/tr\/wp-json\/wp\/v2\/product"}],"about":[{"href":"https:\/\/turkishtrade.co\/tr\/wp-json\/wp\/v2\/types\/product"}],"wp:featuredmedia":[{"embeddable":true,"href":"https:\/\/turkishtrade.co\/tr\/wp-json\/wp\/v2\/media\/6889"}],"wp:attachment":[{"href":"https:\/\/turkishtrade.co\/tr\/wp-json\/wp\/v2\/media?parent=8350"}],"wp:term":[{"taxonomy":"product_brand","embeddable":true,"href":"https:\/\/turkishtrade.co\/tr\/wp-json\/wp\/v2\/product_brand?post=8350"},{"taxonomy":"product_cat","embeddable":true,"href":"https:\/\/turkishtrade.co\/tr\/wp-json\/wp\/v2\/product_cat?post=8350"},{"taxonomy":"product_tag","embeddable":true,"href":"https:\/\/turkishtrade.co\/tr\/wp-json\/wp\/v2\/product_tag?post=8350"}],"curies":[{"name":"wp","href":"https:\/\/api.w.org\/{rel}","templated":true}]}}