{"id":8349,"date":"2026-01-29T14:49:33","date_gmt":"2026-01-29T14:49:33","guid":{"rendered":"https:\/\/turkishtrade.co\/?post_type=product&#038;p=8349"},"modified":"2026-04-09T20:28:34","modified_gmt":"2026-04-09T20:28:34","slug":"mens-black-leather-loafers-16","status":"publish","type":"product","link":"https:\/\/turkishtrade.co\/tr\/shop\/mens-black-leather-loafers-16\/","title":{"rendered":"Erkek Siyah Deri Loafer Ultimate | Erkek Siyah Hakiki Deri Tokal\u0131"},"content":{"rendered":"<p><strong>Erkek Siyah Deri Loafer<\/strong>. \u00dcst\u00fcn kalite ve tasar\u0131m.<\/p>\n<p>Premium ayakkab\u0131lar\u0131m\u0131zla sofistike ayakkab\u0131n\u0131n \u00f6z\u00fcn\u00fc ke\u015ffedin <strong>Erkek Siyah Deri Loafer<\/strong>. Modern beyefendiler i\u00e7in ustal\u0131kla \u00fcretilen bu otantik deri mokasen ayakkab\u0131lar, klasik stili benzersiz konforla kusursuz bir \u015fekilde harmanl\u0131yor. \u0130ster bir i\u015f toplant\u0131s\u0131na, ister resmi bir etkinli\u011fe kat\u0131l\u0131n ya da sadece g\u00fcnl\u00fck k\u0131yafetlerinizi y\u00fckseltin, bu toka aksanl\u0131 <strong>Erkek Siyah Deri Loafer<\/strong> kal\u0131c\u0131 bir etki b\u0131rakmak i\u00e7in tasarlanm\u0131\u015ft\u0131r.<\/p>\n<h3>Rakipsiz Kalite ve \u0130\u015f\u00e7ilik<\/h3>\n<p>Her bir \u00e7iftimiz <strong>Erkek Siyah Deri Loafer<\/strong> \u00fcst\u00fcn i\u015f\u00e7ili\u011fin bir kan\u0131t\u0131d\u0131r. Yaln\u0131zca en iyi hakiki ke\u00e7i ve dana derisini kullanarak zengin bir doku, ola\u011fan\u00fcst\u00fc dayan\u0131kl\u0131l\u0131k ve yaln\u0131zca ger\u00e7ek derinin sa\u011flayabilece\u011fi l\u00fcks bir his sa\u011fl\u0131yoruz. Derinin do\u011fal nefes alabilirli\u011fi ayaklar\u0131n\u0131z\u0131n g\u00fcn boyunca rahat kalmas\u0131n\u0131 sa\u011flarken, sa\u011flam yap\u0131s\u0131 uzun \u00f6m\u00fcrl\u00fcl\u00fck vaat ediyor. Bunlar sadece bir ayakkab\u0131 de\u011fil; kal\u0131c\u0131 stil ve kaliteye yap\u0131lan bir yat\u0131r\u0131md\u0131r ve hakiki deri loafer'lar\u0131n en iyisini temsil eder.<\/p>\n<h3>Zamans\u0131z Tasar\u0131m Modern Konforla Bulu\u015fuyor<\/h3>\n<p>Klasik mokasen silueti, \u015f\u0131k g\u00fcm\u00fc\u015f tonlu toka ile zenginle\u015ftirilmi\u015ftir ve bu mokasenlere zarif bir zarafet dokunu\u015fu katmaktad\u0131r. <strong>Erkek Siyah Deri Loafer<\/strong> ayr\u0131. Bu zamans\u0131z tasar\u0131m onlar\u0131 inan\u0131lmaz derecede \u00e7ok y\u00f6nl\u00fc k\u0131lar; \u015f\u0131k tak\u0131m elbiseler, \u015f\u0131k pantolonlar ve hatta g\u00f6steri\u015fli bir smart-casual g\u00f6r\u00fcn\u00fcm i\u00e7in birinci s\u0131n\u0131f denimlerle zahmetsizce e\u015fle\u015fir. Sofistike d\u0131\u015f g\u00f6r\u00fcn\u00fcm\u00fcn alt\u0131nda, hafif \u00f6zellikleri ve m\u00fckemmel \u015fok emilimi ile tan\u0131nan geli\u015fmi\u015f bir EVA taban yatar. Bu yenilik\u00e7i taban, yast\u0131klama ve esneklik sa\u011flayarak bu klasik ayakkab\u0131larla her ad\u0131m\u0131 konforlu bir deneyime d\u00f6n\u00fc\u015ft\u00fcr\u00fcr. <strong>Erkek Siyah Deri Loafer<\/strong>.<\/p>\n<h3>Her Centilmen \u0130\u00e7in M\u00fckemmel Uyum<\/h3>\n<p>M\u00fckemmel uyumun \u00f6nemini anl\u0131yoruz, bu nedenle <strong>Erkek Siyah Deri Loafer<\/strong> 39'dan 45'e kadar kapsaml\u0131 bir Avrupa beden yelpazesinde mevcuttur. Her bir ayakkab\u0131, ki\u015fiselle\u015ftirilmi\u015f bir his i\u00e7in zaman i\u00e7inde aya\u011f\u0131n\u0131za uyum sa\u011flayarak tam ve rahat bir uyum sunmak \u00fczere titizlikle \u00fcretilmi\u015ftir. Hassas boyutland\u0131rma ve \u00f6zenli tasar\u0131m\u0131n g\u00fcnl\u00fck konfor ve g\u00fcveninizde yaratt\u0131\u011f\u0131 fark\u0131 deneyimleyin. Bu klasik ayakkab\u0131lar, otantik bir ayakkab\u0131 arayan t\u00fcm se\u00e7ici erkekler i\u00e7in idealdir. <strong>Erkek Siyah Deri Loafer<\/strong>.<\/p>\n<h3>Toptan Sat\u0131\u015f F\u0131rsatlar\u0131 Mevcut<\/h3>\n<p>Y\u00fcksek kaliteli ayakkab\u0131lar sunmak isteyen perakendeciler ve i\u015fletmeler i\u00e7in cazip toptan sat\u0131\u015f se\u00e7enekleri sunuyoruz. <strong>Erkek Siyah Deri Loafer<\/strong>. Yaln\u0131zca 8 \u00e7iftlik minimum sipari\u015f miktar\u0131yla, envanterinizi bu aranan hakiki deri ayakkab\u0131larla kolayca stoklayabilirsiniz. M\u00fc\u015fterilerinize ola\u011fan\u00fcst\u00fc de\u011fer ve stil sunmak i\u00e7in bizimle i\u015f ortakl\u0131\u011f\u0131 yap\u0131n. Her sofistike gard\u0131rop i\u00e7in temel bir par\u00e7a olan bu birinci s\u0131n\u0131f klasik mokasen ayakkab\u0131larla koleksiyonunuzu geli\u015ftirin.<\/p>","protected":false},"excerpt":{"rendered":"<ul>\n<li>\u00dcst\u00fcn kalite i\u00e7in hakiki ke\u00e7i ve dana derisi ile m\u00fckemmel i\u015f\u00e7ilik.<\/li>\n<li>Hafif ve dayan\u0131kl\u0131 EVA tabana sahip konfor odakl\u0131 tasar\u0131m.<\/li>\n<li>Zarif g\u00fcm\u00fc\u015f toka vurgulu zamans\u0131z klasik loafer stili.<\/li>\n<li>Kapsaml\u0131 bir Avrupa beden yelpazesinde mevcuttur: AB 39, 40, 41, 42, 43, 44, 45.<\/li>\n<li>Resmi etkinlikler veya sofistike, \u015f\u0131k ve g\u00fcndelik tak\u0131mlar i\u00e7in m\u00fckemmeldir.<\/li>\n<li>Minimum 8 \u00e7ift sipari\u015f ile toptan sat\u0131\u015f f\u0131rsatlar\u0131 mevcuttur.<\/li>\n<\/ul>","protected":false},"featured_media":6888,"template":"","meta":{"_acf_changed":false,"_uag_custom_page_level_css":"","site-sidebar-layout":"default","site-content-layout":"","ast-site-content-layout":"default","site-content-style":"default","site-sidebar-style":"default","ast-global-header-display":"","ast-banner-title-visibility":"","ast-main-header-display":"","ast-hfb-above-header-display":"","ast-hfb-below-header-display":"","ast-hfb-mobile-header-display":"","site-post-title":"","ast-breadcrumbs-content":"","ast-featured-img":"","footer-sml-layout":"","ast-disable-related-posts":"","theme-transparent-header-meta":"","adv-header-id-meta":"","stick-header-meta":"","header-above-stick-meta":"","header-main-stick-meta":"","header-below-stick-meta":"","astra-migrate-meta-layouts":"default","ast-page-background-enabled":"default","ast-page-background-meta":{"desktop":{"background-color":"var(--ast-global-color-4)","background-image":"","background-repeat":"repeat","background-position":"center center","background-size":"auto","background-attachment":"scroll","background-type":"","background-media":"","overlay-type":"","overlay-color":"","overlay-opacity":"","overlay-gradient":""},"tablet":{"background-color":"","background-image":"","background-repeat":"repeat","background-position":"center center","background-size":"auto","background-attachment":"scroll","background-type":"","background-media":"","overlay-type":"","overlay-color":"","overlay-opacity":"","overlay-gradient":""},"mobile":{"background-color":"","background-image":"","background-repeat":"repeat","background-position":"center center","background-size":"auto","background-attachment":"scroll","background-type":"","background-media":"","overlay-type":"","overlay-color":"","overlay-opacity":"","overlay-gradient":""}},"ast-content-background-meta":{"desktop":{"background-color":"var(--ast-global-color-5)","background-image":"","background-repeat":"repeat","background-position":"center center","background-size":"auto","background-attachment":"scroll","background-type":"","background-media":"","overlay-type":"","overlay-color":"","overlay-opacity":"","overlay-gradient":""},"tablet":{"background-color":"var(--ast-global-color-5)","background-image":"","background-repeat":"repeat","background-position":"center center","background-size":"auto","background-attachment":"scroll","background-type":"","background-media":"","overlay-type":"","overlay-color":"","overlay-opacity":"","overlay-gradient":""},"mobile":{"background-color":"var(--ast-global-color-5)","background-image":"","background-repeat":"repeat","background-position":"center center","background-size":"auto","background-attachment":"scroll","background-type":"","background-media":"","overlay-type":"","overlay-color":"","overlay-opacity":"","overlay-gradient":""}}},"product_brand":[],"product_cat":[47,430,1200],"product_tag":[295,315,457,287,352,952,733,1290,280,456],"class_list":{"0":"post-8349","1":"product","2":"type-product","3":"status-publish","4":"has-post-thumbnail","6":"product_cat-classic","7":"product_cat-men","8":"product_cat-mens-shoes-2","9":"product_tag-black-dress-shoes","10":"product_tag-buckle-loafers","11":"product_tag-classic-loafers","12":"product_tag-eva-sole-shoes","13":"product_tag-formal-loafers","14":"product_tag-genuine-leather-shoes","15":"product_tag-mens-black-leather-loafers","16":"product_tag-mens-leather-footwear","17":"product_tag-smart-casual-shoes","18":"product_tag-wholesale-loafers","19":"desktop-align-center","20":"tablet-align-center","21":"mobile-align-center","23":"first","24":"instock","25":"shipping-taxable","26":"purchasable","27":"product-type-variable","28":"has-default-attributes"},"acf":[],"uagb_featured_image_src":{"full":["https:\/\/turkishtrade.co\/wp-content\/uploads\/2026\/01\/2600NZWMN00033-BLACK.png",453,250,false],"thumbnail":["https:\/\/turkishtrade.co\/wp-content\/uploads\/2026\/01\/2600NZWMN00033-BLACK-150x150.png",150,150,true],"medium":["https:\/\/turkishtrade.co\/wp-content\/uploads\/2026\/01\/2600NZWMN00033-BLACK-300x166.png",300,166,true],"medium_large":["https:\/\/turkishtrade.co\/wp-content\/uploads\/2026\/01\/2600NZWMN00033-BLACK.png",453,250,false],"large":["https:\/\/turkishtrade.co\/wp-content\/uploads\/2026\/01\/2600NZWMN00033-BLACK.png",453,250,false],"1536x1536":["https:\/\/turkishtrade.co\/wp-content\/uploads\/2026\/01\/2600NZWMN00033-BLACK.png",453,250,false],"2048x2048":["https:\/\/turkishtrade.co\/wp-content\/uploads\/2026\/01\/2600NZWMN00033-BLACK.png",453,250,false],"trp-custom-language-flag":["https:\/\/turkishtrade.co\/wp-content\/uploads\/2026\/01\/2600NZWMN00033-BLACK-18x10.png",18,10,true],"woocommerce_thumbnail":["https:\/\/turkishtrade.co\/wp-content\/uploads\/2026\/01\/2600NZWMN00033-BLACK-400x250.png",400,250,true],"woocommerce_single":["https:\/\/turkishtrade.co\/wp-content\/uploads\/2026\/01\/2600NZWMN00033-BLACK.png",453,250,false],"woocommerce_gallery_thumbnail":["https:\/\/turkishtrade.co\/wp-content\/uploads\/2026\/01\/2600NZWMN00033-BLACK-100x100.png",100,100,true]},"uagb_author_info":{"display_name":"python python","author_link":"https:\/\/turkishtrade.co\/tr\/author\/"},"uagb_comment_info":0,"uagb_excerpt":"Exquisite craftsmanship with genuine goat and calf leather for superior quality. Comfort-driven design featuring a lightweight and durable EVA sole. Timeless classic loafer style with an elegant silver buckle accent. Available in a comprehensive range of European sizes: EU 39, 40, 41, 42, 43, 44, 45. Perfect for formal events or sophisticated smart-casual ensembles. Wholesale&hellip;","_links":{"self":[{"href":"https:\/\/turkishtrade.co\/tr\/wp-json\/wp\/v2\/product\/8349","targetHints":{"allow":["GET"]}}],"collection":[{"href":"https:\/\/turkishtrade.co\/tr\/wp-json\/wp\/v2\/product"}],"about":[{"href":"https:\/\/turkishtrade.co\/tr\/wp-json\/wp\/v2\/types\/product"}],"wp:featuredmedia":[{"embeddable":true,"href":"https:\/\/turkishtrade.co\/tr\/wp-json\/wp\/v2\/media\/6888"}],"wp:attachment":[{"href":"https:\/\/turkishtrade.co\/tr\/wp-json\/wp\/v2\/media?parent=8349"}],"wp:term":[{"taxonomy":"product_brand","embeddable":true,"href":"https:\/\/turkishtrade.co\/tr\/wp-json\/wp\/v2\/product_brand?post=8349"},{"taxonomy":"product_cat","embeddable":true,"href":"https:\/\/turkishtrade.co\/tr\/wp-json\/wp\/v2\/product_cat?post=8349"},{"taxonomy":"product_tag","embeddable":true,"href":"https:\/\/turkishtrade.co\/tr\/wp-json\/wp\/v2\/product_tag?post=8349"}],"curies":[{"name":"wp","href":"https:\/\/api.w.org\/{rel}","templated":true}]}}