{"id":8348,"date":"2026-01-29T14:49:33","date_gmt":"2026-01-29T14:49:33","guid":{"rendered":"https:\/\/turkishtrade.co\/?post_type=product&#038;p=8348"},"modified":"2026-04-09T20:28:37","modified_gmt":"2026-04-09T20:28:37","slug":"mens-genuine-leather-classic-shoes","status":"publish","type":"product","link":"https:\/\/turkishtrade.co\/tr\/shop\/mens-genuine-leather-classic-shoes\/","title":{"rendered":"Erkek Hakiki Deri Klasik Ayakkab\u0131 Sensational | Erkek Hakiki Deri Klasik Oxford"},"content":{"rendered":"<p><strong>Erkek Hakiki Deri Klasik Ayakkab\u0131<\/strong>. Sansasyonel kalite ve tasar\u0131m.<\/p>\n<p>Enfes \u00fcr\u00fcnlerimizle benzersiz bir sofistike ortama ad\u0131m at\u0131n <strong>Erkek Hakiki Deri Klasik Ayakkab\u0131<\/strong>. Se\u00e7kin beyefendiler i\u00e7in tasarlanan bu ayakkab\u0131lar, geleneksel i\u015f\u00e7ili\u011fi modern konforla harmanlayarak her gard\u0131rop i\u00e7in vazge\u00e7ilmez bir eklenti haline getiriyor. Her bir \u00e7ift birinci s\u0131n\u0131f hakiki deriden titizlikle \u00fcretilmi\u015ftir ve yaln\u0131zca l\u00fcks bir estetik de\u011fil, ayn\u0131 zamanda zamana meydan okuyan ola\u011fan\u00fcst\u00fc bir dayan\u0131kl\u0131l\u0131k da sa\u011flar. Zengin, koyu kahverengi renk tonu, vampir ve \u00e7eyreklerdeki ince doku ile birle\u015fti\u011finde, \u00e7ok say\u0131da durum i\u00e7in m\u00fckemmel olan abart\u0131s\u0131z bir zarafet havas\u0131 yayar.<\/p>\n<h3>Rakipsiz \u0130\u015f\u00e7ilik ve Birinci S\u0131n\u0131f Malzemeler<\/h3>\n<p>Kaliteye olan ba\u011fl\u0131l\u0131\u011f\u0131m\u0131z, bu klasik ayakkab\u0131lar\u0131n her diki\u015finde ve detay\u0131nda kendini g\u00f6sterir. \u0130nce ke\u00e7i ve dana derisi de dahil olmak \u00fczere hakiki deri kullan\u0131m\u0131, zaman i\u00e7inde aya\u011f\u0131n\u0131za uyum sa\u011flayarak ki\u015fiselle\u015ftirilmi\u015f bir uyum sunan esnek ama sa\u011flam bir saya sa\u011flar. Zamans\u0131z Oxford silueti, resmi ayakkab\u0131lar\u0131n ay\u0131rt edici \u00f6zelli\u011fi olan farkl\u0131 bir burun tasar\u0131m\u0131yla y\u00fckselir ve bu ayakkab\u0131lar\u0131 <strong>Erkek Hakiki Deri Klasik Ayakkab\u0131<\/strong> \u0130\u015f toplant\u0131lar\u0131, resmi etkinlikler veya g\u00f6steri\u015fli bir g\u00f6r\u00fcn\u00fcm\u00fcn \u00e7ok \u00f6nemli oldu\u011fu her durum i\u00e7in idealdir. Zarif d\u0131\u015f y\u00fczeyinin alt\u0131nda, hafif \u00f6zellikleri ve m\u00fckemmel \u015fok emilimi ile bilinen ve uzun s\u00fcreli kullan\u0131mda bile rahatl\u0131k sa\u011flayan konforlu EVA taban yatar.<\/p>\n<h3>Zamans\u0131z Stil ve \u00c7ok Y\u00f6nl\u00fc \u015e\u0131kl\u0131k<\/h3>\n<p>Bu elbise ayakkab\u0131lar\u0131n\u0131n koyu kahverengi tonu, \u00e7e\u015fitli resmi tak\u0131mlar, \u015f\u0131k g\u00fcndelik pantolonlar ve hatta sofistike denimlerle sorunsuz bir \u015fekilde e\u015fle\u015ferek muazzam bir \u00e7ok y\u00f6nl\u00fcl\u00fck sunar. \u0130ster bir d\u00fc\u011f\u00fcne, ister bir galaya kat\u0131l\u0131n, ister g\u00fcnl\u00fck ofis k\u0131yafetlerinizi y\u00fckseltin, bu ayakkab\u0131lar m\u00fckemmel bir son dokunu\u015f sa\u011flar. Ba\u011fc\u0131kl\u0131 kapama g\u00fcvenli bir uyum sa\u011flarken, tabandaki kusursuz diki\u015fler \u00fcst\u00fcn yap\u0131n\u0131n alt\u0131n\u0131 \u00e7iziyor. Sadece ola\u011fan\u00fcst\u00fc g\u00f6r\u00fcnmekle kalmay\u0131p ayn\u0131 zamanda y\u0131llarca kal\u0131c\u0131 stil ve konfor vaat eden bir \u00e7ift ayakkab\u0131ya yat\u0131r\u0131m yap\u0131n.<\/p>\n<p>Y\u00fcksek kaliteli ayakkab\u0131lar sunmak isteyen perakendeciler ve i\u015fletmeler i\u00e7in <strong>Erkek Hakiki Deri Klasik Ayakkab\u0131<\/strong> toptan sat\u0131n al\u0131nabilir. Sadece 8 \u00e7iftlik minimum sipari\u015fle, envanterinizi bu aranan klasik ayakkab\u0131larla kolayca doldurabilir, ger\u00e7ek deri i\u015f\u00e7ili\u011fini ve zamans\u0131z tasar\u0131m\u0131 takdir eden m\u00fc\u015fterilere hitap edebilirsiniz. Koleksiyonunuzu \u015f\u0131kl\u0131k, konfor ve ola\u011fan\u00fcst\u00fc de\u011feri bir araya getiren ayakkab\u0131larla y\u00fckseltin.<\/p>","protected":false},"excerpt":{"rendered":"<ul>\n<li>L\u00fcks bir g\u00f6r\u00fcn\u00fcm ve his i\u00e7in birinci s\u0131n\u0131f hakiki deriden ustal\u0131kla \u00fcretilmi\u015ftir.<\/li>\n<li>Zarif burun detaylar\u0131na sahip zamans\u0131z klasik Oxford tasar\u0131ma sahiptir.<\/li>\n<li>T\u00fcm g\u00fcn kullan\u0131m i\u00e7in rahat ve hafif EVA taban ile donat\u0131lm\u0131\u015ft\u0131r.<\/li>\n<li>M\u00fckemmel bir uyum sa\u011flamak i\u00e7in 39 ila 45 aras\u0131nda geni\u015f bir beden yelpazesinde mevcuttur.<\/li>\n<li>Minimum 8 \u00e7ift sipari\u015f miktar\u0131 ile toptan sipari\u015fler kabul edilir.<\/li>\n<\/ul>","protected":false},"featured_media":6887,"template":"","meta":{"_acf_changed":false,"_uag_custom_page_level_css":"","site-sidebar-layout":"default","site-content-layout":"","ast-site-content-layout":"default","site-content-style":"default","site-sidebar-style":"default","ast-global-header-display":"","ast-banner-title-visibility":"","ast-main-header-display":"","ast-hfb-above-header-display":"","ast-hfb-below-header-display":"","ast-hfb-mobile-header-display":"","site-post-title":"","ast-breadcrumbs-content":"","ast-featured-img":"","footer-sml-layout":"","ast-disable-related-posts":"","theme-transparent-header-meta":"","adv-header-id-meta":"","stick-header-meta":"","header-above-stick-meta":"","header-main-stick-meta":"","header-below-stick-meta":"","astra-migrate-meta-layouts":"default","ast-page-background-enabled":"default","ast-page-background-meta":{"desktop":{"background-color":"var(--ast-global-color-4)","background-image":"","background-repeat":"repeat","background-position":"center center","background-size":"auto","background-attachment":"scroll","background-type":"","background-media":"","overlay-type":"","overlay-color":"","overlay-opacity":"","overlay-gradient":""},"tablet":{"background-color":"","background-image":"","background-repeat":"repeat","background-position":"center center","background-size":"auto","background-attachment":"scroll","background-type":"","background-media":"","overlay-type":"","overlay-color":"","overlay-opacity":"","overlay-gradient":""},"mobile":{"background-color":"","background-image":"","background-repeat":"repeat","background-position":"center center","background-size":"auto","background-attachment":"scroll","background-type":"","background-media":"","overlay-type":"","overlay-color":"","overlay-opacity":"","overlay-gradient":""}},"ast-content-background-meta":{"desktop":{"background-color":"var(--ast-global-color-5)","background-image":"","background-repeat":"repeat","background-position":"center center","background-size":"auto","background-attachment":"scroll","background-type":"","background-media":"","overlay-type":"","overlay-color":"","overlay-opacity":"","overlay-gradient":""},"tablet":{"background-color":"var(--ast-global-color-5)","background-image":"","background-repeat":"repeat","background-position":"center center","background-size":"auto","background-attachment":"scroll","background-type":"","background-media":"","overlay-type":"","overlay-color":"","overlay-opacity":"","overlay-gradient":""},"mobile":{"background-color":"var(--ast-global-color-5)","background-image":"","background-repeat":"repeat","background-position":"center center","background-size":"auto","background-attachment":"scroll","background-type":"","background-media":"","overlay-type":"","overlay-color":"","overlay-opacity":"","overlay-gradient":""}}},"product_brand":[],"product_cat":[47,430,1200],"product_tag":[292,145,284,438,251,221,351,204,281],"class_list":{"0":"post-8348","1":"product","2":"type-product","3":"status-publish","4":"has-post-thumbnail","6":"product_cat-classic","7":"product_cat-men","8":"product_cat-mens-shoes-2","9":"product_tag-brown-leather-shoes","10":"product_tag-classic-shoes","11":"product_tag-dress-shoes","12":"product_tag-eva-sole","13":"product_tag-formal-shoes","14":"product_tag-genuine-leather","15":"product_tag-leather-footwear","16":"product_tag-oxford-shoes","17":"product_tag-wholesale-shoes","18":"desktop-align-center","19":"tablet-align-center","20":"mobile-align-center","22":"first","23":"instock","24":"shipping-taxable","25":"purchasable","26":"product-type-variable","27":"has-default-attributes"},"acf":[],"uagb_featured_image_src":{"full":["https:\/\/turkishtrade.co\/wp-content\/uploads\/2026\/01\/2600NZWMN00032-BROWN.png",453,250,false],"thumbnail":["https:\/\/turkishtrade.co\/wp-content\/uploads\/2026\/01\/2600NZWMN00032-BROWN-150x150.png",150,150,true],"medium":["https:\/\/turkishtrade.co\/wp-content\/uploads\/2026\/01\/2600NZWMN00032-BROWN-300x166.png",300,166,true],"medium_large":["https:\/\/turkishtrade.co\/wp-content\/uploads\/2026\/01\/2600NZWMN00032-BROWN.png",453,250,false],"large":["https:\/\/turkishtrade.co\/wp-content\/uploads\/2026\/01\/2600NZWMN00032-BROWN.png",453,250,false],"1536x1536":["https:\/\/turkishtrade.co\/wp-content\/uploads\/2026\/01\/2600NZWMN00032-BROWN.png",453,250,false],"2048x2048":["https:\/\/turkishtrade.co\/wp-content\/uploads\/2026\/01\/2600NZWMN00032-BROWN.png",453,250,false],"trp-custom-language-flag":["https:\/\/turkishtrade.co\/wp-content\/uploads\/2026\/01\/2600NZWMN00032-BROWN-18x10.png",18,10,true],"woocommerce_thumbnail":["https:\/\/turkishtrade.co\/wp-content\/uploads\/2026\/01\/2600NZWMN00032-BROWN-400x250.png",400,250,true],"woocommerce_single":["https:\/\/turkishtrade.co\/wp-content\/uploads\/2026\/01\/2600NZWMN00032-BROWN.png",453,250,false],"woocommerce_gallery_thumbnail":["https:\/\/turkishtrade.co\/wp-content\/uploads\/2026\/01\/2600NZWMN00032-BROWN-100x100.png",100,100,true]},"uagb_author_info":{"display_name":"python python","author_link":"https:\/\/turkishtrade.co\/tr\/author\/"},"uagb_comment_info":0,"uagb_excerpt":"Expertly crafted from premium genuine leather for a luxurious look and feel. Features a timeless classic Oxford design with elegant cap-toe detailing. Equipped with a comfortable and lightweight EVA sole for all-day wear. Available in a wide range of sizes from 39 to 45 to ensure a perfect fit. Wholesale orders welcome with a minimum&hellip;","_links":{"self":[{"href":"https:\/\/turkishtrade.co\/tr\/wp-json\/wp\/v2\/product\/8348","targetHints":{"allow":["GET"]}}],"collection":[{"href":"https:\/\/turkishtrade.co\/tr\/wp-json\/wp\/v2\/product"}],"about":[{"href":"https:\/\/turkishtrade.co\/tr\/wp-json\/wp\/v2\/types\/product"}],"wp:featuredmedia":[{"embeddable":true,"href":"https:\/\/turkishtrade.co\/tr\/wp-json\/wp\/v2\/media\/6887"}],"wp:attachment":[{"href":"https:\/\/turkishtrade.co\/tr\/wp-json\/wp\/v2\/media?parent=8348"}],"wp:term":[{"taxonomy":"product_brand","embeddable":true,"href":"https:\/\/turkishtrade.co\/tr\/wp-json\/wp\/v2\/product_brand?post=8348"},{"taxonomy":"product_cat","embeddable":true,"href":"https:\/\/turkishtrade.co\/tr\/wp-json\/wp\/v2\/product_cat?post=8348"},{"taxonomy":"product_tag","embeddable":true,"href":"https:\/\/turkishtrade.co\/tr\/wp-json\/wp\/v2\/product_tag?post=8348"}],"curies":[{"name":"wp","href":"https:\/\/api.w.org\/{rel}","templated":true}]}}