{"id":8347,"date":"2026-01-29T14:49:33","date_gmt":"2026-01-29T14:49:33","guid":{"rendered":"https:\/\/turkishtrade.co\/?post_type=product&#038;p=8347"},"modified":"2026-04-09T20:28:42","modified_gmt":"2026-04-09T20:28:42","slug":"mens-black-crocodile-loafers","status":"publish","type":"product","link":"https:\/\/turkishtrade.co\/tr\/shop\/mens-black-crocodile-loafers\/","title":{"rendered":"Erkek Siyah Krokodil Loafer Elite | Erkek Siyah Krokodil Kabartmal\u0131 Orijinal"},"content":{"rendered":"<p><strong>Erkek Siyah Krokodil Loafer<\/strong>. Elit kalite ve tasar\u0131m.<\/p>\n<p>Ola\u011fan\u00fcst\u00fc \u00fcr\u00fcnlerimizle sofistike bir stil ve benzersiz bir konfor d\u00fcnyas\u0131na ad\u0131m at\u0131n <strong>Erkek Siyah Krokodil Loafer<\/strong>. En iyi hakiki deriden titizlikle \u00fcretilen bu ayakkab\u0131lar, klasik \u015f\u0131kl\u0131\u011f\u0131 kendine \u00f6zg\u00fc bir tarzla takdir eden modern beyefendiler i\u00e7in tasarlanm\u0131\u015ft\u0131r. \u00dcst k\u0131s\u0131mdaki \u00e7arp\u0131c\u0131 timsah kabartmal\u0131 doku, bu mokasen ayakkab\u0131lar\u0131 an\u0131nda y\u00fckseltir ve onlar\u0131 her se\u00e7kin gard\u0131rop i\u00e7in g\u00f6ze \u00e7arpan bir eklenti haline getirir. S\u0131rt k\u0131sm\u0131nda g\u00fcm\u00fc\u015f tonlu \u015f\u0131k bir toka ile e\u015fle\u015ftirilen bu mokasen ayakkab\u0131lar, unutulmaz bir izlenim b\u0131rakmak i\u00e7in m\u00fckemmel olan zamans\u0131z bir tasar\u0131ma \u00e7a\u011fda\u015f bir dokunu\u015f sunuyor.<\/p>\n<h3>E\u015fsiz Kalite ve Farkl\u0131 Tasar\u0131m<\/h3>\n<p>Kaliteye olan ba\u011fl\u0131l\u0131\u011f\u0131m\u0131z bu ola\u011fan\u00fcst\u00fc ayakkab\u0131lar\u0131n her detay\u0131nda kendini g\u00f6stermektedir. D\u0131\u015f y\u00fczeyi, \u0131\u015f\u0131\u011f\u0131 g\u00fczel bir \u015fekilde yakalayan zengin bir timsah deseniyle ustaca kabart\u0131lm\u0131\u015f birinci s\u0131n\u0131f hakiki deriye sahiptir. Bu karma\u015f\u0131k doku, l\u00fcks bir his ve benzersiz bir g\u00f6rsel \u00e7ekicilik sa\u011flar. <strong>Erkek Siyah Krokodil Loafer<\/strong> ayr\u0131. \u0130\u00e7 k\u0131sm\u0131 hakiki ke\u00e7i ve dana derisinin g\u00f6rkemli bir kombinasyonuyla astarlanm\u0131\u015ft\u0131r ve her ad\u0131mda nefes alabilirlik ve ola\u011fan\u00fcst\u00fc konfor sa\u011flar. \u00d6zenli diki\u015flerden m\u00fckemmel cilal\u0131 kaplamaya kadar, bu tokal\u0131 mokasen ayakkab\u0131lar \u00fcst\u00fcn i\u015f\u00e7ili\u011fin ve detaylara g\u00f6sterilen \u00f6zenin bir kan\u0131t\u0131d\u0131r ve hem dayan\u0131kl\u0131l\u0131k hem de kal\u0131c\u0131 bir stil vaat eder.<\/p>\n<h3>Her Durum i\u00e7in \u00c7ok Y\u00f6nl\u00fcl\u00fck<\/h3>\n<p>\u0130ster y\u00fcksek riskli bir i\u015f toplant\u0131s\u0131na, ister resmi bir ak\u015fam etkinli\u011fine ya da \u015f\u0131k bir smart-casual bulu\u015fmaya kat\u0131l\u0131yor olun, bu <strong>Erkek Siyah Krokodil Loafer<\/strong> m\u00fckemmel arkada\u015f\u0131n\u0131zd\u0131r. \u015e\u0131k siyah tonu, keskin tak\u0131m elbiselerden sofistike blazer ceketlere ve pantolonlara kadar \u00e7e\u015fitli k\u0131yafetlerle zahmetsizce e\u015fle\u015fmesini sa\u011flar. E\u015fsiz timsah dokusu ve zarif toka ile zenginle\u015ftirilen klasik loafer silueti, geleneksel cazibe ve \u00e7a\u011fda\u015f yetenek aras\u0131nda ideal dengeyi kurar. EU 39'dan 45'e kadar geni\u015f bir beden yelpazesinde mevcut olan bu modelle en \u00fcst d\u00fczey konfor ve stil i\u00e7in m\u00fckemmel uyumu bulmak hi\u00e7 bu kadar kolay olmam\u0131\u015ft\u0131.<\/p>\n<h3>Kal\u0131c\u0131 Konfor ve Dayan\u0131kl\u0131l\u0131k i\u00e7in \u00dcretildi<\/h3>\n<p>\u00c7arp\u0131c\u0131 esteti\u011finin \u00f6tesinde, bu siyah hakiki deri mokasen ayakkab\u0131lar uzun s\u00fcreli kullan\u0131m i\u00e7in \u00fcretilmi\u015ftir. Dayan\u0131kl\u0131 d\u0131\u015f taban m\u00fckemmel kavrama ve denge sa\u011flayarak her ad\u0131mda g\u00fcven verirken, sa\u011flam yap\u0131s\u0131 uzun \u00f6m\u00fcrl\u00fcl\u00fck vaat eder. Ke\u00e7i ve dana derisinden \u00fcretilen i\u00e7 astar, l\u00fcks hissi art\u0131rman\u0131n yan\u0131 s\u0131ra nemi de uzakla\u015ft\u0131rarak ayaklar\u0131n\u0131z\u0131n g\u00fcn boyunca rahat etmesini sa\u011flar. Sadece ola\u011fan\u00fcst\u00fc g\u00f6r\u00fcnmekle kalmay\u0131p ayn\u0131 zamanda ola\u011fan\u00fcst\u00fc hissettiren bir \u00e7ift ayakkab\u0131ya yat\u0131r\u0131m yap\u0131n. Perakendeciler ve i\u015fletmeler i\u00e7in bu birinci s\u0131n\u0131f <strong>Erkek Siyah Krokodil Loafer<\/strong> minimum 8 \u00e7ift sipari\u015f miktar\u0131 ile toptan sat\u0131n al\u0131nabilir ve y\u00fcksek talep g\u00f6ren, y\u00fcksek kaliteli bir \u00fcr\u00fcn\u00fc stoklamak i\u00e7in m\u00fckemmel bir f\u0131rsat sunar.<\/p>","protected":false},"excerpt":{"rendered":"<ul>\n<li>L\u00fcks krokodil kabartmal\u0131 zarif hakiki deri<\/li>\n<li>Zarif g\u00fcm\u00fc\u015f tonlu toka detay\u0131na sahip sofistike siyah kaplama<\/li>\n<li>Birinci s\u0131n\u0131f ke\u00e7i ve dana derisinden yap\u0131lm\u0131\u015f konforlu i\u00e7 astar<\/li>\n<li>Uzun s\u00fcreli a\u015f\u0131nma ve ola\u011fan\u00fcst\u00fc kavrama i\u00e7in dayan\u0131kl\u0131 diki\u015fli taban<\/li>\n<li>Resmi ve smart-casual ortamlar i\u00e7in uygun \u00e7ok y\u00f6nl\u00fc klasik tasar\u0131m<\/li>\n<li>Geni\u015f bir beden yelpazesinde mevcuttur: AB 39, 40, 41, 42, 43, 44, 45<\/li>\n<li>Minimum 8 \u00e7ift sipari\u015f ile toptan sat\u0131\u015f f\u0131rsatlar\u0131 mevcuttur<\/li>\n<\/ul>","protected":false},"featured_media":6885,"template":"","meta":{"_acf_changed":false,"_uag_custom_page_level_css":"","site-sidebar-layout":"default","site-content-layout":"","ast-site-content-layout":"default","site-content-style":"default","site-sidebar-style":"default","ast-global-header-display":"","ast-banner-title-visibility":"","ast-main-header-display":"","ast-hfb-above-header-display":"","ast-hfb-below-header-display":"","ast-hfb-mobile-header-display":"","site-post-title":"","ast-breadcrumbs-content":"","ast-featured-img":"","footer-sml-layout":"","ast-disable-related-posts":"","theme-transparent-header-meta":"","adv-header-id-meta":"","stick-header-meta":"","header-above-stick-meta":"","header-main-stick-meta":"","header-below-stick-meta":"","astra-migrate-meta-layouts":"default","ast-page-background-enabled":"default","ast-page-background-meta":{"desktop":{"background-color":"var(--ast-global-color-4)","background-image":"","background-repeat":"repeat","background-position":"center center","background-size":"auto","background-attachment":"scroll","background-type":"","background-media":"","overlay-type":"","overlay-color":"","overlay-opacity":"","overlay-gradient":""},"tablet":{"background-color":"","background-image":"","background-repeat":"repeat","background-position":"center center","background-size":"auto","background-attachment":"scroll","background-type":"","background-media":"","overlay-type":"","overlay-color":"","overlay-opacity":"","overlay-gradient":""},"mobile":{"background-color":"","background-image":"","background-repeat":"repeat","background-position":"center center","background-size":"auto","background-attachment":"scroll","background-type":"","background-media":"","overlay-type":"","overlay-color":"","overlay-opacity":"","overlay-gradient":""}},"ast-content-background-meta":{"desktop":{"background-color":"var(--ast-global-color-5)","background-image":"","background-repeat":"repeat","background-position":"center center","background-size":"auto","background-attachment":"scroll","background-type":"","background-media":"","overlay-type":"","overlay-color":"","overlay-opacity":"","overlay-gradient":""},"tablet":{"background-color":"var(--ast-global-color-5)","background-image":"","background-repeat":"repeat","background-position":"center center","background-size":"auto","background-attachment":"scroll","background-type":"","background-media":"","overlay-type":"","overlay-color":"","overlay-opacity":"","overlay-gradient":""},"mobile":{"background-color":"var(--ast-global-color-5)","background-image":"","background-repeat":"repeat","background-position":"center center","background-size":"auto","background-attachment":"scroll","background-type":"","background-media":"","overlay-type":"","overlay-color":"","overlay-opacity":"","overlay-gradient":""}}},"product_brand":[],"product_cat":[47,430,1200],"product_tag":[295,1291,754,534,352,1294,384,1319,1320,380],"class_list":{"0":"post-8347","1":"product","2":"type-product","3":"status-publish","4":"has-post-thumbnail","6":"product_cat-classic","7":"product_cat-men","8":"product_cat-mens-shoes-2","9":"product_tag-black-dress-shoes","10":"product_tag-business-attire-shoes","11":"product_tag-classic-mens-shoes","12":"product_tag-crocodile-embossed-shoes","13":"product_tag-formal-loafers","14":"product_tag-genuine-leather-loafers","15":"product_tag-luxury-loafers","16":"product_tag-mens-black-crocodile-loafers","17":"product_tag-mens-buckle-shoes","18":"product_tag-smart-casual-footwear","19":"desktop-align-center","20":"tablet-align-center","21":"mobile-align-center","23":"first","24":"instock","25":"shipping-taxable","26":"purchasable","27":"product-type-variable","28":"has-default-attributes"},"acf":[],"uagb_featured_image_src":{"full":["https:\/\/turkishtrade.co\/wp-content\/uploads\/2026\/01\/2600NZWMN00031-BLACK.png",453,250,false],"thumbnail":["https:\/\/turkishtrade.co\/wp-content\/uploads\/2026\/01\/2600NZWMN00031-BLACK-150x150.png",150,150,true],"medium":["https:\/\/turkishtrade.co\/wp-content\/uploads\/2026\/01\/2600NZWMN00031-BLACK-300x166.png",300,166,true],"medium_large":["https:\/\/turkishtrade.co\/wp-content\/uploads\/2026\/01\/2600NZWMN00031-BLACK.png",453,250,false],"large":["https:\/\/turkishtrade.co\/wp-content\/uploads\/2026\/01\/2600NZWMN00031-BLACK.png",453,250,false],"1536x1536":["https:\/\/turkishtrade.co\/wp-content\/uploads\/2026\/01\/2600NZWMN00031-BLACK.png",453,250,false],"2048x2048":["https:\/\/turkishtrade.co\/wp-content\/uploads\/2026\/01\/2600NZWMN00031-BLACK.png",453,250,false],"trp-custom-language-flag":["https:\/\/turkishtrade.co\/wp-content\/uploads\/2026\/01\/2600NZWMN00031-BLACK-18x10.png",18,10,true],"woocommerce_thumbnail":["https:\/\/turkishtrade.co\/wp-content\/uploads\/2026\/01\/2600NZWMN00031-BLACK-400x250.png",400,250,true],"woocommerce_single":["https:\/\/turkishtrade.co\/wp-content\/uploads\/2026\/01\/2600NZWMN00031-BLACK.png",453,250,false],"woocommerce_gallery_thumbnail":["https:\/\/turkishtrade.co\/wp-content\/uploads\/2026\/01\/2600NZWMN00031-BLACK-100x100.png",100,100,true]},"uagb_author_info":{"display_name":"python python","author_link":"https:\/\/turkishtrade.co\/tr\/author\/"},"uagb_comment_info":0,"uagb_excerpt":"Exquisite genuine leather with luxurious crocodile embossing Sophisticated black finish with elegant silver-tone buckle detail Comfortable inner lining made from premium goat and calf leather Durable stitched sole for lasting wear and exceptional grip Versatile classic design suitable for formal and smart-casual occasions Available in a wide range of sizes: EU 39, 40, 41, 42,&hellip;","_links":{"self":[{"href":"https:\/\/turkishtrade.co\/tr\/wp-json\/wp\/v2\/product\/8347","targetHints":{"allow":["GET"]}}],"collection":[{"href":"https:\/\/turkishtrade.co\/tr\/wp-json\/wp\/v2\/product"}],"about":[{"href":"https:\/\/turkishtrade.co\/tr\/wp-json\/wp\/v2\/types\/product"}],"wp:featuredmedia":[{"embeddable":true,"href":"https:\/\/turkishtrade.co\/tr\/wp-json\/wp\/v2\/media\/6885"}],"wp:attachment":[{"href":"https:\/\/turkishtrade.co\/tr\/wp-json\/wp\/v2\/media?parent=8347"}],"wp:term":[{"taxonomy":"product_brand","embeddable":true,"href":"https:\/\/turkishtrade.co\/tr\/wp-json\/wp\/v2\/product_brand?post=8347"},{"taxonomy":"product_cat","embeddable":true,"href":"https:\/\/turkishtrade.co\/tr\/wp-json\/wp\/v2\/product_cat?post=8347"},{"taxonomy":"product_tag","embeddable":true,"href":"https:\/\/turkishtrade.co\/tr\/wp-json\/wp\/v2\/product_tag?post=8347"}],"curies":[{"name":"wp","href":"https:\/\/api.w.org\/{rel}","templated":true}]}}