{"id":8346,"date":"2026-01-29T14:49:33","date_gmt":"2026-01-29T14:49:33","guid":{"rendered":"https:\/\/turkishtrade.co\/?post_type=product&#038;p=8346"},"modified":"2026-04-09T20:28:45","modified_gmt":"2026-04-09T20:28:45","slug":"black-patent-leather-oxford-dress-shoes","status":"publish","type":"product","link":"https:\/\/turkishtrade.co\/tr\/shop\/black-patent-leather-oxford-dress-shoes\/","title":{"rendered":"Siyah Rugan Oxford Elbise Ayakkab\u0131s\u0131 Exclusive | Erkek"},"content":{"rendered":"<p><strong>Siyah Rugan Oxford Elbise Ayakkab\u0131s\u0131<\/strong>. \u00d6zel kalite ve tasar\u0131m.<\/p>\n<p>Sofistike \u00e7a\u011fr\u0131lara, birinci s\u0131n\u0131f \u00fcr\u00fcnlerimizle benzersiz bir zarafetle cevap verin <strong>Siyah Rugan Oxford Elbise Ayakkab\u0131s\u0131<\/strong>. Se\u00e7kin beyefendiler i\u00e7in titizlikle el yap\u0131m\u0131 olarak \u00fcretilen bu ayakkab\u0131lar, zamans\u0131z stilin ve l\u00fcks\u00fcn \u00f6z\u00fcd\u00fcr. Siyah kravatl\u0131 etkinlikler, d\u00fc\u011f\u00fcnler, galalar ve zarif bir \u015f\u0131kl\u0131k gerektiren her durum i\u00e7in m\u00fckemmeldir. <strong>siyah rugan Oxfords<\/strong> kal\u0131c\u0131 bir izlenim b\u0131rakt\u0131\u011f\u0131n\u0131zdan emin olun.<\/p>\n<h3>Rakipsiz \u0130\u015f\u00e7ilik ve Birinci S\u0131n\u0131f Malzemeler<\/h3>\n<p>Bu zarif \u00e7iftlerin her biri <strong>siyah rugan Oxford elbise ayakkab\u0131s\u0131<\/strong> \u00fcst\u00fcn i\u015f\u00e7ili\u011fin bir kan\u0131t\u0131d\u0131r. En iyi hakiki dana derisinden \u00fcretilen \u00fcst k\u0131s\u0131m, \u0131\u015f\u0131\u011f\u0131 g\u00fczel bir \u015fekilde yakalayan parlak bir rugan cilaya sahiptir. \u0130\u00e7 k\u0131s\u0131mda, ayaklar\u0131n\u0131z yumu\u015fak, nefes alabilen hakiki ke\u00e7i derisi astar ile rahat\u00e7a sar\u0131l\u0131r ve uzun s\u00fcre boyunca bile l\u00fcks bir kullan\u0131m sa\u011flar. Birinci s\u0131n\u0131f malzemelerin bu kombinasyonu sadece kalite hakk\u0131nda \u00e7ok \u015fey s\u00f6ylemekle kalmaz, ayn\u0131 zamanda ola\u011fan\u00fcst\u00fc dayan\u0131kl\u0131l\u0131k ve konforu da garanti eder.<\/p>\n<h3>Zamans\u0131z Tasar\u0131m Modern Konforla Bulu\u015fuyor<\/h3>\n<p>Klasik Oxford silueti, \u015f\u0131k hatlar\u0131 ve kapal\u0131 ba\u011fc\u0131k sistemiyle \u00fcnl\u00fcd\u00fcr ve asla modas\u0131 ge\u00e7meyen resmi bir estetik sunar. Bizim <strong>erkek si\u0307yah rugan ayakkabi<\/strong> Bu ikonik tasar\u0131ma sahip olan bu ayakkab\u0131lar, sofistike gard\u0131roplar\u0131n \u00e7ok y\u00f6nl\u00fc temel ta\u015flar\u0131ndan biridir. Geleneksel cazibesini yans\u0131tan bu ayakkab\u0131lar, \u00e7a\u011fda\u015f konfor i\u00e7in tasarlanm\u0131\u015ft\u0131r. M\u00fckemmel destek sa\u011flayan ve ayak yorgunlu\u011funu azaltan hafif, geli\u015fmi\u015f EVA yast\u0131kl\u0131 i\u00e7 tabana sahiptir ve g\u00fcn veya ak\u015fam boyunca g\u00fcvenle ve kolayl\u0131kla hareket etmenizi sa\u011flar. Sa\u011flam, y\u00fcksek kaliteli deri d\u0131\u015f taban, hem ayakkab\u0131n\u0131n uzun \u00f6m\u00fcrl\u00fcl\u00fc\u011f\u00fcn\u00fc hem de geleneksel \u00e7ekicili\u011fini daha da art\u0131r\u0131r.<\/p>\n<h3>Her Resmi Davet \u0130\u00e7in M\u00fckemmel Se\u00e7im<\/h3>\n<p>\u0130ster koridorda y\u00fcr\u00fcyor, ister \u00f6nemli bir i\u015f toplant\u0131s\u0131na kat\u0131l\u0131yor ya da k\u0131rm\u0131z\u0131 hal\u0131ya ad\u0131m at\u0131yor olun, bizim <strong>siyah rugan Oxford elbise ayakkab\u0131s\u0131<\/strong> nihai yol arkada\u015f\u0131n\u0131zd\u0131r. Smokin, keskin bir tak\u0131m elbise veya herhangi bir resmi k\u0131yafeti zahmetsizce tamamlar, kusursuz parlakl\u0131klar\u0131 ve se\u00e7kin duru\u015flar\u0131yla g\u00f6r\u00fcn\u00fcm\u00fcn\u00fcz\u00fc y\u00fckseltir. 39'dan 45'e kadar kapsaml\u0131 bir Avrupa beden yelpazesinde mevcut oldu\u011fundan, m\u00fckemmel uyumunuzu bulmak \u00e7ok kolay. Bunlara yat\u0131r\u0131m yapmak <strong>rugan elbise ayakkab\u0131s\u0131<\/strong> kal\u0131c\u0131 stil ve sars\u0131lmaz g\u00fcvene yap\u0131lan bir yat\u0131r\u0131md\u0131r.<\/p>\n<p>Gelenek ve yenili\u011fin kar\u0131\u015f\u0131m\u0131n\u0131 deneyimleyin. Bu ger\u00e7ekten muhte\u015fem <strong>siyah rugan Oxfords<\/strong> hem g\u00f6rsel etki hem de benzersiz konfor sunmak \u00fczere tasarlanm\u0131\u015ft\u0131r. Ayr\u0131ca minimum 8 \u00e7ift sipari\u015fle cazip toptan sat\u0131\u015f fiyatlar\u0131 sunuyoruz, bu da onlar\u0131 y\u00fcksek kaliteli resmi ayakkab\u0131 arayan perakendeciler i\u00e7in m\u00fckemmel bir se\u00e7im haline getiriyor. Koleksiyonunuzu bu temel \u00fcr\u00fcnlerle zenginle\u015ftirin <strong>siyah rugan Oxford elbise ayakkab\u0131s\u0131<\/strong> Bug\u00fcn.<\/p>","protected":false},"excerpt":{"rendered":"<ul>\n<li>Patent Kaplamal\u0131 Zarif Hakiki Dana Derisi Saya<\/li>\n<li>Nefes Alabilirlik i\u00e7in L\u00fcks Ke\u00e7i Derisi \u0130\u00e7 Astar<\/li>\n<li>Zamans\u0131z \u015e\u0131kl\u0131k i\u00e7in Klasik Oxford Tasar\u0131m\u0131<\/li>\n<li>Konforu Art\u0131ran EVA Yast\u0131kl\u0131 \u0130\u00e7 Taban<\/li>\n<li>Dayan\u0131kl\u0131 ve \u015e\u0131k Deri D\u0131\u015f Taban<\/li>\n<li>Avrupa \u00d6l\u00e7\u00fclerinde Mevcuttur: 39, 40, 41, 42, 43, 44, 45<\/li>\n<li>Toptan sipari\u015fler kabul edilir (minimum 8 \u00e7ift)<\/li>\n<\/ul>","protected":false},"featured_media":6884,"template":"","meta":{"_acf_changed":false,"_uag_custom_page_level_css":"","site-sidebar-layout":"default","site-content-layout":"","ast-site-content-layout":"default","site-content-style":"default","site-sidebar-style":"default","ast-global-header-display":"","ast-banner-title-visibility":"","ast-main-header-display":"","ast-hfb-above-header-display":"","ast-hfb-below-header-display":"","ast-hfb-mobile-header-display":"","site-post-title":"","ast-breadcrumbs-content":"","ast-featured-img":"","footer-sml-layout":"","ast-disable-related-posts":"","theme-transparent-header-meta":"","adv-header-id-meta":"","stick-header-meta":"","header-above-stick-meta":"","header-main-stick-meta":"","header-below-stick-meta":"","astra-migrate-meta-layouts":"default","ast-page-background-enabled":"default","ast-page-background-meta":{"desktop":{"background-color":"var(--ast-global-color-4)","background-image":"","background-repeat":"repeat","background-position":"center center","background-size":"auto","background-attachment":"scroll","background-type":"","background-media":"","overlay-type":"","overlay-color":"","overlay-opacity":"","overlay-gradient":""},"tablet":{"background-color":"","background-image":"","background-repeat":"repeat","background-position":"center center","background-size":"auto","background-attachment":"scroll","background-type":"","background-media":"","overlay-type":"","overlay-color":"","overlay-opacity":"","overlay-gradient":""},"mobile":{"background-color":"","background-image":"","background-repeat":"repeat","background-position":"center center","background-size":"auto","background-attachment":"scroll","background-type":"","background-media":"","overlay-type":"","overlay-color":"","overlay-opacity":"","overlay-gradient":""}},"ast-content-background-meta":{"desktop":{"background-color":"var(--ast-global-color-5)","background-image":"","background-repeat":"repeat","background-position":"center center","background-size":"auto","background-attachment":"scroll","background-type":"","background-media":"","overlay-type":"","overlay-color":"","overlay-opacity":"","overlay-gradient":""},"tablet":{"background-color":"var(--ast-global-color-5)","background-image":"","background-repeat":"repeat","background-position":"center center","background-size":"auto","background-attachment":"scroll","background-type":"","background-media":"","overlay-type":"","overlay-color":"","overlay-opacity":"","overlay-gradient":""},"mobile":{"background-color":"var(--ast-global-color-5)","background-image":"","background-repeat":"repeat","background-position":"center center","background-size":"auto","background-attachment":"scroll","background-type":"","background-media":"","overlay-type":"","overlay-color":"","overlay-opacity":"","overlay-gradient":""}}},"product_brand":[],"product_cat":[47,430,1200],"product_tag":[663,1285,1317,734,198,565,1316,1318,664,675],"class_list":{"0":"post-8346","1":"product","2":"type-product","3":"status-publish","4":"has-post-thumbnail","6":"product_cat-classic","7":"product_cat-men","8":"product_cat-mens-shoes-2","9":"product_tag-black-patent-leather-shoes","10":"product_tag-classic-dress-shoes","11":"product_tag-genuine-leather-oxfords","12":"product_tag-luxury-dress-shoes","13":"product_tag-mens-fashion","14":"product_tag-mens-formal-shoes","15":"product_tag-oxford-dress-shoes","16":"product_tag-patent-leather-oxfords","17":"product_tag-tuxedo-shoes","18":"product_tag-wedding-shoes","19":"desktop-align-center","20":"tablet-align-center","21":"mobile-align-center","23":"first","24":"instock","25":"shipping-taxable","26":"purchasable","27":"product-type-variable","28":"has-default-attributes"},"acf":[],"uagb_featured_image_src":{"full":["https:\/\/turkishtrade.co\/wp-content\/uploads\/2026\/01\/2600NZWMN00030-BLACK.png",453,250,false],"thumbnail":["https:\/\/turkishtrade.co\/wp-content\/uploads\/2026\/01\/2600NZWMN00030-BLACK-150x150.png",150,150,true],"medium":["https:\/\/turkishtrade.co\/wp-content\/uploads\/2026\/01\/2600NZWMN00030-BLACK-300x166.png",300,166,true],"medium_large":["https:\/\/turkishtrade.co\/wp-content\/uploads\/2026\/01\/2600NZWMN00030-BLACK.png",453,250,false],"large":["https:\/\/turkishtrade.co\/wp-content\/uploads\/2026\/01\/2600NZWMN00030-BLACK.png",453,250,false],"1536x1536":["https:\/\/turkishtrade.co\/wp-content\/uploads\/2026\/01\/2600NZWMN00030-BLACK.png",453,250,false],"2048x2048":["https:\/\/turkishtrade.co\/wp-content\/uploads\/2026\/01\/2600NZWMN00030-BLACK.png",453,250,false],"trp-custom-language-flag":["https:\/\/turkishtrade.co\/wp-content\/uploads\/2026\/01\/2600NZWMN00030-BLACK-18x10.png",18,10,true],"woocommerce_thumbnail":["https:\/\/turkishtrade.co\/wp-content\/uploads\/2026\/01\/2600NZWMN00030-BLACK-400x250.png",400,250,true],"woocommerce_single":["https:\/\/turkishtrade.co\/wp-content\/uploads\/2026\/01\/2600NZWMN00030-BLACK.png",453,250,false],"woocommerce_gallery_thumbnail":["https:\/\/turkishtrade.co\/wp-content\/uploads\/2026\/01\/2600NZWMN00030-BLACK-100x100.png",100,100,true]},"uagb_author_info":{"display_name":"python python","author_link":"https:\/\/turkishtrade.co\/tr\/author\/"},"uagb_comment_info":0,"uagb_excerpt":"Exquisite Genuine Calf Leather Upper with Patent Finish Luxurious Goat Leather Inner Lining for Breathability Classic Oxford Design for Timeless Elegance Comfort-Enhancing EVA Cushioned Insole Durable and Stylish Leather Outsole Available in European Sizes: 39, 40, 41, 42, 43, 44, 45 Wholesale orders welcome (minimum 8 pairs)","_links":{"self":[{"href":"https:\/\/turkishtrade.co\/tr\/wp-json\/wp\/v2\/product\/8346","targetHints":{"allow":["GET"]}}],"collection":[{"href":"https:\/\/turkishtrade.co\/tr\/wp-json\/wp\/v2\/product"}],"about":[{"href":"https:\/\/turkishtrade.co\/tr\/wp-json\/wp\/v2\/types\/product"}],"wp:featuredmedia":[{"embeddable":true,"href":"https:\/\/turkishtrade.co\/tr\/wp-json\/wp\/v2\/media\/6884"}],"wp:attachment":[{"href":"https:\/\/turkishtrade.co\/tr\/wp-json\/wp\/v2\/media?parent=8346"}],"wp:term":[{"taxonomy":"product_brand","embeddable":true,"href":"https:\/\/turkishtrade.co\/tr\/wp-json\/wp\/v2\/product_brand?post=8346"},{"taxonomy":"product_cat","embeddable":true,"href":"https:\/\/turkishtrade.co\/tr\/wp-json\/wp\/v2\/product_cat?post=8346"},{"taxonomy":"product_tag","embeddable":true,"href":"https:\/\/turkishtrade.co\/tr\/wp-json\/wp\/v2\/product_tag?post=8346"}],"curies":[{"name":"wp","href":"https:\/\/api.w.org\/{rel}","templated":true}]}}