{"id":8327,"date":"2026-01-29T14:49:19","date_gmt":"2026-01-29T14:49:19","guid":{"rendered":"https:\/\/turkishtrade.co\/?post_type=product&#038;p=8327"},"modified":"2026-04-09T20:28:54","modified_gmt":"2026-04-09T20:28:54","slug":"mens-classic-genuine-leather-loafers","status":"publish","type":"product","link":"https:\/\/turkishtrade.co\/tr\/shop\/mens-classic-genuine-leather-loafers\/","title":{"rendered":"Erkek Klasik Hakiki Deri Loafer'lar Premium | Erkek Klasik Hakiki Deri Penny"},"content":{"rendered":"<p><strong>Erkek Klasik Hakiki Deri Loafer'lar<\/strong>. \u00dcst\u00fcn kalite ve tasar\u0131m.<\/p>\n<p>Enfes tasar\u0131m\u0131m\u0131zla zamans\u0131z \u015f\u0131kl\u0131\u011fa ad\u0131m at\u0131n <strong>Erkek Klasik Hakiki Deri Penny Loafer<\/strong>. Se\u00e7kin beyefendiler i\u00e7in tasarlanan bu mokasen ayakkab\u0131lar, geleneksel i\u015f\u00e7ili\u011fi \u00e7a\u011fda\u015f konforla kusursuz bir \u015fekilde harmanlayarak her gard\u0131rop i\u00e7in vazge\u00e7ilmez bir eklenti haline geliyor. Her bir \u00e7ift, hem ola\u011fan\u00fcst\u00fc dayan\u0131kl\u0131l\u0131k hem de yaln\u0131zca hakiki derinin sa\u011flayabilece\u011fi l\u00fcks hissi sa\u011flamak i\u00e7in en iyi malzemelerden titizlikle el i\u015f\u00e7ili\u011fiyle \u00fcretilmi\u015f kalitenin bir kan\u0131t\u0131d\u0131r.<\/p>\n<h3>Benzersiz \u0130\u015f\u00e7ilik ve \u00dcst\u00fcn Kaliteli Malzemeler<\/h3>\n<p>Bizim <strong>Erkek Klasik Hakiki Deri Penny Loafer<\/strong> yumu\u015fak dokusu, esnekli\u011fi ve a\u015f\u0131nmaya kar\u015f\u0131 do\u011fal direnci ile tan\u0131nan sa\u011flam hakiki dana derisi sayaya sahiptir. Bu birinci s\u0131n\u0131f malzeme yaln\u0131zca sofistike g\u00f6r\u00fcnmekle kalmaz, ayn\u0131 zamanda zamanla aya\u011f\u0131n\u0131za uyum sa\u011flayarak her ad\u0131mda konforu art\u0131ran \u00f6zel bir uyum sa\u011flar. \u0130\u00e7 k\u0131s\u0131mda ayaklar\u0131n\u0131z\u0131 saran son derece yumu\u015fak hakiki ke\u00e7i derisi astar, saatler s\u00fcren kullan\u0131mdan sonra bile optimum nefes alabilirlik ve ola\u011fan\u00fcst\u00fc konfor sa\u011flar. \u0130mza niteli\u011findeki eyer kay\u0131\u015f\u0131yla tamamlanan klasik penny loafer silueti, ge\u00e7ici trendlerin \u00f6tesine ge\u00e7en rafine bir estetik sunar.<\/p>\n<h3>Stil ve Kal\u0131c\u0131 Konfor i\u00e7in Tasarland\u0131<\/h3>\n<p>D\u00fc\u015f\u00fcnceli tasar\u0131m, bu ola\u011fan\u00fcst\u00fc ayakkab\u0131lar\u0131n taban\u0131na kadar uzan\u0131r. Sa\u011flam, geleneksel diki\u015fli deri taban m\u00fckemmel tutu\u015f sa\u011flar ve ayakkab\u0131n\u0131n genel uzun \u00f6m\u00fcrl\u00fcl\u00fc\u011f\u00fcne katk\u0131da bulunarak y\u0131llarca g\u00fcvenilir kullan\u0131m vaat eder. \u0130ster \u00f6nemli bir i\u015f toplant\u0131s\u0131, ister rahat bir hafta sonu gezisi ya da sofistike bir resmi etkinlik i\u00e7in giyiniyor olun, bu <strong>Erkek Klasik Hakiki Deri Penny Loafer<\/strong> zahmetsizce uyum sa\u011flar. Zengin, koyu kahverengi tonlar\u0131 inan\u0131lmaz bir \u00e7ok y\u00f6nl\u00fcl\u00fck sunarak \u00f6zel dikim tak\u0131m elbiseler, \u015f\u0131k chino pantolonlar ve hatta birinci s\u0131n\u0131f denimlerle sorunsuz bir \u015fekilde e\u015fle\u015ferek onlar\u0131 her \u015f\u0131k tak\u0131m\u0131n temel ta\u015f\u0131 haline getirir.<\/p>\n<h3>Her Durum i\u00e7in \u00c7ok Y\u00f6nl\u00fcl\u00fck<\/h3>\n<p>Sofistike stil ve pratik i\u015flevselli\u011fin m\u00fckemmel birle\u015fimini deneyimleyin. Kullan\u0131\u015fl\u0131 slip-on tasar\u0131m\u0131 kullan\u0131m kolayl\u0131\u011f\u0131 sa\u011flarken, bu ayakkab\u0131lar\u0131n \u00fcst\u00fcn yap\u0131s\u0131 <strong>Erkek Klasik Hakiki Deri Penny Loafer<\/strong> g\u00fcn boyunca tutarl\u0131 bir destek sunar. 39'dan 45'e kadar kapsaml\u0131 bir Avrupa beden yelpazesinde mevcut olup, geni\u015f bir m\u00fc\u015fteri yelpazesi i\u00e7in m\u00fckemmel bir uyum sa\u011fl\u0131yoruz. Bunlar sadece ayakkab\u0131 de\u011fil; kaliteye de\u011fer veren modern erkek i\u00e7in titizlikle haz\u0131rlanm\u0131\u015f, kal\u0131c\u0131 stil ve konfora yap\u0131lan bir yat\u0131r\u0131md\u0131r.<\/p>\n<h3>Perakende Ortaklar\u0131 i\u00e7in Toptan Sat\u0131\u015f F\u0131rsatlar\u0131 Mevcut<\/h3>\n<p>Birinci s\u0131n\u0131f, y\u00fcksek kaliteli ayakkab\u0131lar sunmak isteyen perakendeciler ve i\u015fletmeler i\u00e7in <strong>Erkek Klasik Hakiki Deri Penny Loafer<\/strong> toptan sat\u0131n al\u0131nabilir. Minimum 8 \u00e7ift sipari\u015fe ihtiyac\u0131m\u0131z var, bu da geni\u015f bir m\u00fc\u015fteri taban\u0131na hitap eden bu \u00e7ok aranan klasik ayakkab\u0131lar\u0131n stoklanmas\u0131n\u0131 kolayla\u015ft\u0131r\u0131yor. \u00d6zg\u00fcnl\u00fck, stil ve m\u00fc\u015fteri memnuniyeti vaat eden bir \u00fcr\u00fcnle envanterinizi y\u00fckseltin. \u00dcst\u00fcn kalitemizi ve zamans\u0131z \u00e7ekicili\u011fimizi ke\u015ffedin <strong>Erkek Klasik Hakiki Deri Penny Loafer<\/strong> ve ger\u00e7ek i\u015f\u00e7ili\u011fe ve zarafete de\u011fer verenler i\u00e7in neden tercih edildiklerini ke\u015ffedin.<\/p>","protected":false},"excerpt":{"rendered":"<ul>\n<li>Hakiki dana derisi saya ile m\u00fckemmel i\u015f\u00e7ilik<\/li>\n<li>\u00dcst\u00fcn konfor ve nefes alabilirlik i\u00e7in l\u00fcks ke\u00e7i derisi astar<\/li>\n<li>\u00c7ok y\u00f6nl\u00fc stil i\u00e7in zamans\u0131z penny loafer tasar\u0131m\u0131<\/li>\n<li>Dayan\u0131kl\u0131, diki\u015fli deri taban uzun \u00f6m\u00fcrl\u00fc a\u015f\u0131nma ve geleneksel \u00e7ekicilik sa\u011flar<\/li>\n<li>M\u00fckemmel uyum i\u00e7in 39-45 bedenleri mevcuttur<\/li>\n<li>Toptan sipari\u015fler kabul edilir (minimum 8 \u00e7ift)<\/li>\n<\/ul>","protected":false},"featured_media":6881,"template":"","meta":{"_acf_changed":false,"_uag_custom_page_level_css":"","site-sidebar-layout":"default","site-content-layout":"","ast-site-content-layout":"default","site-content-style":"default","site-sidebar-style":"default","ast-global-header-display":"","ast-banner-title-visibility":"","ast-main-header-display":"","ast-hfb-above-header-display":"","ast-hfb-below-header-display":"","ast-hfb-mobile-header-display":"","site-post-title":"","ast-breadcrumbs-content":"","ast-featured-img":"","footer-sml-layout":"","ast-disable-related-posts":"","theme-transparent-header-meta":"","adv-header-id-meta":"","stick-header-meta":"","header-above-stick-meta":"","header-main-stick-meta":"","header-below-stick-meta":"","astra-migrate-meta-layouts":"default","ast-page-background-enabled":"default","ast-page-background-meta":{"desktop":{"background-color":"var(--ast-global-color-4)","background-image":"","background-repeat":"repeat","background-position":"center center","background-size":"auto","background-attachment":"scroll","background-type":"","background-media":"","overlay-type":"","overlay-color":"","overlay-opacity":"","overlay-gradient":""},"tablet":{"background-color":"","background-image":"","background-repeat":"repeat","background-position":"center center","background-size":"auto","background-attachment":"scroll","background-type":"","background-media":"","overlay-type":"","overlay-color":"","overlay-opacity":"","overlay-gradient":""},"mobile":{"background-color":"","background-image":"","background-repeat":"repeat","background-position":"center center","background-size":"auto","background-attachment":"scroll","background-type":"","background-media":"","overlay-type":"","overlay-color":"","overlay-opacity":"","overlay-gradient":""}},"ast-content-background-meta":{"desktop":{"background-color":"var(--ast-global-color-5)","background-image":"","background-repeat":"repeat","background-position":"center center","background-size":"auto","background-attachment":"scroll","background-type":"","background-media":"","overlay-type":"","overlay-color":"","overlay-opacity":"","overlay-gradient":""},"tablet":{"background-color":"var(--ast-global-color-5)","background-image":"","background-repeat":"repeat","background-position":"center center","background-size":"auto","background-attachment":"scroll","background-type":"","background-media":"","overlay-type":"","overlay-color":"","overlay-opacity":"","overlay-gradient":""},"mobile":{"background-color":"var(--ast-global-color-5)","background-image":"","background-repeat":"repeat","background-position":"center center","background-size":"auto","background-attachment":"scroll","background-type":"","background-media":"","overlay-type":"","overlay-color":"","overlay-opacity":"","overlay-gradient":""}}},"product_brand":[],"product_cat":[47,430,1200],"product_tag":[292,737,952,786,1313,372,279,280,353,262],"class_list":{"0":"post-8327","1":"product","2":"type-product","3":"status-publish","4":"has-post-thumbnail","6":"product_cat-classic","7":"product_cat-men","8":"product_cat-mens-shoes-2","9":"product_tag-brown-leather-shoes","10":"product_tag-dress-loafers","11":"product_tag-genuine-leather-shoes","12":"product_tag-handcrafted-footwear","13":"product_tag-mens-classic-loafers","14":"product_tag-mens-slip-on-shoes","15":"product_tag-penny-loafers","16":"product_tag-smart-casual-shoes","17":"product_tag-turkish-leather","18":"product_tag-wholesale-mens-shoes","19":"desktop-align-center","20":"tablet-align-center","21":"mobile-align-center","23":"first","24":"instock","25":"shipping-taxable","26":"purchasable","27":"product-type-variable","28":"has-default-attributes"},"acf":[],"uagb_featured_image_src":{"full":["https:\/\/turkishtrade.co\/wp-content\/uploads\/2026\/01\/2600NZWMN00028-BROWN.png",453,250,false],"thumbnail":["https:\/\/turkishtrade.co\/wp-content\/uploads\/2026\/01\/2600NZWMN00028-BROWN-150x150.png",150,150,true],"medium":["https:\/\/turkishtrade.co\/wp-content\/uploads\/2026\/01\/2600NZWMN00028-BROWN-300x166.png",300,166,true],"medium_large":["https:\/\/turkishtrade.co\/wp-content\/uploads\/2026\/01\/2600NZWMN00028-BROWN.png",453,250,false],"large":["https:\/\/turkishtrade.co\/wp-content\/uploads\/2026\/01\/2600NZWMN00028-BROWN.png",453,250,false],"1536x1536":["https:\/\/turkishtrade.co\/wp-content\/uploads\/2026\/01\/2600NZWMN00028-BROWN.png",453,250,false],"2048x2048":["https:\/\/turkishtrade.co\/wp-content\/uploads\/2026\/01\/2600NZWMN00028-BROWN.png",453,250,false],"trp-custom-language-flag":["https:\/\/turkishtrade.co\/wp-content\/uploads\/2026\/01\/2600NZWMN00028-BROWN-18x10.png",18,10,true],"woocommerce_thumbnail":["https:\/\/turkishtrade.co\/wp-content\/uploads\/2026\/01\/2600NZWMN00028-BROWN-400x250.png",400,250,true],"woocommerce_single":["https:\/\/turkishtrade.co\/wp-content\/uploads\/2026\/01\/2600NZWMN00028-BROWN.png",453,250,false],"woocommerce_gallery_thumbnail":["https:\/\/turkishtrade.co\/wp-content\/uploads\/2026\/01\/2600NZWMN00028-BROWN-100x100.png",100,100,true]},"uagb_author_info":{"display_name":"python python","author_link":"https:\/\/turkishtrade.co\/tr\/author\/"},"uagb_comment_info":0,"uagb_excerpt":"Exquisite craftsmanship with genuine calfskin leather upper Luxurious goat leather lining for superior comfort and breathability Timeless penny loafer design for versatile styling Durable, stitched leather sole ensuring long-lasting wear and traditional appeal Available in sizes 39-45 for a perfect fit Wholesale orders welcome (minimum 8 pairs)","_links":{"self":[{"href":"https:\/\/turkishtrade.co\/tr\/wp-json\/wp\/v2\/product\/8327","targetHints":{"allow":["GET"]}}],"collection":[{"href":"https:\/\/turkishtrade.co\/tr\/wp-json\/wp\/v2\/product"}],"about":[{"href":"https:\/\/turkishtrade.co\/tr\/wp-json\/wp\/v2\/types\/product"}],"wp:featuredmedia":[{"embeddable":true,"href":"https:\/\/turkishtrade.co\/tr\/wp-json\/wp\/v2\/media\/6881"}],"wp:attachment":[{"href":"https:\/\/turkishtrade.co\/tr\/wp-json\/wp\/v2\/media?parent=8327"}],"wp:term":[{"taxonomy":"product_brand","embeddable":true,"href":"https:\/\/turkishtrade.co\/tr\/wp-json\/wp\/v2\/product_brand?post=8327"},{"taxonomy":"product_cat","embeddable":true,"href":"https:\/\/turkishtrade.co\/tr\/wp-json\/wp\/v2\/product_cat?post=8327"},{"taxonomy":"product_tag","embeddable":true,"href":"https:\/\/turkishtrade.co\/tr\/wp-json\/wp\/v2\/product_tag?post=8327"}],"curies":[{"name":"wp","href":"https:\/\/api.w.org\/{rel}","templated":true}]}}