{"id":8326,"date":"2026-01-29T14:49:19","date_gmt":"2026-01-29T14:49:19","guid":{"rendered":"https:\/\/turkishtrade.co\/?post_type=product&#038;p=8326"},"modified":"2026-04-09T20:29:02","modified_gmt":"2026-04-09T20:29:02","slug":"mens-genuine-leather-loafers-3","status":"publish","type":"product","link":"https:\/\/turkishtrade.co\/tr\/shop\/mens-genuine-leather-loafers-3\/","title":{"rendered":"Erkek Hakiki Deri Loafer L\u00fcks | Erkek Klasik Taba Hakiki Deri"},"content":{"rendered":"<p><strong>Erkek Hakiki Deri Loafer'lar<\/strong>. L\u00fcks kalite ve tasar\u0131m.<\/p>\n<p>Klasik tarz\u0131n ve benzersiz konforun \u00f6z\u00fcn\u00fc zarif tasar\u0131m\u0131m\u0131zla ke\u015ffedin <strong>Erkek Hakiki Deri Loafer'lar<\/strong>. Birinci s\u0131n\u0131f hakiki ke\u00e7i ve dana derisi kar\u0131\u015f\u0131m\u0131ndan titizlikle el i\u015f\u00e7ili\u011fiyle \u00fcretilen bu mokasen ayakkab\u0131lar, l\u00fcks bir his ve zamana meydan okuyan ola\u011fan\u00fcst\u00fc bir dayan\u0131kl\u0131l\u0131k sunar. Derinin zengin taba rengi, \u00f6nemli i\u015f toplant\u0131lar\u0131ndan zarif ak\u015fam etkinliklerine veya l\u00fcks g\u00fcndelik toplant\u0131lara kadar say\u0131s\u0131z durum i\u00e7in m\u00fckemmel olan \u00e7ok y\u00f6nl\u00fc ve sofistike bir g\u00f6r\u00fcn\u00fcm sa\u011flar.<\/p>\n<p>Ay\u0131rt edici tasar\u0131m, zamans\u0131z bir penny loafer siluetine sahiptir ve vampir \u00fczerindeki karma\u015f\u0131k kapitone desenle y\u00fckseltilmi\u015ftir. Bu benzersiz detay, rafine bir zarafet dokunu\u015fu katarak bu ayakkab\u0131lar\u0131 geleneksel ayakkab\u0131lardan ay\u0131r\u0131r. \u00c7arp\u0131c\u0131 g\u00f6r\u00fcn\u00fcmlerinin \u00f6tesinde, bu <strong>Erkek Hakiki Deri Loafer'lar<\/strong> \u00fcst\u00fcn konfor i\u00e7in tasarlanm\u0131\u015ft\u0131r. Hafif ancak sa\u011flam EVA taban\u0131 m\u00fckemmel yast\u0131klama ve destek sa\u011flayarak stil veya kaliteden \u00f6d\u00fcn vermeden yo\u011fun g\u00fcn\u00fcn\u00fcz boyunca rahat\u00e7a giyebilmenizi sa\u011flar. Nefes alabilen hakiki deri astar, kullan\u0131m deneyimini daha da geli\u015ftirerek ayaklar\u0131n\u0131z\u0131 rahat ve ferah tutar.<\/p>\n<h3>Hakiki Deri Loafer'lar\u0131m\u0131zla E\u015fsiz Kalite ve \u00c7ok Y\u00f6nl\u00fcl\u00fc\u011f\u00fc Deneyimleyin<\/h3>\n<p>\u00dcst\u00fcn i\u015f\u00e7ili\u011fe olan ba\u011fl\u0131l\u0131\u011f\u0131m\u0131z, bu ola\u011fan\u00fcst\u00fc ayakkab\u0131lar\u0131n her diki\u015finde ve kaplamas\u0131nda kendini g\u00f6stermektedir. Her bir \u00e7ift, modern tasar\u0131m hassasiyetleriyle birle\u015ftirilmi\u015f geleneksel ayakkab\u0131 yap\u0131m tekniklerinin bir kan\u0131t\u0131d\u0131r. Tipik olarak 39 ila 45 aras\u0131nda de\u011fi\u015fen kapsaml\u0131 bir beden yelpazesinde mevcut oldu\u011fundan, m\u00fckemmel uyumunuzu bulmak zahmetsizdir. Bunlar <strong>Erkek Hakiki Deri Loafer'lar<\/strong> sadece ayakkab\u0131 de\u011fildir; gard\u0131robunuz i\u00e7in bir yat\u0131r\u0131md\u0131r ve y\u0131llar boyu kal\u0131c\u0131 stil ve g\u00fcvenilir performans vaat eder.<\/p>\n<p>\u0130ster ki\u015fisel koleksiyonunuzu geli\u015ftirmek istiyor olun, ister perakende i\u015finiz i\u00e7in y\u00fcksek kaliteli ayakkab\u0131lar ar\u0131yor olun, bu mokasen ayakkab\u0131lar ola\u011fan\u00fcst\u00fc bir se\u00e7imdir. Toplu al\u0131mlar i\u00e7in minimum 8 \u00e7iftlik uygun bir sipari\u015fle toptan sat\u0131\u015f f\u0131rsatlar\u0131 sunmaktan gurur duyuyoruz. Envanterinizi l\u00fcks, konfor ve ger\u00e7ekten klasik bir esteti\u011fi bir araya getiren ayakkab\u0131larla y\u00fckseltin. Bu birinci s\u0131n\u0131f erkek hakiki deri loafer'lar\u0131 se\u00e7in ve kalite ile stilin zahmetsizce birle\u015fti\u011fi bir d\u00fcnyaya ad\u0131m at\u0131n.<\/p>","protected":false},"excerpt":{"rendered":"<ul>\n<li>\u00dcst\u00fcn kalite i\u00e7in birinci s\u0131n\u0131f hakiki ke\u00e7i ve dana derisinden \u00fcretilmi\u015ftir.<\/li>\n<li>Zarif bir kapitone vampir ile sofistike bir penny loafer tasar\u0131m\u0131na sahiptir.<\/li>\n<li>T\u00fcm g\u00fcn kullan\u0131m i\u00e7in rahat ve hafif EVA taban ile tasarlanm\u0131\u015ft\u0131r.<\/li>\n<li>M\u00fckemmel uyum i\u00e7in geni\u015f bir beden yelpazesinde mevcuttur (tipik olarak 39-45).<\/li>\n<li>Hem resmi hem de \u015f\u0131k g\u00fcndelik davetler i\u00e7in idealdir.<\/li>\n<li>Minimum 8 \u00e7ift sipari\u015f ile toptan fiyatland\u0131rma mevcuttur.<\/li>\n<\/ul>","protected":false},"featured_media":6880,"template":"","meta":{"_acf_changed":false,"_uag_custom_page_level_css":"","site-sidebar-layout":"default","site-content-layout":"","ast-site-content-layout":"default","site-content-style":"default","site-sidebar-style":"default","ast-global-header-display":"","ast-banner-title-visibility":"","ast-main-header-display":"","ast-hfb-above-header-display":"","ast-hfb-below-header-display":"","ast-hfb-mobile-header-display":"","site-post-title":"","ast-breadcrumbs-content":"","ast-featured-img":"","footer-sml-layout":"","ast-disable-related-posts":"","theme-transparent-header-meta":"default","adv-header-id-meta":"","stick-header-meta":"","header-above-stick-meta":"","header-main-stick-meta":"","header-below-stick-meta":"","astra-migrate-meta-layouts":"set","ast-page-background-enabled":"default","ast-page-background-meta":{"desktop":{"background-color":"var(--ast-global-color-4)","background-image":"","background-repeat":"repeat","background-position":"center center","background-size":"auto","background-attachment":"scroll","background-type":"","background-media":"","overlay-type":"","overlay-color":"","overlay-opacity":"","overlay-gradient":""},"tablet":{"background-color":"","background-image":"","background-repeat":"repeat","background-position":"center center","background-size":"auto","background-attachment":"scroll","background-type":"","background-media":"","overlay-type":"","overlay-color":"","overlay-opacity":"","overlay-gradient":""},"mobile":{"background-color":"","background-image":"","background-repeat":"repeat","background-position":"center center","background-size":"auto","background-attachment":"scroll","background-type":"","background-media":"","overlay-type":"","overlay-color":"","overlay-opacity":"","overlay-gradient":""}},"ast-content-background-meta":{"desktop":{"background-color":"var(--ast-global-color-5)","background-image":"","background-repeat":"repeat","background-position":"center center","background-size":"auto","background-attachment":"scroll","background-type":"","background-media":"","overlay-type":"","overlay-color":"","overlay-opacity":"","overlay-gradient":""},"tablet":{"background-color":"var(--ast-global-color-5)","background-image":"","background-repeat":"repeat","background-position":"center center","background-size":"auto","background-attachment":"scroll","background-type":"","background-media":"","overlay-type":"","overlay-color":"","overlay-opacity":"","overlay-gradient":""},"mobile":{"background-color":"var(--ast-global-color-5)","background-image":"","background-repeat":"repeat","background-position":"center center","background-size":"auto","background-attachment":"scroll","background-type":"","background-media":"","overlay-type":"","overlay-color":"","overlay-opacity":"","overlay-gradient":""}}},"product_brand":[],"product_cat":[47,430,1200],"product_tag":[513,754,287,952,324,719,279,1312,1311,456],"class_list":{"0":"post-8326","1":"product","2":"type-product","3":"status-publish","4":"has-post-thumbnail","6":"product_cat-classic","7":"product_cat-men","8":"product_cat-mens-shoes-2","9":"product_tag-business-casual-shoes","10":"product_tag-classic-mens-shoes","11":"product_tag-eva-sole-shoes","12":"product_tag-genuine-leather-shoes","13":"product_tag-mens-dress-shoes","14":"product_tag-mens-leather-loafers","15":"product_tag-penny-loafers","16":"product_tag-quilted-loafers","17":"product_tag-tan-leather-loafers","18":"product_tag-wholesale-loafers","19":"desktop-align-center","20":"tablet-align-center","21":"mobile-align-center","23":"first","24":"instock","25":"shipping-taxable","26":"purchasable","27":"product-type-variable","28":"has-default-attributes"},"acf":[],"uagb_featured_image_src":{"full":["https:\/\/turkishtrade.co\/wp-content\/uploads\/2026\/01\/2600NZWMN00027-BROWN.png",453,250,false],"thumbnail":["https:\/\/turkishtrade.co\/wp-content\/uploads\/2026\/01\/2600NZWMN00027-BROWN-150x150.png",150,150,true],"medium":["https:\/\/turkishtrade.co\/wp-content\/uploads\/2026\/01\/2600NZWMN00027-BROWN-300x166.png",300,166,true],"medium_large":["https:\/\/turkishtrade.co\/wp-content\/uploads\/2026\/01\/2600NZWMN00027-BROWN.png",453,250,false],"large":["https:\/\/turkishtrade.co\/wp-content\/uploads\/2026\/01\/2600NZWMN00027-BROWN.png",453,250,false],"1536x1536":["https:\/\/turkishtrade.co\/wp-content\/uploads\/2026\/01\/2600NZWMN00027-BROWN.png",453,250,false],"2048x2048":["https:\/\/turkishtrade.co\/wp-content\/uploads\/2026\/01\/2600NZWMN00027-BROWN.png",453,250,false],"trp-custom-language-flag":["https:\/\/turkishtrade.co\/wp-content\/uploads\/2026\/01\/2600NZWMN00027-BROWN-18x10.png",18,10,true],"woocommerce_thumbnail":["https:\/\/turkishtrade.co\/wp-content\/uploads\/2026\/01\/2600NZWMN00027-BROWN-400x250.png",400,250,true],"woocommerce_single":["https:\/\/turkishtrade.co\/wp-content\/uploads\/2026\/01\/2600NZWMN00027-BROWN.png",453,250,false],"woocommerce_gallery_thumbnail":["https:\/\/turkishtrade.co\/wp-content\/uploads\/2026\/01\/2600NZWMN00027-BROWN-100x100.png",100,100,true]},"uagb_author_info":{"display_name":"python python","author_link":"https:\/\/turkishtrade.co\/tr\/author\/"},"uagb_comment_info":0,"uagb_excerpt":"Crafted from premium genuine goat and calf leather for superior quality. Features a sophisticated penny loafer design with an elegant quilted vamp. Designed with a comfortable and lightweight EVA sole for all-day wear. Available in a wide range of sizes for the perfect fit (typically 39-45). Ideal for both formal and smart-casual occasions. Wholesale pricing&hellip;","_links":{"self":[{"href":"https:\/\/turkishtrade.co\/tr\/wp-json\/wp\/v2\/product\/8326","targetHints":{"allow":["GET"]}}],"collection":[{"href":"https:\/\/turkishtrade.co\/tr\/wp-json\/wp\/v2\/product"}],"about":[{"href":"https:\/\/turkishtrade.co\/tr\/wp-json\/wp\/v2\/types\/product"}],"wp:featuredmedia":[{"embeddable":true,"href":"https:\/\/turkishtrade.co\/tr\/wp-json\/wp\/v2\/media\/6880"}],"wp:attachment":[{"href":"https:\/\/turkishtrade.co\/tr\/wp-json\/wp\/v2\/media?parent=8326"}],"wp:term":[{"taxonomy":"product_brand","embeddable":true,"href":"https:\/\/turkishtrade.co\/tr\/wp-json\/wp\/v2\/product_brand?post=8326"},{"taxonomy":"product_cat","embeddable":true,"href":"https:\/\/turkishtrade.co\/tr\/wp-json\/wp\/v2\/product_cat?post=8326"},{"taxonomy":"product_tag","embeddable":true,"href":"https:\/\/turkishtrade.co\/tr\/wp-json\/wp\/v2\/product_tag?post=8326"}],"curies":[{"name":"wp","href":"https:\/\/api.w.org\/{rel}","templated":true}]}}