{"id":8325,"date":"2026-01-29T14:49:19","date_gmt":"2026-01-29T14:49:19","guid":{"rendered":"https:\/\/turkishtrade.co\/?post_type=product&#038;p=8325"},"modified":"2026-04-09T20:29:06","modified_gmt":"2026-04-09T20:29:06","slug":"mens-classic-tassel-loafers","status":"publish","type":"product","link":"https:\/\/turkishtrade.co\/tr\/shop\/mens-classic-tassel-loafers\/","title":{"rendered":"Erkek Klasik P\u00fcsk\u00fcll\u00fc Loafer En \u00c7ok Satan | Erkek Klasik Kahverengi Deri P\u00fcsk\u00fcll\u00fc"},"content":{"rendered":"<p><strong>Erkek Klasik P\u00fcsk\u00fcll\u00fc Loafer<\/strong>. En \u00c7ok Satan kalite ve tasar\u0131m.<\/p>\n<p>Koleksiyonumuzla zamans\u0131z stilin ve \u00fcst\u00fcn konforun \u00f6z\u00fcn\u00fc ke\u015ffedin <strong>Erkek Klasik P\u00fcsk\u00fcll\u00fc Loafer<\/strong>. En iyi hakiki deriden ustal\u0131kla \u00fcretilen bu mokasen ayakkab\u0131lar, hem \u015f\u0131kl\u0131\u011fa hem de dayan\u0131kl\u0131l\u0131\u011fa de\u011fer veren se\u00e7ici beyefendiler i\u00e7in tasarlanm\u0131\u015ft\u0131r. \u0130ster resmi bir etkinli\u011fe kat\u0131l\u0131n, ister ofise gidin ya da sofistike bir sosyal toplant\u0131n\u0131n tad\u0131n\u0131 \u00e7\u0131kar\u0131n, bu ayakkab\u0131lar geleneksel cazibe ve modern giyilebilirli\u011fin m\u00fckemmel bir kar\u0131\u015f\u0131m\u0131n\u0131 sunar. Derinin zengin kahverengi tonu ola\u011fan\u00fcst\u00fc bir \u00e7ok y\u00f6nl\u00fcl\u00fck sunarak bu mokasen ayakkab\u0131lar\u0131 her gard\u0131rop i\u00e7in vazge\u00e7ilmez bir eklenti haline getirir.<\/p>\n<h3>Benzersiz \u0130\u015f\u00e7ilik ve Malzemeler<\/h3>\n<p>Her bir \u00e7iftimiz <strong>erkekler i\u00e7in klasik p\u00fcsk\u00fcll\u00fc mokasen ayakkab\u0131lar<\/strong> ola\u011fan\u00fcst\u00fc i\u015f\u00e7ili\u011fin bir kan\u0131t\u0131d\u0131r. D\u0131\u015f y\u00fczeyi, p\u00fcr\u00fczs\u00fcz dokusu, zengin renk derinli\u011fi ve ola\u011fan\u00fcst\u00fc esnekli\u011fi i\u00e7in se\u00e7ilen birinci s\u0131n\u0131f hakiki dana derisine sahiptir. Bu y\u00fcksek kaliteli deri sadece zarif g\u00f6r\u00fcnmekle kalmaz, ayn\u0131 zamanda zaman i\u00e7inde g\u00fczel bir patine geli\u015ftirerek benzersiz karakterini geli\u015ftirir. \u0130\u00e7 k\u0131s\u0131mda, ayaklar\u0131n\u0131z nefes alabilirlik ve g\u00fcn boyu konfor sa\u011flayan hakiki ke\u00e7i derisi astar\u0131n yumu\u015fak kuca\u011f\u0131yla sar\u0131l\u0131r. Malzeme se\u00e7imine g\u00f6sterilen bu titizlik, her ad\u0131mda l\u00fcks bir hissi garanti eder.<\/p>\n<h3>Konfor Klasik Tasar\u0131mla Bulu\u015fuyor<\/h3>\n<p>\u00c7arp\u0131c\u0131 g\u00f6r\u00fcn\u00fcmlerinin \u00f6tesinde, bu <strong>Erkek Klasik P\u00fcsk\u00fcll\u00fc Loafer<\/strong> stilden \u00f6d\u00fcn vermeden konfora \u00f6ncelik verir. M\u00fckemmel \u015fok emilimi ve yast\u0131klama \u00f6zellikleriyle tan\u0131nan hafif ve esnek EVA tabana sahiptir. Bu yenilik\u00e7i taban teknolojisi, inan\u0131lmaz derecede rahat bir y\u00fcr\u00fcy\u00fc\u015f deneyimi sunarak ayakkab\u0131y\u0131 uzun s\u00fcreli kullan\u0131m i\u00e7in uygun hale getirir. \u0130konik p\u00fcsk\u00fcl detay\u0131, moc-toe diki\u015fle e\u015fle\u015ftirilerek hem zarif hem de belirgin bir \u015fekilde klasik bir siluet olu\u015fturur ve her zaman g\u00f6steri\u015fli bir ifade vermenizi sa\u011flar.<\/p>\n<h3>Her Durum i\u00e7in \u00c7ok Y\u00f6nl\u00fc Stil<\/h3>\n<p>Kahverengi deri p\u00fcsk\u00fcll\u00fc makosen ayakkab\u0131lar\u0131m\u0131z inan\u0131lmaz derecede \u00e7ok y\u00f6nl\u00fcd\u00fcr. Keskin bir i\u015f g\u00f6r\u00fcn\u00fcm\u00fc i\u00e7in \u00f6zel dikim tak\u0131m elbiselerle, smart-casual \u015f\u0131kl\u0131\u011f\u0131 i\u00e7in chino pantolon ve blazer ceketle, hatta sofistike bir hafta sonu kombini i\u00e7in koyu renk kot pantolonlarla e\u015fle\u015ftirin. 39'dan 45'e kadar geni\u015f bir beden yelpazesinde mevcut oldu\u011fundan, m\u00fckemmel uyumunuzu bulmak zahmetsizdir. G\u00fcnd\u00fczden geceye, resmi ortamlardan yar\u0131 resmi ortamlara sorunsuzca ge\u00e7i\u015f yapabilen bu son derece \u015f\u0131k mokasen ayakkab\u0131larla ayakkab\u0131 koleksiyonunuzu geli\u015ftirin.<\/p>\n<h3>Toptan Sat\u0131\u015f F\u0131rsatlar\u0131 Mevcut<\/h3>\n<p>Y\u00fcksek kaliteli ayakkab\u0131lar sunmak isteyen perakendeciler ve i\u015fletmeler i\u00e7in Erkek Klasik P\u00fcsk\u00fcll\u00fc Loafer'lar\u0131m\u0131z toptan sat\u0131n al\u0131nabilir. En az 8 \u00e7iftlik bir sipari\u015fe ihtiyac\u0131m\u0131z var, bu da envanterinizi bu aranan hakiki deri ayakkab\u0131larla stoklaman\u0131za olanak tan\u0131r. Toptan sat\u0131\u015f ihtiya\u00e7lar\u0131n\u0131z\u0131 g\u00f6r\u00fc\u015fmek ve m\u00fc\u015fterilerinize geleneksel esteti\u011fi \u00e7a\u011fda\u015f konforla birle\u015ftiren birinci s\u0131n\u0131f ayakkab\u0131lar sunmak i\u00e7in bug\u00fcn bize ula\u015f\u0131n.<\/p>","protected":false},"excerpt":{"rendered":"<ul>\n<li>Kal\u0131c\u0131 kalite ve sofistike \u00e7ekicilik i\u00e7in birinci s\u0131n\u0131f hakiki dana derisi saya.<\/li>\n<li>L\u00fcks ke\u00e7i derisi astar ola\u011fan\u00fcst\u00fc konfor ve nefes alabilirlik sa\u011flar.<\/li>\n<li>Hafif ve esnek EVA taban g\u00fcn boyu yast\u0131klama ve destek sa\u011flar.<\/li>\n<li>Zamans\u0131z p\u00fcsk\u00fcl tasar\u0131m\u0131 her k\u0131yafete klasik bir \u015f\u0131kl\u0131k katar.<\/li>\n<li>Minimum 8 \u00e7ift sipari\u015f ile toptan sat\u0131n al\u0131nabilir.<\/li>\n<\/ul>","protected":false},"featured_media":6879,"template":"","meta":{"_acf_changed":false,"_uag_custom_page_level_css":"","site-sidebar-layout":"default","site-content-layout":"","ast-site-content-layout":"default","site-content-style":"default","site-sidebar-style":"default","ast-global-header-display":"","ast-banner-title-visibility":"","ast-main-header-display":"","ast-hfb-above-header-display":"","ast-hfb-below-header-display":"","ast-hfb-mobile-header-display":"","site-post-title":"","ast-breadcrumbs-content":"","ast-featured-img":"","footer-sml-layout":"","ast-disable-related-posts":"","theme-transparent-header-meta":"","adv-header-id-meta":"","stick-header-meta":"","header-above-stick-meta":"","header-main-stick-meta":"","header-below-stick-meta":"","astra-migrate-meta-layouts":"default","ast-page-background-enabled":"default","ast-page-background-meta":{"desktop":{"background-color":"var(--ast-global-color-4)","background-image":"","background-repeat":"repeat","background-position":"center center","background-size":"auto","background-attachment":"scroll","background-type":"","background-media":"","overlay-type":"","overlay-color":"","overlay-opacity":"","overlay-gradient":""},"tablet":{"background-color":"","background-image":"","background-repeat":"repeat","background-position":"center center","background-size":"auto","background-attachment":"scroll","background-type":"","background-media":"","overlay-type":"","overlay-color":"","overlay-opacity":"","overlay-gradient":""},"mobile":{"background-color":"","background-image":"","background-repeat":"repeat","background-position":"center center","background-size":"auto","background-attachment":"scroll","background-type":"","background-media":"","overlay-type":"","overlay-color":"","overlay-opacity":"","overlay-gradient":""}},"ast-content-background-meta":{"desktop":{"background-color":"var(--ast-global-color-5)","background-image":"","background-repeat":"repeat","background-position":"center center","background-size":"auto","background-attachment":"scroll","background-type":"","background-media":"","overlay-type":"","overlay-color":"","overlay-opacity":"","overlay-gradient":""},"tablet":{"background-color":"var(--ast-global-color-5)","background-image":"","background-repeat":"repeat","background-position":"center center","background-size":"auto","background-attachment":"scroll","background-type":"","background-media":"","overlay-type":"","overlay-color":"","overlay-opacity":"","overlay-gradient":""},"mobile":{"background-color":"var(--ast-global-color-5)","background-image":"","background-repeat":"repeat","background-position":"center center","background-size":"auto","background-attachment":"scroll","background-type":"","background-media":"","overlay-type":"","overlay-color":"","overlay-opacity":"","overlay-gradient":""}}},"product_brand":[],"product_cat":[47,430,1200],"product_tag":[292,457,287,352,1294,1310,324,1309,280,456],"class_list":{"0":"post-8325","1":"product","2":"type-product","3":"status-publish","4":"has-post-thumbnail","6":"product_cat-classic","7":"product_cat-men","8":"product_cat-mens-shoes-2","9":"product_tag-brown-leather-shoes","10":"product_tag-classic-loafers","11":"product_tag-eva-sole-shoes","12":"product_tag-formal-loafers","13":"product_tag-genuine-leather-loafers","14":"product_tag-leather-tassel-shoes","15":"product_tag-mens-dress-shoes","16":"product_tag-mens-tassel-loafers","17":"product_tag-smart-casual-shoes","18":"product_tag-wholesale-loafers","19":"desktop-align-center","20":"tablet-align-center","21":"mobile-align-center","23":"first","24":"instock","25":"shipping-taxable","26":"purchasable","27":"product-type-variable","28":"has-default-attributes"},"acf":[],"uagb_featured_image_src":{"full":["https:\/\/turkishtrade.co\/wp-content\/uploads\/2026\/01\/2600NZWMN00026-BROWN.png",453,250,false],"thumbnail":["https:\/\/turkishtrade.co\/wp-content\/uploads\/2026\/01\/2600NZWMN00026-BROWN-150x150.png",150,150,true],"medium":["https:\/\/turkishtrade.co\/wp-content\/uploads\/2026\/01\/2600NZWMN00026-BROWN-300x166.png",300,166,true],"medium_large":["https:\/\/turkishtrade.co\/wp-content\/uploads\/2026\/01\/2600NZWMN00026-BROWN.png",453,250,false],"large":["https:\/\/turkishtrade.co\/wp-content\/uploads\/2026\/01\/2600NZWMN00026-BROWN.png",453,250,false],"1536x1536":["https:\/\/turkishtrade.co\/wp-content\/uploads\/2026\/01\/2600NZWMN00026-BROWN.png",453,250,false],"2048x2048":["https:\/\/turkishtrade.co\/wp-content\/uploads\/2026\/01\/2600NZWMN00026-BROWN.png",453,250,false],"trp-custom-language-flag":["https:\/\/turkishtrade.co\/wp-content\/uploads\/2026\/01\/2600NZWMN00026-BROWN-18x10.png",18,10,true],"woocommerce_thumbnail":["https:\/\/turkishtrade.co\/wp-content\/uploads\/2026\/01\/2600NZWMN00026-BROWN-400x250.png",400,250,true],"woocommerce_single":["https:\/\/turkishtrade.co\/wp-content\/uploads\/2026\/01\/2600NZWMN00026-BROWN.png",453,250,false],"woocommerce_gallery_thumbnail":["https:\/\/turkishtrade.co\/wp-content\/uploads\/2026\/01\/2600NZWMN00026-BROWN-100x100.png",100,100,true]},"uagb_author_info":{"display_name":"python python","author_link":"https:\/\/turkishtrade.co\/tr\/author\/"},"uagb_comment_info":0,"uagb_excerpt":"Premium genuine calf leather upper for lasting quality and sophisticated appeal. Luxurious goat leather lining ensures exceptional comfort and breathability. Lightweight and flexible EVA sole provides all-day cushioning and support. Timeless tassel design adds a touch of classic elegance to any outfit. Available for wholesale purchase with a minimum order of 8 pairs.","_links":{"self":[{"href":"https:\/\/turkishtrade.co\/tr\/wp-json\/wp\/v2\/product\/8325","targetHints":{"allow":["GET"]}}],"collection":[{"href":"https:\/\/turkishtrade.co\/tr\/wp-json\/wp\/v2\/product"}],"about":[{"href":"https:\/\/turkishtrade.co\/tr\/wp-json\/wp\/v2\/types\/product"}],"wp:featuredmedia":[{"embeddable":true,"href":"https:\/\/turkishtrade.co\/tr\/wp-json\/wp\/v2\/media\/6879"}],"wp:attachment":[{"href":"https:\/\/turkishtrade.co\/tr\/wp-json\/wp\/v2\/media?parent=8325"}],"wp:term":[{"taxonomy":"product_brand","embeddable":true,"href":"https:\/\/turkishtrade.co\/tr\/wp-json\/wp\/v2\/product_brand?post=8325"},{"taxonomy":"product_cat","embeddable":true,"href":"https:\/\/turkishtrade.co\/tr\/wp-json\/wp\/v2\/product_cat?post=8325"},{"taxonomy":"product_tag","embeddable":true,"href":"https:\/\/turkishtrade.co\/tr\/wp-json\/wp\/v2\/product_tag?post=8325"}],"curies":[{"name":"wp","href":"https:\/\/api.w.org\/{rel}","templated":true}]}}