{"id":8324,"date":"2026-01-29T14:49:19","date_gmt":"2026-01-29T14:49:19","guid":{"rendered":"https:\/\/turkishtrade.co\/?post_type=product&#038;p=8324"},"modified":"2026-04-09T20:29:09","modified_gmt":"2026-04-09T20:29:09","slug":"mens-black-patent-leather-dress-shoes","status":"publish","type":"product","link":"https:\/\/turkishtrade.co\/tr\/shop\/mens-black-patent-leather-dress-shoes\/","title":{"rendered":"Erkek Siyah Rugan Elbise Ayakkab\u0131s\u0131 Incredible | Erkek Siyah Rugan Cap-Toe"},"content":{"rendered":"<p><strong>Erkek Siyah Rugan Elbise Ayakkab\u0131s\u0131<\/strong>. \u0130nan\u0131lmaz kalite ve tasar\u0131m.<\/p>\n<p>Enfes \u00fcr\u00fcnlerimizle benzersiz bir sofistike ortama ad\u0131m at\u0131n <strong>Erkek Siyah Rugan Elbise Ayakkab\u0131s\u0131<\/strong>. Se\u00e7kin beyefendiler i\u00e7in tasarlanan bu ayakkab\u0131lar zarafetin ve zamans\u0131z stilin \u00f6z\u00fcd\u00fcr. \u0130ster siyah kravatl\u0131 bir etkinli\u011fe, ister bir d\u00fc\u011f\u00fcne veya \u00f6nemli bir i\u015f toplant\u0131s\u0131na kat\u0131l\u0131yor olun, bu elbise ayakkab\u0131lar\u0131 kal\u0131c\u0131 bir izlenim b\u0131rakman\u0131z\u0131 sa\u011flayacakt\u0131r. Parlak rugan kaplamas\u0131 \u0131\u015f\u0131\u011f\u0131 g\u00fczel bir \u015fekilde yakalayarak her t\u00fcrl\u00fc resmi k\u0131yafete ihti\u015faml\u0131 bir dokunu\u015f katar. Bunlar sadece ayakkab\u0131 de\u011fil; kusursuz bir zevkin ve g\u00fcvenin ifadesidir.<\/p>\n<h3>Rakipsiz \u0130\u015f\u00e7ilik ve Birinci S\u0131n\u0131f Malzemeler<\/h3>\n<p>Bu ola\u011fan\u00fcst\u00fc olaylar\u0131n merkezinde <strong>Erkek Siyah Rugan Elbise Ayakkab\u0131s\u0131<\/strong> ola\u011fan\u00fcst\u00fc i\u015f\u00e7ilik ve kaliteye olan ba\u011fl\u0131l\u0131kt\u0131r. D\u0131\u015f y\u00fczeyi hakiki dana derisinden titizlikle \u00fcretilmi\u015f ve \u00e7ok be\u011fenilen parlak rugan kaplamay\u0131 elde etmek i\u00e7in ustal\u0131kla i\u015flenmi\u015ftir. Bu sadece \u00e7arp\u0131c\u0131 bir estetik sa\u011flamakla kalmaz, ayn\u0131 zamanda dayan\u0131kl\u0131l\u0131k ve l\u00fcks bir his de sa\u011flar. \u0130\u00e7 k\u0131s\u0131mdaki yumu\u015fak ve nefes alabilen hakiki ke\u00e7i derisi astar sayesinde ayaklar\u0131n\u0131z en \u00fcst d\u00fczeyde konforla sar\u0131lacakt\u0131r. Bu birinci s\u0131n\u0131f malzeme kombinasyonu, hem sofistike bir g\u00f6r\u00fcn\u00fcm hem de uzun s\u00fcreler boyunca bile rahat bir kullan\u0131m deneyimi garanti eder.<\/p>\n<h3>Klasik Tasar\u0131m Modern Konforla Bulu\u015fuyor<\/h3>\n<p>Klasik Cap-Toe Oxford tasar\u0131m\u0131n\u0131 yans\u0131tan bu ayakkab\u0131lar, y\u00fczy\u0131llard\u0131r resmi giyimin sembol\u00fc olmaya devam eden temiz hatlara ve se\u00e7kin bir siluete sahiptir. Zarif ba\u011fc\u0131k sistemi, zarif g\u00f6r\u00fcn\u00fcmlerine katk\u0131da bulunur ve onlar\u0131 en resmi durumlar i\u00e7in yeterince \u00e7ok y\u00f6nl\u00fc hale getirir. \u00c7arp\u0131c\u0131 g\u00f6r\u00fcn\u00fcmlerinin \u00f6tesinde, bu <strong>Erkek Siyah Rugan Elbise Ayakkab\u0131s\u0131<\/strong> modern konfor i\u00e7in tasarlanm\u0131\u015ft\u0131r. \u015eok emici \u00f6zellikleri ve m\u00fckemmel esnekli\u011fi ile tan\u0131nan hafif ve esnek EVA tabana sahiptir. Bu geli\u015fmi\u015f taban teknolojisi, her ad\u0131m\u0131n yast\u0131klanmas\u0131n\u0131 sa\u011flayarak geleneksel tabanlarda genellikle bulunmayan \u00fcst\u00fcn konforu sunar ve kolayl\u0131kla ve g\u00fcvenle hareket etmenizi sa\u011flar.<\/p>\n<h3>Her B\u00fcy\u00fck Durum i\u00e7in M\u00fckemmel<\/h3>\n<p>Bu ayakkab\u0131lar her sofistike gard\u0131robun vazge\u00e7ilmez bir par\u00e7as\u0131d\u0131r. Damatlar, d\u00fc\u011f\u00fcn konuklar\u0131, galalar, \u00f6d\u00fcl t\u00f6renleri ve g\u00f6steri\u015fli, resmi bir g\u00f6r\u00fcn\u00fcm\u00fcn gerekli oldu\u011fu her etkinlik i\u00e7in ideal se\u00e7imdir. Smokin, keskin bir tak\u0131m elbise ve hatta sofistike bir yemek ceketi ile e\u015fle\u015ftirerek \u015f\u0131k bir k\u0131yafet elde edebilirsiniz. Bu hakiki deri elbise ayakkab\u0131lar\u0131ndan bir \u00e7ifte yat\u0131r\u0131m yapmak, kal\u0131c\u0131 stil ve konfora yat\u0131r\u0131m yapmak anlam\u0131na gelir. Dikkatli bir bak\u0131mla, y\u0131llarca resmi koleksiyonunuzun de\u011ferli bir par\u00e7as\u0131 olarak kalacakt\u0131r. Ayr\u0131ca, i\u015fletmelere ve perakendecilere minimum 8 \u00e7ift sipari\u015fle toptan sat\u0131\u015f se\u00e7enekleri sunarak, bu aranan klasik ayakkab\u0131lar\u0131 stoklamay\u0131 kolayla\u015ft\u0131r\u0131yoruz.<\/p>","protected":false},"excerpt":{"rendered":"<ul>\n<li>\u015e\u0131k bir rugan kaplama i\u00e7in birinci s\u0131n\u0131f hakiki dana derisinden \u00fcretilmi\u015ftir.<\/li>\n<li>L\u00fcks ke\u00e7i derisi i\u00e7 astar ola\u011fan\u00fcst\u00fc konfor sa\u011flar.<\/li>\n<li>G\u00fcn boyu kullan\u0131m i\u00e7in hafif ve dayan\u0131kl\u0131 EVA taban ile donat\u0131lm\u0131\u015ft\u0131r.<\/li>\n<li>Resmi k\u0131yafetler i\u00e7in m\u00fckemmel olan klasik bir \u015fapkal\u0131 Oxford tasar\u0131ma sahiptir.<\/li>\n<li>39, 40, 41, 42, 43, 44, 45 Avrupa bedenlerinde mevcuttur.<\/li>\n<li>Toptan sipari\u015fler minimum 8 \u00e7ift sat\u0131n alma ile kabul edilir.<\/li>\n<\/ul>","protected":false},"featured_media":6878,"template":"","meta":{"_acf_changed":false,"_uag_custom_page_level_css":"","site-sidebar-layout":"default","site-content-layout":"","ast-site-content-layout":"default","site-content-style":"default","site-sidebar-style":"default","ast-global-header-display":"","ast-banner-title-visibility":"","ast-main-header-display":"","ast-hfb-above-header-display":"","ast-hfb-below-header-display":"","ast-hfb-mobile-header-display":"","site-post-title":"","ast-breadcrumbs-content":"","ast-featured-img":"","footer-sml-layout":"","ast-disable-related-posts":"","theme-transparent-header-meta":"","adv-header-id-meta":"","stick-header-meta":"","header-above-stick-meta":"","header-main-stick-meta":"","header-below-stick-meta":"","astra-migrate-meta-layouts":"default","ast-page-background-enabled":"default","ast-page-background-meta":{"desktop":{"background-color":"var(--ast-global-color-4)","background-image":"","background-repeat":"repeat","background-position":"center center","background-size":"auto","background-attachment":"scroll","background-type":"","background-media":"","overlay-type":"","overlay-color":"","overlay-opacity":"","overlay-gradient":""},"tablet":{"background-color":"","background-image":"","background-repeat":"repeat","background-position":"center center","background-size":"auto","background-attachment":"scroll","background-type":"","background-media":"","overlay-type":"","overlay-color":"","overlay-opacity":"","overlay-gradient":""},"mobile":{"background-color":"","background-image":"","background-repeat":"repeat","background-position":"center center","background-size":"auto","background-attachment":"scroll","background-type":"","background-media":"","overlay-type":"","overlay-color":"","overlay-opacity":"","overlay-gradient":""}},"ast-content-background-meta":{"desktop":{"background-color":"var(--ast-global-color-5)","background-image":"","background-repeat":"repeat","background-position":"center center","background-size":"auto","background-attachment":"scroll","background-type":"","background-media":"","overlay-type":"","overlay-color":"","overlay-opacity":"","overlay-gradient":""},"tablet":{"background-color":"var(--ast-global-color-5)","background-image":"","background-repeat":"repeat","background-position":"center center","background-size":"auto","background-attachment":"scroll","background-type":"","background-media":"","overlay-type":"","overlay-color":"","overlay-opacity":"","overlay-gradient":""},"mobile":{"background-color":"var(--ast-global-color-5)","background-image":"","background-repeat":"repeat","background-position":"center center","background-size":"auto","background-attachment":"scroll","background-type":"","background-media":"","overlay-type":"","overlay-color":"","overlay-opacity":"","overlay-gradient":""}}},"product_brand":[],"product_cat":[47,430,1200],"product_tag":[663,405,458,145,454,251,952,324,204,675],"class_list":{"0":"post-8324","1":"product","2":"type-product","3":"status-publish","4":"has-post-thumbnail","6":"product_cat-classic","7":"product_cat-men","8":"product_cat-mens-shoes-2","9":"product_tag-black-patent-leather-shoes","10":"product_tag-business-shoes","11":"product_tag-cap-toe-shoes","12":"product_tag-classic-shoes","13":"product_tag-elegant-footwear","14":"product_tag-formal-shoes","15":"product_tag-genuine-leather-shoes","16":"product_tag-mens-dress-shoes","17":"product_tag-oxford-shoes","18":"product_tag-wedding-shoes","19":"desktop-align-center","20":"tablet-align-center","21":"mobile-align-center","23":"first","24":"instock","25":"shipping-taxable","26":"purchasable","27":"product-type-variable","28":"has-default-attributes"},"acf":[],"uagb_featured_image_src":{"full":["https:\/\/turkishtrade.co\/wp-content\/uploads\/2026\/01\/2600NZWMN00025-BLACK.png",453,250,false],"thumbnail":["https:\/\/turkishtrade.co\/wp-content\/uploads\/2026\/01\/2600NZWMN00025-BLACK-150x150.png",150,150,true],"medium":["https:\/\/turkishtrade.co\/wp-content\/uploads\/2026\/01\/2600NZWMN00025-BLACK-300x166.png",300,166,true],"medium_large":["https:\/\/turkishtrade.co\/wp-content\/uploads\/2026\/01\/2600NZWMN00025-BLACK.png",453,250,false],"large":["https:\/\/turkishtrade.co\/wp-content\/uploads\/2026\/01\/2600NZWMN00025-BLACK.png",453,250,false],"1536x1536":["https:\/\/turkishtrade.co\/wp-content\/uploads\/2026\/01\/2600NZWMN00025-BLACK.png",453,250,false],"2048x2048":["https:\/\/turkishtrade.co\/wp-content\/uploads\/2026\/01\/2600NZWMN00025-BLACK.png",453,250,false],"trp-custom-language-flag":["https:\/\/turkishtrade.co\/wp-content\/uploads\/2026\/01\/2600NZWMN00025-BLACK-18x10.png",18,10,true],"woocommerce_thumbnail":["https:\/\/turkishtrade.co\/wp-content\/uploads\/2026\/01\/2600NZWMN00025-BLACK-400x250.png",400,250,true],"woocommerce_single":["https:\/\/turkishtrade.co\/wp-content\/uploads\/2026\/01\/2600NZWMN00025-BLACK.png",453,250,false],"woocommerce_gallery_thumbnail":["https:\/\/turkishtrade.co\/wp-content\/uploads\/2026\/01\/2600NZWMN00025-BLACK-100x100.png",100,100,true]},"uagb_author_info":{"display_name":"python python","author_link":"https:\/\/turkishtrade.co\/tr\/author\/"},"uagb_comment_info":0,"uagb_excerpt":"Crafted from premium genuine calf leather for a sleek patent finish. Luxurious goat leather interior lining ensures exceptional comfort. Equipped with a lightweight and durable EVA sole for all-day wear. Features a classic cap-toe Oxford design, perfect for formal attire. Available in European sizes 39, 40, 41, 42, 43, 44, 45. Wholesale orders are welcome&hellip;","_links":{"self":[{"href":"https:\/\/turkishtrade.co\/tr\/wp-json\/wp\/v2\/product\/8324","targetHints":{"allow":["GET"]}}],"collection":[{"href":"https:\/\/turkishtrade.co\/tr\/wp-json\/wp\/v2\/product"}],"about":[{"href":"https:\/\/turkishtrade.co\/tr\/wp-json\/wp\/v2\/types\/product"}],"wp:featuredmedia":[{"embeddable":true,"href":"https:\/\/turkishtrade.co\/tr\/wp-json\/wp\/v2\/media\/6878"}],"wp:attachment":[{"href":"https:\/\/turkishtrade.co\/tr\/wp-json\/wp\/v2\/media?parent=8324"}],"wp:term":[{"taxonomy":"product_brand","embeddable":true,"href":"https:\/\/turkishtrade.co\/tr\/wp-json\/wp\/v2\/product_brand?post=8324"},{"taxonomy":"product_cat","embeddable":true,"href":"https:\/\/turkishtrade.co\/tr\/wp-json\/wp\/v2\/product_cat?post=8324"},{"taxonomy":"product_tag","embeddable":true,"href":"https:\/\/turkishtrade.co\/tr\/wp-json\/wp\/v2\/product_tag?post=8324"}],"curies":[{"name":"wp","href":"https:\/\/api.w.org\/{rel}","templated":true}]}}