{"id":8323,"date":"2026-01-29T14:49:19","date_gmt":"2026-01-29T14:49:19","guid":{"rendered":"https:\/\/turkishtrade.co\/?post_type=product&#038;p=8323"},"modified":"2026-04-09T20:29:12","modified_gmt":"2026-04-09T20:29:12","slug":"mens-black-leather-loafers-17","status":"publish","type":"product","link":"https:\/\/turkishtrade.co\/tr\/shop\/mens-black-leather-loafers-17\/","title":{"rendered":"Erkek Siyah Deri Loafer Authentic | Erkek Klasik Siyah Hakiki Deri"},"content":{"rendered":"<p><strong>Erkek Siyah Deri Loafer<\/strong>. Otantik kalite ve tasar\u0131m.<\/p>\n<p>Enfes tasar\u0131m\u0131m\u0131zla benzersiz bir sofistike ve konforlu ortama ad\u0131m at\u0131n <b>Erkek Klasik Siyah Hakiki Deri Penny Loafer<\/b>. Yetenekli zanaatk\u00e2rlar taraf\u0131ndan titizlikle el i\u015f\u00e7ili\u011fiyle \u00fcretilen bu ayakkab\u0131lar, hem zarafete hem de dayan\u0131kl\u0131l\u0131\u011fa de\u011fer veren modern beyefendiler i\u00e7in tasarlanm\u0131\u015f, zamans\u0131z stilin \u00f6z\u00fcd\u00fcr. \u00d6nemli i\u015f toplant\u0131lar\u0131ndan sofistike ak\u015fam etkinliklerine kadar, bu \u00e7ok y\u00f6nl\u00fc <b>siyah deri mokasen ayakkab\u0131lar<\/b> klasik cazibe ve \u00e7a\u011fda\u015f \u00e7ekicili\u011fin kusursuz bir kar\u0131\u015f\u0131m\u0131n\u0131 sunarak her zaman se\u00e7kin bir izlenim b\u0131rakman\u0131z\u0131 sa\u011flayacakt\u0131r.<\/p>\n<h3>Rakipsiz Kalite ve \u0130\u015f\u00e7ilik<\/h3>\n<p>Bizim <b>Erkek Siyah Deri Penny Loafer<\/b> yaln\u0131zca en iyi, \u00f6zenle se\u00e7ilmi\u015f malzemeler kullan\u0131larak \u00fcretilmi\u015ftir. \u00dcst k\u0131s\u0131m, p\u00fcr\u00fczs\u00fcz dokusu, do\u011fal parlakl\u0131\u011f\u0131, esnekli\u011fi ve l\u00fcks hissi ile tan\u0131nan esnek, y\u00fcksek kaliteli hakiki dana derisinden yap\u0131lm\u0131\u015ft\u0131r. Ayaklar\u0131n\u0131z\u0131 saran yumu\u015fak ve nefes alabilen hakiki ke\u00e7i derisi astar, g\u00fcn boyunca \u00fcst\u00fcn konfor, m\u00fckemmel nem emme \u00f6zellikleri ve pel\u00fc\u015f bir his sa\u011flar. Bu birinci s\u0131n\u0131f kombinasyon sadece ho\u015f bir kullan\u0131m deneyimi de\u011fil, ayn\u0131 zamanda ola\u011fan\u00fcst\u00fc dayan\u0131kl\u0131l\u0131k da sa\u011flayarak bu klasik <b>hakiki deri mokasen ayakkab\u0131lar<\/b> bozulmam\u0131\u015f g\u00f6r\u00fcn\u00fcmlerini ve yap\u0131sal b\u00fct\u00fcnl\u00fcklerini y\u0131llarca korumak i\u00e7in.<\/p>\n<h3>Zamans\u0131z Tasar\u0131m ve \u00c7ok Y\u00f6nl\u00fc Stil<\/h3>\n<p>Bu ayakkab\u0131lar\u0131n ikonik penny loafer silueti, geleneksel cazibe ve modern sofistikeli\u011fin m\u00fckemmel bir dengesini sunar. \u015e\u0131k, koyu siyah kaplama bu ayakkab\u0131lar\u0131 inan\u0131lmaz derecede uyarlanabilir k\u0131lar, resmi durumlar i\u00e7in \u00f6zel dikim bir tak\u0131m elbise ile zahmetsizce e\u015fle\u015fir veya chino pantolon ve blazer ile giyildi\u011finde \u015f\u0131k ve rahat bir toplulu\u011fu geli\u015ftirir. Bunlar\u0131n her bir \u00e7ifti <b>klasik penny mokasen ayakkab\u0131lar<\/b> titizlikle dikilmi\u015f hakiki deri taban\u0131yla m\u00fckemmel kavrama, \u00fcst\u00fcn denge ve rafine bir estetik sa\u011flarken, kalitesi ve detaylara g\u00f6sterilen \u00f6zen hakk\u0131nda ger\u00e7ekten \u00e7ok \u015fey anlat\u0131yor. Siz de bir \u00e7ift <b>siyah deri mokasen ayakkab\u0131lar<\/b> Ge\u00e7ici trendlerin \u00f6tesine ge\u00e7en ve se\u00e7kin gard\u0131robunuzda temel bir par\u00e7a olarak kalan.<\/p>\n<h3>Her Ad\u0131mda Konfor ve Dayan\u0131kl\u0131l\u0131k<\/h3>\n<p>Uzman i\u015f\u00e7ilik ve birinci s\u0131n\u0131f malzemelerin yaratt\u0131\u011f\u0131 ola\u011fan\u00fcst\u00fc fark\u0131 deneyimleyin. Sa\u011flam hakiki deri taban sadece estetikten ibaret de\u011fildir; \u00fcst\u00fcn destek ve esneklik sunar, ger\u00e7ekten ki\u015fiselle\u015ftirilmi\u015f ve rahat bir uyum i\u00e7in zaman i\u00e7inde aya\u011f\u0131n\u0131z\u0131n benzersiz \u015fekline do\u011fal olarak uyum sa\u011flar. Bizim <b>Erkek Siyah Deri Penny Loafer<\/b> g\u00fcnl\u00fck kullan\u0131m\u0131n zorluklar\u0131na dayanacak \u015fekilde \u00fcretilmi\u015ftir ve ister yo\u011fun bir i\u015f g\u00fcn\u00fc ge\u00e7iriyor ister d\u0131\u015far\u0131da rahat bir ak\u015fam\u0131n tad\u0131n\u0131 \u00e7\u0131kar\u0131yor olun, kal\u0131c\u0131 konfor sa\u011flar. 39'dan 45'e kadar kapsaml\u0131 bir AB beden yelpazesinde mevcut oldu\u011fundan, m\u00fckemmel uyumunuzu bulmak \u00e7ok kolay. Bu ola\u011fan\u00fcst\u00fc ayakkab\u0131larla ayakkab\u0131 koleksiyonunuzu geli\u015ftirin <b>hakiki deri mokasen ayakkab\u0131lar<\/b>, Stil, konfor ve uzun \u00f6m\u00fcrl\u00fcl\u00fc\u011f\u00fcn en \u00fcst d\u00fczey kar\u0131\u015f\u0131m\u0131n\u0131 sunar.<\/p>","protected":false},"excerpt":{"rendered":"<ul>\n<li>Sofistike ve \u015f\u0131k bir \u00fcst k\u0131s\u0131m i\u00e7in hakiki dana derisinden el yap\u0131m\u0131 olarak \u00fcretilmi\u015ftir.<\/li>\n<li>Yumu\u015fak ve nefes alabilen hakiki ke\u00e7i derisi astar g\u00fcn boyu ola\u011fan\u00fcst\u00fc konfor sa\u011flar.<\/li>\n<li>Resmi ve \u015f\u0131k g\u00fcndelik k\u0131yafetler i\u00e7in \u00e7ok y\u00f6nl\u00fc, zamans\u0131z bir penny loafer tasar\u0131ma sahiptir.<\/li>\n<li>Kal\u0131c\u0131 kalite ve \u015f\u0131kl\u0131k i\u00e7in dayan\u0131kl\u0131, titizlikle dikilmi\u015f hakiki deri tabanla donat\u0131lm\u0131\u015ft\u0131r.<\/li>\n<li>Kapsaml\u0131 bir AB beden yelpazesinde mevcuttur: 39, 40, 41, 42, 43, 44, 45.<\/li>\n<li>Minimum 8 \u00e7ift sipari\u015f miktar\u0131 ile toptan sat\u0131\u015f talepleri kabul edilir.<\/li>\n<\/ul>","protected":false},"featured_media":6877,"template":"","meta":{"_acf_changed":false,"_uag_custom_page_level_css":"","site-sidebar-layout":"default","site-content-layout":"","ast-site-content-layout":"default","site-content-style":"default","site-sidebar-style":"default","ast-global-header-display":"","ast-banner-title-visibility":"","ast-main-header-display":"","ast-hfb-above-header-display":"","ast-hfb-below-header-display":"","ast-hfb-mobile-header-display":"","site-post-title":"","ast-breadcrumbs-content":"","ast-featured-img":"","footer-sml-layout":"","ast-disable-related-posts":"","theme-transparent-header-meta":"","adv-header-id-meta":"","stick-header-meta":"","header-above-stick-meta":"","header-main-stick-meta":"","header-below-stick-meta":"","astra-migrate-meta-layouts":"default","ast-page-background-enabled":"default","ast-page-background-meta":{"desktop":{"background-color":"var(--ast-global-color-4)","background-image":"","background-repeat":"repeat","background-position":"center center","background-size":"auto","background-attachment":"scroll","background-type":"","background-media":"","overlay-type":"","overlay-color":"","overlay-opacity":"","overlay-gradient":""},"tablet":{"background-color":"","background-image":"","background-repeat":"repeat","background-position":"center center","background-size":"auto","background-attachment":"scroll","background-type":"","background-media":"","overlay-type":"","overlay-color":"","overlay-opacity":"","overlay-gradient":""},"mobile":{"background-color":"","background-image":"","background-repeat":"repeat","background-position":"center center","background-size":"auto","background-attachment":"scroll","background-type":"","background-media":"","overlay-type":"","overlay-color":"","overlay-opacity":"","overlay-gradient":""}},"ast-content-background-meta":{"desktop":{"background-color":"var(--ast-global-color-5)","background-image":"","background-repeat":"repeat","background-position":"center center","background-size":"auto","background-attachment":"scroll","background-type":"","background-media":"","overlay-type":"","overlay-color":"","overlay-opacity":"","overlay-gradient":""},"tablet":{"background-color":"var(--ast-global-color-5)","background-image":"","background-repeat":"repeat","background-position":"center center","background-size":"auto","background-attachment":"scroll","background-type":"","background-media":"","overlay-type":"","overlay-color":"","overlay-opacity":"","overlay-gradient":""},"mobile":{"background-color":"var(--ast-global-color-5)","background-image":"","background-repeat":"repeat","background-position":"center center","background-size":"auto","background-attachment":"scroll","background-type":"","background-media":"","overlay-type":"","overlay-color":"","overlay-opacity":"","overlay-gradient":""}}},"product_brand":[],"product_cat":[47,430,1200],"product_tag":[196,582,145,251,221,189,186,279,210,281],"class_list":{"0":"post-8323","1":"product","2":"type-product","3":"status-publish","4":"has-post-thumbnail","6":"product_cat-classic","7":"product_cat-men","8":"product_cat-mens-shoes-2","9":"product_tag-black-leather-shoes","10":"product_tag-calfskin","11":"product_tag-classic-shoes","12":"product_tag-formal-shoes","13":"product_tag-genuine-leather","14":"product_tag-goat-leather-lining","15":"product_tag-mens-loafers","16":"product_tag-penny-loafers","17":"product_tag-smart-casual","18":"product_tag-wholesale-shoes","19":"desktop-align-center","20":"tablet-align-center","21":"mobile-align-center","23":"first","24":"instock","25":"shipping-taxable","26":"purchasable","27":"product-type-variable","28":"has-default-attributes"},"acf":[],"uagb_featured_image_src":{"full":["https:\/\/turkishtrade.co\/wp-content\/uploads\/2026\/01\/2600NZWMN00023-BLACK.png",453,250,false],"thumbnail":["https:\/\/turkishtrade.co\/wp-content\/uploads\/2026\/01\/2600NZWMN00023-BLACK-150x150.png",150,150,true],"medium":["https:\/\/turkishtrade.co\/wp-content\/uploads\/2026\/01\/2600NZWMN00023-BLACK-300x166.png",300,166,true],"medium_large":["https:\/\/turkishtrade.co\/wp-content\/uploads\/2026\/01\/2600NZWMN00023-BLACK.png",453,250,false],"large":["https:\/\/turkishtrade.co\/wp-content\/uploads\/2026\/01\/2600NZWMN00023-BLACK.png",453,250,false],"1536x1536":["https:\/\/turkishtrade.co\/wp-content\/uploads\/2026\/01\/2600NZWMN00023-BLACK.png",453,250,false],"2048x2048":["https:\/\/turkishtrade.co\/wp-content\/uploads\/2026\/01\/2600NZWMN00023-BLACK.png",453,250,false],"trp-custom-language-flag":["https:\/\/turkishtrade.co\/wp-content\/uploads\/2026\/01\/2600NZWMN00023-BLACK-18x10.png",18,10,true],"woocommerce_thumbnail":["https:\/\/turkishtrade.co\/wp-content\/uploads\/2026\/01\/2600NZWMN00023-BLACK-400x250.png",400,250,true],"woocommerce_single":["https:\/\/turkishtrade.co\/wp-content\/uploads\/2026\/01\/2600NZWMN00023-BLACK.png",453,250,false],"woocommerce_gallery_thumbnail":["https:\/\/turkishtrade.co\/wp-content\/uploads\/2026\/01\/2600NZWMN00023-BLACK-100x100.png",100,100,true]},"uagb_author_info":{"display_name":"python python","author_link":"https:\/\/turkishtrade.co\/tr\/author\/"},"uagb_comment_info":0,"uagb_excerpt":"Handcrafted from genuine calfskin leather for a sophisticated, sleek upper. Soft and breathable genuine goat leather lining ensures exceptional all-day comfort. Features a timeless penny loafer design, versatile for formal and smart-casual attire. Equipped with a durable, meticulously stitched genuine leather sole for lasting quality and elegance. Available in a comprehensive range of EU sizes:&hellip;","_links":{"self":[{"href":"https:\/\/turkishtrade.co\/tr\/wp-json\/wp\/v2\/product\/8323","targetHints":{"allow":["GET"]}}],"collection":[{"href":"https:\/\/turkishtrade.co\/tr\/wp-json\/wp\/v2\/product"}],"about":[{"href":"https:\/\/turkishtrade.co\/tr\/wp-json\/wp\/v2\/types\/product"}],"wp:featuredmedia":[{"embeddable":true,"href":"https:\/\/turkishtrade.co\/tr\/wp-json\/wp\/v2\/media\/6877"}],"wp:attachment":[{"href":"https:\/\/turkishtrade.co\/tr\/wp-json\/wp\/v2\/media?parent=8323"}],"wp:term":[{"taxonomy":"product_brand","embeddable":true,"href":"https:\/\/turkishtrade.co\/tr\/wp-json\/wp\/v2\/product_brand?post=8323"},{"taxonomy":"product_cat","embeddable":true,"href":"https:\/\/turkishtrade.co\/tr\/wp-json\/wp\/v2\/product_cat?post=8323"},{"taxonomy":"product_tag","embeddable":true,"href":"https:\/\/turkishtrade.co\/tr\/wp-json\/wp\/v2\/product_tag?post=8323"}],"curies":[{"name":"wp","href":"https:\/\/api.w.org\/{rel}","templated":true}]}}