{"id":8322,"date":"2026-01-29T14:49:19","date_gmt":"2026-01-29T14:49:19","guid":{"rendered":"https:\/\/turkishtrade.co\/?post_type=product&#038;p=8322"},"modified":"2026-04-09T20:29:14","modified_gmt":"2026-04-09T20:29:14","slug":"mens-classic-black-leather-derby-shoes","status":"publish","type":"product","link":"https:\/\/turkishtrade.co\/tr\/shop\/mens-classic-black-leather-derby-shoes\/","title":{"rendered":"Erkek Klasik Siyah Deri Derby Ayakkab\u0131 Hakiki | Erkek Klasik Siyah Hakiki Deri"},"content":{"rendered":"<p><strong>Erkek Klasik Siyah Deri Derby Ayakkab\u0131<\/strong>. Orijinal kalite ve tasar\u0131m.<\/p>\n<p>Enfes \u00fcr\u00fcnlerimizle zamans\u0131z bir sofistike ortama ad\u0131m at\u0131n <strong>Erkek Klasik Siyah Hakiki Deri Derby Ayakkab\u0131<\/strong>. Se\u00e7kin beyefendiler i\u00e7in tasarlanan bu ayakkab\u0131lar \u015f\u0131kl\u0131\u011f\u0131, konforu ve \u00fcst\u00fcn i\u015f\u00e7ili\u011fi temsil eder. Her bir \u00e7ift, \u00fcst k\u0131s\u0131m i\u00e7in birinci s\u0131n\u0131f hakiki dana derisi kullan\u0131larak titizlikle elde \u00fcretilmi\u015ftir, l\u00fcks bir his ve g\u00f6ze \u00e7arpan cilal\u0131 bir y\u00fczey sa\u011flar. Yumu\u015fak, nefes alabilen hakiki ke\u00e7i derisi astarl\u0131 i\u00e7 k\u0131s\u0131m, ister bir i\u015f toplant\u0131s\u0131nda ister resmi bir etkinlikte olun, g\u00fcn boyunca ola\u011fan\u00fcst\u00fc konfor sa\u011flar. Bizim <strong>Erkek Klasik Siyah Hakiki Deri Derby Ayakkab\u0131<\/strong> ayakkab\u0131dan daha fazlas\u0131d\u0131r; kal\u0131c\u0131 bir stile yap\u0131lan yat\u0131r\u0131md\u0131r.<\/p>\n<h3>Benzersiz \u0130\u015f\u00e7ilik ve Tasar\u0131m<\/h3>\n<p>Bunlar <strong>Erkek Klasik Siyah Hakiki Deri Derby Ayakkab\u0131<\/strong> rahat ve ayarlanabilir bir uyum sunan a\u00e7\u0131k ba\u011fc\u0131k sistemiyle bilinen klasik bir Derby tasar\u0131m\u0131na sahiptir. Zarif d\u00fcz burun, sofistike bir karakter katan zarif bir apron diki\u015f detay\u0131 ile tamamlanmaktad\u0131r. Topuk k\u0131sm\u0131n\u0131 s\u00fcsleyen farkl\u0131 dokulu desen, genel esteti\u011fi y\u00fckseltir ve benzersiz bir g\u00f6rsel ilgi sa\u011flar. Sa\u011flam ancak esnek hakiki deri taban\u0131 dayan\u0131kl\u0131l\u0131k ve kendinden emin ad\u0131mlar sa\u011flar. <strong>Erkek Klasik Siyah Hakiki Deri Derby Ayakkab\u0131<\/strong> her t\u00fcrl\u00fc resmi veya profesyonel ortam i\u00e7in g\u00fcvenilir bir se\u00e7imdir.<\/p>\n<h3>Her Durum i\u00e7in \u00c7ok Y\u00f6nl\u00fcl\u00fck<\/h3>\n<p>Bu Derby ayakkab\u0131lar\u0131n \u015f\u0131k siyah tonu, onlar\u0131 inan\u0131lmaz derecede \u00e7ok y\u00f6nl\u00fc k\u0131l\u0131yor ve \u00e7ok \u00e7e\u015fitli k\u0131yafetlerle zahmetsizce e\u015fle\u015fiyor. Keskin i\u015f tak\u0131mlar\u0131 ve \u00f6zel dikim pantolonlardan yar\u0131 resmi k\u0131yafetlere kadar, bu <strong>Erkek Klasik Siyah Hakiki Deri Derby Ayakkab\u0131<\/strong> sofistike gard\u0131robunuzu tamamlamak \u00fczere tasarlanm\u0131\u015ft\u0131r. \u00d6nemli sunumlar, d\u00fc\u011f\u00fcnler, galalar ve se\u00e7kin bir g\u00f6r\u00fcn\u00fcm\u00fcn \u00e7ok \u00f6nemli oldu\u011fu her durum i\u00e7in m\u00fckemmeldir. 39'dan 45'e kadar kapsaml\u0131 bir AB beden yelpazesinde mevcut olan bu birinci s\u0131n\u0131f ayakkab\u0131lar i\u00e7in m\u00fckemmel uyumu bulmak <strong>Erkek Klasik Siyah Hakiki Deri Derby Ayakkab\u0131<\/strong> basit.<\/p>\n<h3>\u00dcst\u00fcn Kalite ve Toptan Sat\u0131\u015f F\u0131rsat\u0131<\/h3>\n<p>Ayakkab\u0131lar\u0131m\u0131z\u0131n kalitesiyle gurur duyuyoruz. Hakiki dana ve ke\u00e7i derisi kullan\u0131m\u0131, uzman sanat\u00e7\u0131l\u0131\u011f\u0131 ile birle\u015fti\u011finde ortaya sadece \u015f\u0131k de\u011fil ayn\u0131 zamanda uzun \u00f6m\u00fcrl\u00fc bir \u00e7ift ayakkab\u0131 \u00e7\u0131k\u0131yor. Y\u00fcksek kaliteli, klasik erkek ayakkab\u0131s\u0131 sunmak isteyen i\u015fletmeler ve perakendeciler i\u00e7in <strong>Erkek Klasik Siyah Hakiki Deri Derby Ayakkab\u0131<\/strong> toptan sat\u0131n al\u0131nabilir. Yaln\u0131zca 8 \u00e7iftlik minimum sipari\u015fle, envanterinizi bu aranan elbise ayakkab\u0131lar\u0131yla kolayca doldurabilir, m\u00fc\u015fterilerinizin l\u00fcks ve g\u00fcvenilirlikle e\u015fanlaml\u0131 bir \u00fcr\u00fcn almas\u0131n\u0131 sa\u011flayabilirsiniz. Koleksiyonunuzu geli\u015ftirin ve m\u00fc\u015fterilerinize en iyi ayakkab\u0131lar\u0131 sunun. <strong>Erkek Klasik Siyah Hakiki Deri Derby Ayakkab\u0131<\/strong> piyasada.<\/p>","protected":false},"excerpt":{"rendered":"<ul>\n<li>Hakiki dana derisi saya ve ke\u00e7i derisi astardan el yap\u0131m\u0131<\/li>\n<li>Zarif ba\u011fc\u0131kl\u0131, zamans\u0131z klasik derby ayakkab\u0131 tasar\u0131m\u0131<\/li>\n<li>Topuk k\u0131sm\u0131nda sofistike dokulu detay<\/li>\n<li>Dayan\u0131kl\u0131 ve rahat deri taban<\/li>\n<li>39, 40, 41, 42, 43, 44, 45 AB bedenlerinde mevcuttur<\/li>\n<li>Resmi etkinlikler, i\u015f k\u0131yafetleri ve \u00f6zel g\u00fcnler i\u00e7in ideal<\/li>\n<li>Toptan sipari\u015fler kabul edilir (minimum 8 \u00e7ift sipari\u015f)<\/li>\n<\/ul>","protected":false},"featured_media":6876,"template":"","meta":{"_acf_changed":false,"_uag_custom_page_level_css":"","site-sidebar-layout":"default","site-content-layout":"","ast-site-content-layout":"default","site-content-style":"default","site-sidebar-style":"default","ast-global-header-display":"","ast-banner-title-visibility":"","ast-main-header-display":"","ast-hfb-above-header-display":"","ast-hfb-below-header-display":"","ast-hfb-mobile-header-display":"","site-post-title":"","ast-breadcrumbs-content":"","ast-featured-img":"","footer-sml-layout":"","ast-disable-related-posts":"","theme-transparent-header-meta":"","adv-header-id-meta":"","stick-header-meta":"","header-above-stick-meta":"","header-main-stick-meta":"","header-below-stick-meta":"","astra-migrate-meta-layouts":"default","ast-page-background-enabled":"default","ast-page-background-meta":{"desktop":{"background-color":"var(--ast-global-color-4)","background-image":"","background-repeat":"repeat","background-position":"center center","background-size":"auto","background-attachment":"scroll","background-type":"","background-media":"","overlay-type":"","overlay-color":"","overlay-opacity":"","overlay-gradient":""},"tablet":{"background-color":"","background-image":"","background-repeat":"repeat","background-position":"center center","background-size":"auto","background-attachment":"scroll","background-type":"","background-media":"","overlay-type":"","overlay-color":"","overlay-opacity":"","overlay-gradient":""},"mobile":{"background-color":"","background-image":"","background-repeat":"repeat","background-position":"center center","background-size":"auto","background-attachment":"scroll","background-type":"","background-media":"","overlay-type":"","overlay-color":"","overlay-opacity":"","overlay-gradient":""}},"ast-content-background-meta":{"desktop":{"background-color":"var(--ast-global-color-5)","background-image":"","background-repeat":"repeat","background-position":"center center","background-size":"auto","background-attachment":"scroll","background-type":"","background-media":"","overlay-type":"","overlay-color":"","overlay-opacity":"","overlay-gradient":""},"tablet":{"background-color":"var(--ast-global-color-5)","background-image":"","background-repeat":"repeat","background-position":"center center","background-size":"auto","background-attachment":"scroll","background-type":"","background-media":"","overlay-type":"","overlay-color":"","overlay-opacity":"","overlay-gradient":""},"mobile":{"background-color":"var(--ast-global-color-5)","background-image":"","background-repeat":"repeat","background-position":"center center","background-size":"auto","background-attachment":"scroll","background-type":"","background-media":"","overlay-type":"","overlay-color":"","overlay-opacity":"","overlay-gradient":""}}},"product_brand":[],"product_cat":[47,430,1200],"product_tag":[420,196,405,1285,1308,952,297,310,289],"class_list":{"0":"post-8322","1":"product","2":"type-product","3":"status-publish","4":"has-post-thumbnail","6":"product_cat-classic","7":"product_cat-men","8":"product_cat-mens-shoes-2","9":"product_tag-black-lace-up-shoes","10":"product_tag-black-leather-shoes","11":"product_tag-business-shoes","12":"product_tag-classic-dress-shoes","13":"product_tag-formal-mens-footwear","14":"product_tag-genuine-leather-shoes","15":"product_tag-handmade-leather-shoes","16":"product_tag-mens-derby-shoes","17":"product_tag-wholesale-leather-shoes","18":"desktop-align-center","19":"tablet-align-center","20":"mobile-align-center","22":"first","23":"instock","24":"shipping-taxable","25":"purchasable","26":"product-type-variable","27":"has-default-attributes"},"acf":[],"uagb_featured_image_src":{"full":["https:\/\/turkishtrade.co\/wp-content\/uploads\/2026\/01\/2600NZWMN00022-BLACK.png",453,250,false],"thumbnail":["https:\/\/turkishtrade.co\/wp-content\/uploads\/2026\/01\/2600NZWMN00022-BLACK-150x150.png",150,150,true],"medium":["https:\/\/turkishtrade.co\/wp-content\/uploads\/2026\/01\/2600NZWMN00022-BLACK-300x166.png",300,166,true],"medium_large":["https:\/\/turkishtrade.co\/wp-content\/uploads\/2026\/01\/2600NZWMN00022-BLACK.png",453,250,false],"large":["https:\/\/turkishtrade.co\/wp-content\/uploads\/2026\/01\/2600NZWMN00022-BLACK.png",453,250,false],"1536x1536":["https:\/\/turkishtrade.co\/wp-content\/uploads\/2026\/01\/2600NZWMN00022-BLACK.png",453,250,false],"2048x2048":["https:\/\/turkishtrade.co\/wp-content\/uploads\/2026\/01\/2600NZWMN00022-BLACK.png",453,250,false],"trp-custom-language-flag":["https:\/\/turkishtrade.co\/wp-content\/uploads\/2026\/01\/2600NZWMN00022-BLACK-18x10.png",18,10,true],"woocommerce_thumbnail":["https:\/\/turkishtrade.co\/wp-content\/uploads\/2026\/01\/2600NZWMN00022-BLACK-400x250.png",400,250,true],"woocommerce_single":["https:\/\/turkishtrade.co\/wp-content\/uploads\/2026\/01\/2600NZWMN00022-BLACK.png",453,250,false],"woocommerce_gallery_thumbnail":["https:\/\/turkishtrade.co\/wp-content\/uploads\/2026\/01\/2600NZWMN00022-BLACK-100x100.png",100,100,true]},"uagb_author_info":{"display_name":"python python","author_link":"https:\/\/turkishtrade.co\/tr\/author\/"},"uagb_comment_info":0,"uagb_excerpt":"Handcrafted from genuine calf leather upper and goat leather lining Timeless Classic Derby shoe design with elegant lace-up closure Sophisticated textured detail on the heel quarter Durable and comfortable leather sole Available in EU sizes 39, 40, 41, 42, 43, 44, 45 Ideal for formal events, business attire, and special occasions Wholesale orders welcome (minimum&hellip;","_links":{"self":[{"href":"https:\/\/turkishtrade.co\/tr\/wp-json\/wp\/v2\/product\/8322","targetHints":{"allow":["GET"]}}],"collection":[{"href":"https:\/\/turkishtrade.co\/tr\/wp-json\/wp\/v2\/product"}],"about":[{"href":"https:\/\/turkishtrade.co\/tr\/wp-json\/wp\/v2\/types\/product"}],"wp:featuredmedia":[{"embeddable":true,"href":"https:\/\/turkishtrade.co\/tr\/wp-json\/wp\/v2\/media\/6876"}],"wp:attachment":[{"href":"https:\/\/turkishtrade.co\/tr\/wp-json\/wp\/v2\/media?parent=8322"}],"wp:term":[{"taxonomy":"product_brand","embeddable":true,"href":"https:\/\/turkishtrade.co\/tr\/wp-json\/wp\/v2\/product_brand?post=8322"},{"taxonomy":"product_cat","embeddable":true,"href":"https:\/\/turkishtrade.co\/tr\/wp-json\/wp\/v2\/product_cat?post=8322"},{"taxonomy":"product_tag","embeddable":true,"href":"https:\/\/turkishtrade.co\/tr\/wp-json\/wp\/v2\/product_tag?post=8322"}],"curies":[{"name":"wp","href":"https:\/\/api.w.org\/{rel}","templated":true}]}}