{"id":8321,"date":"2026-01-29T14:49:19","date_gmt":"2026-01-29T14:49:19","guid":{"rendered":"https:\/\/turkishtrade.co\/?post_type=product&#038;p=8321"},"modified":"2026-04-09T20:29:17","modified_gmt":"2026-04-09T20:29:17","slug":"mens-black-genuine-leather-oxford-shoes","status":"publish","type":"product","link":"https:\/\/turkishtrade.co\/tr\/shop\/mens-black-genuine-leather-oxford-shoes\/","title":{"rendered":"Erkek Siyah Hakiki Deri Oxford Ayakkab\u0131 Kan\u0131tlanm\u0131\u015f"},"content":{"rendered":"<p><strong>Erkek Siyah Hakiki Deri Oxford Ayakkab\u0131<\/strong>. Kan\u0131tlanm\u0131\u015f kalite ve tasar\u0131m.<\/p>\n<p>Enfes \u00fcr\u00fcnlerimizle zamans\u0131z bir zarafet ve \u00fcst\u00fcn i\u015f\u00e7ilik d\u00fcnyas\u0131na ad\u0131m at\u0131n <strong>Erkek Siyah Hakiki Deri Oxford Ayakkab\u0131<\/strong>. Se\u00e7kin beyefendiler i\u00e7in tasarlanan bu ayakkab\u0131lar, hem kusursuz bir stil hem de kal\u0131c\u0131 bir rahatl\u0131k sunarak sofistike bir g\u00f6r\u00fcn\u00fcm sergiler. \u0130ster y\u00fcksek profilli bir i\u015f toplant\u0131s\u0131na, ister resmi bir d\u00fc\u011f\u00fcne veya sofistike bir ak\u015fam etkinli\u011fine kat\u0131l\u0131yor olun, bu Oxfords kal\u0131c\u0131 bir izlenim b\u0131rakman\u0131z\u0131 sa\u011flayacakt\u0131r.<\/p>\n<h3>Rakipsiz Kalite ve Malzemeler<\/h3>\n<p>Bu premium \u00fcr\u00fcnlerin her bir \u00e7ifti <strong>Erkek Siyah Hakiki Deri Oxford Ayakkab\u0131<\/strong> en iyi malzemelerden titizlikle \u00fcretilmi\u015ftir. \u00dcst k\u0131s\u0131m, p\u00fcr\u00fczs\u00fcz dokusu, dayan\u0131kl\u0131l\u0131\u011f\u0131 ve l\u00fcks g\u00f6r\u00fcn\u00fcm\u00fcyle bilinen hakiki dana derisinden \u00fcretilmi\u015ftir. Bu, zaman i\u00e7inde zarif bir \u015fekilde eskiyen cilal\u0131 bir y\u00fczey sa\u011flar. Sa\u011flam d\u0131\u015f y\u00fczeyi tamamlayan i\u00e7 astar yumu\u015fak, nefes alabilen ke\u00e7i derisinden yap\u0131lm\u0131\u015ft\u0131r, ola\u011fan\u00fcst\u00fc konfor sa\u011flar ve g\u00fcn boyu tazelik i\u00e7in nemi uzakla\u015ft\u0131rmaya yard\u0131mc\u0131 olur. Bu zarif ayakkab\u0131lar\u0131n temelini olu\u015fturan hafif ama sa\u011flam EVA taban, m\u00fckemmel yast\u0131klama ve esneklik sunarak saatlerce giyildikten sonra bile ayak yorgunlu\u011funu azalt\u0131r.<\/p>\n<h3>Klasik Tasar\u0131m, \u00c7ok Y\u00f6nl\u00fc \u00c7ekicilik<\/h3>\n<p>Bu ayakkab\u0131lar\u0131n klasik Oxford silueti, kapal\u0131 ba\u011fc\u0131k sistemi ve \u015fapka burun detay\u0131 ile karakterize edilerek geleneksel cazibeyi ve \u015f\u0131kl\u0131\u011f\u0131 yans\u0131t\u0131r. \u015e\u0131k siyah kaplamas\u0131, her gard\u0131rop i\u00e7in inan\u0131lmaz derecede \u00e7ok y\u00f6nl\u00fc bir eklenti olmas\u0131n\u0131 sa\u011flar; tak\u0131m elbiseler, smokinler ve hatta \u015f\u0131k g\u00fcndelik topluluklarla zahmetsizce e\u015fle\u015fir. Toplant\u0131 odas\u0131ndan balo salonuna, bu <strong>Erkek Siyah Hakiki Deri Oxford Ayakkab\u0131<\/strong> k\u0131yafetlerinizi y\u00fckseltmek, g\u00fcven ve rafine bir zevk havas\u0131 yans\u0131tmak i\u00e7in tasarlanm\u0131\u015ft\u0131r. Her aya\u011fa m\u00fckemmel uyum sa\u011flayan 39'dan 45'e kadar kapsaml\u0131 bir beden yelpazesinde mevcuttur.<\/p>\n<h3>Dayan\u0131kl\u0131l\u0131k Konforla Bulu\u015fuyor<\/h3>\n<p>Bu hakiki deri Oxfords'a yat\u0131r\u0131m yapmak, zamana meydan okuyan ayakkab\u0131lara yat\u0131r\u0131m yapmak anlam\u0131na gelir. Sa\u011flam yap\u0131 ve y\u00fcksek kaliteli malzemeler uzun \u00f6m\u00fcrl\u00fcl\u00fc\u011f\u00fc garanti ederken, \u00f6zenli tasar\u0131m konforunuza \u00f6ncelik verir. Esnek deri ve ergonomik EVA taban\u0131n birle\u015fimi, eldiven benzeri bir uyum ve \u00fcst\u00fcn destek sa\u011flayarak bu ayakkab\u0131lar\u0131 uzun s\u00fcre ayakta durmak veya y\u00fcr\u00fcmek i\u00e7in uygun hale getirir. Ger\u00e7ek kalitenin yaratt\u0131\u011f\u0131 fark\u0131 ilk ad\u0131mdan itibaren ya\u015fay\u0131n.<\/p>\n<h3>Toptan Sat\u0131\u015f F\u0131rsatlar\u0131<\/h3>\n<p>Birinci s\u0131n\u0131f ayakkab\u0131lar sunmak isteyen perakendeciler ve i\u015fletmeler i\u00e7in bu zarif ayakkab\u0131lar toptan sat\u0131n al\u0131nabilir. Minimum 8 \u00e7iftlik bir sipari\u015fe ihtiyac\u0131m\u0131z var, bu da \u00e7e\u015fitli bedenleri stoklaman\u0131za ve m\u00fc\u015fterilerinizin y\u00fcksek kaliteli resmi ayakkab\u0131 taleplerini kar\u015f\u0131laman\u0131za olanak tan\u0131r. M\u00fc\u015fterilerinize ola\u011fan\u00fcst\u00fc bir stil ve i\u015f\u00e7ilik sunmak i\u00e7in bizimle i\u015f birli\u011fi yap\u0131n.<\/p>\n<p>Resmi tak\u0131m\u0131n\u0131z\u0131 tamamlamak i\u00e7in bu \u00e7arp\u0131c\u0131 Erkek Siyah Hakiki Deri Oxford Ayakkab\u0131lar\u0131 se\u00e7in. Sadece hakiki derinin sunabilece\u011fi gelenek, l\u00fcks ve konforun m\u00fckemmel kar\u0131\u015f\u0131m\u0131n\u0131 deneyimleyin.<\/p>","protected":false},"excerpt":{"rendered":"<ul>\n<li>Bu klasik \u00fcr\u00fcnlerle benzersiz bir sofistike deneyim ya\u015fay\u0131n <strong>Erkek Siyah Hakiki Deri Oxford Ayakkab\u0131<\/strong>.<\/li>\n<li>\u00dcst k\u0131sm\u0131 birinci s\u0131n\u0131f hakiki dana derisinden, i\u00e7 astar\u0131 ise yumu\u015fak ke\u00e7i derisinden \u00fcretilmi\u015ftir.<\/li>\n<li>Uzun s\u00fcreli kullan\u0131m i\u00e7in m\u00fckemmel olan rahat ve hafif EVA tabana sahiptir.<\/li>\n<li>Resmi etkinlikler, i\u015f toplant\u0131lar\u0131 ve \u015f\u0131k gece k\u0131yafetleri i\u00e7in idealdir.<\/li>\n<li>Toptan sipari\u015fler minimum 8 \u00e7ift sipari\u015f miktar\u0131 ile kabul edilir.<\/li>\n<li>Geni\u015f bir beden yelpazesinde mevcuttur: 39, 40, 41, 42, 43, 44, 45.<\/li>\n<\/ul>","protected":false},"featured_media":6875,"template":"","meta":{"_acf_changed":false,"_uag_custom_page_level_css":"","site-sidebar-layout":"default","site-content-layout":"","ast-site-content-layout":"default","site-content-style":"default","site-sidebar-style":"default","ast-global-header-display":"","ast-banner-title-visibility":"","ast-main-header-display":"","ast-hfb-above-header-display":"","ast-hfb-below-header-display":"","ast-hfb-mobile-header-display":"","site-post-title":"","ast-breadcrumbs-content":"","ast-featured-img":"","footer-sml-layout":"","ast-disable-related-posts":"","theme-transparent-header-meta":"","adv-header-id-meta":"","stick-header-meta":"","header-above-stick-meta":"","header-main-stick-meta":"","header-below-stick-meta":"","astra-migrate-meta-layouts":"default","ast-page-background-enabled":"default","ast-page-background-meta":{"desktop":{"background-color":"var(--ast-global-color-4)","background-image":"","background-repeat":"repeat","background-position":"center center","background-size":"auto","background-attachment":"scroll","background-type":"","background-media":"","overlay-type":"","overlay-color":"","overlay-opacity":"","overlay-gradient":""},"tablet":{"background-color":"","background-image":"","background-repeat":"repeat","background-position":"center center","background-size":"auto","background-attachment":"scroll","background-type":"","background-media":"","overlay-type":"","overlay-color":"","overlay-opacity":"","overlay-gradient":""},"mobile":{"background-color":"","background-image":"","background-repeat":"repeat","background-position":"center center","background-size":"auto","background-attachment":"scroll","background-type":"","background-media":"","overlay-type":"","overlay-color":"","overlay-opacity":"","overlay-gradient":""}},"ast-content-background-meta":{"desktop":{"background-color":"var(--ast-global-color-5)","background-image":"","background-repeat":"repeat","background-position":"center center","background-size":"auto","background-attachment":"scroll","background-type":"","background-media":"","overlay-type":"","overlay-color":"","overlay-opacity":"","overlay-gradient":""},"tablet":{"background-color":"var(--ast-global-color-5)","background-image":"","background-repeat":"repeat","background-position":"center center","background-size":"auto","background-attachment":"scroll","background-type":"","background-media":"","overlay-type":"","overlay-color":"","overlay-opacity":"","overlay-gradient":""},"mobile":{"background-color":"var(--ast-global-color-5)","background-image":"","background-repeat":"repeat","background-position":"center center","background-size":"auto","background-attachment":"scroll","background-type":"","background-media":"","overlay-type":"","overlay-color":"","overlay-opacity":"","overlay-gradient":""}}},"product_brand":[],"product_cat":[47,430,1200],"product_tag":[540,405,145,609,251,260,227,1307,324,666],"class_list":{"0":"post-8321","1":"product","2":"type-product","3":"status-publish","4":"has-post-thumbnail","6":"product_cat-classic","7":"product_cat-men","8":"product_cat-mens-shoes-2","9":"product_tag-black-oxford-shoes","10":"product_tag-business-shoes","11":"product_tag-classic-shoes","12":"product_tag-elegant-mens-shoes","13":"product_tag-formal-shoes","14":"product_tag-genuine-leather-footwear","15":"product_tag-leather-shoes","16":"product_tag-mens-black-genuine-leather-oxford-shoes","17":"product_tag-mens-dress-shoes","18":"product_tag-mens-formal-footwear","19":"desktop-align-center","20":"tablet-align-center","21":"mobile-align-center","23":"first","24":"instock","25":"shipping-taxable","26":"purchasable","27":"product-type-variable","28":"has-default-attributes"},"acf":[],"uagb_featured_image_src":{"full":["https:\/\/turkishtrade.co\/wp-content\/uploads\/2026\/01\/2600NZWMN00021-BLACK.png",453,250,false],"thumbnail":["https:\/\/turkishtrade.co\/wp-content\/uploads\/2026\/01\/2600NZWMN00021-BLACK-150x150.png",150,150,true],"medium":["https:\/\/turkishtrade.co\/wp-content\/uploads\/2026\/01\/2600NZWMN00021-BLACK-300x166.png",300,166,true],"medium_large":["https:\/\/turkishtrade.co\/wp-content\/uploads\/2026\/01\/2600NZWMN00021-BLACK.png",453,250,false],"large":["https:\/\/turkishtrade.co\/wp-content\/uploads\/2026\/01\/2600NZWMN00021-BLACK.png",453,250,false],"1536x1536":["https:\/\/turkishtrade.co\/wp-content\/uploads\/2026\/01\/2600NZWMN00021-BLACK.png",453,250,false],"2048x2048":["https:\/\/turkishtrade.co\/wp-content\/uploads\/2026\/01\/2600NZWMN00021-BLACK.png",453,250,false],"trp-custom-language-flag":["https:\/\/turkishtrade.co\/wp-content\/uploads\/2026\/01\/2600NZWMN00021-BLACK-18x10.png",18,10,true],"woocommerce_thumbnail":["https:\/\/turkishtrade.co\/wp-content\/uploads\/2026\/01\/2600NZWMN00021-BLACK-400x250.png",400,250,true],"woocommerce_single":["https:\/\/turkishtrade.co\/wp-content\/uploads\/2026\/01\/2600NZWMN00021-BLACK.png",453,250,false],"woocommerce_gallery_thumbnail":["https:\/\/turkishtrade.co\/wp-content\/uploads\/2026\/01\/2600NZWMN00021-BLACK-100x100.png",100,100,true]},"uagb_author_info":{"display_name":"python python","author_link":"https:\/\/turkishtrade.co\/tr\/author\/"},"uagb_comment_info":0,"uagb_excerpt":"Experience unparalleled sophistication with these classic Men's Black Genuine Leather Oxford Shoes. Crafted from premium genuine calf leather for the upper and soft goat leather for the inner lining. Features a comfortable and lightweight EVA sole, perfect for extended wear. Ideal for formal events, business meetings, and elegant evening wear. Wholesale orders are welcome with&hellip;","_links":{"self":[{"href":"https:\/\/turkishtrade.co\/tr\/wp-json\/wp\/v2\/product\/8321","targetHints":{"allow":["GET"]}}],"collection":[{"href":"https:\/\/turkishtrade.co\/tr\/wp-json\/wp\/v2\/product"}],"about":[{"href":"https:\/\/turkishtrade.co\/tr\/wp-json\/wp\/v2\/types\/product"}],"wp:featuredmedia":[{"embeddable":true,"href":"https:\/\/turkishtrade.co\/tr\/wp-json\/wp\/v2\/media\/6875"}],"wp:attachment":[{"href":"https:\/\/turkishtrade.co\/tr\/wp-json\/wp\/v2\/media?parent=8321"}],"wp:term":[{"taxonomy":"product_brand","embeddable":true,"href":"https:\/\/turkishtrade.co\/tr\/wp-json\/wp\/v2\/product_brand?post=8321"},{"taxonomy":"product_cat","embeddable":true,"href":"https:\/\/turkishtrade.co\/tr\/wp-json\/wp\/v2\/product_cat?post=8321"},{"taxonomy":"product_tag","embeddable":true,"href":"https:\/\/turkishtrade.co\/tr\/wp-json\/wp\/v2\/product_tag?post=8321"}],"curies":[{"name":"wp","href":"https:\/\/api.w.org\/{rel}","templated":true}]}}