{"id":8320,"date":"2026-01-29T14:49:18","date_gmt":"2026-01-29T14:49:18","guid":{"rendered":"https:\/\/turkishtrade.co\/?post_type=product&#038;p=8320"},"modified":"2026-04-09T20:29:20","modified_gmt":"2026-04-09T20:29:20","slug":"mens-black-leather-oxfords","status":"publish","type":"product","link":"https:\/\/turkishtrade.co\/tr\/shop\/mens-black-leather-oxfords\/","title":{"rendered":"Erkek Siyah Deri Oxfords Amazing | Erkek Siyah Deri Cap-Toe Oxford"},"content":{"rendered":"<h3>Timeless Erkek Siyah Deri Oxfords ile Stilinizi Y\u00fckseltin<\/h3>\n<p>\u00dcst\u00fcn kaliteli \u00fcr\u00fcnlerimizle sofistike \u015f\u0131kl\u0131\u011fa ad\u0131m at\u0131n <b>Erkek Siyah Deri Oxfords<\/b>. Hakiki dana ve ke\u00e7i derisi kar\u0131\u015f\u0131m\u0131ndan titizlikle \u00fcretilen bu klasik elbise ayakkab\u0131lar\u0131, kusursuz stil ve kal\u0131c\u0131 konfora de\u011fer veren modern beyefendiler i\u00e7in tasarlanm\u0131\u015ft\u0131r. Zengin siyah kaplama, \u00e7ok y\u00f6nl\u00fcl\u00fck sa\u011flayarak bu ayakkab\u0131lar\u0131 her t\u00fcrl\u00fc resmi veya i\u015f ortam\u0131 i\u00e7in m\u00fckemmel, se\u00e7kin bir gard\u0131rop i\u00e7in \u00f6nemli bir eklenti haline getirir.<\/p>\n<h3>Siyah Deri Oxfords'umuzda E\u015fsiz \u0130\u015f\u00e7ilik ve Konfor<\/h3>\n<p>Bizim enfes <b>Erkek Siyah Deri Oxfords<\/b> resmi \u00e7ekicili\u011finden \u00f6d\u00fcn vermeden klasik bir cazibe katan ince brogue delikleriyle vurgulanan se\u00e7kin bir burun tasar\u0131m\u0131na sahiptir. Geleneksel oxfordlar\u0131n karakteristik \u00f6zelli\u011fi olan kapal\u0131 ba\u011fc\u0131k sistemi, tak\u0131m elbise, smokin ve \u015f\u0131k i\u015f k\u0131yafetleriyle m\u00fckemmel uyum sa\u011flayan \u015f\u0131k bir siluet sunar. Konforun \u00f6nemini biliyoruz, bu nedenle bu ayakkab\u0131lar g\u00fcn boyu kullan\u0131m i\u00e7in m\u00fckemmel yast\u0131klama ve esneklik sunan destekleyici ve dayan\u0131kl\u0131 bir tabanla \u00fcretilmi\u015ftir. Hakiki deri astar nefes alabilirli\u011fi daha da art\u0131r\u0131r ve zamanla aya\u011f\u0131n\u0131za uyum sa\u011flayarak benzersiz bir uyum sa\u011flar.<\/p>\n<p>39'dan 45'e kadar kapsaml\u0131 bir Avrupa beden yelpazesinde mevcut oldu\u011fundan, m\u00fckemmel uyumunuzu bulmak zahmetsizdir. \u0130ster \u00f6nemli bir i\u015f toplant\u0131s\u0131na, ister resmi bir d\u00fc\u011f\u00fcne kat\u0131l\u0131yor olun, ister sadece g\u00fcnl\u00fck ofis g\u00f6r\u00fcn\u00fcm\u00fcn\u00fcz\u00fc y\u00fckseltmeyi hedefliyor olun, bu \u00e7ok y\u00f6nl\u00fc <b>Erkek Siyah Deri Oxfords<\/b> nihai se\u00e7iminizdir. Zamans\u0131z tasar\u0131mlar\u0131 sayesinde sezondan sezona \u015f\u0131kl\u0131klar\u0131n\u0131 korurlar, bu da onlar\u0131 ki\u015fisel sunumunuz i\u00e7in ak\u0131ll\u0131ca bir yat\u0131r\u0131m ve her sofistike tak\u0131m i\u00e7in temel bir par\u00e7a haline getirir.<\/p>\n<h3>Kalite \u0130\u015fareti: Hakiki Deri ve \u00dcst\u00fcn Tasar\u0131m<\/h3>\n<p>\u00dcr\u00fcn detaylar\u0131nda belirtilen \u201chakiki deri\u201d, bekleyebilece\u011finiz kalite hakk\u0131nda \u00e7ok \u015fey anlatmaktad\u0131r. Hem dana hem de ke\u00e7i derisi esnek dokular\u0131, dayan\u0131kl\u0131l\u0131klar\u0131 ve zaman i\u00e7inde benzersiz bir patina geli\u015ftirerek zarif bir \u015fekilde eskime yetenekleriyle \u00fcnl\u00fcd\u00fcr. Hassas diki\u015flerden sa\u011flam taban yap\u0131s\u0131na kadar detaylara g\u00f6sterilen \u00f6zen, yaln\u0131zca ola\u011fan\u00fcst\u00fc g\u00f6r\u00fcnmekle kalmay\u0131p ayn\u0131 zamanda g\u00fcnl\u00fck kullan\u0131m\u0131n zorluklar\u0131na da dayan\u0131kl\u0131 ayakkab\u0131lar sunma konusundaki kararl\u0131l\u0131\u011f\u0131m\u0131z\u0131n alt\u0131n\u0131 \u00e7iziyor. Bunlar sadece ayakkab\u0131 de\u011fil; sofistike bir ifade ve kal\u0131c\u0131 i\u015f\u00e7ili\u011fin bir kan\u0131t\u0131d\u0131r. Birinci s\u0131n\u0131f malzemelerin ve uzman yap\u0131n\u0131n yaratt\u0131\u011f\u0131 fark\u0131 se\u00e7kin ayakkab\u0131lar\u0131m\u0131zla deneyimleyin.<\/p>\n<p>Bu y\u00fcksek kaliteli ayakkab\u0131lar\u0131 perakendecilere ve i\u015fletmelere sunmaktan gurur duyuyoruz. Toptan sat\u0131\u015f i\u00e7in minimum sipari\u015f 8 \u00e7ifttir. Toptan sat\u0131\u015f talepleri i\u00e7in, cazip ortakl\u0131k f\u0131rsatlar\u0131m\u0131z\u0131 g\u00f6r\u00fc\u015fmek \u00fczere l\u00fctfen do\u011frudan bizimle ileti\u015fime ge\u00e7in.<\/p>","protected":false},"excerpt":{"rendered":"<ul>\n<li>Birinci s\u0131n\u0131f hakiki dana ve ke\u00e7i derisi yap\u0131.<\/li>\n<li>\u0130nce brogue perforasyonlara sahip klasik cap-toe oxford tasar\u0131m.<\/li>\n<li>T\u00fcm g\u00fcn kullan\u0131m i\u00e7in rahat ve dayan\u0131kl\u0131 taban.<\/li>\n<li>\u015e\u0131k ve resmi bir g\u00f6r\u00fcn\u00fcm i\u00e7in zarif kapal\u0131 ba\u011fc\u0131k sistemi.<\/li>\n<li>39-45 Avrupa bedenlerinde mevcuttur.<\/li>\n<li>Resmi davetler, i\u015f k\u0131yafetleri ve sofistike g\u00fcnl\u00fck giyim i\u00e7in idealdir.<\/li>\n<li>Toplu sipari\u015fler i\u00e7in toptan sat\u0131\u015f talepleri kabul edilir (minimum 8 \u00e7ift).<\/li>\n<\/ul>","protected":false},"featured_media":6874,"template":"","meta":{"_acf_changed":false,"_uag_custom_page_level_css":"","site-sidebar-layout":"default","site-content-layout":"","ast-site-content-layout":"default","site-content-style":"default","site-sidebar-style":"default","ast-global-header-display":"","ast-banner-title-visibility":"","ast-main-header-display":"","ast-hfb-above-header-display":"","ast-hfb-below-header-display":"","ast-hfb-mobile-header-display":"","site-post-title":"","ast-breadcrumbs-content":"","ast-featured-img":"","footer-sml-layout":"","ast-disable-related-posts":"","theme-transparent-header-meta":"","adv-header-id-meta":"","stick-header-meta":"","header-above-stick-meta":"","header-main-stick-meta":"","header-below-stick-meta":"","astra-migrate-meta-layouts":"default","ast-page-background-enabled":"default","ast-page-background-meta":{"desktop":{"background-color":"var(--ast-global-color-4)","background-image":"","background-repeat":"repeat","background-position":"center center","background-size":"auto","background-attachment":"scroll","background-type":"","background-media":"","overlay-type":"","overlay-color":"","overlay-opacity":"","overlay-gradient":""},"tablet":{"background-color":"","background-image":"","background-repeat":"repeat","background-position":"center center","background-size":"auto","background-attachment":"scroll","background-type":"","background-media":"","overlay-type":"","overlay-color":"","overlay-opacity":"","overlay-gradient":""},"mobile":{"background-color":"","background-image":"","background-repeat":"repeat","background-position":"center center","background-size":"auto","background-attachment":"scroll","background-type":"","background-media":"","overlay-type":"","overlay-color":"","overlay-opacity":"","overlay-gradient":""}},"ast-content-background-meta":{"desktop":{"background-color":"var(--ast-global-color-5)","background-image":"","background-repeat":"repeat","background-position":"center center","background-size":"auto","background-attachment":"scroll","background-type":"","background-media":"","overlay-type":"","overlay-color":"","overlay-opacity":"","overlay-gradient":""},"tablet":{"background-color":"var(--ast-global-color-5)","background-image":"","background-repeat":"repeat","background-position":"center center","background-size":"auto","background-attachment":"scroll","background-type":"","background-media":"","overlay-type":"","overlay-color":"","overlay-opacity":"","overlay-gradient":""},"mobile":{"background-color":"var(--ast-global-color-5)","background-image":"","background-repeat":"repeat","background-position":"center center","background-size":"auto","background-attachment":"scroll","background-type":"","background-media":"","overlay-type":"","overlay-color":"","overlay-opacity":"","overlay-gradient":""}}},"product_brand":[],"product_cat":[47,430,1200],"product_tag":[295,405,541,145,251,952,535,652,255],"class_list":{"0":"post-8320","1":"product","2":"type-product","3":"status-publish","4":"has-post-thumbnail","6":"product_cat-classic","7":"product_cat-men","8":"product_cat-mens-shoes-2","9":"product_tag-black-dress-shoes","10":"product_tag-business-shoes","11":"product_tag-cap-toe-oxfords","12":"product_tag-classic-shoes","13":"product_tag-formal-shoes","14":"product_tag-genuine-leather-shoes","15":"product_tag-leather-dress-shoes","16":"product_tag-mens-black-leather-oxfords","17":"product_tag-turkish-leather-shoes","18":"desktop-align-center","19":"tablet-align-center","20":"mobile-align-center","22":"first","23":"instock","24":"shipping-taxable","25":"purchasable","26":"product-type-variable","27":"has-default-attributes"},"acf":[],"uagb_featured_image_src":{"full":["https:\/\/turkishtrade.co\/wp-content\/uploads\/2026\/01\/2600NZWMN00020-BLACK.png",453,250,false],"thumbnail":["https:\/\/turkishtrade.co\/wp-content\/uploads\/2026\/01\/2600NZWMN00020-BLACK-150x150.png",150,150,true],"medium":["https:\/\/turkishtrade.co\/wp-content\/uploads\/2026\/01\/2600NZWMN00020-BLACK-300x166.png",300,166,true],"medium_large":["https:\/\/turkishtrade.co\/wp-content\/uploads\/2026\/01\/2600NZWMN00020-BLACK.png",453,250,false],"large":["https:\/\/turkishtrade.co\/wp-content\/uploads\/2026\/01\/2600NZWMN00020-BLACK.png",453,250,false],"1536x1536":["https:\/\/turkishtrade.co\/wp-content\/uploads\/2026\/01\/2600NZWMN00020-BLACK.png",453,250,false],"2048x2048":["https:\/\/turkishtrade.co\/wp-content\/uploads\/2026\/01\/2600NZWMN00020-BLACK.png",453,250,false],"trp-custom-language-flag":["https:\/\/turkishtrade.co\/wp-content\/uploads\/2026\/01\/2600NZWMN00020-BLACK-18x10.png",18,10,true],"woocommerce_thumbnail":["https:\/\/turkishtrade.co\/wp-content\/uploads\/2026\/01\/2600NZWMN00020-BLACK-400x250.png",400,250,true],"woocommerce_single":["https:\/\/turkishtrade.co\/wp-content\/uploads\/2026\/01\/2600NZWMN00020-BLACK.png",453,250,false],"woocommerce_gallery_thumbnail":["https:\/\/turkishtrade.co\/wp-content\/uploads\/2026\/01\/2600NZWMN00020-BLACK-100x100.png",100,100,true]},"uagb_author_info":{"display_name":"python python","author_link":"https:\/\/turkishtrade.co\/tr\/author\/"},"uagb_comment_info":0,"uagb_excerpt":"Premium genuine calf and goat leather construction. Classic cap-toe oxford design with subtle brogue perforations. Comfortable and durable sole for all-day wear. Elegant closed lacing system for a sleek, formal look. Available in European sizes 39-45. Ideal for formal occasions, business attire, and sophisticated everyday wear. Wholesale inquiries welcome for bulk orders (minimum 8 pairs).","_links":{"self":[{"href":"https:\/\/turkishtrade.co\/tr\/wp-json\/wp\/v2\/product\/8320","targetHints":{"allow":["GET"]}}],"collection":[{"href":"https:\/\/turkishtrade.co\/tr\/wp-json\/wp\/v2\/product"}],"about":[{"href":"https:\/\/turkishtrade.co\/tr\/wp-json\/wp\/v2\/types\/product"}],"wp:featuredmedia":[{"embeddable":true,"href":"https:\/\/turkishtrade.co\/tr\/wp-json\/wp\/v2\/media\/6874"}],"wp:attachment":[{"href":"https:\/\/turkishtrade.co\/tr\/wp-json\/wp\/v2\/media?parent=8320"}],"wp:term":[{"taxonomy":"product_brand","embeddable":true,"href":"https:\/\/turkishtrade.co\/tr\/wp-json\/wp\/v2\/product_brand?post=8320"},{"taxonomy":"product_cat","embeddable":true,"href":"https:\/\/turkishtrade.co\/tr\/wp-json\/wp\/v2\/product_cat?post=8320"},{"taxonomy":"product_tag","embeddable":true,"href":"https:\/\/turkishtrade.co\/tr\/wp-json\/wp\/v2\/product_tag?post=8320"}],"curies":[{"name":"wp","href":"https:\/\/api.w.org\/{rel}","templated":true}]}}