{"id":8319,"date":"2026-01-29T14:49:18","date_gmt":"2026-01-29T14:49:18","guid":{"rendered":"https:\/\/turkishtrade.co\/?post_type=product&#038;p=8319"},"modified":"2026-04-09T20:29:23","modified_gmt":"2026-04-09T20:29:23","slug":"mens-black-cap-toe-oxfords","status":"publish","type":"product","link":"https:\/\/turkishtrade.co\/tr\/shop\/mens-black-cap-toe-oxfords\/","title":{"rendered":"Erkek Siyah Cap Toe Oxfords Ultimate | Erkek Siyah Hakiki Deri Cap"},"content":{"rendered":"<p>Resmi gard\u0131robunuzu zarif \u00fcr\u00fcnlerimizle y\u00fckseltin <strong>Erkek Siyah Cap Toe Oxfords<\/strong>. Bu klasik elbise ayakkab\u0131lar\u0131, se\u00e7ici beyefendiler i\u00e7in titizlikle haz\u0131rlanm\u0131\u015f, sofistike ve zamans\u0131z stilin \u00f6z\u00fcd\u00fcr. Her bir \u00e7ift, d\u0131\u015f y\u00fczeyi p\u00fcr\u00fczs\u00fcz ve parlak bir g\u00f6r\u00fcn\u00fcm sunan hakiki dana derisi ile her ad\u0131mda nefes alabilen rahatl\u0131k ve l\u00fcks bir his sa\u011flayan i\u00e7 astar i\u00e7in esnek ke\u00e7i derisinin uyumlu bir kar\u0131\u015f\u0131m\u0131ndan \u00fcretilmi\u015ftir.<\/p>\n<p>Bu ayakkab\u0131lar\u0131n ikonik parmak ucu tasar\u0131m\u0131 <strong>Erkek Siyah Cap Toe Oxfords<\/strong> bu ayakkab\u0131lar\u0131 her t\u00fcrl\u00fc resmi etkinlik i\u00e7in vazge\u00e7ilmez bir elyaf haline getirir. \u0130ster \u00f6nemli bir i\u015f toplant\u0131s\u0131na, ister bir d\u00fc\u011f\u00fcne ya da sofistike bir ak\u015fam etkinli\u011fine kat\u0131l\u0131yor olun, bu ayakkab\u0131lar benzersiz bir zarafet dokunu\u015fuyla tak\u0131m\u0131n\u0131z\u0131 tamamlayacakt\u0131r. Geleneksel ba\u011fc\u0131kl\u0131 kapama g\u00fcvenli ve ayarlanabilir bir uyum sa\u011flarken, \u015f\u0131k siluet profesyonel imaj\u0131n\u0131z\u0131 g\u00fc\u00e7lendirir.<\/p>\n<h3>Her \u00c7iftte Rakipsiz Konfor ve \u0130\u015f\u00e7ilik<\/h3>\n<p>\u00c7arp\u0131c\u0131 esteti\u011finin \u00f6tesinde, konfor bizim i\u00e7in her \u015feyden \u00f6nemlidir <strong>Erkek Siyah Cap Toe Oxfords<\/strong>. Her ayakkab\u0131, g\u00fcn boyunca \u00fcst\u00fcn yast\u0131klama ve destek sa\u011flayan EVA malzeme ile geli\u015ftirilmi\u015f ergonomik tasar\u0131ml\u0131 bir ayak taban\u0131na sahiptir. Bu yenilik\u00e7i i\u00e7 yap\u0131, konforun klasik d\u0131\u015f tasar\u0131mdan \u00f6d\u00fcn vermemesini sa\u011flayarak ayakkab\u0131y\u0131 yorulmadan uzun s\u00fcreli kullan\u0131m i\u00e7in uygun hale getirir. Dayan\u0131kl\u0131, geleneksel taban g\u00fcvenilir kavrama ve esneklik sunarak uzun \u00f6m\u00fcr ve tutarl\u0131 performans vaat eder.<\/p>\n<p>Bu hakiki deri elbise ayakkab\u0131lar\u0131n\u0131n her bir \u00e7iftinde kullan\u0131lan ola\u011fan\u00fcst\u00fc i\u015f\u00e7ilikle gurur duyuyoruz. Hassas diki\u015flerden ustal\u0131kla tamamlanm\u0131\u015f kenarlara kadar her ayr\u0131nt\u0131 kaliteye olan ba\u011fl\u0131l\u0131\u011f\u0131m\u0131z\u0131 yans\u0131t\u0131yor. 39'dan 45'e kadar geni\u015f bir beden yelpazesinde mevcut olan bu ayakkab\u0131lar, m\u00fckemmel uyumunuzu zahmetsizce bulman\u0131z\u0131 sa\u011flayarak d\u0131\u015far\u0131ya g\u00fcven ve rahatl\u0131k i\u00e7inde ad\u0131m atman\u0131z\u0131 garanti eder. Y\u00fcksek kaliteli ayakkab\u0131 stoklamak isteyen i\u015fletmeler i\u00e7in bu <strong>Erkek Siyah Cap Toe Oxfords<\/strong> minimum 8 \u00e7ift sipari\u015fle toptan sat\u0131n al\u0131nabilir ve m\u00fc\u015fterilerinize birinci s\u0131n\u0131f erkek elbise ayakkab\u0131lar\u0131 sunmak i\u00e7in m\u00fckemmel bir f\u0131rsat sa\u011flar.<\/p>\n<p>Bir \u00e7ift \u00fcr\u00fcn\u00fcm\u00fcze yat\u0131r\u0131m yap\u0131n <strong>Erkek Siyah Cap Toe Oxfords<\/strong> ve klasik tarz\u0131n, \u00fcst\u00fcn malzemelerin ve modern konforun m\u00fckemmel birle\u015fimini deneyimleyin. Bunlar bir ayakkab\u0131dan \u00e7ok daha fazlas\u0131d\u0131r; en se\u00e7kin anlar\u0131n\u0131z\u0131 tamamlamak i\u00e7in tasarlanm\u0131\u015f bir s\u0131n\u0131f ve kal\u0131c\u0131 kalite ifadesidir.<\/p>","protected":false},"excerpt":{"rendered":"<ul>\n<li>L\u00fcks his ve dayan\u0131kl\u0131l\u0131k i\u00e7in birinci s\u0131n\u0131f hakiki dana ve ke\u00e7i derisinden \u00fcretilmi\u015ftir.<\/li>\n<li>Resmi ve i\u015f k\u0131yafetleri i\u00e7in m\u00fckemmel, zamans\u0131z bir Oxford tasar\u0131m\u0131na sahiptir.<\/li>\n<li>T\u00fcm g\u00fcn giyilebilirlik sa\u011flayan, konforu art\u0131r\u0131lm\u0131\u015f bir ayak taban\u0131 ile tasarlanm\u0131\u015ft\u0131r.<\/li>\n<li>Dayan\u0131kl\u0131, klasik taban dengeli tutu\u015f ve uzun \u00f6m\u00fcrl\u00fc kalite sa\u011flar.<\/li>\n<li>M\u00fckemmel bir uyum sa\u011flamak i\u00e7in 39'dan 45'e kadar kapsaml\u0131 bir beden yelpazesi mevcuttur.<\/li>\n<li>Toptan sipari\u015fler minimum 8 \u00e7ift miktar\u0131yla kabul edilir.<\/li>\n<\/ul>","protected":false},"featured_media":6873,"template":"","meta":{"_acf_changed":false,"_uag_custom_page_level_css":"","site-sidebar-layout":"default","site-content-layout":"","ast-site-content-layout":"default","site-content-style":"default","site-sidebar-style":"default","ast-global-header-display":"","ast-banner-title-visibility":"","ast-main-header-display":"","ast-hfb-above-header-display":"","ast-hfb-below-header-display":"","ast-hfb-mobile-header-display":"","site-post-title":"","ast-breadcrumbs-content":"","ast-featured-img":"","footer-sml-layout":"","ast-disable-related-posts":"","theme-transparent-header-meta":"","adv-header-id-meta":"","stick-header-meta":"","header-above-stick-meta":"","header-main-stick-meta":"","header-below-stick-meta":"","astra-migrate-meta-layouts":"default","ast-page-background-enabled":"default","ast-page-background-meta":{"desktop":{"background-color":"var(--ast-global-color-4)","background-image":"","background-repeat":"repeat","background-position":"center center","background-size":"auto","background-attachment":"scroll","background-type":"","background-media":"","overlay-type":"","overlay-color":"","overlay-opacity":"","overlay-gradient":""},"tablet":{"background-color":"","background-image":"","background-repeat":"repeat","background-position":"center center","background-size":"auto","background-attachment":"scroll","background-type":"","background-media":"","overlay-type":"","overlay-color":"","overlay-opacity":"","overlay-gradient":""},"mobile":{"background-color":"","background-image":"","background-repeat":"repeat","background-position":"center center","background-size":"auto","background-attachment":"scroll","background-type":"","background-media":"","overlay-type":"","overlay-color":"","overlay-opacity":"","overlay-gradient":""}},"ast-content-background-meta":{"desktop":{"background-color":"var(--ast-global-color-5)","background-image":"","background-repeat":"repeat","background-position":"center center","background-size":"auto","background-attachment":"scroll","background-type":"","background-media":"","overlay-type":"","overlay-color":"","overlay-opacity":"","overlay-gradient":""},"tablet":{"background-color":"var(--ast-global-color-5)","background-image":"","background-repeat":"repeat","background-position":"center center","background-size":"auto","background-attachment":"scroll","background-type":"","background-media":"","overlay-type":"","overlay-color":"","overlay-opacity":"","overlay-gradient":""},"mobile":{"background-color":"var(--ast-global-color-5)","background-image":"","background-repeat":"repeat","background-position":"center center","background-size":"auto","background-attachment":"scroll","background-type":"","background-media":"","overlay-type":"","overlay-color":"","overlay-opacity":"","overlay-gradient":""}}},"product_brand":[],"product_cat":[47,430,1200],"product_tag":[405,185,1305,609,251,1304,1306,1303,666,633],"class_list":{"0":"post-8319","1":"product","2":"type-product","3":"status-publish","4":"has-post-thumbnail","6":"product_cat-classic","7":"product_cat-men","8":"product_cat-mens-shoes-2","9":"product_tag-business-shoes","10":"product_tag-calf-leather-shoes","11":"product_tag-classic-oxford-shoes","12":"product_tag-elegant-mens-shoes","13":"product_tag-formal-shoes","14":"product_tag-genuine-leather-dress-shoes","15":"product_tag-lace-up-oxfords","16":"product_tag-mens-black-cap-toe-oxfords","17":"product_tag-mens-formal-footwear","18":"product_tag-wholesale-dress-shoes","19":"desktop-align-center","20":"tablet-align-center","21":"mobile-align-center","23":"first","24":"instock","25":"shipping-taxable","26":"purchasable","27":"product-type-variable","28":"has-default-attributes"},"acf":[],"uagb_featured_image_src":{"full":["https:\/\/turkishtrade.co\/wp-content\/uploads\/2026\/01\/2600NZWMN00019-BLACK.png",453,250,false],"thumbnail":["https:\/\/turkishtrade.co\/wp-content\/uploads\/2026\/01\/2600NZWMN00019-BLACK-150x150.png",150,150,true],"medium":["https:\/\/turkishtrade.co\/wp-content\/uploads\/2026\/01\/2600NZWMN00019-BLACK-300x166.png",300,166,true],"medium_large":["https:\/\/turkishtrade.co\/wp-content\/uploads\/2026\/01\/2600NZWMN00019-BLACK.png",453,250,false],"large":["https:\/\/turkishtrade.co\/wp-content\/uploads\/2026\/01\/2600NZWMN00019-BLACK.png",453,250,false],"1536x1536":["https:\/\/turkishtrade.co\/wp-content\/uploads\/2026\/01\/2600NZWMN00019-BLACK.png",453,250,false],"2048x2048":["https:\/\/turkishtrade.co\/wp-content\/uploads\/2026\/01\/2600NZWMN00019-BLACK.png",453,250,false],"trp-custom-language-flag":["https:\/\/turkishtrade.co\/wp-content\/uploads\/2026\/01\/2600NZWMN00019-BLACK-18x10.png",18,10,true],"woocommerce_thumbnail":["https:\/\/turkishtrade.co\/wp-content\/uploads\/2026\/01\/2600NZWMN00019-BLACK-400x250.png",400,250,true],"woocommerce_single":["https:\/\/turkishtrade.co\/wp-content\/uploads\/2026\/01\/2600NZWMN00019-BLACK.png",453,250,false],"woocommerce_gallery_thumbnail":["https:\/\/turkishtrade.co\/wp-content\/uploads\/2026\/01\/2600NZWMN00019-BLACK-100x100.png",100,100,true]},"uagb_author_info":{"display_name":"python python","author_link":"https:\/\/turkishtrade.co\/tr\/author\/"},"uagb_comment_info":0,"uagb_excerpt":"Crafted from premium genuine calf and goat leather for luxurious feel and durability. Features a timeless cap toe Oxford design, perfect for formal and business attire. Engineered with a comfort-enhanced footbed, providing all-day wearability. Durable, classic sole ensures stable traction and long-lasting quality. Available in a comprehensive range of sizes from 39 to 45 to&hellip;","_links":{"self":[{"href":"https:\/\/turkishtrade.co\/tr\/wp-json\/wp\/v2\/product\/8319","targetHints":{"allow":["GET"]}}],"collection":[{"href":"https:\/\/turkishtrade.co\/tr\/wp-json\/wp\/v2\/product"}],"about":[{"href":"https:\/\/turkishtrade.co\/tr\/wp-json\/wp\/v2\/types\/product"}],"wp:featuredmedia":[{"embeddable":true,"href":"https:\/\/turkishtrade.co\/tr\/wp-json\/wp\/v2\/media\/6873"}],"wp:attachment":[{"href":"https:\/\/turkishtrade.co\/tr\/wp-json\/wp\/v2\/media?parent=8319"}],"wp:term":[{"taxonomy":"product_brand","embeddable":true,"href":"https:\/\/turkishtrade.co\/tr\/wp-json\/wp\/v2\/product_brand?post=8319"},{"taxonomy":"product_cat","embeddable":true,"href":"https:\/\/turkishtrade.co\/tr\/wp-json\/wp\/v2\/product_cat?post=8319"},{"taxonomy":"product_tag","embeddable":true,"href":"https:\/\/turkishtrade.co\/tr\/wp-json\/wp\/v2\/product_tag?post=8319"}],"curies":[{"name":"wp","href":"https:\/\/api.w.org\/{rel}","templated":true}]}}