{"id":8317,"date":"2026-01-29T14:49:18","date_gmt":"2026-01-29T14:49:18","guid":{"rendered":"https:\/\/turkishtrade.co\/?post_type=product&#038;p=8317"},"modified":"2026-04-09T20:29:29","modified_gmt":"2026-04-09T20:29:29","slug":"mens-genuine-leather-oxford-shoes","status":"publish","type":"product","link":"https:\/\/turkishtrade.co\/tr\/shop\/mens-genuine-leather-oxford-shoes\/","title":{"rendered":"Erkek Hakiki Deri Oxford Ayakkab\u0131 Timsah Kabartmal\u0131 Detay ile \u0130nan\u0131lmaz |"},"content":{"rendered":"<p><strong>Erkek Hakiki Deri Oxford Ayakkab\u0131<\/strong>. \u0130nan\u0131lmaz kalite ve tasar\u0131m.<\/p>\n<p>Enfes tasar\u0131m\u0131m\u0131zla benzersiz bir stil ve konfora ad\u0131m at\u0131n <strong>Erkek Hakiki Deri Oxford Ayakkab\u0131<\/strong>. En iyi hakiki dana ve ke\u00e7i derisinden titizlikle \u00fcretilen bu ayakkab\u0131lar, hem zarafete hem de dayan\u0131kl\u0131l\u0131\u011fa de\u011fer veren se\u00e7ici beyefendiler i\u00e7in tasarlanm\u0131\u015ft\u0131r. Zengin siyah deri, burun kapa\u011f\u0131 ve yan panellerdeki ay\u0131rt edici timsah kabartmal\u0131 detaylarla birle\u015fti\u011finde, bu klasik ayakkab\u0131lar\u0131 s\u0131radanl\u0131ktan ay\u0131ran benzersiz bir doku ve sofistike bir yetenek kat\u0131yor. Her bir diki\u015fi uzman i\u015f\u00e7ili\u011fi yans\u0131tan bu \u00fcr\u00fcn, sadece muhte\u015fem g\u00f6r\u00fcnmekle kalmaz, ayn\u0131 zamanda zamana kar\u015f\u0131 da dayan\u0131kl\u0131d\u0131r.<\/p>\n<p>Bizim <strong>Erkek Hakiki Deri Oxford Ayakkab\u0131<\/strong> bir moda ifadesinden \u00e7ok daha fazlas\u0131d\u0131r; kal\u0131c\u0131 kaliteye yap\u0131lan bir yat\u0131r\u0131md\u0131r. Hakiki deri yap\u0131s\u0131 nefes alabilirlik sa\u011flar ve zamanla aya\u011f\u0131n\u0131za uyum sa\u011flayarak her giyimde daha rahat hale gelen \u00f6zel bir uyum sa\u011flar. Birinci s\u0131n\u0131f \u00fcst k\u0131sm\u0131 tamamlayan hafif ancak inan\u0131lmaz derecede dayan\u0131kl\u0131 EVA taban. Bu geli\u015fmi\u015f taban teknolojisi ola\u011fan\u00fcst\u00fc yast\u0131klama ve destek sunarak ayak yorgunlu\u011funu azalt\u0131r ve en yo\u011fun g\u00fcnlerinizde veya en \u00f6zel ak\u015famlar\u0131n\u0131zda kolayl\u0131kla ve g\u00fcvenle hareket etmenizi sa\u011flar. \u0130ster \u00f6nemli bir i\u015f toplant\u0131s\u0131na, ister bir d\u00fc\u011f\u00fcne ya da \u015f\u0131k bir ak\u015fam yeme\u011fine kat\u0131l\u0131yor olun, bu ayakkab\u0131lar tak\u0131m\u0131n\u0131z i\u00e7in m\u00fckemmel bir temel olu\u015fturacakt\u0131r.<\/p>\n<h3>Zamans\u0131z Tasar\u0131m Modern Konforla Bulu\u015fuyor<\/h3>\n<p>Zamans\u0131z Oxford tasar\u0131m\u0131, bu ayakkab\u0131lar\u0131 her gard\u0131rop i\u00e7in \u00e7ok y\u00f6nl\u00fc bir eklenti haline getirir. Resmi i\u015f k\u0131yafetlerinden sofistike gece k\u0131yafetlerine sorunsuzca ge\u00e7i\u015f yaparak her zaman \u015f\u0131k bir izlenim b\u0131rakman\u0131z\u0131 sa\u011flar. 39'dan 45'e kadar uzanan geni\u015f bir beden yelpazesinde her aya\u011fa m\u00fckemmel uyum sa\u011fl\u0131yoruz. Sa\u011flam yap\u0131s\u0131 ve y\u00fcksek kaliteli malzemeleri sayesinde bu <strong>Erkek Hakiki Deri Oxford Ayakkab\u0131<\/strong> uzun s\u00fcre dayanacak \u015fekilde \u00fcretilmi\u015ftir ve ayakkab\u0131 koleksiyonunuz i\u00e7in s\u00fcrd\u00fcr\u00fclebilir bir se\u00e7imdir.<\/p>\n<h3>Toptan Sat\u0131\u015f F\u0131rsatlar\u0131<\/h3>\n<p>Birinci s\u0131n\u0131f ayakkab\u0131lar sunmak isteyen perakendeciler ve i\u015fletmeler i\u00e7in bu klasik ayakkab\u0131lar toptan sat\u0131n al\u0131nabilir. Sadece 8 \u00e7iftlik minimum sipari\u015fle, m\u00fc\u015fteri memnuniyeti ve tekrar i\u015f vaat eden bir \u00fcr\u00fcn\u00fc stoklayabilirsiniz. Kaliteye ve klasik stile olan ba\u011fl\u0131l\u0131\u011f\u0131m\u0131z, bu hakiki deri ayakkab\u0131lar\u0131n aranan bir \u00fcr\u00fcn olmas\u0131n\u0131 sa\u011flar. Ola\u011fan\u00fcst\u00fc siyah deri Oxfords ayakkab\u0131lar\u0131m\u0131zla gelenek, l\u00fcks ve modern konforun m\u00fckemmel kar\u0131\u015f\u0131m\u0131n\u0131 deneyimleyin.<\/p>","protected":false},"excerpt":{"rendered":"<ul>\n<li>\u00dcst\u00fcn kalite i\u00e7in birinci s\u0131n\u0131f hakiki dana ve ke\u00e7i derisinden \u00fcretilmi\u015ftir.<\/li>\n<li>Parmak ucunda ve yan panellerde belirgin timsah kabartmal\u0131 detay.<\/li>\n<li>Zarif ve sofistike bir g\u00f6r\u00fcn\u00fcm i\u00e7in klasik Oxford ba\u011fc\u0131kl\u0131 tasar\u0131m.<\/li>\n<li>Hafif ve dayan\u0131kl\u0131 EVA taban g\u00fcn boyu konfor sa\u011flar.<\/li>\n<li>Geni\u015f bir beden yelpazesinde mevcuttur: 39, 40, 41, 42, 43, 44, 45.<\/li>\n<li>\u0130\u015f d\u00fcnyas\u0131, resmi etkinlikler ve l\u00fcks g\u00fcndelik giyim i\u00e7in idealdir.<\/li>\n<li>Minimum 8 \u00e7ift sipari\u015f ile toptan sat\u0131\u015f f\u0131rsatlar\u0131 mevcuttur.<\/li>\n<\/ul>","protected":false},"featured_media":6871,"template":"","meta":{"_acf_changed":false,"_uag_custom_page_level_css":"","site-sidebar-layout":"default","site-content-layout":"","ast-site-content-layout":"default","site-content-style":"default","site-sidebar-style":"default","ast-global-header-display":"","ast-banner-title-visibility":"","ast-main-header-display":"","ast-hfb-above-header-display":"","ast-hfb-below-header-display":"","ast-hfb-mobile-header-display":"","site-post-title":"","ast-breadcrumbs-content":"","ast-featured-img":"","footer-sml-layout":"","ast-disable-related-posts":"","theme-transparent-header-meta":"","adv-header-id-meta":"","stick-header-meta":"","header-above-stick-meta":"","header-main-stick-meta":"","header-below-stick-meta":"","astra-migrate-meta-layouts":"default","ast-page-background-enabled":"default","ast-page-background-meta":{"desktop":{"background-color":"var(--ast-global-color-4)","background-image":"","background-repeat":"repeat","background-position":"center center","background-size":"auto","background-attachment":"scroll","background-type":"","background-media":"","overlay-type":"","overlay-color":"","overlay-opacity":"","overlay-gradient":""},"tablet":{"background-color":"","background-image":"","background-repeat":"repeat","background-position":"center center","background-size":"auto","background-attachment":"scroll","background-type":"","background-media":"","overlay-type":"","overlay-color":"","overlay-opacity":"","overlay-gradient":""},"mobile":{"background-color":"","background-image":"","background-repeat":"repeat","background-position":"center center","background-size":"auto","background-attachment":"scroll","background-type":"","background-media":"","overlay-type":"","overlay-color":"","overlay-opacity":"","overlay-gradient":""}},"ast-content-background-meta":{"desktop":{"background-color":"var(--ast-global-color-5)","background-image":"","background-repeat":"repeat","background-position":"center center","background-size":"auto","background-attachment":"scroll","background-type":"","background-media":"","overlay-type":"","overlay-color":"","overlay-opacity":"","overlay-gradient":""},"tablet":{"background-color":"var(--ast-global-color-5)","background-image":"","background-repeat":"repeat","background-position":"center center","background-size":"auto","background-attachment":"scroll","background-type":"","background-media":"","overlay-type":"","overlay-color":"","overlay-opacity":"","overlay-gradient":""},"mobile":{"background-color":"var(--ast-global-color-5)","background-image":"","background-repeat":"repeat","background-position":"center center","background-size":"auto","background-attachment":"scroll","background-type":"","background-media":"","overlay-type":"","overlay-color":"","overlay-opacity":"","overlay-gradient":""}}},"product_brand":[],"product_cat":[47,430,1200],"product_tag":[196,405,534,284,287,251,221,286,204,281],"class_list":{"0":"post-8317","1":"product","2":"type-product","3":"status-publish","4":"has-post-thumbnail","6":"product_cat-classic","7":"product_cat-men","8":"product_cat-mens-shoes-2","9":"product_tag-black-leather-shoes","10":"product_tag-business-shoes","11":"product_tag-crocodile-embossed-shoes","12":"product_tag-dress-shoes","13":"product_tag-eva-sole-shoes","14":"product_tag-formal-shoes","15":"product_tag-genuine-leather","16":"product_tag-mens-leather-shoes","17":"product_tag-oxford-shoes","18":"product_tag-wholesale-shoes","19":"desktop-align-center","20":"tablet-align-center","21":"mobile-align-center","23":"first","24":"instock","25":"shipping-taxable","26":"purchasable","27":"product-type-variable","28":"has-default-attributes"},"acf":[],"uagb_featured_image_src":{"full":["https:\/\/turkishtrade.co\/wp-content\/uploads\/2026\/01\/2600NZWMN00017-BLACK.png",453,250,false],"thumbnail":["https:\/\/turkishtrade.co\/wp-content\/uploads\/2026\/01\/2600NZWMN00017-BLACK-150x150.png",150,150,true],"medium":["https:\/\/turkishtrade.co\/wp-content\/uploads\/2026\/01\/2600NZWMN00017-BLACK-300x166.png",300,166,true],"medium_large":["https:\/\/turkishtrade.co\/wp-content\/uploads\/2026\/01\/2600NZWMN00017-BLACK.png",453,250,false],"large":["https:\/\/turkishtrade.co\/wp-content\/uploads\/2026\/01\/2600NZWMN00017-BLACK.png",453,250,false],"1536x1536":["https:\/\/turkishtrade.co\/wp-content\/uploads\/2026\/01\/2600NZWMN00017-BLACK.png",453,250,false],"2048x2048":["https:\/\/turkishtrade.co\/wp-content\/uploads\/2026\/01\/2600NZWMN00017-BLACK.png",453,250,false],"trp-custom-language-flag":["https:\/\/turkishtrade.co\/wp-content\/uploads\/2026\/01\/2600NZWMN00017-BLACK-18x10.png",18,10,true],"woocommerce_thumbnail":["https:\/\/turkishtrade.co\/wp-content\/uploads\/2026\/01\/2600NZWMN00017-BLACK-400x250.png",400,250,true],"woocommerce_single":["https:\/\/turkishtrade.co\/wp-content\/uploads\/2026\/01\/2600NZWMN00017-BLACK.png",453,250,false],"woocommerce_gallery_thumbnail":["https:\/\/turkishtrade.co\/wp-content\/uploads\/2026\/01\/2600NZWMN00017-BLACK-100x100.png",100,100,true]},"uagb_author_info":{"display_name":"python python","author_link":"https:\/\/turkishtrade.co\/tr\/author\/"},"uagb_comment_info":0,"uagb_excerpt":"Crafted from premium genuine calf and goat leather for superior quality. Distinguished crocodile embossed detail on the toe cap and side panels. Classic Oxford lace-up design for a refined, sophisticated look. Lightweight and durable EVA sole ensures all-day comfort. Available in a wide range of sizes: 39, 40, 41, 42, 43, 44, 45. Ideal for&hellip;","_links":{"self":[{"href":"https:\/\/turkishtrade.co\/tr\/wp-json\/wp\/v2\/product\/8317","targetHints":{"allow":["GET"]}}],"collection":[{"href":"https:\/\/turkishtrade.co\/tr\/wp-json\/wp\/v2\/product"}],"about":[{"href":"https:\/\/turkishtrade.co\/tr\/wp-json\/wp\/v2\/types\/product"}],"wp:featuredmedia":[{"embeddable":true,"href":"https:\/\/turkishtrade.co\/tr\/wp-json\/wp\/v2\/media\/6871"}],"wp:attachment":[{"href":"https:\/\/turkishtrade.co\/tr\/wp-json\/wp\/v2\/media?parent=8317"}],"wp:term":[{"taxonomy":"product_brand","embeddable":true,"href":"https:\/\/turkishtrade.co\/tr\/wp-json\/wp\/v2\/product_brand?post=8317"},{"taxonomy":"product_cat","embeddable":true,"href":"https:\/\/turkishtrade.co\/tr\/wp-json\/wp\/v2\/product_cat?post=8317"},{"taxonomy":"product_tag","embeddable":true,"href":"https:\/\/turkishtrade.co\/tr\/wp-json\/wp\/v2\/product_tag?post=8317"}],"curies":[{"name":"wp","href":"https:\/\/api.w.org\/{rel}","templated":true}]}}