{"id":8316,"date":"2026-01-29T14:49:18","date_gmt":"2026-01-29T14:49:18","guid":{"rendered":"https:\/\/turkishtrade.co\/?post_type=product&#038;p=8316"},"modified":"2026-04-09T20:29:35","modified_gmt":"2026-04-09T20:29:35","slug":"mens-black-leather-loafers-13","status":"publish","type":"product","link":"https:\/\/turkishtrade.co\/tr\/shop\/mens-black-leather-loafers-13\/","title":{"rendered":"Erkek Siyah Deri Loafer L\u00fcks | Klasik Erkek Siyah Hakiki Deri"},"content":{"rendered":"<h3>Erkek Siyah Deri Loafer'lar\u0131m\u0131zla Rakipsiz \u015e\u0131kl\u0131\u011f\u0131 Deneyimleyin<\/h3>\n<p>Enfes \u00fcr\u00fcnlerimizle zamans\u0131z bir sofistike ortama ad\u0131m at\u0131n <b>Erkek Siyah Deri Loafer<\/b>. 100% hakiki deriden titizlikle \u00fcretilen bu klasik slip-on ayakkab\u0131lar, hem stil hem de konfora \u00f6nem veren modern erkekler i\u00e7in tasarlanm\u0131\u015ft\u0131r. Profesyonel toplant\u0131lardan \u015f\u0131k ve g\u00fcndelik bulu\u015fmalara kadar \u00e7e\u015fitli durumlar i\u00e7in m\u00fckemmel olan bu <b>Erkek Siyah Deri Loafer<\/b> benzersiz \u00e7ok y\u00f6nl\u00fcl\u00fck ve kal\u0131c\u0131 \u015f\u0131kl\u0131k sunar. Bu ayakkab\u0131lar\u0131 di\u011ferlerinden ay\u0131ran ve her se\u00e7kin gard\u0131robun vazge\u00e7ilmez bir par\u00e7as\u0131 haline getiren l\u00fcks hissi ve kusursuz kaplamay\u0131 deneyimleyin. \u015e\u0131k tasar\u0131m\u0131, sa\u011flam yap\u0131s\u0131yla birle\u015ferek gitti\u011finiz her yerde kal\u0131c\u0131 bir etki b\u0131rakman\u0131z\u0131 sa\u011flar.<\/p>\n<h3>Her \u00c7iftte \u00dcst\u00fcn \u0130\u015f\u00e7ilik ve Birinci S\u0131n\u0131f Malzemeler<\/h3>\n<p>Bizim <b>Erkek Siyah Deri Loafer<\/b> \u00fcst\u00fcn i\u015f\u00e7ili\u011fin ve detaylara g\u00f6sterilen \u00f6zenin bir kan\u0131t\u0131d\u0131r. Her bir \u00e7ift, sadece ger\u00e7ek derinin sa\u011flayabilece\u011fi zengin bir doku ve ola\u011fan\u00fcst\u00fc dayan\u0131kl\u0131l\u0131k sa\u011flayan birinci s\u0131n\u0131f \u2018hakiki deri\u2019 kullan\u0131larak \u00fcretilmi\u015ftir. Potansiyel olarak \u2018ic keci dana\u2019 (ke\u00e7i veya dana derisi i\u00e7 k\u0131s\u0131m anlam\u0131na gelir) kaliteli deriden \u00fcretilen i\u00e7 astar, ayaklar\u0131n\u0131z i\u00e7in yumu\u015fak, nefes alabilen bir ortam sa\u011flayarak genel konforu art\u0131r\u0131r ve nem birikimini \u00f6nler. \u2018Eva CLASSIC SHOES\u2019 ile belirtilen EVA bile\u015fimli sa\u011flam ancak esnek taban, m\u00fckemmel \u015fok emilimi ve destek sunarak bu ayakkab\u0131lar\u0131 <b>Erkek Siyah Deri Loafer<\/b> yo\u011fun g\u00fcn\u00fcn\u00fcz boyunca uzun s\u00fcreli kullan\u0131m i\u00e7in uygundur. Geleneksel y\u00f6ntemler ve modern malzemelerin bu kar\u0131\u015f\u0131m\u0131, hem l\u00fcks hem de pratik ayakkab\u0131lar ortaya \u00e7\u0131kar\u0131r.<\/p>\n<h3>Her Durum i\u00e7in \u00c7ok Y\u00f6nl\u00fc Stil ve Toptan Sat\u0131\u015f F\u0131rsatlar\u0131<\/h3>\n<p>Bunlar\u0131n klasik penny loafer tasar\u0131m\u0131 <b>Erkek Siyah Deri Loafer<\/b> asla modas\u0131n\u0131n ge\u00e7memesini sa\u011flar. \u015e\u0131k, abart\u0131s\u0131z esteti\u011fi sayesinde \u00e7e\u015fitli k\u0131yafetlerle e\u015fle\u015ftirilmesi son derece kolayd\u0131r. Keskin bir i\u015f g\u00f6r\u00fcn\u00fcm\u00fc i\u00e7in \u00f6zel dikim tak\u0131m elbiselerle, sofistike bir smart-casual topluluk i\u00e7in chino pantolonlarla veya hatta y\u00fcksek bir hafta sonu k\u0131yafeti i\u00e7in koyu renk kot pantolonlarla giyebilirsiniz. Koyu siyah tonu, bu hakiki deri loafer'lar\u0131n neredeyse t\u00fcm renk paletlerini tamamlamas\u0131n\u0131 sa\u011flayarak sonsuz stil olanaklar\u0131 sunar. 39'dan 45'e kadar kapsaml\u0131 bir Avrupa beden yelpazesinde mevcut oldu\u011fundan, m\u00fckemmel uyumunuzu bulmak zahmetsizdir. \u0130\u015fletmeler ve perakendeciler i\u00e7in minimum 8 \u00e7iftlik sipari\u015f miktar\u0131m\u0131z, bu premium <b>Erkek Siyah Deri Loafer<\/b> y\u00fcksek talep g\u00f6ren, kaliteli ayakkab\u0131lar\u0131n stoklanmas\u0131 i\u00e7in m\u00fckemmel bir se\u00e7imdir. Bu \u00e7ok y\u00f6nl\u00fc ayakkab\u0131larla kaliteye ve stile yat\u0131r\u0131m yap\u0131n <b>Erkek Siyah Deri Loafer<\/b> G\u00fcnd\u00fczden geceye, ofisten ak\u015fama sorunsuzca ge\u00e7i\u015f yapan ve toptan sat\u0131\u015f i\u00e7in m\u00fckemmel olan.<\/p>","protected":false},"excerpt":{"rendered":"<ul>\n<li>Birinci s\u0131n\u0131f 100% hakiki deriden (\u2018hakiki deri\u2019) \u00fcretilmi\u015ftir.<\/li>\n<li>Klasik slip-on penny loafer tasar\u0131m\u0131na sahiptir.<\/li>\n<li>T\u00fcm g\u00fcn kullan\u0131m ve m\u00fckemmel destek i\u00e7in rahat EVA taban.<\/li>\n<li>39, 40, 41, 42, 43, 44, 45 Avrupa bedenlerinde mevcuttur.<\/li>\n<li>Minimum 8 \u00e7ift miktarl\u0131 toptan sipari\u015fler i\u00e7in idealdir.<\/li>\n<\/ul>","protected":false},"featured_media":6869,"template":"","meta":{"_acf_changed":false,"_uag_custom_page_level_css":"","site-sidebar-layout":"default","site-content-layout":"","ast-site-content-layout":"default","site-content-style":"default","site-sidebar-style":"default","ast-global-header-display":"","ast-banner-title-visibility":"","ast-main-header-display":"","ast-hfb-above-header-display":"","ast-hfb-below-header-display":"","ast-hfb-mobile-header-display":"","site-post-title":"","ast-breadcrumbs-content":"","ast-featured-img":"","footer-sml-layout":"","ast-disable-related-posts":"","theme-transparent-header-meta":"","adv-header-id-meta":"","stick-header-meta":"","header-above-stick-meta":"","header-main-stick-meta":"","header-below-stick-meta":"","astra-migrate-meta-layouts":"default","ast-page-background-enabled":"default","ast-page-background-meta":{"desktop":{"background-color":"var(--ast-global-color-4)","background-image":"","background-repeat":"repeat","background-position":"center center","background-size":"auto","background-attachment":"scroll","background-type":"","background-media":"","overlay-type":"","overlay-color":"","overlay-opacity":"","overlay-gradient":""},"tablet":{"background-color":"","background-image":"","background-repeat":"repeat","background-position":"center center","background-size":"auto","background-attachment":"scroll","background-type":"","background-media":"","overlay-type":"","overlay-color":"","overlay-opacity":"","overlay-gradient":""},"mobile":{"background-color":"","background-image":"","background-repeat":"repeat","background-position":"center center","background-size":"auto","background-attachment":"scroll","background-type":"","background-media":"","overlay-type":"","overlay-color":"","overlay-opacity":"","overlay-gradient":""}},"ast-content-background-meta":{"desktop":{"background-color":"var(--ast-global-color-5)","background-image":"","background-repeat":"repeat","background-position":"center center","background-size":"auto","background-attachment":"scroll","background-type":"","background-media":"","overlay-type":"","overlay-color":"","overlay-opacity":"","overlay-gradient":""},"tablet":{"background-color":"var(--ast-global-color-5)","background-image":"","background-repeat":"repeat","background-position":"center center","background-size":"auto","background-attachment":"scroll","background-type":"","background-media":"","overlay-type":"","overlay-color":"","overlay-opacity":"","overlay-gradient":""},"mobile":{"background-color":"var(--ast-global-color-5)","background-image":"","background-repeat":"repeat","background-position":"center center","background-size":"auto","background-attachment":"scroll","background-type":"","background-media":"","overlay-type":"","overlay-color":"","overlay-opacity":"","overlay-gradient":""}}},"product_brand":[],"product_cat":[47,430,1200],"product_tag":[295,457,319,287,352,952,1302,733,372,262],"class_list":{"0":"post-8316","1":"product","2":"type-product","3":"status-publish","4":"has-post-thumbnail","6":"product_cat-classic","7":"product_cat-men","8":"product_cat-mens-shoes-2","9":"product_tag-black-dress-shoes","10":"product_tag-classic-loafers","11":"product_tag-comfortable-leather-shoes","12":"product_tag-eva-sole-shoes","13":"product_tag-formal-loafers","14":"product_tag-genuine-leather-shoes","15":"product_tag-leather-penny-loafers","16":"product_tag-mens-black-leather-loafers","17":"product_tag-mens-slip-on-shoes","18":"product_tag-wholesale-mens-shoes","19":"desktop-align-center","20":"tablet-align-center","21":"mobile-align-center","23":"first","24":"instock","25":"shipping-taxable","26":"purchasable","27":"product-type-variable","28":"has-default-attributes"},"acf":[],"uagb_featured_image_src":{"full":["https:\/\/turkishtrade.co\/wp-content\/uploads\/2026\/01\/2600NZWMN00016-BLACK.png",453,250,false],"thumbnail":["https:\/\/turkishtrade.co\/wp-content\/uploads\/2026\/01\/2600NZWMN00016-BLACK-150x150.png",150,150,true],"medium":["https:\/\/turkishtrade.co\/wp-content\/uploads\/2026\/01\/2600NZWMN00016-BLACK-300x166.png",300,166,true],"medium_large":["https:\/\/turkishtrade.co\/wp-content\/uploads\/2026\/01\/2600NZWMN00016-BLACK.png",453,250,false],"large":["https:\/\/turkishtrade.co\/wp-content\/uploads\/2026\/01\/2600NZWMN00016-BLACK.png",453,250,false],"1536x1536":["https:\/\/turkishtrade.co\/wp-content\/uploads\/2026\/01\/2600NZWMN00016-BLACK.png",453,250,false],"2048x2048":["https:\/\/turkishtrade.co\/wp-content\/uploads\/2026\/01\/2600NZWMN00016-BLACK.png",453,250,false],"trp-custom-language-flag":["https:\/\/turkishtrade.co\/wp-content\/uploads\/2026\/01\/2600NZWMN00016-BLACK-18x10.png",18,10,true],"woocommerce_thumbnail":["https:\/\/turkishtrade.co\/wp-content\/uploads\/2026\/01\/2600NZWMN00016-BLACK-400x250.png",400,250,true],"woocommerce_single":["https:\/\/turkishtrade.co\/wp-content\/uploads\/2026\/01\/2600NZWMN00016-BLACK.png",453,250,false],"woocommerce_gallery_thumbnail":["https:\/\/turkishtrade.co\/wp-content\/uploads\/2026\/01\/2600NZWMN00016-BLACK-100x100.png",100,100,true]},"uagb_author_info":{"display_name":"python python","author_link":"https:\/\/turkishtrade.co\/tr\/author\/"},"uagb_comment_info":0,"uagb_excerpt":"Crafted from premium 100% genuine leather ('hakiki deri'). Features a classic slip-on penny loafer design. Comfortable EVA sole for all-day wear and excellent support. Available in European sizes 39, 40, 41, 42, 43, 44, 45. Ideal for wholesale orders with a minimum quantity of 8 pairs.","_links":{"self":[{"href":"https:\/\/turkishtrade.co\/tr\/wp-json\/wp\/v2\/product\/8316","targetHints":{"allow":["GET"]}}],"collection":[{"href":"https:\/\/turkishtrade.co\/tr\/wp-json\/wp\/v2\/product"}],"about":[{"href":"https:\/\/turkishtrade.co\/tr\/wp-json\/wp\/v2\/types\/product"}],"wp:featuredmedia":[{"embeddable":true,"href":"https:\/\/turkishtrade.co\/tr\/wp-json\/wp\/v2\/media\/6869"}],"wp:attachment":[{"href":"https:\/\/turkishtrade.co\/tr\/wp-json\/wp\/v2\/media?parent=8316"}],"wp:term":[{"taxonomy":"product_brand","embeddable":true,"href":"https:\/\/turkishtrade.co\/tr\/wp-json\/wp\/v2\/product_brand?post=8316"},{"taxonomy":"product_cat","embeddable":true,"href":"https:\/\/turkishtrade.co\/tr\/wp-json\/wp\/v2\/product_cat?post=8316"},{"taxonomy":"product_tag","embeddable":true,"href":"https:\/\/turkishtrade.co\/tr\/wp-json\/wp\/v2\/product_tag?post=8316"}],"curies":[{"name":"wp","href":"https:\/\/api.w.org\/{rel}","templated":true}]}}