{"id":8315,"date":"2026-01-29T14:49:16","date_gmt":"2026-01-29T14:49:16","guid":{"rendered":"https:\/\/turkishtrade.co\/product\/men-2600nzwmn00014\/"},"modified":"2026-04-09T20:29:40","modified_gmt":"2026-04-09T20:29:40","slug":"mens-black-leather-loafers-18","status":"publish","type":"product","link":"https:\/\/turkishtrade.co\/tr\/shop\/mens-black-leather-loafers-18\/","title":{"rendered":"Erkek Siyah Deri Loafer Proven | Erkek Siyah Deri Penny Loafer"},"content":{"rendered":"<p><strong>Erkek Siyah Deri Loafer<\/strong>. Kan\u0131tlanm\u0131\u015f kalite ve tasar\u0131m.<\/p>\n<p>Enfes \u00fcr\u00fcnlerimizle benzersiz bir sofistike ortama ad\u0131m at\u0131n <strong>Erkek Siyah Deri Loafer<\/strong>. Hem zamans\u0131z bir stil hem de ola\u011fan\u00fcst\u00fc bir konfor sunmak i\u00e7in titizlikle \u00fcretilen bu klasik ayakkab\u0131lar, se\u00e7ici bir beyefendinin gard\u0131robuna vazge\u00e7ilmez bir katk\u0131 sa\u011flar. \u0130\u015f toplant\u0131lar\u0131ndan \u015f\u0131k sosyal etkinliklere kadar \u00e7e\u015fitli durumlar i\u00e7in m\u00fckemmel olan bu mokasen ayakkab\u0131lar, rafine tasar\u0131mlar\u0131 ve \u00fcst\u00fcn malzemeleriyle g\u00f6r\u00fcn\u00fcm\u00fcn\u00fcz\u00fc y\u00fckseltmeyi vaat ediyor.<\/p>\n<p>Bu birinci s\u0131n\u0131f mokasen ayakkab\u0131lar\u0131n kalbinde kaliteye olan ba\u011fl\u0131l\u0131k yatar. \u00dcst k\u0131s\u0131m, p\u00fcr\u00fczs\u00fcz dokusu, dayan\u0131kl\u0131l\u0131\u011f\u0131 ve g\u00fczel bir \u015fekilde eskime kabiliyetiyle tan\u0131nan hakiki dana derisinden \u00fcretilmi\u015ftir. Bunu tamamlayan i\u00e7 k\u0131s\u0131m, her ad\u0131mda nefes alabilirlik ve pel\u00fc\u015f bir his sa\u011flayan yumu\u015fak ke\u00e7i derisi astara sahiptir. Bu \u00f6zenli malzeme kombinasyonu, g\u00fcn boyu s\u00fcren konforu garanti eder.<\/p>\n<h3>Rakipsiz \u0130\u015f\u00e7ilik ve Tasar\u0131m<\/h3>\n<p>Bizim <strong>erkek si\u0307yah deri\u0307 mokasen<\/strong> klasik penny loafer sil\u00fcetini, vampir boyunca ince ama ay\u0131rt edici bir dekoratif kay\u0131\u015fla zenginle\u015ftirmi\u015ftir. Bu zarif detay, geleneksel tasar\u0131ma bir bireysellik dokunu\u015fu katar. \u015e\u0131k siyah kaplama, tak\u0131m elbiseler, \u015f\u0131k pantolonlar ve hatta sofistike g\u00fcndelik k\u0131yafetlerle zahmetsizce e\u015fle\u015ferek muazzam bir \u00e7ok y\u00f6nl\u00fcl\u00fck sa\u011flar. Her bir \u00e7ift, titiz diki\u015fleri ve kalitesi hakk\u0131nda \u00e7ok \u015fey s\u00f6yleyen iyi tan\u0131mlanm\u0131\u015f yap\u0131s\u0131yla uzman ayakkab\u0131 i\u015f\u00e7ili\u011finin bir kan\u0131t\u0131d\u0131r.<\/p>\n<p>Bu mokasen ayakkab\u0131lar\u0131n temelini sa\u011flam, diki\u015fli hakiki deri taban olu\u015fturur. Sentetik alternatiflerin aksine, deri taban \u00fcst\u00fcn nefes alabilirlik sunar ve zamanla aya\u011f\u0131n\u0131za uyum sa\u011flayarak konforu art\u0131r\u0131r ve do\u011fal bir esneklik sa\u011flar. Bu, yaln\u0131zca yat\u0131r\u0131m\u0131n\u0131z\u0131n uzun \u00f6m\u00fcrl\u00fc olmas\u0131n\u0131 de\u011fil, ayn\u0131 zamanda yaln\u0131zca hakiki derinin sa\u011flayabilece\u011fi otantik bir hissi de garanti eder. Bunlar\u0131 se\u00e7ti\u011finizde <strong>erkek si\u0307yah deri\u0307 mokasen<\/strong>, uzun \u00f6m\u00fcrl\u00fc ve kal\u0131c\u0131 bir stil i\u00e7in tasarlanm\u0131\u015f bir \u00fcr\u00fcne yat\u0131r\u0131m yap\u0131yorsunuz.<\/p>\n<h3>Konfor \u00c7ok Y\u00f6nl\u00fcl\u00fckle Bulu\u015fuyor<\/h3>\n<p>Modern erkekler i\u00e7in tasarlanan bu siyah deri loaferlar, \u015f\u0131kl\u0131ktan \u00f6d\u00fcn vermeden slip-on rahatl\u0131\u011f\u0131 sunar. Hem kolayl\u0131\u011fa hem de stile \u00f6nem verenler i\u00e7in idealdir. \u0130ster yo\u011fun bir i\u015f g\u00fcn\u00fc ge\u00e7iriyor olun, ister resmi bir etkinli\u011fe kat\u0131l\u0131yor ya da keyifli bir hafta sonunun tad\u0131n\u0131 \u00e7\u0131kar\u0131yor olun, bu mokasen ayakkab\u0131lar konfor ve \u015f\u0131kl\u0131\u011f\u0131n m\u00fckemmel bir kar\u0131\u015f\u0131m\u0131n\u0131 sunar. 39'dan 45'e kadar kapsaml\u0131 bir Avrupa beden yelpazesinde mevcut oldu\u011fundan, m\u00fckemmel uyumunuzu bulmak \u00e7ok kolay.<\/p>\n<p>\u00dcst\u00fcn kaliteli ayakkab\u0131lar sunmak isteyen perakendeciler ve i\u015fletmeler i\u00e7in <strong>erkek si\u0307yah deri\u0307 mokasen<\/strong> toptan sat\u0131n al\u0131nabilir. Sadece 8 \u00e7iftlik minimum sipari\u015f miktar\u0131yla, y\u00fcksek kaliteli, \u015f\u0131k ve rahat ayakkab\u0131lar arayan m\u00fc\u015fterilere hitap edecek, ger\u00e7ekten arzu edilen bir \u00fcr\u00fcn\u00fc kolayca stoklayabilirsiniz. Erkek siyah deri mokasen ayakkab\u0131lar\u0131m\u0131za yat\u0131r\u0131m yap\u0131n ve gelenek, kalite ve \u00e7a\u011fda\u015f modan\u0131n m\u00fckemmel uyumunu deneyimleyin.<\/p>","protected":false},"excerpt":{"rendered":"<ul>\n<li>Birinci s\u0131n\u0131f Hakiki Dana Derisinden \u00fcretilmi\u015ftir<\/li>\n<li>\u00dcst\u00fcn konfor i\u00e7in l\u00fcks ke\u00e7i derisi astar<\/li>\n<li>Kendine \u00f6zg\u00fc dekoratif kay\u0131\u015fl\u0131 klasik Penny Loafer tasar\u0131m\u0131<\/li>\n<li>Uzun \u00f6m\u00fcrl\u00fc kullan\u0131m i\u00e7in dayan\u0131kl\u0131, diki\u015fli hakiki deri taban<\/li>\n<li>39-45 Avrupa bedenlerinde mevcuttur<\/li>\n<li>Minimum 8 \u00e7ift sipari\u015f ile toptan sat\u0131\u015f f\u0131rsatlar\u0131 mevcuttur<\/li>\n<\/ul>","protected":false},"featured_media":6867,"template":"","meta":{"_acf_changed":false,"_uag_custom_page_level_css":"","site-sidebar-layout":"default","site-content-layout":"","ast-site-content-layout":"default","site-content-style":"default","site-sidebar-style":"default","ast-global-header-display":"","ast-banner-title-visibility":"","ast-main-header-display":"","ast-hfb-above-header-display":"","ast-hfb-below-header-display":"","ast-hfb-mobile-header-display":"","site-post-title":"","ast-breadcrumbs-content":"","ast-featured-img":"","footer-sml-layout":"","ast-disable-related-posts":"","theme-transparent-header-meta":"","adv-header-id-meta":"","stick-header-meta":"","header-above-stick-meta":"","header-main-stick-meta":"","header-below-stick-meta":"","astra-migrate-meta-layouts":"default","ast-page-background-enabled":"default","ast-page-background-meta":{"desktop":{"background-color":"var(--ast-global-color-4)","background-image":"","background-repeat":"repeat","background-position":"center center","background-size":"auto","background-attachment":"scroll","background-type":"","background-media":"","overlay-type":"","overlay-color":"","overlay-opacity":"","overlay-gradient":""},"tablet":{"background-color":"","background-image":"","background-repeat":"repeat","background-position":"center center","background-size":"auto","background-attachment":"scroll","background-type":"","background-media":"","overlay-type":"","overlay-color":"","overlay-opacity":"","overlay-gradient":""},"mobile":{"background-color":"","background-image":"","background-repeat":"repeat","background-position":"center center","background-size":"auto","background-attachment":"scroll","background-type":"","background-media":"","overlay-type":"","overlay-color":"","overlay-opacity":"","overlay-gradient":""}},"ast-content-background-meta":{"desktop":{"background-color":"var(--ast-global-color-5)","background-image":"","background-repeat":"repeat","background-position":"center center","background-size":"auto","background-attachment":"scroll","background-type":"","background-media":"","overlay-type":"","overlay-color":"","overlay-opacity":"","overlay-gradient":""},"tablet":{"background-color":"var(--ast-global-color-5)","background-image":"","background-repeat":"repeat","background-position":"center center","background-size":"auto","background-attachment":"scroll","background-type":"","background-media":"","overlay-type":"","overlay-color":"","overlay-opacity":"","overlay-gradient":""},"mobile":{"background-color":"var(--ast-global-color-5)","background-image":"","background-repeat":"repeat","background-position":"center center","background-size":"auto","background-attachment":"scroll","background-type":"","background-media":"","overlay-type":"","overlay-color":"","overlay-opacity":"","overlay-gradient":""}}},"product_brand":[],"product_cat":[47,430,1200],"product_tag":[185,754,737,251,1294,189,733,372,279,281],"class_list":{"0":"post-8315","1":"product","2":"type-product","3":"status-publish","4":"has-post-thumbnail","6":"product_cat-classic","7":"product_cat-men","8":"product_cat-mens-shoes-2","9":"product_tag-calf-leather-shoes","10":"product_tag-classic-mens-shoes","11":"product_tag-dress-loafers","12":"product_tag-formal-shoes","13":"product_tag-genuine-leather-loafers","14":"product_tag-goat-leather-lining","15":"product_tag-mens-black-leather-loafers","16":"product_tag-mens-slip-on-shoes","17":"product_tag-penny-loafers","18":"product_tag-wholesale-shoes","19":"desktop-align-center","20":"tablet-align-center","21":"mobile-align-center","23":"first","24":"instock","25":"shipping-taxable","26":"purchasable","27":"product-type-variable","28":"has-default-attributes"},"acf":[],"uagb_featured_image_src":{"full":["https:\/\/turkishtrade.co\/wp-content\/uploads\/2026\/01\/2600NZWMN00014-BLACK.png",453,250,false],"thumbnail":["https:\/\/turkishtrade.co\/wp-content\/uploads\/2026\/01\/2600NZWMN00014-BLACK-150x150.png",150,150,true],"medium":["https:\/\/turkishtrade.co\/wp-content\/uploads\/2026\/01\/2600NZWMN00014-BLACK-300x166.png",300,166,true],"medium_large":["https:\/\/turkishtrade.co\/wp-content\/uploads\/2026\/01\/2600NZWMN00014-BLACK.png",453,250,false],"large":["https:\/\/turkishtrade.co\/wp-content\/uploads\/2026\/01\/2600NZWMN00014-BLACK.png",453,250,false],"1536x1536":["https:\/\/turkishtrade.co\/wp-content\/uploads\/2026\/01\/2600NZWMN00014-BLACK.png",453,250,false],"2048x2048":["https:\/\/turkishtrade.co\/wp-content\/uploads\/2026\/01\/2600NZWMN00014-BLACK.png",453,250,false],"trp-custom-language-flag":["https:\/\/turkishtrade.co\/wp-content\/uploads\/2026\/01\/2600NZWMN00014-BLACK-18x10.png",18,10,true],"woocommerce_thumbnail":["https:\/\/turkishtrade.co\/wp-content\/uploads\/2026\/01\/2600NZWMN00014-BLACK-400x250.png",400,250,true],"woocommerce_single":["https:\/\/turkishtrade.co\/wp-content\/uploads\/2026\/01\/2600NZWMN00014-BLACK.png",453,250,false],"woocommerce_gallery_thumbnail":["https:\/\/turkishtrade.co\/wp-content\/uploads\/2026\/01\/2600NZWMN00014-BLACK-100x100.png",100,100,true]},"uagb_author_info":{"display_name":"python python","author_link":"https:\/\/turkishtrade.co\/tr\/author\/"},"uagb_comment_info":0,"uagb_excerpt":"Crafted from premium Genuine Calf Leather Luxurious Goat Leather Lining for superior comfort Classic Penny Loafer design with a distinctive decorative strap Durable, stitched genuine leather sole for long-lasting wear Available in European sizes 39-45 Wholesale opportunities available with a minimum order of 8 pairs","_links":{"self":[{"href":"https:\/\/turkishtrade.co\/tr\/wp-json\/wp\/v2\/product\/8315","targetHints":{"allow":["GET"]}}],"collection":[{"href":"https:\/\/turkishtrade.co\/tr\/wp-json\/wp\/v2\/product"}],"about":[{"href":"https:\/\/turkishtrade.co\/tr\/wp-json\/wp\/v2\/types\/product"}],"wp:featuredmedia":[{"embeddable":true,"href":"https:\/\/turkishtrade.co\/tr\/wp-json\/wp\/v2\/media\/6867"}],"wp:attachment":[{"href":"https:\/\/turkishtrade.co\/tr\/wp-json\/wp\/v2\/media?parent=8315"}],"wp:term":[{"taxonomy":"product_brand","embeddable":true,"href":"https:\/\/turkishtrade.co\/tr\/wp-json\/wp\/v2\/product_brand?post=8315"},{"taxonomy":"product_cat","embeddable":true,"href":"https:\/\/turkishtrade.co\/tr\/wp-json\/wp\/v2\/product_cat?post=8315"},{"taxonomy":"product_tag","embeddable":true,"href":"https:\/\/turkishtrade.co\/tr\/wp-json\/wp\/v2\/product_tag?post=8315"}],"curies":[{"name":"wp","href":"https:\/\/api.w.org\/{rel}","templated":true}]}}