{"id":8297,"date":"2026-01-29T14:49:05","date_gmt":"2026-01-29T14:49:05","guid":{"rendered":"https:\/\/turkishtrade.co\/?post_type=product&#038;p=8297"},"modified":"2026-04-09T20:29:46","modified_gmt":"2026-04-09T20:29:46","slug":"mens-black-leather-derby-shoes-14","status":"publish","type":"product","link":"https:\/\/turkishtrade.co\/tr\/shop\/mens-black-leather-derby-shoes-14\/","title":{"rendered":"Erkek Siyah Deri Derby Ayakkab\u0131 Authentic | Erkek Klasik Siyah Deri Cap-Toe"},"content":{"rendered":"<p><strong>Erkek Siyah Deri Derby Ayakkab\u0131<\/strong>. Otantik kalite ve tasar\u0131m.<\/p>\n<p>Enfes \u00fcr\u00fcnlerimizle benzersiz sofistike ve zamans\u0131z zarafete ad\u0131m at\u0131n <strong>Erkek Siyah Deri Derby Ayakkab\u0131<\/strong>. En iyi hakiki deriden titizlikle \u00fcretilen bu klasik kap-toe Derby ayakkab\u0131lar, hem stile hem de \u00f6ze de\u011fer veren modern beyefendiler i\u00e7in tasarlanm\u0131\u015ft\u0131r. Zengin siyah kaplamadan hassas diki\u015fe kadar her ayr\u0131nt\u0131, \u00fcst\u00fcn i\u015f\u00e7ili\u011fi ve kaliteye olan ba\u011fl\u0131l\u0131\u011f\u0131 yans\u0131t\u0131r. Bunlar sadece ayakkab\u0131 de\u011fil; gard\u0131robunuz i\u00e7in bir yat\u0131r\u0131md\u0131r ve y\u0131llar boyu dayan\u0131kl\u0131l\u0131k ve kal\u0131c\u0131 cazibe vaat eder.<\/p>\n<h3>E\u015fsiz Kalite ve \u0130\u015f\u00e7ilik<\/h3>\n<p>Premium \u00fcr\u00fcnlerimiz <strong>Erkek Siyah Deri Derby Ayakkab\u0131<\/strong> hakiki deri yap\u0131s\u0131na, \u00f6zellikle de y\u00fcksek kaliteli dana derisine (\u201cdana hakiki deri\u201d) sahiptir, bu da l\u00fcks bir his ve sadece ya\u015fland\u0131k\u00e7a geli\u015fen cilal\u0131 bir estetik sa\u011flar. \u0130\u00e7 k\u0131sm\u0131 genellikle yumu\u015fak \u201cic keci\u201d (ke\u00e7i derisi) ile astarlanm\u0131\u015ft\u0131r, bu da ola\u011fan\u00fcst\u00fc nefes alabilirlik ve rahatl\u0131k sa\u011flayarak bu ayakkab\u0131lar\u0131 uzun g\u00fcnler boyunca giymeyi bir zevk haline getirir. G\u00f6r\u00fcn\u00fcr deri taban geleneksel bir g\u00f6r\u00fcn\u00fcm sunarken, kaynak materyalimizde (\u201cEVA CLASSIC SHOES\u201d) belirtildi\u011fi gibi muhtemelen EVA teknolojisini i\u00e7eren i\u00e7 yast\u0131klama, her ad\u0131mda ek konfor ve destek sa\u011flar. Sa\u011flam yap\u0131s\u0131 bu ayakkab\u0131lar\u0131 garanti eder <strong>Erkek Siyah Deri Derby Ayakkab\u0131<\/strong> zamana kar\u015f\u0131 dayan\u0131kl\u0131d\u0131r ve d\u00fczenli a\u015f\u0131nmada bile bozulmam\u0131\u015f g\u00f6r\u00fcn\u00fcmlerini korurlar.<\/p>\n<h3>Her Durum \u0130\u00e7in Zarif Tasar\u0131m<\/h3>\n<p>\u0130konik \u015fapkal\u0131 burun tasar\u0131m\u0131, rafine bir resmiyet dokunu\u015fu katarak bu <strong>Erkek Siyah Deri Derby Ayakkab\u0131<\/strong> \u00e7ok \u00e7e\u015fitli durumlar i\u00e7in m\u00fckemmel \u015fekilde uygundur. \u0130ster \u00f6nemli bir i\u015f toplant\u0131s\u0131na, ister resmi bir d\u00fc\u011f\u00fcne veya sofistike bir ak\u015fam etkinli\u011fine kat\u0131l\u0131yor olun, bu ayakkab\u0131lar tak\u0131m\u0131n\u0131z\u0131 kusursuz bir stille tamamlayacakt\u0131r. Derby stilinin a\u00e7\u0131k ba\u011fc\u0131klar\u0131 \u00e7e\u015fitli ayak \u015fekilleri i\u00e7in rahat bir uyum sa\u011flarken, \u015f\u0131k silueti \u00e7a\u011fda\u015f ama klasik bir g\u00f6r\u00fcn\u00fcm sa\u011flar. 39'dan 45'e kadar kapsaml\u0131 bir beden yelpazesinde mevcut olan bu temel elbise ayakkab\u0131lar\u0131 i\u00e7in m\u00fckemmel uyumu bulmak zahmetsizdir.<\/p>\n<h3>Zamans\u0131z Tarz ve Konfora Yat\u0131r\u0131m Yap\u0131n<\/h3>\n<p>Bizim se\u00e7imimiz <strong>Erkek Siyah Deri Derby Ayakkab\u0131<\/strong> geleneksel i\u015f\u00e7ili\u011fi modern konforla birle\u015ftiren ayakkab\u0131lar\u0131 tercih etmek anlam\u0131na gelir. Bu \u00e7ok y\u00f6nl\u00fc siyah deri ayakkab\u0131lar bir aksesuardan daha fazlas\u0131d\u0131r; iyi giyinen bir erke\u011fin gard\u0131robunun temel ta\u015f\u0131d\u0131r. Sadece iyi g\u00f6r\u00fcnmekle kalmay\u0131p sabahtan ak\u015fama kadar kendinizden emin ve rahat hissetmenizi sa\u011flayan birinci s\u0131n\u0131f malzemelerin ve uzman tasar\u0131m\u0131n yaratt\u0131\u011f\u0131 fark\u0131 deneyimleyin. Perakendeciler ve i\u015fletmeler i\u00e7in bu ola\u011fan\u00fcst\u00fc <strong>Erkek Siyah Deri Derby Ayakkab\u0131<\/strong> minimum 8 \u00e7ift sipari\u015f miktar\u0131 ile toptan sat\u0131\u015fa sunulmakta olup, y\u00fcksek talep g\u00f6ren kaliteli ayakkab\u0131lar\u0131 stoklamak i\u00e7in m\u00fckemmel bir f\u0131rsat sunmaktad\u0131r. Bu vazge\u00e7ilmez klasik elbise ayakkab\u0131lar\u0131yla koleksiyonunuzu bug\u00fcn y\u00fckseltin.<\/p>","protected":false},"excerpt":{"rendered":"<ul>\n<li>\u00dcst\u00fcn kalite i\u00e7in hakiki deriden \u00fcretilmi\u015ftir.<\/li>\n<li>Sofistike bir g\u00f6r\u00fcn\u00fcm i\u00e7in klasik \u015fapka burunlu tasar\u0131ma ve zarif Derby ba\u011fc\u0131klara sahiptir.<\/li>\n<li>G\u00fcn boyu kullan\u0131m i\u00e7in genellikle yumu\u015fak \u201cic keci \u201dden (ke\u00e7i derisi) \u00fcretilen rahat i\u00e7 astar.<\/li>\n<li>Uzun \u00f6m\u00fcrl\u00fc ve zarif bir g\u00f6r\u00fcn\u00fcm i\u00e7in tasarlanm\u0131\u015f dayan\u0131kl\u0131 ve \u015f\u0131k taban.<\/li>\n<li>\u0130\u015f d\u00fcnyas\u0131, resmi etkinlikler veya g\u00fcnl\u00fck \u015f\u0131k k\u0131yafetler i\u00e7in m\u00fckemmeldir.<\/li>\n<li>Minimum 8 \u00e7ift sipari\u015f ile toptan sat\u0131\u015f f\u0131rsatlar\u0131 mevcuttur.<\/li>\n<\/ul>","protected":false},"featured_media":6865,"template":"","meta":{"_acf_changed":false,"_uag_custom_page_level_css":"","site-sidebar-layout":"default","site-content-layout":"","ast-site-content-layout":"default","site-content-style":"default","site-sidebar-style":"default","ast-global-header-display":"","ast-banner-title-visibility":"","ast-main-header-display":"","ast-hfb-above-header-display":"","ast-hfb-below-header-display":"","ast-hfb-mobile-header-display":"","site-post-title":"","ast-breadcrumbs-content":"","ast-featured-img":"","footer-sml-layout":"","ast-disable-related-posts":"","theme-transparent-header-meta":"","adv-header-id-meta":"","stick-header-meta":"","header-above-stick-meta":"","header-main-stick-meta":"","header-below-stick-meta":"","astra-migrate-meta-layouts":"default","ast-page-background-enabled":"default","ast-page-background-meta":{"desktop":{"background-color":"var(--ast-global-color-4)","background-image":"","background-repeat":"repeat","background-position":"center center","background-size":"auto","background-attachment":"scroll","background-type":"","background-media":"","overlay-type":"","overlay-color":"","overlay-opacity":"","overlay-gradient":""},"tablet":{"background-color":"","background-image":"","background-repeat":"repeat","background-position":"center center","background-size":"auto","background-attachment":"scroll","background-type":"","background-media":"","overlay-type":"","overlay-color":"","overlay-opacity":"","overlay-gradient":""},"mobile":{"background-color":"","background-image":"","background-repeat":"repeat","background-position":"center center","background-size":"auto","background-attachment":"scroll","background-type":"","background-media":"","overlay-type":"","overlay-color":"","overlay-opacity":"","overlay-gradient":""}},"ast-content-background-meta":{"desktop":{"background-color":"var(--ast-global-color-5)","background-image":"","background-repeat":"repeat","background-position":"center center","background-size":"auto","background-attachment":"scroll","background-type":"","background-media":"","overlay-type":"","overlay-color":"","overlay-opacity":"","overlay-gradient":""},"tablet":{"background-color":"var(--ast-global-color-5)","background-image":"","background-repeat":"repeat","background-position":"center center","background-size":"auto","background-attachment":"scroll","background-type":"","background-media":"","overlay-type":"","overlay-color":"","overlay-opacity":"","overlay-gradient":""},"mobile":{"background-color":"var(--ast-global-color-5)","background-image":"","background-repeat":"repeat","background-position":"center center","background-size":"auto","background-attachment":"scroll","background-type":"","background-media":"","overlay-type":"","overlay-color":"","overlay-opacity":"","overlay-gradient":""}}},"product_brand":[],"product_cat":[47,430,1200],"product_tag":[196,405,458,754,212,480,251,260,324,362],"class_list":{"0":"post-8297","1":"product","2":"type-product","3":"status-publish","4":"has-post-thumbnail","6":"product_cat-classic","7":"product_cat-men","8":"product_cat-mens-shoes-2","9":"product_tag-black-leather-shoes","10":"product_tag-business-shoes","11":"product_tag-cap-toe-shoes","12":"product_tag-classic-mens-shoes","13":"product_tag-derby-shoes","14":"product_tag-elegant-shoes","15":"product_tag-formal-shoes","16":"product_tag-genuine-leather-footwear","17":"product_tag-mens-dress-shoes","18":"product_tag-premium-footwear","19":"desktop-align-center","20":"tablet-align-center","21":"mobile-align-center","23":"first","24":"instock","25":"shipping-taxable","26":"purchasable","27":"product-type-variable","28":"has-default-attributes"},"acf":[],"uagb_featured_image_src":{"full":["https:\/\/turkishtrade.co\/wp-content\/uploads\/2026\/01\/2600NZWMN00013-BLACK.png",453,250,false],"thumbnail":["https:\/\/turkishtrade.co\/wp-content\/uploads\/2026\/01\/2600NZWMN00013-BLACK-150x150.png",150,150,true],"medium":["https:\/\/turkishtrade.co\/wp-content\/uploads\/2026\/01\/2600NZWMN00013-BLACK-300x166.png",300,166,true],"medium_large":["https:\/\/turkishtrade.co\/wp-content\/uploads\/2026\/01\/2600NZWMN00013-BLACK.png",453,250,false],"large":["https:\/\/turkishtrade.co\/wp-content\/uploads\/2026\/01\/2600NZWMN00013-BLACK.png",453,250,false],"1536x1536":["https:\/\/turkishtrade.co\/wp-content\/uploads\/2026\/01\/2600NZWMN00013-BLACK.png",453,250,false],"2048x2048":["https:\/\/turkishtrade.co\/wp-content\/uploads\/2026\/01\/2600NZWMN00013-BLACK.png",453,250,false],"trp-custom-language-flag":["https:\/\/turkishtrade.co\/wp-content\/uploads\/2026\/01\/2600NZWMN00013-BLACK-18x10.png",18,10,true],"woocommerce_thumbnail":["https:\/\/turkishtrade.co\/wp-content\/uploads\/2026\/01\/2600NZWMN00013-BLACK-400x250.png",400,250,true],"woocommerce_single":["https:\/\/turkishtrade.co\/wp-content\/uploads\/2026\/01\/2600NZWMN00013-BLACK.png",453,250,false],"woocommerce_gallery_thumbnail":["https:\/\/turkishtrade.co\/wp-content\/uploads\/2026\/01\/2600NZWMN00013-BLACK-100x100.png",100,100,true]},"uagb_author_info":{"display_name":"python python","author_link":"https:\/\/turkishtrade.co\/tr\/author\/"},"uagb_comment_info":0,"uagb_excerpt":"Crafted from genuine \"hakiki deri\" (authentic leather) for superior quality. Features a classic cap-toe design and elegant Derby lacing for a sophisticated look. Comfortable interior lining, often crafted from soft \"ic keci\" (goat leather) for all-day wear. Durable and stylish sole designed for longevity and a refined finish. Perfect for business, formal events, or elevating&hellip;","_links":{"self":[{"href":"https:\/\/turkishtrade.co\/tr\/wp-json\/wp\/v2\/product\/8297","targetHints":{"allow":["GET"]}}],"collection":[{"href":"https:\/\/turkishtrade.co\/tr\/wp-json\/wp\/v2\/product"}],"about":[{"href":"https:\/\/turkishtrade.co\/tr\/wp-json\/wp\/v2\/types\/product"}],"wp:featuredmedia":[{"embeddable":true,"href":"https:\/\/turkishtrade.co\/tr\/wp-json\/wp\/v2\/media\/6865"}],"wp:attachment":[{"href":"https:\/\/turkishtrade.co\/tr\/wp-json\/wp\/v2\/media?parent=8297"}],"wp:term":[{"taxonomy":"product_brand","embeddable":true,"href":"https:\/\/turkishtrade.co\/tr\/wp-json\/wp\/v2\/product_brand?post=8297"},{"taxonomy":"product_cat","embeddable":true,"href":"https:\/\/turkishtrade.co\/tr\/wp-json\/wp\/v2\/product_cat?post=8297"},{"taxonomy":"product_tag","embeddable":true,"href":"https:\/\/turkishtrade.co\/tr\/wp-json\/wp\/v2\/product_tag?post=8297"}],"curies":[{"name":"wp","href":"https:\/\/api.w.org\/{rel}","templated":true}]}}