{"id":8296,"date":"2026-01-29T14:49:05","date_gmt":"2026-01-29T14:49:05","guid":{"rendered":"https:\/\/turkishtrade.co\/?post_type=product&#038;p=8296"},"modified":"2026-04-09T20:29:49","modified_gmt":"2026-04-09T20:29:49","slug":"mens-black-leather-dress-shoes-3","status":"publish","type":"product","link":"https:\/\/turkishtrade.co\/tr\/shop\/mens-black-leather-dress-shoes-3\/","title":{"rendered":"Erkek Siyah Deri Elbise Ayakkab\u0131s\u0131 Incredible | Erkek Siyah Hakiki Deri Klasik"},"content":{"rendered":"<p>\u00dcst\u00fcn kaliteli \u00fcr\u00fcnlerimizle zamans\u0131z \u015f\u0131kl\u0131\u011fa ad\u0131m at\u0131n <strong>Erkek Siyah Deri Elbise Ayakkab\u0131s\u0131<\/strong>. Se\u00e7kin beyefendiler i\u00e7in tasarlanan bu klasik burnu a\u00e7\u0131k ayakkab\u0131lar, her t\u00fcrl\u00fc resmi etkinlik veya \u00f6nemli i\u015f toplant\u0131lar\u0131 i\u00e7in m\u00fckemmel bir sofistikelik timsalidir. Bu zarif ayakkab\u0131lar\u0131n her bir \u00e7ifti <strong>erkek siyah deri elbise ayakkab\u0131s\u0131<\/strong> \u00fcst\u00fcn i\u015f\u00e7ilik ve her ortamda \u00f6ne \u00e7\u0131kan kaliteye adanm\u0131\u015fl\u0131k sergiler.<\/p>\n<h3>E\u015fsiz \u0130\u015f\u00e7ilik ve Birinci S\u0131n\u0131f Malzemeler<\/h3>\n<p>Bizim <strong>Erkek Siyah Deri Elbise Ayakkab\u0131s\u0131<\/strong> \u00fcst k\u0131sm\u0131 hakiki dana derisinden titizlikle \u00fcretilmi\u015ftir ve \u015f\u0131k, parlak bir g\u00f6r\u00fcn\u00fcm ve ola\u011fan\u00fcst\u00fc dayan\u0131kl\u0131l\u0131k sunar. S\u0131rt k\u0131sm\u0131ndaki ince delikli detaylar zarif bir karakter katarken, parlak burun k\u0131sm\u0131 da klasik cazibesini vurgular. \u0130\u00e7 k\u0131s\u0131mda, ayaklar\u0131n\u0131z hakiki ke\u00e7i derisi astar\u0131n l\u00fcks konforuyla sar\u0131l\u0131r ve her ad\u0131mda nefes alabilirlik ve pel\u00fc\u015f bir his sa\u011flar. Y\u00fcksek kaliteli malzemeler kullanmaya olan bu ba\u011fl\u0131l\u0131k, bunlar\u0131n sadece bir ayakkab\u0131 de\u011fil, kal\u0131c\u0131 bir stil yat\u0131r\u0131m\u0131 olmas\u0131n\u0131 sa\u011flar. Ger\u00e7ek ayakkab\u0131n\u0131n fark\u0131n\u0131 ya\u015fay\u0131n <strong>hakiki deri ayakkab\u0131lar<\/strong>.<\/p>\n<h3>Konfor ve \u00c7ok Y\u00f6nl\u00fcl\u00fck i\u00e7in Tasarland\u0131<\/h3>\n<p>\u00c7arp\u0131c\u0131 esteti\u011finin \u00f6tesinde, bu <strong>erkek siyah deri elbise ayakkab\u0131s\u0131<\/strong> g\u00fcn boyu konfor i\u00e7in tasarlanm\u0131\u015ft\u0131r. Geli\u015fmi\u015f EVA yast\u0131klama sistemine sahip olan bu ayakkab\u0131lar, hafif destek ve \u015fok emilimi sa\u011flayarak ayaklar\u0131n\u0131z\u0131n \u00fczerinde ge\u00e7irdi\u011finiz uzun saatleri \u00e7ok daha y\u00f6netilebilir hale getirir. Sa\u011flam ancak esnek taban\u0131 m\u00fckemmel tutu\u015f ve denge sunarak her ad\u0131mda g\u00fcven sa\u011flar. \u0130ster bir d\u00fc\u011f\u00fcne, ister bir galaya kat\u0131l\u0131n ya da \u00f6nemli bir anla\u015fmay\u0131 sonu\u00e7land\u0131r\u0131n, bu \u00e7ok y\u00f6nl\u00fc <strong>siyah deri elbise ayakkab\u0131s\u0131<\/strong> tak\u0131m\u0131n\u0131z\u0131 kusursuz bir zevkle tamamlayacakt\u0131r. 39'dan 45'e kadar kapsaml\u0131 bir Avrupa beden yelpazesinde mevcut olan bu y\u00fcksek kaliteli \u00fcr\u00fcnlerle m\u00fckemmel uyumunuzu bulmak zahmetsizdir. <strong>Erkek Elbise Ayakkab\u0131lar\u0131<\/strong>.<\/p>\n<h3>Toptan Sat\u0131\u015f F\u0131rsat\u0131 ile Envanterinizi Y\u00fckseltin<\/h3>\n<p>\u00dcst\u00fcn kaliteli ayakkab\u0131lar sunmak isteyen perakendeciler ve i\u015fletmeler i\u00e7in <strong>Erkek Siyah Deri Elbise Ayakkab\u0131s\u0131<\/strong> toptan sat\u0131n al\u0131nabilir. Sadece 8 \u00e7iftlik minimum sipari\u015fle, bu \u00e7ok aranan klasik ayakkab\u0131lar\u0131 kolayca stoklayabilirsiniz. Ola\u011fan\u00fcst\u00fc kalite ve stil sunmaktan gurur duyuyoruz ve bu ayakkab\u0131lar\u0131 <strong>hakiki deri erkek elbise ayakkab\u0131s\u0131<\/strong> \u00fcr\u00fcn yelpazenizi geni\u015fletmek i\u00e7in ak\u0131ll\u0131 bir se\u00e7im. M\u00fc\u015fterilerinize geleneksel \u015f\u0131kl\u0131\u011f\u0131 modern konfor teknolojileriyle birle\u015ftiren en iyi resmi ayakkab\u0131lar\u0131 sunun. Kaliteye yat\u0131r\u0131m yap\u0131n, stile yat\u0131r\u0131m yap\u0131n, bu ola\u011fan\u00fcst\u00fc ayakkab\u0131lara yat\u0131r\u0131m yap\u0131n <strong>erkek siyah deri elbise ayakkab\u0131s\u0131<\/strong> Bug\u00fcn.<\/p>","protected":false},"excerpt":{"rendered":"<ul>\n<li>Premium Hakiki Dana Derisi Saya<\/li>\n<li>L\u00fcks Hakiki Ke\u00e7i Derisi Astar<\/li>\n<li>Delikli Detaylara Sahip Zarif Cap-Toe Tasar\u0131m<\/li>\n<li>\u00dcst\u00fcn Konfor i\u00e7in Geli\u015fmi\u015f EVA Yast\u0131klama<\/li>\n<li>G\u00fcn Boyu A\u015f\u0131nma i\u00e7in Dayan\u0131kl\u0131, Esnek D\u0131\u015f Taban<\/li>\n<li>AB Bedenlerinde mevcuttur: 39, 40, 41, 42, 43, 44, 45<\/li>\n<li>Toptan Sipari\u015fler Ho\u015f Geldiniz (Minimum Sipari\u015f: 8 \u00c7ift)<\/li>\n<\/ul>","protected":false},"featured_media":6864,"template":"","meta":{"_acf_changed":false,"_uag_custom_page_level_css":"","site-sidebar-layout":"default","site-content-layout":"","ast-site-content-layout":"default","site-content-style":"default","site-sidebar-style":"default","ast-global-header-display":"","ast-banner-title-visibility":"","ast-main-header-display":"","ast-hfb-above-header-display":"","ast-hfb-below-header-display":"","ast-hfb-mobile-header-display":"","site-post-title":"","ast-breadcrumbs-content":"","ast-featured-img":"","footer-sml-layout":"","ast-disable-related-posts":"","theme-transparent-header-meta":"","adv-header-id-meta":"","stick-header-meta":"","header-above-stick-meta":"","header-main-stick-meta":"","header-below-stick-meta":"","astra-migrate-meta-layouts":"default","ast-page-background-enabled":"default","ast-page-background-meta":{"desktop":{"background-color":"var(--ast-global-color-4)","background-image":"","background-repeat":"repeat","background-position":"center center","background-size":"auto","background-attachment":"scroll","background-type":"","background-media":"","overlay-type":"","overlay-color":"","overlay-opacity":"","overlay-gradient":""},"tablet":{"background-color":"","background-image":"","background-repeat":"repeat","background-position":"center center","background-size":"auto","background-attachment":"scroll","background-type":"","background-media":"","overlay-type":"","overlay-color":"","overlay-opacity":"","overlay-gradient":""},"mobile":{"background-color":"","background-image":"","background-repeat":"repeat","background-position":"center center","background-size":"auto","background-attachment":"scroll","background-type":"","background-media":"","overlay-type":"","overlay-color":"","overlay-opacity":"","overlay-gradient":""}},"ast-content-background-meta":{"desktop":{"background-color":"var(--ast-global-color-5)","background-image":"","background-repeat":"repeat","background-position":"center center","background-size":"auto","background-attachment":"scroll","background-type":"","background-media":"","overlay-type":"","overlay-color":"","overlay-opacity":"","overlay-gradient":""},"tablet":{"background-color":"var(--ast-global-color-5)","background-image":"","background-repeat":"repeat","background-position":"center center","background-size":"auto","background-attachment":"scroll","background-type":"","background-media":"","overlay-type":"","overlay-color":"","overlay-opacity":"","overlay-gradient":""},"mobile":{"background-color":"var(--ast-global-color-5)","background-image":"","background-repeat":"repeat","background-position":"center center","background-size":"auto","background-attachment":"scroll","background-type":"","background-media":"","overlay-type":"","overlay-color":"","overlay-opacity":"","overlay-gradient":""}}},"product_brand":[],"product_cat":[47,430,1200],"product_tag":[196,405,458,145,1301,251,221,324,285,281],"class_list":{"0":"post-8296","1":"product","2":"type-product","3":"status-publish","4":"has-post-thumbnail","6":"product_cat-classic","7":"product_cat-men","8":"product_cat-mens-shoes-2","9":"product_tag-black-leather-shoes","10":"product_tag-business-shoes","11":"product_tag-cap-toe-shoes","12":"product_tag-classic-shoes","13":"product_tag-eva-comfort-shoes","14":"product_tag-formal-shoes","15":"product_tag-genuine-leather","16":"product_tag-mens-dress-shoes","17":"product_tag-turkish-shoes","18":"product_tag-wholesale-shoes","19":"desktop-align-center","20":"tablet-align-center","21":"mobile-align-center","23":"first","24":"instock","25":"shipping-taxable","26":"purchasable","27":"product-type-variable","28":"has-default-attributes"},"acf":[],"uagb_featured_image_src":{"full":["https:\/\/turkishtrade.co\/wp-content\/uploads\/2026\/01\/2600NZWMN00012-BLACK.png",453,250,false],"thumbnail":["https:\/\/turkishtrade.co\/wp-content\/uploads\/2026\/01\/2600NZWMN00012-BLACK-150x150.png",150,150,true],"medium":["https:\/\/turkishtrade.co\/wp-content\/uploads\/2026\/01\/2600NZWMN00012-BLACK-300x166.png",300,166,true],"medium_large":["https:\/\/turkishtrade.co\/wp-content\/uploads\/2026\/01\/2600NZWMN00012-BLACK.png",453,250,false],"large":["https:\/\/turkishtrade.co\/wp-content\/uploads\/2026\/01\/2600NZWMN00012-BLACK.png",453,250,false],"1536x1536":["https:\/\/turkishtrade.co\/wp-content\/uploads\/2026\/01\/2600NZWMN00012-BLACK.png",453,250,false],"2048x2048":["https:\/\/turkishtrade.co\/wp-content\/uploads\/2026\/01\/2600NZWMN00012-BLACK.png",453,250,false],"trp-custom-language-flag":["https:\/\/turkishtrade.co\/wp-content\/uploads\/2026\/01\/2600NZWMN00012-BLACK-18x10.png",18,10,true],"woocommerce_thumbnail":["https:\/\/turkishtrade.co\/wp-content\/uploads\/2026\/01\/2600NZWMN00012-BLACK-400x250.png",400,250,true],"woocommerce_single":["https:\/\/turkishtrade.co\/wp-content\/uploads\/2026\/01\/2600NZWMN00012-BLACK.png",453,250,false],"woocommerce_gallery_thumbnail":["https:\/\/turkishtrade.co\/wp-content\/uploads\/2026\/01\/2600NZWMN00012-BLACK-100x100.png",100,100,true]},"uagb_author_info":{"display_name":"python python","author_link":"https:\/\/turkishtrade.co\/tr\/author\/"},"uagb_comment_info":0,"uagb_excerpt":"Premium Genuine Calf Leather Upper Luxurious Genuine Goat Leather Lining Elegant Cap-Toe Design with Perforated Detailing Advanced EVA Cushioning for Superior Comfort Durable, Flexible Outsole for All-Day Wear Available in EU Sizes: 39, 40, 41, 42, 43, 44, 45 Wholesale Orders Welcome (Minimum Order: 8 Pairs)","_links":{"self":[{"href":"https:\/\/turkishtrade.co\/tr\/wp-json\/wp\/v2\/product\/8296","targetHints":{"allow":["GET"]}}],"collection":[{"href":"https:\/\/turkishtrade.co\/tr\/wp-json\/wp\/v2\/product"}],"about":[{"href":"https:\/\/turkishtrade.co\/tr\/wp-json\/wp\/v2\/types\/product"}],"wp:featuredmedia":[{"embeddable":true,"href":"https:\/\/turkishtrade.co\/tr\/wp-json\/wp\/v2\/media\/6864"}],"wp:attachment":[{"href":"https:\/\/turkishtrade.co\/tr\/wp-json\/wp\/v2\/media?parent=8296"}],"wp:term":[{"taxonomy":"product_brand","embeddable":true,"href":"https:\/\/turkishtrade.co\/tr\/wp-json\/wp\/v2\/product_brand?post=8296"},{"taxonomy":"product_cat","embeddable":true,"href":"https:\/\/turkishtrade.co\/tr\/wp-json\/wp\/v2\/product_cat?post=8296"},{"taxonomy":"product_tag","embeddable":true,"href":"https:\/\/turkishtrade.co\/tr\/wp-json\/wp\/v2\/product_tag?post=8296"}],"curies":[{"name":"wp","href":"https:\/\/api.w.org\/{rel}","templated":true}]}}