{"id":8295,"date":"2026-01-29T14:49:05","date_gmt":"2026-01-29T14:49:05","guid":{"rendered":"https:\/\/turkishtrade.co\/?post_type=product&#038;p=8295"},"modified":"2026-04-09T20:29:53","modified_gmt":"2026-04-09T20:29:53","slug":"brown-leather-loafers-men","status":"publish","type":"product","link":"https:\/\/turkishtrade.co\/tr\/shop\/brown-leather-loafers-men\/","title":{"rendered":"Kahverengi Deri Loafer Erkekler Incredible | Erkek Klasik Kahverengi Hakiki Deri"},"content":{"rendered":"<p><strong>Kahverengi Deri Loafer Erkek<\/strong>. \u0130nan\u0131lmaz kalite ve tasar\u0131m.<\/p>\n<p>Bu zarif ayakkab\u0131larla ayakkab\u0131 koleksiyonunuzu geli\u015ftirin <strong>Kahverengi Deri Loafer Erkek<\/strong>, se\u00e7kin beyefendiler i\u00e7in titizlikle \u00fcretilmi\u015ftir. Zamans\u0131z stili benzersiz konforla harmanlayan bu klasik mokasen ayakkab\u0131lar, her gard\u0131rop i\u00e7in vazge\u00e7ilmez bir eklentidir. Etkilemek i\u00e7in tasarland\u0131 <strong>Kahverengi Deri Loafer Erkek<\/strong> sofistike ve dayan\u0131kl\u0131l\u0131\u011f\u0131n timsalidir.<\/p>\n<h3>E\u015fsiz Kalite ve \u0130\u015f\u00e7ilik<\/h3>\n<p>Bu birinci s\u0131n\u0131f mokasenlerin her bir \u00e7ifti en iyi hakiki ke\u00e7i ve dana derisinden \u00fcretilmi\u015ftir ve l\u00fcks bir his ve ola\u011fan\u00fcst\u00fc uzun \u00f6m\u00fcrl\u00fcl\u00fck sunar. Bu ayakkab\u0131lar\u0131n zengin, do\u011fal kahverengi tonu <strong>Kahverengi Deri Loafer Erkek<\/strong> hem resmi hem de \u015f\u0131k g\u00fcndelik k\u0131yafetlerle sorunsuz bir \u015fekilde e\u015fle\u015fen \u00e7ok y\u00f6nl\u00fc bir se\u00e7enek sunar. \u00dcst k\u0131s\u0131mdaki detayl\u0131 diki\u015fler ve zarif donan\u0131m, her ayakkab\u0131da detaylara g\u00f6sterilen titiz \u00f6zeni sergiler. Ayaklar\u0131n\u0131z\u0131n g\u00fcn boyunca rahat etmesini sa\u011flayan y\u00fcksek kaliteli derinin esnek dokusunu ve nefes alabilen yap\u0131s\u0131n\u0131 takdir edeceksiniz. Bunlar sadece ayakkab\u0131 de\u011fil; modern erkek i\u00e7in \u00fcst\u00fcn i\u015f\u00e7ilik ve kal\u0131c\u0131 stilin bir ifadesidir.<\/p>\n<h3>EVA Taban Teknolojisi ile \u00dcst\u00fcn Konfor<\/h3>\n<p>\u00c7arp\u0131c\u0131 esteti\u011finin \u00f6tesinde, bu <strong>Kahverengi Deri Loafer Erkek<\/strong> \u00fcst\u00fcn konfor i\u00e7in tasarlanm\u0131\u015ft\u0131r. Geli\u015fmi\u015f EVA taban\u0131yla hafif yast\u0131klama ve m\u00fckemmel \u015fok emilimi sa\u011flayarak uzun saatler kullan\u0131mdan sonra bile yorgunlu\u011fu azalt\u0131r. Esnek taban aya\u011f\u0131n\u0131z\u0131n do\u011fal hareketine uyum sa\u011flayarak destekleyici ve rahat bir ad\u0131m sunar. \u0130ster yo\u011fun bir i\u015f g\u00fcn\u00fc ge\u00e7iriyor olun, ister d\u0131\u015far\u0131da keyifli bir ak\u015fam\u0131n tad\u0131n\u0131 \u00e7\u0131kar\u0131n, bu orijinal ayakkab\u0131n\u0131n sundu\u011fu konfor <strong>Kahverengi Deri Loafer Erkek<\/strong> beklentilerinizi a\u015facak. 39'dan 45'e kadar geni\u015f bir beden yelpazesinde mevcut oldu\u011fundan, m\u00fckemmel uyumunuzu bulmak zahmetsizdir.<\/p>\n<h3>Her Durum i\u00e7in \u00c7ok Y\u00f6nl\u00fc Stil<\/h3>\n<p>Klasik loafer silueti bu ayakkab\u0131lar\u0131 <strong>Kahverengi Deri Loafer Erkek<\/strong> inan\u0131lmaz derecede \u00e7ok y\u00f6nl\u00fcd\u00fcr. \u0130\u015f toplant\u0131lar\u0131, d\u00fc\u011f\u00fcnler, ak\u015fam yeme\u011fi partileri veya g\u00fcnl\u00fck k\u0131yafetlerinize \u015f\u0131kl\u0131k katmak i\u00e7in m\u00fckemmeldir. Resmi bir g\u00f6r\u00fcn\u00fcm i\u00e7in keskin bir tak\u0131m elbise ile e\u015fle\u015ftirin veya sofistike bir g\u00fcndelik hava i\u00e7in chino pantolon ve blazer ceket ile giydirin. Bunlar ger\u00e7ekten ideal <strong>Kahverengi Deri Loafer Erkek<\/strong> stil ve rahatl\u0131\u011f\u0131n her \u015feyden \u00f6nemli oldu\u011fu her etkinlik i\u00e7in. Gelecek y\u0131llar boyunca ki\u015fisel tarz\u0131n\u0131z\u0131 geli\u015ftirmeyi vaat eden bir \u00e7ifte yat\u0131r\u0131m yap\u0131n.<\/p>\n<h3>Toptan Sat\u0131\u015f F\u0131rsatlar\u0131 Mevcut<\/h3>\n<p>M\u00fc\u015fterilerine y\u00fcksek kaliteli ayakkab\u0131lar sunmak isteyen perakendeciler ve i\u015fletmeler i\u00e7in bu ola\u011fan\u00fcst\u00fc <strong>Kahverengi Deri Loafer Erkek<\/strong> toptan sat\u0131n al\u0131nabilir. Yaln\u0131zca 8 \u00e7iftlik minimum sipari\u015f miktar\u0131yla l\u00fcks, konfor ve zamans\u0131z \u00e7ekicili\u011fi bir araya getiren bir \u00fcr\u00fcn\u00fc kolayca stoklayabilirsiniz. Toptan sat\u0131\u015f se\u00e7eneklerimiz hakk\u0131nda daha fazla bilgi edinmek i\u00e7in bug\u00fcn bize ula\u015f\u0131n ve bu ola\u011fan\u00fcst\u00fc <strong>Kahverengi Deri Loafer Erkek<\/strong> M\u00fc\u015fterilerinize.<\/p>","protected":false},"excerpt":{"rendered":"<ul>\n<li>\u00dcst\u00fcn kalite i\u00e7in birinci s\u0131n\u0131f hakiki ke\u00e7i ve dana derisinden \u00fcretilmi\u015ftir<\/li>\n<li>Zamans\u0131z bir \u00e7ekicili\u011fe sahip klasik loafer tasar\u0131m\u0131<\/li>\n<li>T\u00fcm g\u00fcn kullan\u0131m i\u00e7in rahat EVA tabana sahiptir<\/li>\n<li>Geni\u015f bir ebat yelpazesinde mevcuttur: 39, 40, 41, 42, 43, 44, 45<\/li>\n<li>Toptan sat\u0131\u015f talepleri kabul edilir - Minimum sipari\u015f miktar\u0131: 8 \u00e7ift<\/li>\n<\/ul>","protected":false},"featured_media":6863,"template":"","meta":{"_acf_changed":false,"_uag_custom_page_level_css":"","site-sidebar-layout":"default","site-content-layout":"","ast-site-content-layout":"default","site-content-style":"default","site-sidebar-style":"default","ast-global-header-display":"","ast-banner-title-visibility":"","ast-main-header-display":"","ast-hfb-above-header-display":"","ast-hfb-below-header-display":"","ast-hfb-mobile-header-display":"","site-post-title":"","ast-breadcrumbs-content":"","ast-featured-img":"","footer-sml-layout":"","ast-disable-related-posts":"","theme-transparent-header-meta":"default","adv-header-id-meta":"","stick-header-meta":"","header-above-stick-meta":"","header-main-stick-meta":"","header-below-stick-meta":"","astra-migrate-meta-layouts":"set","ast-page-background-enabled":"default","ast-page-background-meta":{"desktop":{"background-color":"var(--ast-global-color-4)","background-image":"","background-repeat":"repeat","background-position":"center center","background-size":"auto","background-attachment":"scroll","background-type":"","background-media":"","overlay-type":"","overlay-color":"","overlay-opacity":"","overlay-gradient":""},"tablet":{"background-color":"","background-image":"","background-repeat":"repeat","background-position":"center center","background-size":"auto","background-attachment":"scroll","background-type":"","background-media":"","overlay-type":"","overlay-color":"","overlay-opacity":"","overlay-gradient":""},"mobile":{"background-color":"","background-image":"","background-repeat":"repeat","background-position":"center center","background-size":"auto","background-attachment":"scroll","background-type":"","background-media":"","overlay-type":"","overlay-color":"","overlay-opacity":"","overlay-gradient":""}},"ast-content-background-meta":{"desktop":{"background-color":"var(--ast-global-color-5)","background-image":"","background-repeat":"repeat","background-position":"center center","background-size":"auto","background-attachment":"scroll","background-type":"","background-media":"","overlay-type":"","overlay-color":"","overlay-opacity":"","overlay-gradient":""},"tablet":{"background-color":"var(--ast-global-color-5)","background-image":"","background-repeat":"repeat","background-position":"center center","background-size":"auto","background-attachment":"scroll","background-type":"","background-media":"","overlay-type":"","overlay-color":"","overlay-opacity":"","overlay-gradient":""},"mobile":{"background-color":"var(--ast-global-color-5)","background-image":"","background-repeat":"repeat","background-position":"center center","background-size":"auto","background-attachment":"scroll","background-type":"","background-media":"","overlay-type":"","overlay-color":"","overlay-opacity":"","overlay-gradient":""}}},"product_brand":[],"product_cat":[47,430,1200],"product_tag":[292,1285,287,1294,746,969,565,186,936,280],"class_list":{"0":"post-8295","1":"product","2":"type-product","3":"status-publish","4":"has-post-thumbnail","6":"product_cat-classic","7":"product_cat-men","8":"product_cat-mens-shoes-2","9":"product_tag-brown-leather-shoes","10":"product_tag-classic-dress-shoes","11":"product_tag-eva-sole-shoes","12":"product_tag-genuine-leather-loafers","13":"product_tag-leather-slip-ons","14":"product_tag-mens-fashion-shoes","15":"product_tag-mens-formal-shoes","16":"product_tag-mens-loafers","17":"product_tag-premium-mens-footwear","18":"product_tag-smart-casual-shoes","19":"desktop-align-center","20":"tablet-align-center","21":"mobile-align-center","23":"first","24":"instock","25":"shipping-taxable","26":"purchasable","27":"product-type-variable","28":"has-default-attributes"},"acf":[],"uagb_featured_image_src":{"full":["https:\/\/turkishtrade.co\/wp-content\/uploads\/2026\/01\/2600NZWMN00011-BROWN.png",453,250,false],"thumbnail":["https:\/\/turkishtrade.co\/wp-content\/uploads\/2026\/01\/2600NZWMN00011-BROWN-150x150.png",150,150,true],"medium":["https:\/\/turkishtrade.co\/wp-content\/uploads\/2026\/01\/2600NZWMN00011-BROWN-300x166.png",300,166,true],"medium_large":["https:\/\/turkishtrade.co\/wp-content\/uploads\/2026\/01\/2600NZWMN00011-BROWN.png",453,250,false],"large":["https:\/\/turkishtrade.co\/wp-content\/uploads\/2026\/01\/2600NZWMN00011-BROWN.png",453,250,false],"1536x1536":["https:\/\/turkishtrade.co\/wp-content\/uploads\/2026\/01\/2600NZWMN00011-BROWN.png",453,250,false],"2048x2048":["https:\/\/turkishtrade.co\/wp-content\/uploads\/2026\/01\/2600NZWMN00011-BROWN.png",453,250,false],"trp-custom-language-flag":["https:\/\/turkishtrade.co\/wp-content\/uploads\/2026\/01\/2600NZWMN00011-BROWN-18x10.png",18,10,true],"woocommerce_thumbnail":["https:\/\/turkishtrade.co\/wp-content\/uploads\/2026\/01\/2600NZWMN00011-BROWN-400x250.png",400,250,true],"woocommerce_single":["https:\/\/turkishtrade.co\/wp-content\/uploads\/2026\/01\/2600NZWMN00011-BROWN.png",453,250,false],"woocommerce_gallery_thumbnail":["https:\/\/turkishtrade.co\/wp-content\/uploads\/2026\/01\/2600NZWMN00011-BROWN-100x100.png",100,100,true]},"uagb_author_info":{"display_name":"python python","author_link":"https:\/\/turkishtrade.co\/tr\/author\/"},"uagb_comment_info":0,"uagb_excerpt":"Crafted from premium genuine goat and calf leather for superior quality Classic loafer design with a timeless appeal Features a comfortable EVA sole for all-day wear Available in a wide range of sizes: 39, 40, 41, 42, 43, 44, 45 Wholesale inquiries welcome - Minimum order quantity: 8 pairs","_links":{"self":[{"href":"https:\/\/turkishtrade.co\/tr\/wp-json\/wp\/v2\/product\/8295","targetHints":{"allow":["GET"]}}],"collection":[{"href":"https:\/\/turkishtrade.co\/tr\/wp-json\/wp\/v2\/product"}],"about":[{"href":"https:\/\/turkishtrade.co\/tr\/wp-json\/wp\/v2\/types\/product"}],"wp:featuredmedia":[{"embeddable":true,"href":"https:\/\/turkishtrade.co\/tr\/wp-json\/wp\/v2\/media\/6863"}],"wp:attachment":[{"href":"https:\/\/turkishtrade.co\/tr\/wp-json\/wp\/v2\/media?parent=8295"}],"wp:term":[{"taxonomy":"product_brand","embeddable":true,"href":"https:\/\/turkishtrade.co\/tr\/wp-json\/wp\/v2\/product_brand?post=8295"},{"taxonomy":"product_cat","embeddable":true,"href":"https:\/\/turkishtrade.co\/tr\/wp-json\/wp\/v2\/product_cat?post=8295"},{"taxonomy":"product_tag","embeddable":true,"href":"https:\/\/turkishtrade.co\/tr\/wp-json\/wp\/v2\/product_tag?post=8295"}],"curies":[{"name":"wp","href":"https:\/\/api.w.org\/{rel}","templated":true}]}}