{"id":8294,"date":"2026-01-29T14:49:05","date_gmt":"2026-01-29T14:49:05","guid":{"rendered":"https:\/\/turkishtrade.co\/?post_type=product&#038;p=8294"},"modified":"2026-04-09T20:29:58","modified_gmt":"2026-04-09T20:29:58","slug":"mens-black-leather-cap-toe-shoes","status":"publish","type":"product","link":"https:\/\/turkishtrade.co\/tr\/shop\/mens-black-leather-cap-toe-shoes\/","title":{"rendered":"Erkek Siyah Deri Cap-Toe Ayakkab\u0131 Ultimate | Erkek Siyah Hakiki Dana Derisi"},"content":{"rendered":"<p><strong>Erkek Siyah Deri Cap-Toe Ayakkab\u0131<\/strong>. \u00dcst\u00fcn kalite ve tasar\u0131m.<\/p>\n<p>Zarif \u00fcr\u00fcnlerimizle zamans\u0131z \u015f\u0131kl\u0131\u011fa ve benzersiz konfora ad\u0131m at\u0131n <strong>Erkek Siyah Hakiki Dana Derisi Klasik Cap-Toe Ayakkab\u0131<\/strong>. Titizlikle el i\u015f\u00e7ili\u011fiyle \u00fcretilen bu ayakkab\u0131lar, hem stile hem de \u00f6ze de\u011fer veren modern beyefendiler i\u00e7in tasarlanm\u0131\u015ft\u0131r. \u00dcst\u00fcn hakiki dana derisinden \u00fcretilen \u00fcst k\u0131s\u0131m, l\u00fcks bir his, ola\u011fan\u00fcst\u00fc dayan\u0131kl\u0131l\u0131k ve yaln\u0131zca ya\u015fland\u0131k\u00e7a geli\u015fen cilal\u0131 bir g\u00f6r\u00fcn\u00fcm sunar. Klasik siyah kaplama, bu ayakkab\u0131lar\u0131n her gard\u0131rop i\u00e7in \u00e7ok y\u00f6nl\u00fc bir eklenti olmas\u0131n\u0131 sa\u011flar ve \u00f6nemli i\u015f toplant\u0131lar\u0131ndan sofistike ak\u015fam etkinliklerine kadar \u00e7e\u015fitli durumlar i\u00e7in m\u00fckemmeldir.<\/p>\n<h3>Rakipsiz \u0130\u015f\u00e7ilik ve Birinci S\u0131n\u0131f Malzemeler<\/h3>\n<p>Her bir \u00e7iftimiz <strong>Erkek Siyah Deri Cap-Toe Ayakkab\u0131<\/strong> ola\u011fan\u00fcst\u00fc bir sanat sergilemektedir. \u015e\u0131kl\u0131ktan \u00f6d\u00fcn vermeden geleneksel cazibeye bir dokunu\u015f katan, ince ama zarif brogue perforasyonlara sahip se\u00e7kin burnu. \u0130\u00e7 k\u0131s\u0131mdaki yumu\u015fak, hakiki ke\u00e7i derisi astar, nefes alabilirlik ve cildinize kar\u015f\u0131 \u00fcst\u00fcn konfor sa\u011flayarak uzun s\u00fcreli kullan\u0131m i\u00e7in idealdir. Kalitenin \u00f6nemini i\u00e7ten d\u0131\u015fa do\u011fru anl\u0131yoruz, bu nedenle yaln\u0131zca en iyi malzemeleri se\u00e7iyoruz.<\/p>\n<h3>Konfor ve Dayan\u0131kl\u0131l\u0131k i\u00e7in Tasarland\u0131<\/h3>\n<p>\u00c7arp\u0131c\u0131 esteti\u011finin \u00f6tesinde, bu <strong>Erkek Siyah Deri Cap-Toe Ayakkab\u0131<\/strong> \u00fcst\u00fcn konfor i\u00e7in tasarlanm\u0131\u015ft\u0131r. Her ad\u0131mda m\u00fckemmel yast\u0131klama ve destek sa\u011flayan hafif ve esnek EVA taban ile donat\u0131lm\u0131\u015ft\u0131r. EVA taban ayr\u0131ca \u00fcst\u00fcn \u015fok emilimi sunarak ayak yorgunlu\u011funu azalt\u0131r ve bu ayakkab\u0131lar\u0131 yo\u011fun g\u00fcn\u00fcn\u00fcz boyunca giymeyi bir zevk haline getirir. 39'dan 45'e kadar kapsaml\u0131 bir AB beden yelpazesinde mevcut olup, her se\u00e7ici m\u00fc\u015fteri i\u00e7in m\u00fckemmel bir uyum sa\u011fl\u0131yoruz.<\/p>\n<h3>Her Durum \u0130\u00e7in M\u00fckemmel Se\u00e7im<\/h3>\n<p>\u0130ster kurumsal bir ortamda giyiniyor, ister bir d\u00fc\u011f\u00fcne kat\u0131l\u0131yor ya da sadece keskin, sofistike bir g\u00f6r\u00fcn\u00fcm hedefliyor olun, bu erkek hakiki dana derisi ayakkab\u0131lar ideal arkada\u015f\u0131n\u0131zd\u0131r. Kal\u0131c\u0131 stilleri trendlerin \u00f6tesine ge\u00e7erek her zaman zarif bir ifade olu\u015fturman\u0131z\u0131 sa\u011flar. Klasik tasar\u0131m\u0131 \u00e7a\u011fda\u015f konfor ve sa\u011flam yap\u0131yla harmanlayan bir \u00e7ift ayakkab\u0131ya yat\u0131r\u0131m yap\u0131n. Y\u00fcksek kaliteli erkek ayakkab\u0131s\u0131 stoklamak isteyen i\u015fletmeler i\u00e7in bu klasik burnu a\u00e7\u0131k ayakkab\u0131lar, minimum 8 \u00e7ift sipari\u015f miktar\u0131 ile toptan sat\u0131n al\u0131nabilir ve m\u00fc\u015fterilerinize m\u00fckemmel de\u011fer ve cazibe sunar.<\/p>","protected":false},"excerpt":{"rendered":"<ul>\n<li>Birinci s\u0131n\u0131f hakiki dana derisinden ustal\u0131kla \u00fcretilmi\u015ftir.<\/li>\n<li>Zarif brogue detaylar\u0131na sahip sofistike kap-parmak tasar\u0131m\u0131.<\/li>\n<li>T\u00fcm g\u00fcn kullan\u0131m i\u00e7in hafif ve rahat EVA taban.<\/li>\n<li>Resmi ve \u015f\u0131k g\u00fcndelik k\u0131yafetlerle \u00e7ok y\u00f6nl\u00fc e\u015fle\u015ftirme i\u00e7in klasik siyah renk.<\/li>\n<li>39-45 AB bedenlerinde mevcuttur.<\/li>\n<li>Toptan sipari\u015fler kabul edilir (minimum 8 \u00e7ift sipari\u015f).<\/li>\n<\/ul>","protected":false},"featured_media":6861,"template":"","meta":{"_acf_changed":false,"_uag_custom_page_level_css":"","site-sidebar-layout":"default","site-content-layout":"","ast-site-content-layout":"default","site-content-style":"default","site-sidebar-style":"default","ast-global-header-display":"","ast-banner-title-visibility":"","ast-main-header-display":"","ast-hfb-above-header-display":"","ast-hfb-below-header-display":"","ast-hfb-mobile-header-display":"","site-post-title":"","ast-breadcrumbs-content":"","ast-featured-img":"","footer-sml-layout":"","ast-disable-related-posts":"","theme-transparent-header-meta":"","adv-header-id-meta":"","stick-header-meta":"","header-above-stick-meta":"","header-main-stick-meta":"","header-below-stick-meta":"","astra-migrate-meta-layouts":"default","ast-page-background-enabled":"default","ast-page-background-meta":{"desktop":{"background-color":"var(--ast-global-color-4)","background-image":"","background-repeat":"repeat","background-position":"center center","background-size":"auto","background-attachment":"scroll","background-type":"","background-media":"","overlay-type":"","overlay-color":"","overlay-opacity":"","overlay-gradient":""},"tablet":{"background-color":"","background-image":"","background-repeat":"repeat","background-position":"center center","background-size":"auto","background-attachment":"scroll","background-type":"","background-media":"","overlay-type":"","overlay-color":"","overlay-opacity":"","overlay-gradient":""},"mobile":{"background-color":"","background-image":"","background-repeat":"repeat","background-position":"center center","background-size":"auto","background-attachment":"scroll","background-type":"","background-media":"","overlay-type":"","overlay-color":"","overlay-opacity":"","overlay-gradient":""}},"ast-content-background-meta":{"desktop":{"background-color":"var(--ast-global-color-5)","background-image":"","background-repeat":"repeat","background-position":"center center","background-size":"auto","background-attachment":"scroll","background-type":"","background-media":"","overlay-type":"","overlay-color":"","overlay-opacity":"","overlay-gradient":""},"tablet":{"background-color":"var(--ast-global-color-5)","background-image":"","background-repeat":"repeat","background-position":"center center","background-size":"auto","background-attachment":"scroll","background-type":"","background-media":"","overlay-type":"","overlay-color":"","overlay-opacity":"","overlay-gradient":""},"mobile":{"background-color":"var(--ast-global-color-5)","background-image":"","background-repeat":"repeat","background-position":"center center","background-size":"auto","background-attachment":"scroll","background-type":"","background-media":"","overlay-type":"","overlay-color":"","overlay-opacity":"","overlay-gradient":""}}},"product_brand":[],"product_cat":[47,430,1200],"product_tag":[605,202,145,284,438,251,227,254],"class_list":{"0":"post-8294","1":"product","2":"type-product","3":"status-publish","4":"has-post-thumbnail","6":"product_cat-classic","7":"product_cat-men","8":"product_cat-mens-shoes-2","9":"product_tag-black-shoes","10":"product_tag-calf-leather","11":"product_tag-classic-shoes","12":"product_tag-dress-shoes","13":"product_tag-eva-sole","14":"product_tag-formal-shoes","15":"product_tag-leather-shoes","16":"product_tag-wholesale-footwear","17":"desktop-align-center","18":"tablet-align-center","19":"mobile-align-center","21":"first","22":"instock","23":"shipping-taxable","24":"purchasable","25":"product-type-variable","26":"has-default-attributes"},"acf":[],"uagb_featured_image_src":{"full":["https:\/\/turkishtrade.co\/wp-content\/uploads\/2026\/01\/2600NZWMN00010-BLACK.png",453,250,false],"thumbnail":["https:\/\/turkishtrade.co\/wp-content\/uploads\/2026\/01\/2600NZWMN00010-BLACK-150x150.png",150,150,true],"medium":["https:\/\/turkishtrade.co\/wp-content\/uploads\/2026\/01\/2600NZWMN00010-BLACK-300x166.png",300,166,true],"medium_large":["https:\/\/turkishtrade.co\/wp-content\/uploads\/2026\/01\/2600NZWMN00010-BLACK.png",453,250,false],"large":["https:\/\/turkishtrade.co\/wp-content\/uploads\/2026\/01\/2600NZWMN00010-BLACK.png",453,250,false],"1536x1536":["https:\/\/turkishtrade.co\/wp-content\/uploads\/2026\/01\/2600NZWMN00010-BLACK.png",453,250,false],"2048x2048":["https:\/\/turkishtrade.co\/wp-content\/uploads\/2026\/01\/2600NZWMN00010-BLACK.png",453,250,false],"trp-custom-language-flag":["https:\/\/turkishtrade.co\/wp-content\/uploads\/2026\/01\/2600NZWMN00010-BLACK-18x10.png",18,10,true],"woocommerce_thumbnail":["https:\/\/turkishtrade.co\/wp-content\/uploads\/2026\/01\/2600NZWMN00010-BLACK-400x250.png",400,250,true],"woocommerce_single":["https:\/\/turkishtrade.co\/wp-content\/uploads\/2026\/01\/2600NZWMN00010-BLACK.png",453,250,false],"woocommerce_gallery_thumbnail":["https:\/\/turkishtrade.co\/wp-content\/uploads\/2026\/01\/2600NZWMN00010-BLACK-100x100.png",100,100,true]},"uagb_author_info":{"display_name":"python python","author_link":"https:\/\/turkishtrade.co\/tr\/author\/"},"uagb_comment_info":0,"uagb_excerpt":"Expertly crafted from premium genuine calf leather. Sophisticated cap-toe design with elegant brogue detailing. Lightweight and comfortable EVA sole for all-day wear. Classic black color for versatile pairing with formal and smart-casual attire. Available in EU sizes 39-45. Wholesale orders welcome (minimum order of 8 pairs).","_links":{"self":[{"href":"https:\/\/turkishtrade.co\/tr\/wp-json\/wp\/v2\/product\/8294","targetHints":{"allow":["GET"]}}],"collection":[{"href":"https:\/\/turkishtrade.co\/tr\/wp-json\/wp\/v2\/product"}],"about":[{"href":"https:\/\/turkishtrade.co\/tr\/wp-json\/wp\/v2\/types\/product"}],"wp:featuredmedia":[{"embeddable":true,"href":"https:\/\/turkishtrade.co\/tr\/wp-json\/wp\/v2\/media\/6861"}],"wp:attachment":[{"href":"https:\/\/turkishtrade.co\/tr\/wp-json\/wp\/v2\/media?parent=8294"}],"wp:term":[{"taxonomy":"product_brand","embeddable":true,"href":"https:\/\/turkishtrade.co\/tr\/wp-json\/wp\/v2\/product_brand?post=8294"},{"taxonomy":"product_cat","embeddable":true,"href":"https:\/\/turkishtrade.co\/tr\/wp-json\/wp\/v2\/product_cat?post=8294"},{"taxonomy":"product_tag","embeddable":true,"href":"https:\/\/turkishtrade.co\/tr\/wp-json\/wp\/v2\/product_tag?post=8294"}],"curies":[{"name":"wp","href":"https:\/\/api.w.org\/{rel}","templated":true}]}}