{"id":8293,"date":"2026-01-29T14:49:05","date_gmt":"2026-01-29T14:49:05","guid":{"rendered":"https:\/\/turkishtrade.co\/?post_type=product&#038;p=8293"},"modified":"2026-04-09T20:30:05","modified_gmt":"2026-04-09T20:30:05","slug":"mens-black-leather-oxford-shoes-5","status":"publish","type":"product","link":"https:\/\/turkishtrade.co\/tr\/shop\/mens-black-leather-oxford-shoes-5\/","title":{"rendered":"Erkek Siyah Deri Oxford Ayakkab\u0131 Sensational | Klasik Erkek Siyah Deri Oxford"},"content":{"rendered":"<p><strong>Erkek Siyah Deri Oxford Ayakkab\u0131<\/strong>. Sansasyonel kalite ve tasar\u0131m.<\/p>\n<p>Enfes \u00fcr\u00fcnlerimizle benzersiz bir sofistike ortama ad\u0131m at\u0131n <strong>Erkek Siyah Deri Oxford Ayakkab\u0131<\/strong>. En iyi hakiki deriden titizlikle \u00fcretilen bu ayakkab\u0131lar, klasik tarz\u0131n ve kal\u0131c\u0131 kalitenin \u00f6z\u00fcd\u00fcr. Modern beyefendiler i\u00e7in tasarlanan bu siyah deri Oxfords, geleneksel \u015f\u0131kl\u0131\u011f\u0131 \u00e7a\u011fda\u015f konforla zahmetsizce bir araya getirerek her se\u00e7kin gard\u0131robun vazge\u00e7ilmez bir par\u00e7as\u0131 haline geliyor.<\/p>\n<h3>Rakipsiz \u0130\u015f\u00e7ilik ve Orijinal Malzemeler<\/h3>\n<p>Bu premium \u00fcr\u00fcnlerin her bir \u00e7ifti <strong>Erkek Siyah Deri Oxford Ayakkab\u0131<\/strong> \u00fcst\u00fcn sanat\u00e7\u0131l\u0131\u011f\u0131n bir kan\u0131t\u0131d\u0131r. Saya i\u00e7in y\u00fcksek kaliteli hakiki dana ve ke\u00e7i derisi kullanarak sadece l\u00fcks bir his de\u011fil, ayn\u0131 zamanda zaman\u0131n testine dayanan ola\u011fan\u00fcst\u00fc dayan\u0131kl\u0131l\u0131k da sa\u011fl\u0131yoruz. Narin brogue delikleriyle vurgulanan klasik burun tasar\u0131m\u0131, sade zarafetini bast\u0131rmadan rafine bir dokunu\u015f kat\u0131yor. Sa\u011flam yap\u0131s\u0131 uzun \u00f6m\u00fcrl\u00fcl\u00fck vaat ederek bu hakiki deri Oxford ayakkab\u0131lar\u0131 ayakkab\u0131 koleksiyonunuz i\u00e7in ak\u0131ll\u0131 bir yat\u0131r\u0131m haline getirir.<\/p>\n<h3>Her Durum i\u00e7in Zamans\u0131z Stil<\/h3>\n<p>Bizim <strong>Erkek Siyah Deri Oxford Ayakkab\u0131<\/strong> inan\u0131lmaz derecede \u00e7ok y\u00f6nl\u00fcd\u00fcr, \u00e7ok \u00e7e\u015fitli k\u0131yafetleri ve durumlar\u0131 tamamlamak i\u00e7in tasarlanm\u0131\u015ft\u0131r. \u0130ster resmi bir i\u015f toplant\u0131s\u0131na, ister siyah kravatl\u0131 bir etkinli\u011fe, bir d\u00fc\u011f\u00fcne kat\u0131l\u0131yor olun, ister sadece g\u00fcnl\u00fck profesyonel k\u0131yafetlerinizi y\u00fckseltmeyi hedefliyor olun, bu klasik siyah deri Oxfords kal\u0131c\u0131 bir izlenim b\u0131rakman\u0131z\u0131 sa\u011flayacakt\u0131r. \u015e\u0131k silueti ve g\u00f6steri\u015fli y\u00fczeyi g\u00fcven ve profesyonellik yayar; tak\u0131m elbiseler, blazer ceketler ve \u015f\u0131k pantolonlarla m\u00fckemmel uyum sa\u011flar. Yaln\u0131zca hakiki deri elbise ayakkab\u0131lar\u0131n\u0131n sunabilece\u011fi zamans\u0131z \u00e7ekicili\u011fi kucaklay\u0131n.<\/p>\n<h3>Ola\u011fan\u00fcst\u00fc Konfor ve Uyum<\/h3>\n<p>\u00c7arp\u0131c\u0131 esteti\u011finin \u00f6tesinde, bu <strong>Erkek Siyah Deri Oxford Ayakkab\u0131<\/strong> \u00fcst\u00fcn konfor i\u00e7in tasarlanm\u0131\u015ft\u0131r. Yumu\u015fak, nefes alabilen hakiki deri astar, uzun saatler giyildikten sonra bile yorgunlu\u011fu azaltarak rahat ama konforlu bir uyum sa\u011flar. 39'dan 45'e kadar kapsaml\u0131 bir beden yelpazesinde mevcut oldu\u011fundan, m\u00fckemmel uyumunuzu bulmak \u00e7ok kolay. Siyah deri Oxfords'umuzu di\u011ferlerinden ay\u0131ran klasik tasar\u0131m ve modern konforun kar\u0131\u015f\u0131m\u0131n\u0131 deneyimleyin. Ayr\u0131ca, bu y\u00fcksek kaliteli klasik Erkek Siyah Deri Oxford Ayakkab\u0131lar\u0131 minimum 8 \u00e7ift sipari\u015fle toptan sat\u0131\u015fa sunmaktan memnuniyet duyuyoruz.<\/p>","protected":false},"excerpt":{"rendered":"<ul>\n<li>L\u00fcks bir his ve ola\u011fan\u00fcst\u00fc dayan\u0131kl\u0131l\u0131k i\u00e7in birinci s\u0131n\u0131f hakiki deri saya.<\/li>\n<li>Klasik Oxford tasar\u0131m\u0131, zarif bir burun ucu ve ince brogue perforasyonlara sahiptir.<\/li>\n<li>Nefes alabilen astar\u0131yla konfor i\u00e7in tasarlanm\u0131\u015ft\u0131r, geni\u015f bir beden yelpazesinde (39-45) mevcuttur.<\/li>\n<li>Resmi etkinlikler, profesyonel k\u0131yafetler ve sofistike tarz gerektiren her durum i\u00e7in idealdir.<\/li>\n<li>Toptan sat\u0131\u015f talepleri kabul edilir; minimum sipari\u015f miktar\u0131 8 \u00e7ifttir.<\/li>\n<\/ul>","protected":false},"featured_media":6859,"template":"","meta":{"_acf_changed":false,"_uag_custom_page_level_css":"","site-sidebar-layout":"default","site-content-layout":"","ast-site-content-layout":"default","site-content-style":"default","site-sidebar-style":"default","ast-global-header-display":"","ast-banner-title-visibility":"","ast-main-header-display":"","ast-hfb-above-header-display":"","ast-hfb-below-header-display":"","ast-hfb-mobile-header-display":"","site-post-title":"","ast-breadcrumbs-content":"","ast-featured-img":"","footer-sml-layout":"","ast-disable-related-posts":"","theme-transparent-header-meta":"","adv-header-id-meta":"","stick-header-meta":"","header-above-stick-meta":"","header-main-stick-meta":"","header-below-stick-meta":"","astra-migrate-meta-layouts":"default","ast-page-background-enabled":"default","ast-page-background-meta":{"desktop":{"background-color":"var(--ast-global-color-4)","background-image":"","background-repeat":"repeat","background-position":"center center","background-size":"auto","background-attachment":"scroll","background-type":"","background-media":"","overlay-type":"","overlay-color":"","overlay-opacity":"","overlay-gradient":""},"tablet":{"background-color":"","background-image":"","background-repeat":"repeat","background-position":"center center","background-size":"auto","background-attachment":"scroll","background-type":"","background-media":"","overlay-type":"","overlay-color":"","overlay-opacity":"","overlay-gradient":""},"mobile":{"background-color":"","background-image":"","background-repeat":"repeat","background-position":"center center","background-size":"auto","background-attachment":"scroll","background-type":"","background-media":"","overlay-type":"","overlay-color":"","overlay-opacity":"","overlay-gradient":""}},"ast-content-background-meta":{"desktop":{"background-color":"var(--ast-global-color-5)","background-image":"","background-repeat":"repeat","background-position":"center center","background-size":"auto","background-attachment":"scroll","background-type":"","background-media":"","overlay-type":"","overlay-color":"","overlay-opacity":"","overlay-gradient":""},"tablet":{"background-color":"var(--ast-global-color-5)","background-image":"","background-repeat":"repeat","background-position":"center center","background-size":"auto","background-attachment":"scroll","background-type":"","background-media":"","overlay-type":"","overlay-color":"","overlay-opacity":"","overlay-gradient":""},"mobile":{"background-color":"var(--ast-global-color-5)","background-image":"","background-repeat":"repeat","background-position":"center center","background-size":"auto","background-attachment":"scroll","background-type":"","background-media":"","overlay-type":"","overlay-color":"","overlay-opacity":"","overlay-gradient":""}}},"product_brand":[],"product_cat":[47,430,1200],"product_tag":[1299,405,1300,284,480,201,221,204,281],"class_list":{"0":"post-8293","1":"product","2":"type-product","3":"status-publish","4":"has-post-thumbnail","6":"product_cat-classic","7":"product_cat-men","8":"product_cat-mens-shoes-2","9":"product_tag-black-leather-oxfords","10":"product_tag-business-shoes","11":"product_tag-cap-toe-brogue","12":"product_tag-dress-shoes","13":"product_tag-elegant-shoes","14":"product_tag-formal-footwear","15":"product_tag-genuine-leather","16":"product_tag-oxford-shoes","17":"product_tag-wholesale-shoes","18":"desktop-align-center","19":"tablet-align-center","20":"mobile-align-center","22":"first","23":"instock","24":"shipping-taxable","25":"purchasable","26":"product-type-variable","27":"has-default-attributes"},"acf":[],"uagb_featured_image_src":{"full":["https:\/\/turkishtrade.co\/wp-content\/uploads\/2026\/01\/2600NZWMN00009-BLACK.png",453,250,false],"thumbnail":["https:\/\/turkishtrade.co\/wp-content\/uploads\/2026\/01\/2600NZWMN00009-BLACK-150x150.png",150,150,true],"medium":["https:\/\/turkishtrade.co\/wp-content\/uploads\/2026\/01\/2600NZWMN00009-BLACK-300x166.png",300,166,true],"medium_large":["https:\/\/turkishtrade.co\/wp-content\/uploads\/2026\/01\/2600NZWMN00009-BLACK.png",453,250,false],"large":["https:\/\/turkishtrade.co\/wp-content\/uploads\/2026\/01\/2600NZWMN00009-BLACK.png",453,250,false],"1536x1536":["https:\/\/turkishtrade.co\/wp-content\/uploads\/2026\/01\/2600NZWMN00009-BLACK.png",453,250,false],"2048x2048":["https:\/\/turkishtrade.co\/wp-content\/uploads\/2026\/01\/2600NZWMN00009-BLACK.png",453,250,false],"trp-custom-language-flag":["https:\/\/turkishtrade.co\/wp-content\/uploads\/2026\/01\/2600NZWMN00009-BLACK-18x10.png",18,10,true],"woocommerce_thumbnail":["https:\/\/turkishtrade.co\/wp-content\/uploads\/2026\/01\/2600NZWMN00009-BLACK-400x250.png",400,250,true],"woocommerce_single":["https:\/\/turkishtrade.co\/wp-content\/uploads\/2026\/01\/2600NZWMN00009-BLACK.png",453,250,false],"woocommerce_gallery_thumbnail":["https:\/\/turkishtrade.co\/wp-content\/uploads\/2026\/01\/2600NZWMN00009-BLACK-100x100.png",100,100,true]},"uagb_author_info":{"display_name":"python python","author_link":"https:\/\/turkishtrade.co\/tr\/author\/"},"uagb_comment_info":0,"uagb_excerpt":"Premium genuine leather upper for a luxurious feel and exceptional durability. Features a classic Oxford design with a refined cap-toe and subtle brogue perforations. Designed for comfort with a breathable lining, available in a wide range of sizes (39-45). Ideal for formal events, professional attire, and any occasion demanding sophisticated style. Wholesale inquiries are welcome;&hellip;","_links":{"self":[{"href":"https:\/\/turkishtrade.co\/tr\/wp-json\/wp\/v2\/product\/8293","targetHints":{"allow":["GET"]}}],"collection":[{"href":"https:\/\/turkishtrade.co\/tr\/wp-json\/wp\/v2\/product"}],"about":[{"href":"https:\/\/turkishtrade.co\/tr\/wp-json\/wp\/v2\/types\/product"}],"wp:featuredmedia":[{"embeddable":true,"href":"https:\/\/turkishtrade.co\/tr\/wp-json\/wp\/v2\/media\/6859"}],"wp:attachment":[{"href":"https:\/\/turkishtrade.co\/tr\/wp-json\/wp\/v2\/media?parent=8293"}],"wp:term":[{"taxonomy":"product_brand","embeddable":true,"href":"https:\/\/turkishtrade.co\/tr\/wp-json\/wp\/v2\/product_brand?post=8293"},{"taxonomy":"product_cat","embeddable":true,"href":"https:\/\/turkishtrade.co\/tr\/wp-json\/wp\/v2\/product_cat?post=8293"},{"taxonomy":"product_tag","embeddable":true,"href":"https:\/\/turkishtrade.co\/tr\/wp-json\/wp\/v2\/product_tag?post=8293"}],"curies":[{"name":"wp","href":"https:\/\/api.w.org\/{rel}","templated":true}]}}