{"id":8292,"date":"2026-01-29T14:49:05","date_gmt":"2026-01-29T14:49:05","guid":{"rendered":"https:\/\/turkishtrade.co\/?post_type=product&#038;p=8292"},"modified":"2026-04-09T20:30:08","modified_gmt":"2026-04-09T20:30:08","slug":"mens-black-leather-dress-shoes-2","status":"publish","type":"product","link":"https:\/\/turkishtrade.co\/tr\/shop\/mens-black-leather-dress-shoes-2\/","title":{"rendered":"Erkek Siyah Deri Elbise Ayakkab\u0131s\u0131 Hakiki | Erkek Siyah Hakiki Deri Klasik"},"content":{"rendered":"<p>Resmi gard\u0131robunuzu zarif \u00fcr\u00fcnlerimizle y\u00fckseltin <strong>Erkek Siyah Deri Elbise Ayakkab\u0131s\u0131<\/strong>. Birinci s\u0131n\u0131f hakiki dana ve ke\u00e7i derisinden titizlikle \u00fcretilen bu ayakkab\u0131lar, sofistike \u015f\u0131kl\u0131\u011f\u0131n ve kal\u0131c\u0131 kalitenin timsalidir. Se\u00e7kin beyefendiler i\u00e7in tasarlanan bu klasik elbise ayakkab\u0131s\u0131, zamans\u0131z bir \u00e7ekicili\u011fe sahip zarif bir burun tasar\u0131m\u0131na sahiptir ve her t\u00fcrl\u00fc profesyonel veya resmi k\u0131yafet i\u00e7in vazge\u00e7ilmez bir ektir. S\u00f6z konusu temel ayakkab\u0131lar oldu\u011funda, bu <strong>Erkek Siyah Deri Elbise Ayakkab\u0131s\u0131<\/strong> ger\u00e7ekten g\u00f6ze \u00e7arp\u0131yor.<\/p>\n<h3>E\u015fsiz \u0130\u015f\u00e7ilik ve Birinci S\u0131n\u0131f Malzemeler<\/h3>\n<p>Bu \u00fcr\u00fcnlerin \u00fcst\u00fcn yap\u0131s\u0131 <strong>Erkek Siyah Deri Elbise Ayakkab\u0131s\u0131<\/strong> hem kusursuz stil hem de ola\u011fan\u00fcst\u00fc konfor sa\u011flar. Y\u00fcksek kaliteli \u201cic keci dana hakiki deri\u201d (i\u00e7 ke\u00e7i ve dana hakiki deri) kaynakl\u0131 hakiki deri saya, l\u00fcks bir his ve zarif bir \u015fekilde ya\u015flanacak g\u00fczel dokulu bir y\u00fczey sa\u011flar. Her bir \u00e7ift, \u00fcst\u00fcn i\u015f\u00e7ilik ve detaylara g\u00f6sterilen \u00f6zeni yans\u0131tacak \u015fekilde \u00f6zenle dikilmi\u015ftir. Kendine \u00f6zg\u00fc kabartmal\u0131 desene sahip sa\u011flam ancak esnek deri d\u0131\u015f taban, en yo\u011fun g\u00fcnleriniz veya en unutulmaz ak\u015famlar\u0131n\u0131z boyunca sizi rahat ettirmek i\u00e7in tasarlanm\u0131\u015f g\u00fcvenilir kavrama ve dayan\u0131kl\u0131l\u0131k sunar. Bunlar s\u0131radan ayakkab\u0131lar de\u011fil <strong>Erkek Siyah Deri Elbise Ayakkab\u0131s\u0131<\/strong>; Onlar bir s\u0131n\u0131f ifadesidir.<\/p>\n<h3>Her Durum i\u00e7in \u00c7ok Y\u00f6nl\u00fcl\u00fck<\/h3>\n<p>Bizim <strong>Erkek Siyah Deri Elbise Ayakkab\u0131s\u0131<\/strong> \u00e7ok \u00e7e\u015fitli durumlar i\u00e7in m\u00fckemmel \u015fekilde uygundur. \u0130ster \u00f6nemli bir i\u015f toplant\u0131s\u0131na, sofistike bir d\u00fc\u011f\u00fcne, bir gala yeme\u011fine kat\u0131l\u0131n, ister g\u00fcnl\u00fck ofis k\u0131yafetlerinizi g\u00fczelle\u015ftirmek isteyin, bu klasik ayakkab\u0131lar s\u0131n\u0131f ve profesyonelli\u011fin m\u00fckemmel bir kar\u0131\u015f\u0131m\u0131n\u0131 sunar. Klasik siyah renk, tak\u0131m elbiseler, smokinler ve \u015f\u0131k g\u00fcndelik k\u0131yafetlerle zahmetsizce e\u015fle\u015ferek \u00e7ok y\u00f6nl\u00fcl\u00fck sa\u011flar. 39'dan 45'e kadar kapsaml\u0131 bir beden yelpazesinde mevcut olan bu temel ayakkab\u0131lar i\u00e7in m\u00fckemmel uyumu bulmak <strong>Erkek Siyah Deri Elbise Ayakkab\u0131s\u0131<\/strong> basit.<\/p>\n<h3>Stil ve Dayan\u0131kl\u0131l\u0131\u011fa Yat\u0131r\u0131m Yap\u0131n<\/h3>\n<p>\u00c7arp\u0131c\u0131 esteti\u011finin \u00f6tesinde, bu <strong>Erkek Siyah Deri Elbise Ayakkab\u0131s\u0131<\/strong> uzun \u00f6m\u00fcrl\u00fc olacak \u015fekilde \u00fcretilmi\u015ftir. Y\u00fcksek kaliteli malzemeler ve sa\u011flam yap\u0131, bunlar\u0131n sadece bir sat\u0131n alma de\u011fil, ki\u015fisel tarz\u0131n\u0131za bir yat\u0131r\u0131m oldu\u011fu anlam\u0131na gelir. Nefes alabilen, rahat ve ki\u015fiselle\u015ftirilmi\u015f bir uyum i\u00e7in zamanla aya\u011f\u0131n\u0131za uyum sa\u011flayan hakiki derinin yaratt\u0131\u011f\u0131 fark\u0131 deneyimleyin. Kalitenin \u00f6nemini anl\u0131yoruz ve bu <strong>Erkek Siyah Deri Elbise Ayakkab\u0131s\u0131<\/strong> m\u00fckemmelli\u011fe olan ba\u011fl\u0131l\u0131\u011f\u0131m\u0131z\u0131n bir kan\u0131t\u0131 olarak duruyor. Kaliteli ayakkab\u0131lara de\u011fer verenler i\u00e7in bu ayakkab\u0131lar ideal bir se\u00e7imdir.<\/p>\n<h3>Toptan Sat\u0131\u015f F\u0131rsatlar\u0131 Mevcut<\/h3>\n<p>M\u00fc\u015fterilerine birinci s\u0131n\u0131f ayakkab\u0131lar sunmak isteyen i\u015fletmeler i\u00e7in <strong>Erkek Siyah Deri Elbise Ayakkab\u0131s\u0131<\/strong> toptan sat\u0131n al\u0131nabilir. Sadece 8 \u00e7iftlik minimum sipari\u015f miktar\u0131yla, bu \u00e7ok aranan klasik elbise ayakkab\u0131lar\u0131n\u0131 kolayca stoklayabilirsiniz. M\u00fc\u015fterilerinize l\u00fcks, konfor ve kal\u0131c\u0131 stili bir araya getiren ayakkab\u0131lar sunarak memnuniyet ve i\u015f tekrar\u0131 sa\u011flay\u0131n. Kaliteye yat\u0131r\u0131m yap\u0131n, stile yat\u0131r\u0131m yap\u0131n - birinci s\u0131n\u0131f deri ayakkab\u0131 ihtiya\u00e7lar\u0131n\u0131z i\u00e7in TurkishTrade'i se\u00e7in ve benzersiz kalitemizi deneyimleyin <strong>Erkek Siyah Deri Elbise Ayakkab\u0131s\u0131<\/strong>.<\/p>","protected":false},"excerpt":{"rendered":"<ul>\n<li>Birinci s\u0131n\u0131f hakiki dana ve ke\u00e7i derisinden \u00fcretilmi\u015ftir<\/li>\n<li>Zarif klasik kap-parmak oxford tasar\u0131m<\/li>\n<li>Geni\u015f bir ebat yelpazesinde mevcuttur: 39, 40, 41, 42, 43, 44, 45<\/li>\n<li>Resmi etkinlikler, i\u015f k\u0131yafetleri ve \u00f6zel g\u00fcnler i\u00e7in m\u00fckemmel<\/li>\n<li>Toptan sat\u0131\u015f f\u0131rsatlar\u0131 mevcuttur: Minimum 8 \u00e7ift sipari\u015f<\/li>\n<\/ul>","protected":false},"featured_media":6858,"template":"","meta":{"_acf_changed":false,"_uag_custom_page_level_css":"","site-sidebar-layout":"default","site-content-layout":"","ast-site-content-layout":"default","site-content-style":"default","site-sidebar-style":"default","ast-global-header-display":"","ast-banner-title-visibility":"","ast-main-header-display":"","ast-hfb-above-header-display":"","ast-hfb-below-header-display":"","ast-hfb-mobile-header-display":"","site-post-title":"","ast-breadcrumbs-content":"","ast-featured-img":"","footer-sml-layout":"","ast-disable-related-posts":"","theme-transparent-header-meta":"","adv-header-id-meta":"","stick-header-meta":"","header-above-stick-meta":"","header-main-stick-meta":"","header-below-stick-meta":"","astra-migrate-meta-layouts":"default","ast-page-background-enabled":"default","ast-page-background-meta":{"desktop":{"background-color":"var(--ast-global-color-4)","background-image":"","background-repeat":"repeat","background-position":"center center","background-size":"auto","background-attachment":"scroll","background-type":"","background-media":"","overlay-type":"","overlay-color":"","overlay-opacity":"","overlay-gradient":""},"tablet":{"background-color":"","background-image":"","background-repeat":"repeat","background-position":"center center","background-size":"auto","background-attachment":"scroll","background-type":"","background-media":"","overlay-type":"","overlay-color":"","overlay-opacity":"","overlay-gradient":""},"mobile":{"background-color":"","background-image":"","background-repeat":"repeat","background-position":"center center","background-size":"auto","background-attachment":"scroll","background-type":"","background-media":"","overlay-type":"","overlay-color":"","overlay-opacity":"","overlay-gradient":""}},"ast-content-background-meta":{"desktop":{"background-color":"var(--ast-global-color-5)","background-image":"","background-repeat":"repeat","background-position":"center center","background-size":"auto","background-attachment":"scroll","background-type":"","background-media":"","overlay-type":"","overlay-color":"","overlay-opacity":"","overlay-gradient":""},"tablet":{"background-color":"var(--ast-global-color-5)","background-image":"","background-repeat":"repeat","background-position":"center center","background-size":"auto","background-attachment":"scroll","background-type":"","background-media":"","overlay-type":"","overlay-color":"","overlay-opacity":"","overlay-gradient":""},"mobile":{"background-color":"var(--ast-global-color-5)","background-image":"","background-repeat":"repeat","background-position":"center center","background-size":"auto","background-attachment":"scroll","background-type":"","background-media":"","overlay-type":"","overlay-color":"","overlay-opacity":"","overlay-gradient":""}}},"product_brand":[],"product_cat":[47,430,1200],"product_tag":[295,405,145,251,952,360,1297,1298],"class_list":{"0":"post-8292","1":"product","2":"type-product","3":"status-publish","4":"has-post-thumbnail","6":"product_cat-classic","7":"product_cat-men","8":"product_cat-mens-shoes-2","9":"product_tag-black-dress-shoes","10":"product_tag-business-shoes","11":"product_tag-classic-shoes","12":"product_tag-formal-shoes","13":"product_tag-genuine-leather-shoes","14":"product_tag-leather-oxfords","15":"product_tag-mens-black-leather-dress-shoes","16":"product_tag-turkishtrade-shoes","17":"desktop-align-center","18":"tablet-align-center","19":"mobile-align-center","21":"first","22":"instock","23":"shipping-taxable","24":"purchasable","25":"product-type-variable","26":"has-default-attributes"},"acf":[],"uagb_featured_image_src":{"full":["https:\/\/turkishtrade.co\/wp-content\/uploads\/2026\/01\/2600NZWMN00008-BLACK.png",453,250,false],"thumbnail":["https:\/\/turkishtrade.co\/wp-content\/uploads\/2026\/01\/2600NZWMN00008-BLACK-150x150.png",150,150,true],"medium":["https:\/\/turkishtrade.co\/wp-content\/uploads\/2026\/01\/2600NZWMN00008-BLACK-300x166.png",300,166,true],"medium_large":["https:\/\/turkishtrade.co\/wp-content\/uploads\/2026\/01\/2600NZWMN00008-BLACK.png",453,250,false],"large":["https:\/\/turkishtrade.co\/wp-content\/uploads\/2026\/01\/2600NZWMN00008-BLACK.png",453,250,false],"1536x1536":["https:\/\/turkishtrade.co\/wp-content\/uploads\/2026\/01\/2600NZWMN00008-BLACK.png",453,250,false],"2048x2048":["https:\/\/turkishtrade.co\/wp-content\/uploads\/2026\/01\/2600NZWMN00008-BLACK.png",453,250,false],"trp-custom-language-flag":["https:\/\/turkishtrade.co\/wp-content\/uploads\/2026\/01\/2600NZWMN00008-BLACK-18x10.png",18,10,true],"woocommerce_thumbnail":["https:\/\/turkishtrade.co\/wp-content\/uploads\/2026\/01\/2600NZWMN00008-BLACK-400x250.png",400,250,true],"woocommerce_single":["https:\/\/turkishtrade.co\/wp-content\/uploads\/2026\/01\/2600NZWMN00008-BLACK.png",453,250,false],"woocommerce_gallery_thumbnail":["https:\/\/turkishtrade.co\/wp-content\/uploads\/2026\/01\/2600NZWMN00008-BLACK-100x100.png",100,100,true]},"uagb_author_info":{"display_name":"python python","author_link":"https:\/\/turkishtrade.co\/tr\/author\/"},"uagb_comment_info":0,"uagb_excerpt":"Crafted from premium genuine calf and goat leather Elegant classic cap-toe oxford design Available in a wide range of sizes: 39, 40, 41, 42, 43, 44, 45 Perfect for formal events, business attire, and special occasions Wholesale opportunities available: Minimum order of 8 pairs","_links":{"self":[{"href":"https:\/\/turkishtrade.co\/tr\/wp-json\/wp\/v2\/product\/8292","targetHints":{"allow":["GET"]}}],"collection":[{"href":"https:\/\/turkishtrade.co\/tr\/wp-json\/wp\/v2\/product"}],"about":[{"href":"https:\/\/turkishtrade.co\/tr\/wp-json\/wp\/v2\/types\/product"}],"wp:featuredmedia":[{"embeddable":true,"href":"https:\/\/turkishtrade.co\/tr\/wp-json\/wp\/v2\/media\/6858"}],"wp:attachment":[{"href":"https:\/\/turkishtrade.co\/tr\/wp-json\/wp\/v2\/media?parent=8292"}],"wp:term":[{"taxonomy":"product_brand","embeddable":true,"href":"https:\/\/turkishtrade.co\/tr\/wp-json\/wp\/v2\/product_brand?post=8292"},{"taxonomy":"product_cat","embeddable":true,"href":"https:\/\/turkishtrade.co\/tr\/wp-json\/wp\/v2\/product_cat?post=8292"},{"taxonomy":"product_tag","embeddable":true,"href":"https:\/\/turkishtrade.co\/tr\/wp-json\/wp\/v2\/product_tag?post=8292"}],"curies":[{"name":"wp","href":"https:\/\/api.w.org\/{rel}","templated":true}]}}