{"id":8291,"date":"2026-01-29T14:49:05","date_gmt":"2026-01-29T14:49:05","guid":{"rendered":"https:\/\/turkishtrade.co\/?post_type=product&#038;p=8291"},"modified":"2026-04-09T20:30:11","modified_gmt":"2026-04-09T20:30:11","slug":"mens-brown-leather-oxford-shoes-2","status":"publish","type":"product","link":"https:\/\/turkishtrade.co\/tr\/shop\/mens-brown-leather-oxford-shoes-2\/","title":{"rendered":"Erkek Kahverengi Deri Oxford Ayakkab\u0131 Sensational | Brogue Detayl\u0131 Premium"},"content":{"rendered":"<p><strong>Erkek Kahverengi Deri Oxford Ayakkab\u0131<\/strong>. Sansasyonel kalite ve tasar\u0131m.<\/p>\n<p>Zarif k\u0131yafetlerimizle \u015f\u0131kl\u0131\u011f\u0131n \u00f6z\u00fcn\u00fc ke\u015ffedin <strong>Erkek Kahverengi Deri Oxford Ayakkab\u0131<\/strong>. Birinci s\u0131n\u0131f hakiki dana derisinden titizlikle el i\u015f\u00e7ili\u011fiyle \u00fcretilen bu ayakkab\u0131lar, hem zamans\u0131z stile hem de benzersiz kaliteye de\u011fer veren se\u00e7ici beyefendiler i\u00e7in tasarlanm\u0131\u015ft\u0131r. Zengin, perdahlanm\u0131\u015f kahverengi tonu ola\u011fan\u00fcst\u00fc bir \u00e7ok y\u00f6nl\u00fcl\u00fck sunarak bu Oxfords'u i\u015f k\u0131yafetlerini, resmi k\u0131yafetleri ve hatta \u015f\u0131k g\u00fcndelik topluluklar\u0131 sorunsuz bir \u015fekilde tamamlayan her sofistike gard\u0131rop i\u00e7in vazge\u00e7ilmez bir eklenti haline getirir.<\/p>\n<h3>Rakipsiz \u0130\u015f\u00e7ilik ve Malzeme M\u00fckemmelli\u011fi<\/h3>\n<p>Bu ola\u011fan\u00fcst\u00fc \u00fcr\u00fcnlerin her bir \u00e7ifti <strong>Erkek Kahverengi Deri Oxford Ayakkab\u0131<\/strong> \u00fcst\u00fcn bir i\u015f\u00e7ilik sergiler. D\u0131\u015f y\u00fczeyi, p\u00fcr\u00fczs\u00fcz dokusu ve zaman i\u00e7inde g\u00fczel bir patine geli\u015ftirme kabiliyetiyle bilinen esnek ancak dayan\u0131kl\u0131 dana derisinden \u00fcretilmi\u015ftir. Klasik Oxford silueti, modern incelikten \u00f6d\u00fcn vermeden geleneksel cazibeye bir dokunu\u015f katan zarif bir kep burun ve zevkli brogue delikleriyle zenginle\u015ftirilmi\u015ftir. Uzman diki\u015fler ve sa\u011flam yap\u0131, yaln\u0131zca zarif bir g\u00f6r\u00fcn\u00fcm de\u011fil, ayn\u0131 zamanda zamana meydan okuyan kal\u0131c\u0131 bir kalite de sa\u011flar.<\/p>\n<h3>\u00dcst\u00fcn Konfor ve Dayan\u0131kl\u0131l\u0131k i\u00e7in Tasarland\u0131<\/h3>\n<p>\u00c7arp\u0131c\u0131 esteti\u011finin \u00f6tesinde, bu <strong>Erkek Kahverengi Deri Oxford Ayakkab\u0131<\/strong> konfor i\u00e7in tasarlanm\u0131\u015ft\u0131r. \u0130\u00e7 k\u0131s\u0131mda aya\u011f\u0131 saran, g\u00fcn boyunca nefes alabilen ve rahat bir deneyim sa\u011flayan yumu\u015fak, hakiki deri astar bulunur. Entegre EVA yast\u0131klama sistemi, ister kurumsal koridorlarda geziniyor ister \u00f6zel etkinliklere kat\u0131l\u0131yor olun, uzun saatler boyunca darbeyi emerek ve ayaklar\u0131n\u0131z\u0131 destekleyerek konforu daha da art\u0131r\u0131r. Sa\u011flam, dayan\u0131kl\u0131 taban m\u00fckemmel kavrama ve denge sa\u011flayarak bu ayakkab\u0131lar\u0131n \u015f\u0131k oldu\u011fu kadar pratik de olmas\u0131n\u0131 sa\u011flar.<\/p>\n<h3>Her Durum i\u00e7in \u00c7ok Y\u00f6nl\u00fcl\u00fck<\/h3>\n<p>\u00c7ok y\u00f6nl\u00fc tasar\u0131m\u0131m\u0131z <strong>Erkek Kahverengi Deri Oxford Ayakkab\u0131<\/strong> say\u0131s\u0131z durum i\u00e7in m\u00fckemmel hale getirir. \u00d6nemli i\u015f toplant\u0131lar\u0131 i\u00e7in keskin bir tak\u0131m elbise, resmi toplant\u0131lar i\u00e7in smokin veya g\u00f6steri\u015fli bir yar\u0131 resmi g\u00f6r\u00fcn\u00fcm i\u00e7in \u015f\u0131k bir pantolon ve blazer ceket ile e\u015fle\u015ftirin. Klasik \u00e7ekicili\u011fi, her zaman kendinden emin ve \u015f\u0131k bir izlenim b\u0131rakaca\u011f\u0131n\u0131z\u0131 garanti eder. Bu birinci s\u0131n\u0131f Oxfords'a yat\u0131r\u0131m yapmak, t\u00fcm gard\u0131robunuzu y\u00fckselten ve kusursuz zevkinizi yans\u0131tan bir ayakkab\u0131ya yat\u0131r\u0131m yapmak anlam\u0131na gelir.<\/p>\n<h3>Toptan Sat\u0131\u015f F\u0131rsatlar\u0131 Mevcut<\/h3>\n<p>Y\u00fcksek kaliteli, hakiki deri ayakkab\u0131lar sunmak isteyen perakendeciler ve i\u015fletmeler i\u00e7in <strong>Erkek Kahverengi Deri Oxford Ayakkab\u0131<\/strong> toptan sat\u0131n al\u0131nabilir. Minimum 8 \u00e7iftlik bir sipari\u015fe ihtiyac\u0131m\u0131z var, bu da \u00e7e\u015fitli bedenleri stoklaman\u0131za ve m\u00fc\u015fterilerinizin taleplerini kar\u015f\u0131laman\u0131za olanak tan\u0131r. M\u00fc\u015fterilerinize hak ettikleri l\u00fcks ve konforu sunun ve envanterinizi bu kusursuz i\u015flenmi\u015f ayakkab\u0131larla zenginle\u015ftirin.<\/p>","protected":false},"excerpt":{"rendered":"<ul>\n<li>\u00dcst\u00fcn kalite ve l\u00fcks hissi i\u00e7in hakiki dana derisinden el yap\u0131m\u0131 olarak \u00fcretilmi\u015ftir.<\/li>\n<li>Zarif kep burunlu ve ince brogue perforasyonlu klasik Oxford tasar\u0131ma sahiptir.<\/li>\n<li>Ola\u011fan\u00fcst\u00fc konfor i\u00e7in tasarlanm\u0131\u015ft\u0131r, resmi veya i\u015f ortamlar\u0131nda uzun saatler i\u00e7in idealdir.<\/li>\n<li>M\u00fckemmel uyumu sa\u011flamak i\u00e7in 39'dan 45'e kadar geni\u015f bir AB beden yelpazesinde mevcuttur.<\/li>\n<li>Toptan sat\u0131\u015f talepleri kabul edilir! Minimum sipari\u015f miktar\u0131 8 \u00e7ifttir.<\/li>\n<\/ul>","protected":false},"featured_media":6857,"template":"","meta":{"_acf_changed":false,"_uag_custom_page_level_css":"","site-sidebar-layout":"default","site-content-layout":"","ast-site-content-layout":"default","site-content-style":"default","site-sidebar-style":"default","ast-global-header-display":"","ast-banner-title-visibility":"","ast-main-header-display":"","ast-hfb-above-header-display":"","ast-hfb-below-header-display":"","ast-hfb-mobile-header-display":"","site-post-title":"","ast-breadcrumbs-content":"","ast-featured-img":"","footer-sml-layout":"","ast-disable-related-posts":"","theme-transparent-header-meta":"","adv-header-id-meta":"","stick-header-meta":"","header-above-stick-meta":"","header-main-stick-meta":"","header-below-stick-meta":"","astra-migrate-meta-layouts":"default","ast-page-background-enabled":"default","ast-page-background-meta":{"desktop":{"background-color":"var(--ast-global-color-4)","background-image":"","background-repeat":"repeat","background-position":"center center","background-size":"auto","background-attachment":"scroll","background-type":"","background-media":"","overlay-type":"","overlay-color":"","overlay-opacity":"","overlay-gradient":""},"tablet":{"background-color":"","background-image":"","background-repeat":"repeat","background-position":"center center","background-size":"auto","background-attachment":"scroll","background-type":"","background-media":"","overlay-type":"","overlay-color":"","overlay-opacity":"","overlay-gradient":""},"mobile":{"background-color":"","background-image":"","background-repeat":"repeat","background-position":"center center","background-size":"auto","background-attachment":"scroll","background-type":"","background-media":"","overlay-type":"","overlay-color":"","overlay-opacity":"","overlay-gradient":""}},"ast-content-background-meta":{"desktop":{"background-color":"var(--ast-global-color-5)","background-image":"","background-repeat":"repeat","background-position":"center center","background-size":"auto","background-attachment":"scroll","background-type":"","background-media":"","overlay-type":"","overlay-color":"","overlay-opacity":"","overlay-gradient":""},"tablet":{"background-color":"var(--ast-global-color-5)","background-image":"","background-repeat":"repeat","background-position":"center center","background-size":"auto","background-attachment":"scroll","background-type":"","background-media":"","overlay-type":"","overlay-color":"","overlay-opacity":"","overlay-gradient":""},"mobile":{"background-color":"var(--ast-global-color-5)","background-image":"","background-repeat":"repeat","background-position":"center center","background-size":"auto","background-attachment":"scroll","background-type":"","background-media":"","overlay-type":"","overlay-color":"","overlay-opacity":"","overlay-gradient":""}}},"product_brand":[],"product_cat":[47,430,1200],"product_tag":[654,830,405,754,1265,201,952,286,255],"class_list":{"0":"post-8291","1":"product","2":"type-product","3":"status-publish","4":"has-post-thumbnail","6":"product_cat-classic","7":"product_cat-men","8":"product_cat-mens-shoes-2","9":"product_tag-brogue-shoes","10":"product_tag-brown-oxford-shoes","11":"product_tag-business-shoes","12":"product_tag-classic-mens-shoes","13":"product_tag-dress-shoes-men","14":"product_tag-formal-footwear","15":"product_tag-genuine-leather-shoes","16":"product_tag-mens-leather-shoes","17":"product_tag-turkish-leather-shoes","18":"desktop-align-center","19":"tablet-align-center","20":"mobile-align-center","22":"first","23":"instock","24":"shipping-taxable","25":"purchasable","26":"product-type-variable","27":"has-default-attributes"},"acf":[],"uagb_featured_image_src":{"full":["https:\/\/turkishtrade.co\/wp-content\/uploads\/2026\/01\/2600NZWMN00007-BLACK.png",453,250,false],"thumbnail":["https:\/\/turkishtrade.co\/wp-content\/uploads\/2026\/01\/2600NZWMN00007-BLACK-150x150.png",150,150,true],"medium":["https:\/\/turkishtrade.co\/wp-content\/uploads\/2026\/01\/2600NZWMN00007-BLACK-300x166.png",300,166,true],"medium_large":["https:\/\/turkishtrade.co\/wp-content\/uploads\/2026\/01\/2600NZWMN00007-BLACK.png",453,250,false],"large":["https:\/\/turkishtrade.co\/wp-content\/uploads\/2026\/01\/2600NZWMN00007-BLACK.png",453,250,false],"1536x1536":["https:\/\/turkishtrade.co\/wp-content\/uploads\/2026\/01\/2600NZWMN00007-BLACK.png",453,250,false],"2048x2048":["https:\/\/turkishtrade.co\/wp-content\/uploads\/2026\/01\/2600NZWMN00007-BLACK.png",453,250,false],"trp-custom-language-flag":["https:\/\/turkishtrade.co\/wp-content\/uploads\/2026\/01\/2600NZWMN00007-BLACK-18x10.png",18,10,true],"woocommerce_thumbnail":["https:\/\/turkishtrade.co\/wp-content\/uploads\/2026\/01\/2600NZWMN00007-BLACK-400x250.png",400,250,true],"woocommerce_single":["https:\/\/turkishtrade.co\/wp-content\/uploads\/2026\/01\/2600NZWMN00007-BLACK.png",453,250,false],"woocommerce_gallery_thumbnail":["https:\/\/turkishtrade.co\/wp-content\/uploads\/2026\/01\/2600NZWMN00007-BLACK-100x100.png",100,100,true]},"uagb_author_info":{"display_name":"python python","author_link":"https:\/\/turkishtrade.co\/tr\/author\/"},"uagb_comment_info":0,"uagb_excerpt":"Handcrafted from genuine calfskin leather for superior quality and luxurious feel. Features a classic Oxford design with elegant cap toe and subtle brogue perforations. Designed for exceptional comfort, ideal for long hours in formal or business settings. Available in a wide range of EU sizes from 39 to 45 to ensure the perfect fit. Wholesale&hellip;","_links":{"self":[{"href":"https:\/\/turkishtrade.co\/tr\/wp-json\/wp\/v2\/product\/8291","targetHints":{"allow":["GET"]}}],"collection":[{"href":"https:\/\/turkishtrade.co\/tr\/wp-json\/wp\/v2\/product"}],"about":[{"href":"https:\/\/turkishtrade.co\/tr\/wp-json\/wp\/v2\/types\/product"}],"wp:featuredmedia":[{"embeddable":true,"href":"https:\/\/turkishtrade.co\/tr\/wp-json\/wp\/v2\/media\/6857"}],"wp:attachment":[{"href":"https:\/\/turkishtrade.co\/tr\/wp-json\/wp\/v2\/media?parent=8291"}],"wp:term":[{"taxonomy":"product_brand","embeddable":true,"href":"https:\/\/turkishtrade.co\/tr\/wp-json\/wp\/v2\/product_brand?post=8291"},{"taxonomy":"product_cat","embeddable":true,"href":"https:\/\/turkishtrade.co\/tr\/wp-json\/wp\/v2\/product_cat?post=8291"},{"taxonomy":"product_tag","embeddable":true,"href":"https:\/\/turkishtrade.co\/tr\/wp-json\/wp\/v2\/product_tag?post=8291"}],"curies":[{"name":"wp","href":"https:\/\/api.w.org\/{rel}","templated":true}]}}