{"id":8290,"date":"2026-01-29T14:49:05","date_gmt":"2026-01-29T14:49:05","guid":{"rendered":"https:\/\/turkishtrade.co\/?post_type=product&#038;p=8290"},"modified":"2026-04-09T20:30:17","modified_gmt":"2026-04-09T20:30:17","slug":"mens-black-leather-loafers-15","status":"publish","type":"product","link":"https:\/\/turkishtrade.co\/tr\/shop\/mens-black-leather-loafers-15\/","title":{"rendered":"Erkek Siyah Deri Loafer'lar Rakipsiz | \u00d6rg\u00fc Detayl\u0131 Klasik"},"content":{"rendered":"<p><strong>Erkek Siyah Deri Loafer<\/strong>. Rakipsiz kalite ve tasar\u0131m.<\/p>\n<p>Enfes \u00fcr\u00fcnlerimizle benzersiz bir sofistike ortama ad\u0131m at\u0131n <strong>Erkek Siyah Deri Loafer<\/strong>. Se\u00e7kin beyefendiler i\u00e7in tasarlanan bu mokasen ayakkab\u0131lar, zamans\u0131z \u015f\u0131kl\u0131\u011f\u0131 modern konforla kusursuz bir \u015fekilde harmanlayarak her gard\u0131rop i\u00e7in vazge\u00e7ilmez bir eklenti haline geliyor. Bu birinci s\u0131n\u0131f ayakkab\u0131lar\u0131n her bir \u00e7ifti <strong>Erkek Siyah Deri Loafer<\/strong> \u00fcst\u00fcn i\u015f\u00e7ili\u011fin bir kan\u0131t\u0131d\u0131r ve hem kal\u0131c\u0131 bir stil hem de ola\u011fan\u00fcst\u00fc dayan\u0131kl\u0131l\u0131k sa\u011flar.<\/p>\n<h3>Rakipsiz Kalite ve Malzemeler<\/h3>\n<p>Kaliteye olan ba\u011fl\u0131l\u0131\u011f\u0131m\u0131z en iyi malzemelerin se\u00e7imiyle ba\u015flar. Bu zarif ayakkab\u0131lar\u0131n \u00fcst <strong>Erkek Siyah Deri Loafer<\/strong> p\u00fcr\u00fczs\u00fcz dokusu, esnekli\u011fi ve zaman i\u00e7inde g\u00fczel bir patina geli\u015ftirme yetene\u011fi ile tan\u0131nan hakiki dana derisinden titizlikle \u00fcretilmi\u015ftir. \u0130\u00e7 k\u0131s\u0131mda, ayaklar\u0131n\u0131z yumu\u015fak ke\u00e7i derisi astar\u0131n l\u00fcks kucaklamas\u0131n\u0131 ya\u015fayacak, nefes alabilirlik ve her giyimde aya\u011f\u0131n\u0131za kal\u0131p gibi oturan rahat, eldiven benzeri bir uyum sa\u011flayacakt\u0131r. Karma\u015f\u0131k moc-toe diki\u015fi ve ay\u0131rt edici \u00f6rg\u00fcl\u00fc kay\u0131\u015f detay\u0131 sadece estetik dokunu\u015flar de\u011fildir, ayn\u0131 zamanda bu klasik loafer'lar\u0131n her bir \u00e7iftine harcanan detaylara g\u00f6sterilen titiz \u00f6zeni yans\u0131t\u0131r.<\/p>\n<h3>Konfor ve \u00c7ok Y\u00f6nl\u00fcl\u00fck i\u00e7in Tasarland\u0131<\/h3>\n<p>Konfor her \u015feyden \u00f6nemlidir, bu y\u00fczden bu <strong>Erkek Siyah Deri Loafer<\/strong> yenilik\u00e7i EVA entegre tabana sahiptir. Bu geli\u015fmi\u015f yap\u0131, \u00fcst\u00fcn yast\u0131klama ve hafif esneklik sa\u011flayarak ister \u015fehir sokaklar\u0131nda geziniyor ister uzun bir i\u015f toplant\u0131s\u0131na kat\u0131l\u0131yor olun, g\u00fcn boyunca kolayl\u0131kla ve g\u00fcvenle hareket etmenizi sa\u011flar. Klasik slip-on tasar\u0131m rahatl\u0131k sunarken, sa\u011flam yap\u0131 uzun \u00f6m\u00fcrl\u00fc giyimi garanti eder.<\/p>\n<p>Bu \u00e7ok y\u00f6nl\u00fc <strong>Erkek Siyah Deri Loafer<\/strong> \u00e7ok \u00e7e\u015fitli durumlar i\u00e7in m\u00fckemmeldir. Resmi bir i\u015f g\u00f6r\u00fcn\u00fcm\u00fc i\u00e7in keskin bir tak\u0131m elbise ile e\u015fle\u015ftirin, \u015f\u0131k bir smart-casual topluluk i\u00e7in chino pantolonlarla kombinleyin veya sofistike bir hafta sonu k\u0131yafeti i\u00e7in \u00f6zel kot pantolonlarla giydirin. Zamans\u0131z \u00e7ekicilikleri, ayakkab\u0131 koleksiyonunuzda y\u0131llarca temel bir par\u00e7a olarak kalmalar\u0131n\u0131 sa\u011flar. Kapsaml\u0131 bir AB beden yelpazesinde (39-45) bulunmas\u0131, bu y\u00fcksek kaliteli ayakkab\u0131lar\u0131 arayan her m\u00fc\u015fteri i\u00e7in m\u00fckemmel bir uyum sa\u011flar. <strong>Erkek Siyah Deri Loafer<\/strong>.<\/p>\n<h3>Toptan Sat\u0131\u015f F\u0131rsatlar\u0131<\/h3>\n<p>\u00dcst\u00fcn kaliteli ayakkab\u0131lar sunmak isteyen perakendeciler ve i\u015fletmeler i\u00e7in <strong>Erkek Siyah Deri Loafer<\/strong> toptan sat\u0131n al\u0131nabilir. Yaln\u0131zca 8 \u00e7iftlik bir minimum sipari\u015fe ihtiyac\u0131m\u0131z var, bu da bu pop\u00fcler ve \u015f\u0131k se\u00e7ene\u011fi stoklamay\u0131 kolayla\u015ft\u0131r\u0131yor. Envanterinizi bu zarif i\u015f\u00e7ilikle haz\u0131rlanm\u0131\u015f <strong>Erkek Siyah Deri Loafer<\/strong>, \u00fcst\u00fcn malzemeleri, konforu ve klasik tasar\u0131m\u0131yla tan\u0131n\u0131r. M\u00fc\u015fterilerinize hak ettikleri, etkilemek ve performans g\u00f6stermek i\u00e7in tasarlanm\u0131\u015f sofistike ayakkab\u0131lar\u0131 sunun.<\/p>","protected":false},"excerpt":{"rendered":"<ul>\n<li>Sofistike bir d\u0131\u015f g\u00f6r\u00fcn\u00fcm i\u00e7in hakiki dana derisinden \u00fcretilmi\u015ftir.<\/li>\n<li>\u00dcst\u00fcn konfor i\u00e7in yumu\u015fak ke\u00e7i derisiyle l\u00fcks bir \u015fekilde astarlanm\u0131\u015ft\u0131r.<\/li>\n<li>Hafif esneklik i\u00e7in konforu art\u0131r\u0131lm\u0131\u015f EVA entegre tabana sahiptir.<\/li>\n<li>Zarif \u00f6rg\u00fcl\u00fc kay\u0131\u015f detay\u0131na ve klasik moc-toe diki\u015fe sahiptir.<\/li>\n<li>Hem resmi i\u015f ortamlar\u0131 hem de zarif g\u00fcndelik giyim i\u00e7in m\u00fckemmeldir.<\/li>\n<li>39, 40, 41, 42, 43, 44, 45 AB bedenlerinde mevcuttur.<\/li>\n<li>Minimum 8 \u00e7ift sipari\u015f miktar\u0131 ile toptan sat\u0131\u015f f\u0131rsatlar\u0131 mevcuttur.<\/li>\n<\/ul>","protected":false},"featured_media":6855,"template":"","meta":{"_acf_changed":false,"_uag_custom_page_level_css":"","site-sidebar-layout":"default","site-content-layout":"","ast-site-content-layout":"default","site-content-style":"default","site-sidebar-style":"default","ast-global-header-display":"","ast-banner-title-visibility":"","ast-main-header-display":"","ast-hfb-above-header-display":"","ast-hfb-below-header-display":"","ast-hfb-mobile-header-display":"","site-post-title":"","ast-breadcrumbs-content":"","ast-featured-img":"","footer-sml-layout":"","ast-disable-related-posts":"","theme-transparent-header-meta":"","adv-header-id-meta":"","stick-header-meta":"","header-above-stick-meta":"","header-main-stick-meta":"","header-below-stick-meta":"","astra-migrate-meta-layouts":"default","ast-page-background-enabled":"default","ast-page-background-meta":{"desktop":{"background-color":"var(--ast-global-color-4)","background-image":"","background-repeat":"repeat","background-position":"center center","background-size":"auto","background-attachment":"scroll","background-type":"","background-media":"","overlay-type":"","overlay-color":"","overlay-opacity":"","overlay-gradient":""},"tablet":{"background-color":"","background-image":"","background-repeat":"repeat","background-position":"center center","background-size":"auto","background-attachment":"scroll","background-type":"","background-media":"","overlay-type":"","overlay-color":"","overlay-opacity":"","overlay-gradient":""},"mobile":{"background-color":"","background-image":"","background-repeat":"repeat","background-position":"center center","background-size":"auto","background-attachment":"scroll","background-type":"","background-media":"","overlay-type":"","overlay-color":"","overlay-opacity":"","overlay-gradient":""}},"ast-content-background-meta":{"desktop":{"background-color":"var(--ast-global-color-5)","background-image":"","background-repeat":"repeat","background-position":"center center","background-size":"auto","background-attachment":"scroll","background-type":"","background-media":"","overlay-type":"","overlay-color":"","overlay-opacity":"","overlay-gradient":""},"tablet":{"background-color":"var(--ast-global-color-5)","background-image":"","background-repeat":"repeat","background-position":"center center","background-size":"auto","background-attachment":"scroll","background-type":"","background-media":"","overlay-type":"","overlay-color":"","overlay-opacity":"","overlay-gradient":""},"mobile":{"background-color":"var(--ast-global-color-5)","background-image":"","background-repeat":"repeat","background-position":"center center","background-size":"auto","background-attachment":"scroll","background-type":"","background-media":"","overlay-type":"","overlay-color":"","overlay-opacity":"","overlay-gradient":""}}},"product_brand":[],"product_cat":[47,430,1200],"product_tag":[196,513,145,737,450,215,198,186,184,281],"class_list":{"0":"post-8290","1":"product","2":"type-product","3":"status-publish","4":"has-post-thumbnail","6":"product_cat-classic","7":"product_cat-men","8":"product_cat-mens-shoes-2","9":"product_tag-black-leather-shoes","10":"product_tag-business-casual-shoes","11":"product_tag-classic-shoes","12":"product_tag-dress-loafers","13":"product_tag-handcrafted-shoes","14":"product_tag-leather-loafers","15":"product_tag-mens-fashion","16":"product_tag-mens-loafers","17":"product_tag-slip-on-shoes","18":"product_tag-wholesale-shoes","19":"desktop-align-center","20":"tablet-align-center","21":"mobile-align-center","23":"first","24":"instock","25":"shipping-taxable","26":"purchasable","27":"product-type-variable","28":"has-default-attributes"},"acf":[],"uagb_featured_image_src":{"full":["https:\/\/turkishtrade.co\/wp-content\/uploads\/2026\/01\/2600NZWMN00006-BLACK.png",453,250,false],"thumbnail":["https:\/\/turkishtrade.co\/wp-content\/uploads\/2026\/01\/2600NZWMN00006-BLACK-150x150.png",150,150,true],"medium":["https:\/\/turkishtrade.co\/wp-content\/uploads\/2026\/01\/2600NZWMN00006-BLACK-300x166.png",300,166,true],"medium_large":["https:\/\/turkishtrade.co\/wp-content\/uploads\/2026\/01\/2600NZWMN00006-BLACK.png",453,250,false],"large":["https:\/\/turkishtrade.co\/wp-content\/uploads\/2026\/01\/2600NZWMN00006-BLACK.png",453,250,false],"1536x1536":["https:\/\/turkishtrade.co\/wp-content\/uploads\/2026\/01\/2600NZWMN00006-BLACK.png",453,250,false],"2048x2048":["https:\/\/turkishtrade.co\/wp-content\/uploads\/2026\/01\/2600NZWMN00006-BLACK.png",453,250,false],"trp-custom-language-flag":["https:\/\/turkishtrade.co\/wp-content\/uploads\/2026\/01\/2600NZWMN00006-BLACK-18x10.png",18,10,true],"woocommerce_thumbnail":["https:\/\/turkishtrade.co\/wp-content\/uploads\/2026\/01\/2600NZWMN00006-BLACK-400x250.png",400,250,true],"woocommerce_single":["https:\/\/turkishtrade.co\/wp-content\/uploads\/2026\/01\/2600NZWMN00006-BLACK.png",453,250,false],"woocommerce_gallery_thumbnail":["https:\/\/turkishtrade.co\/wp-content\/uploads\/2026\/01\/2600NZWMN00006-BLACK-100x100.png",100,100,true]},"uagb_author_info":{"display_name":"python python","author_link":"https:\/\/turkishtrade.co\/tr\/author\/"},"uagb_comment_info":0,"uagb_excerpt":"Crafted from genuine calf leather for a sophisticated exterior. Luxuriously lined with soft goat leather for ultimate comfort. Features a comfort-enhanced EVA-integrated sole for lightweight flexibility. Boasts elegant braided strap detail and classic moc-toe stitching. Perfect for both formal business settings and refined casual wear. Available in EU sizes 39, 40, 41, 42, 43, 44,&hellip;","_links":{"self":[{"href":"https:\/\/turkishtrade.co\/tr\/wp-json\/wp\/v2\/product\/8290","targetHints":{"allow":["GET"]}}],"collection":[{"href":"https:\/\/turkishtrade.co\/tr\/wp-json\/wp\/v2\/product"}],"about":[{"href":"https:\/\/turkishtrade.co\/tr\/wp-json\/wp\/v2\/types\/product"}],"wp:featuredmedia":[{"embeddable":true,"href":"https:\/\/turkishtrade.co\/tr\/wp-json\/wp\/v2\/media\/6855"}],"wp:attachment":[{"href":"https:\/\/turkishtrade.co\/tr\/wp-json\/wp\/v2\/media?parent=8290"}],"wp:term":[{"taxonomy":"product_brand","embeddable":true,"href":"https:\/\/turkishtrade.co\/tr\/wp-json\/wp\/v2\/product_brand?post=8290"},{"taxonomy":"product_cat","embeddable":true,"href":"https:\/\/turkishtrade.co\/tr\/wp-json\/wp\/v2\/product_cat?post=8290"},{"taxonomy":"product_tag","embeddable":true,"href":"https:\/\/turkishtrade.co\/tr\/wp-json\/wp\/v2\/product_tag?post=8290"}],"curies":[{"name":"wp","href":"https:\/\/api.w.org\/{rel}","templated":true}]}}