{"id":8289,"date":"2026-01-29T14:49:04","date_gmt":"2026-01-29T14:49:04","guid":{"rendered":"https:\/\/turkishtrade.co\/?post_type=product&#038;p=8289"},"modified":"2026-04-09T20:30:20","modified_gmt":"2026-04-09T20:30:20","slug":"mens-black-monk-strap-loafers","status":"publish","type":"product","link":"https:\/\/turkishtrade.co\/tr\/shop\/mens-black-monk-strap-loafers\/","title":{"rendered":"Erkek Siyah Monk Kay\u0131\u015fl\u0131 Loafer Exclusive | Erkek Siyah Rugan Monk"},"content":{"rendered":"<p><strong>Erkek Siyah Monk Kay\u0131\u015fl\u0131 Loafer<\/strong>. \u00d6zel kalite ve tasar\u0131m.<\/p>\n<p>Ayakkab\u0131 koleksiyonunuzu se\u00e7kin \u00fcr\u00fcnlerimizle geli\u015ftirin <strong>Erkek Siyah Monk Kay\u0131\u015fl\u0131 Loafer<\/strong>. Bu ayakkab\u0131lar, hem l\u00fcks\u00fc hem de konforu takdir eden modern beyefendiler i\u00e7in titizlikle haz\u0131rlanm\u0131\u015f sofistike bir stilin \u00f6z\u00fcd\u00fcr. Klasik tasar\u0131mlardan ilham alan bu tek kay\u0131\u015fl\u0131 mokasen ayakkab\u0131lar, rugan derinin zarafetini taklit eden \u015f\u0131k ve parlak siyah kaplamas\u0131yla her t\u00fcrl\u00fc resmi etkinlik, i\u015f daveti veya gece gezmesi i\u00e7in ideal bir se\u00e7imdir.<\/p>\n<p><h3>Benzersiz \u0130\u015f\u00e7ilik ve Malzemeler<\/h3>\n<\/p>\n<p>Bu \u201cEva CLASSIC SHOES \u201dun her bir \u00e7ifti \u00fcst\u00fcn i\u015f\u00e7ili\u011fin bir kan\u0131t\u0131d\u0131r. \u00dcst k\u0131s\u0131m, dayan\u0131kl\u0131l\u0131k ve zarif bir estetik sunan birinci s\u0131n\u0131f, hakiki dana derisinden yap\u0131lm\u0131\u015ft\u0131r. \u0130\u00e7 k\u0131s\u0131mda, g\u00fcn boyunca ola\u011fan\u00fcst\u00fc konfor ve nefes alabilirlik sa\u011flayan hakiki ke\u00e7i derisinden yumu\u015fak, l\u00fcks bir astar bulacaks\u0131n\u0131z. Bu y\u00fcksek kaliteli malzeme kombinasyonu, zamanla aya\u011f\u0131n\u0131za uyum sa\u011flayan esnek bir his sunarak ki\u015fiselle\u015ftirilmi\u015f bir uyum ve uzun s\u00fcreli kullan\u0131m vaat eder. Sa\u011flam deri taban sadece ayakkab\u0131n\u0131n zarif profilini geli\u015ftirmekle kalmaz, ayn\u0131 zamanda geleneksel ayakkab\u0131c\u0131l\u0131\u011f\u0131n ay\u0131rt edici \u00f6zelli\u011fi olan g\u00fcvenilir kavrama ve esneklik sunar.<\/p>\n<p><h3>\u00d6zel Stil ve \u00c7ok Y\u00f6nl\u00fcl\u00fck<\/h3>\n<\/p>\n<p>Kendine \u00f6zg\u00fc tek g\u00fcm\u00fc\u015f tokal\u0131 monk kay\u0131\u015f, bu \u00fcr\u00fcnlere benzersiz bir sofistike dokunu\u015f kat\u0131yor <strong>Erkek Siyah Monk Kay\u0131\u015fl\u0131 Loafer<\/strong>, Bu da onlar\u0131 geleneksel elbise ayakkab\u0131lar\u0131ndan ay\u0131r\u0131r. \u015e\u0131k silueti ve sivri burnu, \u00e7ok \u00e7e\u015fitli k\u0131yafetleri tamamlayan gurur verici bir \u00e7izgi yarat\u0131r. \u0130ster keskin bir tak\u0131m elbise, ister \u00f6zel dikim pantolonlar, isterse de \u015f\u0131k bir koyu renk kot pantolonla e\u015fle\u015ftirilerek g\u00fcndelik bir g\u00f6r\u00fcn\u00fcm elde edin, bu mokasen ayakkab\u0131lar kombininizi zahmetsizce tamamlayacakt\u0131r. D\u00fc\u011f\u00fcnler, galalar, ofis k\u0131yafetleri veya se\u00e7kin bir izlenim b\u0131rakman\u0131n \u00f6nemli oldu\u011fu herhangi bir etkinlik i\u00e7in m\u00fckemmel bir ayakkab\u0131 se\u00e7imidir.<\/p>\n<p><h3>Konfor Klasik \u015e\u0131kl\u0131kla Bulu\u015fuyor<\/h3>\n<\/p>\n<p>Hem stil hem de konfor i\u00e7in tasarlanan bu <strong>Erkek Siyah Monk Kay\u0131\u015fl\u0131 Loafer<\/strong> 39'dan 45'e kadar kapsaml\u0131 bir beden yelpazesinde mevcuttur ve her se\u00e7ici kullan\u0131c\u0131n\u0131n m\u00fckemmel uyumunu bulabilmesini sa\u011flar. Hakiki deri yap\u0131s\u0131 sadece muhte\u015fem g\u00f6r\u00fcnmekle kalmaz, ayn\u0131 zamanda ayaklar\u0131n\u0131z\u0131n nefes almas\u0131n\u0131 sa\u011flayarak uzun s\u00fcreli kullan\u0131mlarda bile rahats\u0131zl\u0131\u011f\u0131 en aza indirir. Bu zamans\u0131z elbise ayakkab\u0131lar\u0131ndan bir \u00e7ifte yat\u0131r\u0131m yap\u0131n ve geleneksel zarafet, modern incelik ve \u00fcst\u00fcn konforun m\u00fckemmel kar\u0131\u015f\u0131m\u0131n\u0131 deneyimleyin. Y\u00fcksek kaliteli erkek ayakkab\u0131s\u0131 stoklamak isteyen i\u015fletmeler i\u00e7in bu l\u00fcks mokasen ayakkab\u0131lar, minimum 8 \u00e7ift sipari\u015fle toptan sat\u0131n al\u0131nabilir.<\/p>","protected":false},"excerpt":{"rendered":"<ul>\n<li>\u00dcst\u00fcn kalite i\u00e7in hakiki dana ve ke\u00e7i derisinden el yap\u0131m\u0131 olarak \u00fcretilmi\u015ftir.<\/li>\n<li>Sofistike rugan kaplamas\u0131 ve \u015f\u0131k tekli monk kay\u0131\u015f tokas\u0131 bulunur.<\/li>\n<li>Klasik loafer tasar\u0131m\u0131, resmi etkinlikler ve \u015f\u0131k g\u00fcndelik k\u0131yafetler i\u00e7in m\u00fckemmeldir.<\/li>\n<li>Geni\u015f bir beden yelpazesinde mevcuttur: 39, 40, 41c, 42c, 43, 44, 45.<\/li>\n<li>Minimum 8 \u00e7ift sipari\u015f miktar\u0131 ile toptan fiyatland\u0131rma mevcuttur.<\/li>\n<\/ul>","protected":false},"featured_media":6854,"template":"","meta":{"_acf_changed":false,"_uag_custom_page_level_css":"","site-sidebar-layout":"default","site-content-layout":"","ast-site-content-layout":"default","site-content-style":"default","site-sidebar-style":"default","ast-global-header-display":"","ast-banner-title-visibility":"","ast-main-header-display":"","ast-hfb-above-header-display":"","ast-hfb-below-header-display":"","ast-hfb-mobile-header-display":"","site-post-title":"","ast-breadcrumbs-content":"","ast-featured-img":"","footer-sml-layout":"","ast-disable-related-posts":"","theme-transparent-header-meta":"","adv-header-id-meta":"","stick-header-meta":"","header-above-stick-meta":"","header-main-stick-meta":"","header-below-stick-meta":"","astra-migrate-meta-layouts":"default","ast-page-background-enabled":"default","ast-page-background-meta":{"desktop":{"background-color":"var(--ast-global-color-4)","background-image":"","background-repeat":"repeat","background-position":"center center","background-size":"auto","background-attachment":"scroll","background-type":"","background-media":"","overlay-type":"","overlay-color":"","overlay-opacity":"","overlay-gradient":""},"tablet":{"background-color":"","background-image":"","background-repeat":"repeat","background-position":"center center","background-size":"auto","background-attachment":"scroll","background-type":"","background-media":"","overlay-type":"","overlay-color":"","overlay-opacity":"","overlay-gradient":""},"mobile":{"background-color":"","background-image":"","background-repeat":"repeat","background-position":"center center","background-size":"auto","background-attachment":"scroll","background-type":"","background-media":"","overlay-type":"","overlay-color":"","overlay-opacity":"","overlay-gradient":""}},"ast-content-background-meta":{"desktop":{"background-color":"var(--ast-global-color-5)","background-image":"","background-repeat":"repeat","background-position":"center center","background-size":"auto","background-attachment":"scroll","background-type":"","background-media":"","overlay-type":"","overlay-color":"","overlay-opacity":"","overlay-gradient":""},"tablet":{"background-color":"var(--ast-global-color-5)","background-image":"","background-repeat":"repeat","background-position":"center center","background-size":"auto","background-attachment":"scroll","background-type":"","background-media":"","overlay-type":"","overlay-color":"","overlay-opacity":"","overlay-gradient":""},"mobile":{"background-color":"var(--ast-global-color-5)","background-image":"","background-repeat":"repeat","background-position":"center center","background-size":"auto","background-attachment":"scroll","background-type":"","background-media":"","overlay-type":"","overlay-color":"","overlay-opacity":"","overlay-gradient":""}}},"product_brand":[],"product_cat":[47,430,1200],"product_tag":[1296,391,457,480,251,221,416,324,934],"class_list":{"0":"post-8289","1":"product","2":"type-product","3":"status-publish","4":"has-post-thumbnail","6":"product_cat-classic","7":"product_cat-men","8":"product_cat-mens-shoes-2","9":"product_tag-black-monk-strap-loafers","10":"product_tag-buckle-shoes","11":"product_tag-classic-loafers","12":"product_tag-elegant-shoes","13":"product_tag-formal-shoes","14":"product_tag-genuine-leather","15":"product_tag-luxury-shoes","16":"product_tag-mens-dress-shoes","17":"product_tag-patent-leather","18":"desktop-align-center","19":"tablet-align-center","20":"mobile-align-center","22":"first","23":"instock","24":"shipping-taxable","25":"purchasable","26":"product-type-variable","27":"has-default-attributes"},"acf":[],"uagb_featured_image_src":{"full":["https:\/\/turkishtrade.co\/wp-content\/uploads\/2026\/01\/2600NZWMN00005-BLACK.png",453,250,false],"thumbnail":["https:\/\/turkishtrade.co\/wp-content\/uploads\/2026\/01\/2600NZWMN00005-BLACK-150x150.png",150,150,true],"medium":["https:\/\/turkishtrade.co\/wp-content\/uploads\/2026\/01\/2600NZWMN00005-BLACK-300x166.png",300,166,true],"medium_large":["https:\/\/turkishtrade.co\/wp-content\/uploads\/2026\/01\/2600NZWMN00005-BLACK.png",453,250,false],"large":["https:\/\/turkishtrade.co\/wp-content\/uploads\/2026\/01\/2600NZWMN00005-BLACK.png",453,250,false],"1536x1536":["https:\/\/turkishtrade.co\/wp-content\/uploads\/2026\/01\/2600NZWMN00005-BLACK.png",453,250,false],"2048x2048":["https:\/\/turkishtrade.co\/wp-content\/uploads\/2026\/01\/2600NZWMN00005-BLACK.png",453,250,false],"trp-custom-language-flag":["https:\/\/turkishtrade.co\/wp-content\/uploads\/2026\/01\/2600NZWMN00005-BLACK-18x10.png",18,10,true],"woocommerce_thumbnail":["https:\/\/turkishtrade.co\/wp-content\/uploads\/2026\/01\/2600NZWMN00005-BLACK-400x250.png",400,250,true],"woocommerce_single":["https:\/\/turkishtrade.co\/wp-content\/uploads\/2026\/01\/2600NZWMN00005-BLACK.png",453,250,false],"woocommerce_gallery_thumbnail":["https:\/\/turkishtrade.co\/wp-content\/uploads\/2026\/01\/2600NZWMN00005-BLACK-100x100.png",100,100,true]},"uagb_author_info":{"display_name":"python python","author_link":"https:\/\/turkishtrade.co\/tr\/author\/"},"uagb_comment_info":0,"uagb_excerpt":"Handcrafted from genuine calf and goat leather for superior quality. Features a sophisticated patent-like finish and a stylish single monk strap buckle. Classic loafer design perfect for formal events and smart-casual attire. Available in a wide range of sizes: 39, 40, 41c, 42c, 43, 44, 45. Wholesale pricing available with a minimum order quantity of&hellip;","_links":{"self":[{"href":"https:\/\/turkishtrade.co\/tr\/wp-json\/wp\/v2\/product\/8289","targetHints":{"allow":["GET"]}}],"collection":[{"href":"https:\/\/turkishtrade.co\/tr\/wp-json\/wp\/v2\/product"}],"about":[{"href":"https:\/\/turkishtrade.co\/tr\/wp-json\/wp\/v2\/types\/product"}],"wp:featuredmedia":[{"embeddable":true,"href":"https:\/\/turkishtrade.co\/tr\/wp-json\/wp\/v2\/media\/6854"}],"wp:attachment":[{"href":"https:\/\/turkishtrade.co\/tr\/wp-json\/wp\/v2\/media?parent=8289"}],"wp:term":[{"taxonomy":"product_brand","embeddable":true,"href":"https:\/\/turkishtrade.co\/tr\/wp-json\/wp\/v2\/product_brand?post=8289"},{"taxonomy":"product_cat","embeddable":true,"href":"https:\/\/turkishtrade.co\/tr\/wp-json\/wp\/v2\/product_cat?post=8289"},{"taxonomy":"product_tag","embeddable":true,"href":"https:\/\/turkishtrade.co\/tr\/wp-json\/wp\/v2\/product_tag?post=8289"}],"curies":[{"name":"wp","href":"https:\/\/api.w.org\/{rel}","templated":true}]}}